{"id":15023,"date":"2023-01-04T13:18:13","date_gmt":"2023-01-04T11:18:13","guid":{"rendered":"http:\/\/packstera.lt\/?page_id=15023"},"modified":"2025-11-18T11:02:16","modified_gmt":"2025-11-18T09:02:16","slug":"service-and-services","status":"publish","type":"page","link":"https:\/\/packstera.lt\/en\/servisas-ir-paslaugos\/","title":{"rendered":"Services"},"content":{"rendered":"\t\t<div data-elementor-type=\"wp-page\" data-elementor-id=\"15023\" class=\"elementor elementor-15023\">\n\t\t\t\t\t\t<section class=\"elementor-section elementor-top-section elementor-element elementor-element-3d4f781 elementor-section-boxed elementor-section-height-default elementor-section-height-default\" data-id=\"3d4f781\" data-element_type=\"section\" data-e-type=\"section\">\n\t\t\t\t\t\t<div class=\"elementor-container elementor-column-gap-default\">\n\t\t\t\t\t<div class=\"elementor-column elementor-col-100 elementor-top-column elementor-element elementor-element-12fea6a\" data-id=\"12fea6a\" data-element_type=\"column\" data-e-type=\"column\">\n\t\t\t<div class=\"elementor-widget-wrap elementor-element-populated\">\n\t\t\t\t\t\t<div class=\"elementor-element elementor-element-4f2e40b elementor-widget elementor-widget-razzi-heading\" data-id=\"4f2e40b\" data-element_type=\"widget\" data-e-type=\"widget\" data-widget_type=\"razzi-heading.default\">\n\t\t\t\t<div class=\"elementor-widget-container\">\n\t\t\t\t\t<div class=\"razzi-heading-wrapper\"><h2 class=\"razzi-heading-title\"><small>Pakavimo \u012frangi\u0173<\/small> Packstera si\u016blomos paslaugos ir servisas<\/h2><\/div>\t\t\t\t<\/div>\n\t\t\t\t<\/div>\n\t\t\t\t\t<\/div>\n\t\t<\/div>\n\t\t\t\t\t<\/div>\n\t\t<\/section>\n\t\t\t\t<section class=\"elementor-section elementor-top-section elementor-element elementor-element-6a16958 elementor-section-full_width elementor-section-height-default elementor-section-height-default\" data-id=\"6a16958\" data-element_type=\"section\" data-e-type=\"section\">\n\t\t\t\t\t\t<div class=\"elementor-container elementor-column-gap-default\">\n\t\t\t\t\t<div class=\"elementor-column elementor-col-100 elementor-top-column elementor-element elementor-element-af971b8\" data-id=\"af971b8\" data-element_type=\"column\" data-e-type=\"column\">\n\t\t\t<div class=\"elementor-widget-wrap elementor-element-populated\">\n\t\t\t\t\t\t<div class=\"elementor-element elementor-element-d61363e elementor-widget__width-inherit elementor-widget elementor-widget-image\" data-id=\"d61363e\" data-element_type=\"widget\" data-e-type=\"widget\" data-widget_type=\"image.default\">\n\t\t\t\t<div class=\"elementor-widget-container\">\n\t\t\t\t\t\t\t\t\t\t\t\t\t\t\t<img fetchpriority=\"high\" decoding=\"async\" width=\"1200\" height=\"375\" src=\"https:\/\/packstera.lt\/wp-content\/uploads\/2023\/04\/servisas-300px.jpg\" class=\"attachment-full size-full wp-image-16451\" alt=\"\" srcset=\"https:\/\/packstera.lt\/wp-content\/uploads\/2023\/04\/servisas-300px.jpg 1200w, https:\/\/packstera.lt\/wp-content\/uploads\/2023\/04\/servisas-300px-300x94.jpg 300w, https:\/\/packstera.lt\/wp-content\/uploads\/2023\/04\/servisas-300px-1024x320.jpg 1024w, https:\/\/packstera.lt\/wp-content\/uploads\/2023\/04\/servisas-300px-768x240.jpg 768w, https:\/\/packstera.lt\/wp-content\/uploads\/2023\/04\/servisas-300px-18x6.jpg 18w, https:\/\/packstera.lt\/wp-content\/uploads\/2023\/04\/servisas-300px-570x178.jpg 570w, https:\/\/packstera.lt\/wp-content\/uploads\/2023\/04\/servisas-300px-600x188.jpg 600w, https:\/\/packstera.lt\/wp-content\/uploads\/2023\/04\/servisas-300px-130x41.jpg 130w\" sizes=\"(max-width: 1200px) 100vw, 1200px\" \/>\t\t\t\t\t\t\t\t\t\t\t\t\t\t\t<\/div>\n\t\t\t\t<\/div>\n\t\t\t\t\t<\/div>\n\t\t<\/div>\n\t\t\t\t\t<\/div>\n\t\t<\/section>\n\t\t\t\t<section class=\"elementor-section elementor-top-section elementor-element elementor-element-51c38dc elementor-section-boxed elementor-section-height-default elementor-section-height-default\" data-id=\"51c38dc\" data-element_type=\"section\" data-e-type=\"section\">\n\t\t\t\t\t\t<div class=\"elementor-container elementor-column-gap-default\">\n\t\t\t\t\t<div class=\"elementor-column elementor-col-50 elementor-top-column elementor-element elementor-element-bbac214\" data-id=\"bbac214\" data-element_type=\"column\" data-e-type=\"column\">\n\t\t\t<div class=\"elementor-widget-wrap elementor-element-populated\">\n\t\t\t\t\t\t<div class=\"elementor-element elementor-element-9a48ccf elementor-view-default elementor-position-top elementor-vertical-align-top elementor-widget elementor-widget-razzi-icon-box\" data-id=\"9a48ccf\" data-element_type=\"widget\" data-e-type=\"widget\" data-widget_type=\"razzi-icon-box.default\">\n\t\t\t\t<div class=\"elementor-widget-container\">\n\t\t\t\t\t\t\t<div class=\"razzi-icon-box\">\r\n\t\t\t\t\t\t<div class=\"razzi-icon-box__content\">\r\n\t\t\t\t<div class=\"razzi-icon-box__item\">\r\n\t\t\t\t\t<h5 class=\"razzi-icon-box__title\">\r\n\t\t\t\t\t\t<a href=\"http:\/\/packstera.lt\/pakavimo-irenginiu-remontas\/\" >\r\n\t\t\t\t\t\t\tPakavimo \u012frengini\u0173 remontas\t\t\t\t\t\t<\/a>\r\n\t\t\t\t\t<\/h5>\r\n\t\t\t\t\t\t\t\t\t\t\t<p class=\"razzi-icon-box__description\">\r\n\t\t\t\t\t\t\tPale\u010di\u0173 apsuk\u0117j\u0173, ri\u0161imo ma\u0161in\u0173, pakavimo \u012f termo pl\u0117vel\u0119, rankini\u0173 pakavimo ir spausdinimo ir kit\u0173 su pakavimu susijusi\u0173 \u012frengini\u0173 remontas.\t\t\t\t\t\t<\/p>\r\n\t\t\t\t\t\t\t\t\t<\/div>\r\n\t\t\t\t\t\t\t<\/div>\r\n\t\t<\/div>\r\n\t\t\t\t\t\t<\/div>\n\t\t\t\t<\/div>\n\t\t\t\t\t<\/div>\n\t\t<\/div>\n\t\t\t\t<div class=\"elementor-column elementor-col-50 elementor-top-column elementor-element elementor-element-bb61a50\" data-id=\"bb61a50\" data-element_type=\"column\" data-e-type=\"column\">\n\t\t\t<div class=\"elementor-widget-wrap elementor-element-populated\">\n\t\t\t\t\t\t<div class=\"elementor-element elementor-element-7a8b5d4 elementor-view-default elementor-position-top elementor-vertical-align-top elementor-widget elementor-widget-razzi-icon-box\" data-id=\"7a8b5d4\" data-element_type=\"widget\" data-e-type=\"widget\" data-widget_type=\"razzi-icon-box.default\">\n\t\t\t\t<div class=\"elementor-widget-container\">\n\t\t\t\t\t\t\t<div class=\"razzi-icon-box\">\r\n\t\t\t\t\t\t<div class=\"razzi-icon-box__content\">\r\n\t\t\t\t<div class=\"razzi-icon-box__item\">\r\n\t\t\t\t\t<h5 class=\"razzi-icon-box__title\">\r\n\t\t\t\t\t\t<a href=\"https:\/\/packstera.lt\/pakavimo-irangos-integracija-i-esamas-gamybos-linijas\/\" >\r\n\t\t\t\t\t\t\tPakavimo \u012frangos integracija \u012f esamas gamybos linijas\t\t\t\t\t\t<\/a>\r\n\t\t\t\t\t<\/h5>\r\n\t\t\t\t\t\t\t\t\t\t\t<p class=\"razzi-icon-box__description\">\r\n\t\t\t\t\t\t\tPakavimo \u012frangos integracija \u012f esamas gamybos linijas u\u017etikrina tiksl\u0173 \u012frangos suderinim\u0105 su j\u016bs\u0173 procesu, kad gamyba veikt\u0173 stabiliai ir be prastov\u0173.\t\t\t\t\t\t<\/p>\r\n\t\t\t\t\t\t\t\t\t<\/div>\r\n\t\t\t\t\t\t\t<\/div>\r\n\t\t<\/div>\r\n\t\t\t\t\t\t<\/div>\n\t\t\t\t<\/div>\n\t\t\t\t\t<\/div>\n\t\t<\/div>\n\t\t\t\t\t<\/div>\n\t\t<\/section>\n\t\t\t\t<section class=\"elementor-section elementor-top-section elementor-element elementor-element-b477f7a elementor-section-boxed elementor-section-height-default elementor-section-height-default\" data-id=\"b477f7a\" data-element_type=\"section\" data-e-type=\"section\">\n\t\t\t\t\t\t<div class=\"elementor-container elementor-column-gap-default\">\n\t\t\t\t\t<div class=\"elementor-column elementor-col-50 elementor-top-column elementor-element elementor-element-f893143\" data-id=\"f893143\" data-element_type=\"column\" data-e-type=\"column\">\n\t\t\t<div class=\"elementor-widget-wrap elementor-element-populated\">\n\t\t\t\t\t\t<div class=\"elementor-element elementor-element-41e110e elementor-view-default elementor-position-top elementor-vertical-align-top elementor-widget elementor-widget-razzi-icon-box\" data-id=\"41e110e\" data-element_type=\"widget\" data-e-type=\"widget\" data-widget_type=\"razzi-icon-box.default\">\n\t\t\t\t<div class=\"elementor-widget-container\">\n\t\t\t\t\t\t\t<div class=\"razzi-icon-box\">\r\n\t\t\t\t\t\t<div class=\"razzi-icon-box__content\">\r\n\t\t\t\t<div class=\"razzi-icon-box__item\">\r\n\t\t\t\t\t<h5 class=\"razzi-icon-box__title\">\r\n\t\t\t\t\t\t<a href=\"http:\/\/packstera.lt\/rentgeno-sistemu-patikra-ir-remontas\/\" >\r\n\t\t\t\t\t\t\tRentgeno sistem\u0173 patikra ir remontas\t\t\t\t\t\t<\/a>\r\n\t\t\t\t\t<\/h5>\r\n\t\t\t\t\t\t\t\t\t\t\t<p class=\"razzi-icon-box__description\">\r\n\t\t\t\t\t\t\tVykdome rentgeno detekcijos sistem\u0173 diagnostin\u0119 patikr\u0105 ir remont\u0105. U\u017etikriname, kad j\u016bs\u0173 \u012franga veikt\u0173 optimaliu lygiu ir atitikt\u0173 visus standartus.\t\t\t\t\t\t<\/p>\r\n\t\t\t\t\t\t\t\t\t<\/div>\r\n\t\t\t\t\t\t\t<\/div>\r\n\t\t<\/div>\r\n\t\t\t\t\t\t<\/div>\n\t\t\t\t<\/div>\n\t\t\t\t\t<\/div>\n\t\t<\/div>\n\t\t\t\t<div class=\"elementor-column elementor-col-50 elementor-top-column elementor-element elementor-element-a744943\" data-id=\"a744943\" data-element_type=\"column\" data-e-type=\"column\">\n\t\t\t<div class=\"elementor-widget-wrap elementor-element-populated\">\n\t\t\t\t\t\t<div class=\"elementor-element elementor-element-a88ed29 elementor-view-default elementor-position-top elementor-vertical-align-top elementor-widget elementor-widget-razzi-icon-box\" data-id=\"a88ed29\" data-element_type=\"widget\" data-e-type=\"widget\" data-widget_type=\"razzi-icon-box.default\">\n\t\t\t\t<div class=\"elementor-widget-container\">\n\t\t\t\t\t\t\t<div class=\"razzi-icon-box\">\r\n\t\t\t\t\t\t<div class=\"razzi-icon-box__content\">\r\n\t\t\t\t<div class=\"razzi-icon-box__item\">\r\n\t\t\t\t\t<h5 class=\"razzi-icon-box__title\">\r\n\t\t\t\t\t\t<a href=\"http:\/\/packstera.lt\/metalo-detektoriu-patikra-ir-remontas\/\" >\r\n\t\t\t\t\t\t\tPramonini\u0173 detektori\u0173 patikra ir remontas\t\t\t\t\t\t<\/a>\r\n\t\t\t\t\t<\/h5>\r\n\t\t\t\t\t\t\t\t\t\t\t<p class=\"razzi-icon-box__description\">\r\n\t\t\t\t\t\t\tSi\u016blome metalo detektori\u0173 patikros ir remonto paslaugas. Pasir\u016bpiname, kad j\u016bs\u0173 \u012franga veikt\u0173 optimaliu lygiu ir atitink\u0173 pramon\u0117s standartus.\t\t\t\t\t\t<\/p>\r\n\t\t\t\t\t\t\t\t\t<\/div>\r\n\t\t\t\t\t\t\t<\/div>\r\n\t\t<\/div>\r\n\t\t\t\t\t\t<\/div>\n\t\t\t\t<\/div>\n\t\t\t\t\t<\/div>\n\t\t<\/div>\n\t\t\t\t\t<\/div>\n\t\t<\/section>\n\t\t\t\t<section class=\"elementor-section elementor-top-section elementor-element elementor-element-53307db elementor-section-boxed elementor-section-height-default elementor-section-height-default\" data-id=\"53307db\" data-element_type=\"section\" data-e-type=\"section\">\n\t\t\t\t\t\t<div class=\"elementor-container elementor-column-gap-default\">\n\t\t\t\t\t<div class=\"elementor-column elementor-col-50 elementor-top-column elementor-element elementor-element-3d80533\" data-id=\"3d80533\" data-element_type=\"column\" data-e-type=\"column\">\n\t\t\t<div class=\"elementor-widget-wrap elementor-element-populated\">\n\t\t\t\t\t\t<div class=\"elementor-element elementor-element-4bd6eec elementor-view-default elementor-position-top elementor-vertical-align-top elementor-widget elementor-widget-razzi-icon-box\" data-id=\"4bd6eec\" data-element_type=\"widget\" data-e-type=\"widget\" data-widget_type=\"razzi-icon-box.default\">\n\t\t\t\t<div class=\"elementor-widget-container\">\n\t\t\t\t\t\t\t<div class=\"razzi-icon-box\">\r\n\t\t\t\t\t\t<div class=\"razzi-icon-box__content\">\r\n\t\t\t\t<div class=\"razzi-icon-box__item\">\r\n\t\t\t\t\t<h5 class=\"razzi-icon-box__title\">\r\n\t\t\t\t\t\t<a href=\"http:\/\/packstera.lt\/techniniu-specifikaciju-ruosimas\/\" >\r\n\t\t\t\t\t\t\tTechnini\u0173 specifikacij\u0173 ruo\u0161imas\t\t\t\t\t\t<\/a>\r\n\t\t\t\t\t<\/h5>\r\n\t\t\t\t\t\t\t\t\t\t\t<p class=\"razzi-icon-box__description\">\r\n\t\t\t\t\t\t\tPackstera gali Jums pad\u0117ti ruo\u0161iant technines specifikacijas pakavimo \u012frangos pirkimui, u\u017etikrinant poreiki\u0173 atitikimo \u012fgyvendinim\u0105. \t\t\t\t\t\t<\/p>\r\n\t\t\t\t\t\t\t\t\t<\/div>\r\n\t\t\t\t\t\t\t<\/div>\r\n\t\t<\/div>\r\n\t\t\t\t\t\t<\/div>\n\t\t\t\t<\/div>\n\t\t\t\t\t<\/div>\n\t\t<\/div>\n\t\t\t\t<div class=\"elementor-column elementor-col-50 elementor-top-column elementor-element elementor-element-0638df5\" data-id=\"0638df5\" data-element_type=\"column\" data-e-type=\"column\">\n\t\t\t<div class=\"elementor-widget-wrap elementor-element-populated\">\n\t\t\t\t\t\t<div class=\"elementor-element elementor-element-494b59b elementor-view-default elementor-position-top elementor-vertical-align-top elementor-widget elementor-widget-razzi-icon-box\" data-id=\"494b59b\" data-element_type=\"widget\" data-e-type=\"widget\" data-widget_type=\"razzi-icon-box.default\">\n\t\t\t\t<div class=\"elementor-widget-container\">\n\t\t\t\t\t\t\t<div class=\"razzi-icon-box\">\r\n\t\t\t\t\t\t<div class=\"razzi-icon-box__content\">\r\n\t\t\t\t<div class=\"razzi-icon-box__item\">\r\n\t\t\t\t\t<h5 class=\"razzi-icon-box__title\">\r\n\t\t\t\t\t\t<a href=\"http:\/\/packstera.lt\/sistemu-tobulinimas-ir-automatizavimas\/\" >\r\n\t\t\t\t\t\t\tSistem\u0173 tobulinimas ir automatizavimas\t\t\t\t\t\t<\/a>\r\n\t\t\t\t\t<\/h5>\r\n\t\t\t\t\t\t\t\t\t\t\t<p class=\"razzi-icon-box__description\">\r\n\t\t\t\t\t\t\tAtliekama sistem\u0173 tobulinimo ir automatizavimo paslaugas. Vykdome esamos situacijos audit\u0105 ir poreiki\u0173 analiz\u0119. Integruojame esamas sistemas su naujais \u012frenginiais.\t\t\t\t\t\t<\/p>\r\n\t\t\t\t\t\t\t\t\t<\/div>\r\n\t\t\t\t\t\t\t<\/div>\r\n\t\t<\/div>\r\n\t\t\t\t\t\t<\/div>\n\t\t\t\t<\/div>\n\t\t\t\t\t<\/div>\n\t\t<\/div>\n\t\t\t\t\t<\/div>\n\t\t<\/section>\n\t\t\t\t<section class=\"elementor-section elementor-top-section elementor-element elementor-element-c13276d elementor-section-boxed elementor-section-height-default elementor-section-height-default\" data-id=\"c13276d\" data-element_type=\"section\" data-e-type=\"section\">\n\t\t\t\t\t\t<div class=\"elementor-container elementor-column-gap-default\">\n\t\t\t\t\t<div class=\"elementor-column elementor-col-100 elementor-top-column elementor-element elementor-element-33d8c43\" data-id=\"33d8c43\" data-element_type=\"column\" data-e-type=\"column\">\n\t\t\t<div class=\"elementor-widget-wrap\">\n\t\t\t\t\t\t\t<\/div>\n\t\t<\/div>\n\t\t\t\t\t<\/div>\n\t\t<\/section>\n\t\t\t\t<section class=\"elementor-section elementor-top-section elementor-element elementor-element-c6d2532 elementor-section-boxed elementor-section-height-default elementor-section-height-default\" data-id=\"c6d2532\" data-element_type=\"section\" data-e-type=\"section\">\n\t\t\t\t\t\t<div class=\"elementor-container elementor-column-gap-default\">\n\t\t\t\t\t<div class=\"elementor-column elementor-col-50 elementor-top-column elementor-element elementor-element-6935d92\" data-id=\"6935d92\" data-element_type=\"column\" data-e-type=\"column\">\n\t\t\t<div class=\"elementor-widget-wrap elementor-element-populated\">\n\t\t\t\t\t\t<div class=\"elementor-element elementor-element-9169107 elementor-widget elementor-widget-razzi-heading\" data-id=\"9169107\" data-element_type=\"widget\" data-e-type=\"widget\" data-widget_type=\"razzi-heading.default\">\n\t\t\t\t<div class=\"elementor-widget-container\">\n\t\t\t\t\t<div class=\"razzi-heading-wrapper\"><h3 class=\"razzi-heading-title\"> U\u017epildykite form\u0105 ir gaukite pasi\u016blym\u0105<\/h3><\/div>\t\t\t\t<\/div>\n\t\t\t\t<\/div>\n\t\t\t\t<div class=\"elementor-element elementor-element-8c1c163 elementor-widget elementor-widget-text-editor\" data-id=\"8c1c163\" data-element_type=\"widget\" data-e-type=\"widget\" data-widget_type=\"text-editor.default\">\n\t\t\t\t<div class=\"elementor-widget-container\">\n\t\t\t\t\t\t\t\t\t<p>Packstera servisas si\u016blo remonto ir prie\u017ei\u016bros paslaugas J\u016bs\u0173 pakavimo \u012frangai, garantiniu ir pogarantiniu laikotarpiu. Dirbanti serviso komanda labai motyvuota, tod\u0117l i\u0161kilusias problemas stengiasi spr\u0119sti pa\u010diais efektyviausiais b\u016bdais.<br \/><br \/>Teikiame pakavimo \u012frangos diegimo, pritaikymo ar perk\u0117limo \u012f kit\u0105 viet\u0105, taip pat remonto ir patikros paslaugas. Ruo\u0161iame technines specifikacijas \u012frangos \u012fsigijimui.<\/p><p>Trumpai apra\u0161ykite kokios \u012frangos pirkimui reikalinga specifikacija ir netrukus Packstera specialistai su Jumis susisieks d\u0117l tolesni\u0173 detali\u0173.<\/p>\t\t\t\t\t\t\t\t<\/div>\n\t\t\t\t<\/div>\n\t\t\t\t\t<\/div>\n\t\t<\/div>\n\t\t\t\t<div class=\"elementor-column elementor-col-50 elementor-top-column elementor-element elementor-element-8d32cff\" data-id=\"8d32cff\" data-element_type=\"column\" data-e-type=\"column\">\n\t\t\t<div class=\"elementor-widget-wrap elementor-element-populated\">\n\t\t\t\t\t\t<div class=\"elementor-element elementor-element-e943bbd elementor-widget elementor-widget-text-editor\" data-id=\"e943bbd\" data-element_type=\"widget\" data-e-type=\"widget\" data-widget_type=\"text-editor.default\">\n\t\t\t\t<div class=\"elementor-widget-container\">\n\t\t\t\t\t\t\t\t\t<p><script data-b24-form=\"inline\/15\/xkbdae\" data-skip-moving=\"true\">\r\n(function(w,d,u){\r\nvar s=d.createElement('script');s.async=true;s.src=u+'?'+(Date.now()\/180000|0);\r\nvar h=d.getElementsByTagName('script')[0];h.parentNode.insertBefore(s,h);\r\n})(window,document,'https:\/\/cdn.bitrix24.eu\/b23451613\/crm\/form\/loader_15.js');\r\n<\/script><\/p>\t\t\t\t\t\t\t\t<\/div>\n\t\t\t\t<\/div>\n\t\t\t\t\t<\/div>\n\t\t<\/div>\n\t\t\t\t\t<\/div>\n\t\t<\/section>\n\t\t\t\t<section class=\"elementor-section elementor-top-section elementor-element elementor-element-050f4e5 elementor-section-boxed elementor-section-height-default elementor-section-height-default\" data-id=\"050f4e5\" data-element_type=\"section\" data-e-type=\"section\">\n\t\t\t\t\t\t<div class=\"elementor-container elementor-column-gap-default\">\n\t\t\t\t\t<div class=\"elementor-column elementor-col-100 elementor-top-column elementor-element elementor-element-61d0152\" data-id=\"61d0152\" data-element_type=\"column\" data-e-type=\"column\">\n\t\t\t<div class=\"elementor-widget-wrap elementor-element-populated\">\n\t\t\t\t\t\t<div class=\"elementor-element elementor-element-d4db99c elementor-widget elementor-widget-razzi-images-carousel-2\" data-id=\"d4db99c\" data-element_type=\"widget\" data-e-type=\"widget\" data-settings=\"{&quot;slidesToShow&quot;:5,&quot;slidesToShow_tablet&quot;:4,&quot;slidesToShow_mobile&quot;:3,&quot;slidesToScroll&quot;:5,&quot;slidesToScroll_tablet&quot;:4,&quot;slidesToScroll_mobile&quot;:3,&quot;autoplay&quot;:&quot;yes&quot;,&quot;autoplay_speed&quot;:1000}\" data-widget_type=\"razzi-images-carousel-2.default\">\n\t\t\t\t<div class=\"elementor-widget-container\">\n\t\t\t\t\t\t\t<div class=\"razzi-images-carousel-2 razzi-swiper-carousel-elementor navigation-arrows navigation-tablet-arrows navigation-mobile-arrows\">\r\n\t\t\t<div class=\"swiper-container\">\r\n\t\t\t\t<div class=\"razzi-images-carousel-2__inner swiper-wrapper\">\r\n\t\t<div class=\"elementor-repeater-item-e015194 image-item swiper-slide\"><div class=\"content-img\"><img decoding=\"async\" src=\"http:\/\/packstera.lt\/wp-content\/uploads\/2023\/04\/mosca-png.png\"><\/div><div class=\"razzi-images-carousel-content\"><a href=\"#\" class=\" button-text razzi-button\"><\/a><\/div><a href=\"#\" class=\"full-box-button\"><\/a><\/div><div class=\"elementor-repeater-item-a25c1b2 image-item swiper-slide\"><div class=\"content-img\"><img decoding=\"async\" src=\"http:\/\/packstera.lt\/wp-content\/uploads\/2023\/04\/cassel-png.png\"><\/div><div class=\"razzi-images-carousel-content\"><a href=\"#\" class=\" button-text razzi-button\"><\/a><\/div><a href=\"#\" class=\"full-box-button\"><\/a><\/div><div class=\"elementor-repeater-item-a7ac7dc image-item swiper-slide\"><div class=\"content-img\"><img decoding=\"async\" src=\"http:\/\/packstera.lt\/wp-content\/uploads\/2023\/04\/bandall.png\"><\/div><div class=\"razzi-images-carousel-content\"><a href=\"#\" class=\" button-text razzi-button\"><\/a><\/div><a href=\"#\" class=\"full-box-button\"><\/a><\/div><div class=\"elementor-repeater-item-89f8f91 image-item swiper-slide\"><div class=\"content-img\"><img decoding=\"async\" src=\"http:\/\/packstera.lt\/wp-content\/uploads\/2023\/04\/ebs.png\"><\/div><div class=\"razzi-images-carousel-content\"><a href=\"#\" class=\" button-text razzi-button\"><\/a><\/div><a href=\"#\" class=\"full-box-button\"><\/a><\/div><div class=\"elementor-repeater-item-e921798 image-item swiper-slide\"><div class=\"content-img\"><img decoding=\"async\" src=\"http:\/\/packstera.lt\/wp-content\/uploads\/2023\/04\/zapak.png\"><\/div><div class=\"razzi-images-carousel-content\"><a href=\"#\" class=\" button-text razzi-button\"><\/a><\/div><a href=\"#\" class=\"full-box-button\"><\/a><\/div>\t\t\t\t<\/div>\r\n\t\t\t\t<div class=\"swiper-pagination\"><\/div>\r\n\t\t\t<\/div>\r\n\t\t\t<div class=\"razzi-swiper-button-container\"><span class=\"razzi-svg-icon razzi-swiper-button-prev razzi-swiper-button\"><svg aria-hidden=\"true\" role=\"img\" focusable=\"false\" xmlns=\"http:\/\/www.w3.org\/2000\/svg\" width=\"24\" height=\"24\" viewBox=\"0 0 24 24\" fill=\"none\" stroke=\"currentColor\" stroke-width=\"2\" stroke-linecap=\"round\" stroke-linejoin=\"round\"><polyline points=\"15 18 9 12 15 6\"><\/polyline><\/svg><\/span><span class=\"razzi-svg-icon razzi-swiper-button-next razzi-swiper-button\"><svg aria-hidden=\"true\" role=\"img\" focusable=\"false\" xmlns=\"http:\/\/www.w3.org\/2000\/svg\" width=\"24\" height=\"24\" viewBox=\"0 0 24 24\" fill=\"none\" stroke=\"currentColor\" stroke-width=\"2\" stroke-linecap=\"round\" stroke-linejoin=\"round\"><polyline points=\"9 18 15 12 9 6\"><\/polyline><\/svg><\/span><\/div>\t\t<\/div>\r\n\t\t\t\t\t\t<\/div>\n\t\t\t\t<\/div>\n\t\t\t\t\t<\/div>\n\t\t<\/div>\n\t\t\t\t\t<\/div>\n\t\t<\/section>\n\t\t\t\t<\/div>\n\t\t","protected":false},"excerpt":{"rendered":"<p>Pakavimo \u012frangi\u0173 Packstera si\u016blomos paslaugos ir servisas Pakavimo \u012frengini\u0173 remontas Pale\u010di\u0173 apsuk\u0117j\u0173, ri\u0161imo ma\u0161in\u0173, pakavimo \u012f termo pl\u0117vel\u0119, rankini\u0173 pakavimo ir spausdinimo ir kit\u0173 su pakavimu susijusi\u0173 \u012frengini\u0173 remontas. Pakavimo \u012frangos integracija \u012f esamas gamybos linijas Pakavimo \u012frangos integracija \u012f esamas gamybos linijas u\u017etikrina tiksl\u0173 \u012frangos suderinim\u0105 su j\u016bs\u0173 procesu, kad gamyba veikt\u0173 stabiliai ir [&hellip;]<\/p>\n","protected":false},"author":2,"featured_media":0,"parent":0,"menu_order":0,"comment_status":"closed","ping_status":"closed","template":"","meta":{"footnotes":""},"class_list":["post-15023","page","type-page","status-publish","hentry"],"_links":{"self":[{"href":"https:\/\/packstera.lt\/en\/wp-json\/wp\/v2\/pages\/15023","targetHints":{"allow":["GET"]}}],"collection":[{"href":"https:\/\/packstera.lt\/en\/wp-json\/wp\/v2\/pages"}],"about":[{"href":"https:\/\/packstera.lt\/en\/wp-json\/wp\/v2\/types\/page"}],"author":[{"embeddable":true,"href":"https:\/\/packstera.lt\/en\/wp-json\/wp\/v2\/users\/2"}],"replies":[{"embeddable":true,"href":"https:\/\/packstera.lt\/en\/wp-json\/wp\/v2\/comments?post=15023"}],"version-history":[{"count":66,"href":"https:\/\/packstera.lt\/en\/wp-json\/wp\/v2\/pages\/15023\/revisions"}],"predecessor-version":[{"id":17731,"href":"https:\/\/packstera.lt\/en\/wp-json\/wp\/v2\/pages\/15023\/revisions\/17731"}],"wp:attachment":[{"href":"https:\/\/packstera.lt\/en\/wp-json\/wp\/v2\/media?parent=15023"}],"curies":[{"name":"wp","href":"https:\/\/api.w.org\/{rel}","templated":true}]}}