{"id":15663,"date":"2023-02-08T11:28:45","date_gmt":"2023-02-08T09:28:45","guid":{"rendered":"http:\/\/packstera.lt\/?page_id=15663"},"modified":"2023-04-04T16:49:54","modified_gmt":"2023-04-04T13:49:54","slug":"x-ray-inspection-and-repair","status":"publish","type":"page","link":"https:\/\/packstera.lt\/en\/rentgeno-sistemu-patikra-ir-remontas\/","title":{"rendered":"Inspection and repair of X-ray systems"},"content":{"rendered":"\t\t<div data-elementor-type=\"wp-page\" data-elementor-id=\"15663\" class=\"elementor elementor-15663\">\n\t\t\t\t\t\t<section class=\"elementor-section elementor-top-section elementor-element elementor-element-cdbc57b elementor-section-boxed elementor-section-height-default elementor-section-height-default\" data-id=\"cdbc57b\" data-element_type=\"section\" data-e-type=\"section\">\n\t\t\t\t\t\t<div class=\"elementor-container elementor-column-gap-default\">\n\t\t\t\t\t<div class=\"elementor-column elementor-col-50 elementor-top-column elementor-element elementor-element-f853a72\" data-id=\"f853a72\" data-element_type=\"column\" data-e-type=\"column\">\n\t\t\t<div class=\"elementor-widget-wrap elementor-element-populated\">\n\t\t\t\t\t\t<div class=\"elementor-element elementor-element-6cb984b elementor-widget elementor-widget-razzi-heading\" data-id=\"6cb984b\" data-element_type=\"widget\" data-e-type=\"widget\" data-widget_type=\"razzi-heading.default\">\n\t\t\t\t<div class=\"elementor-widget-container\">\n\t\t\t\t\t<div class=\"razzi-heading-wrapper\"><h2 class=\"razzi-heading-title\"> Rentgeno sistem\u0173 patikra ir remontas<\/h2><\/div>\t\t\t\t<\/div>\n\t\t\t\t<\/div>\n\t\t\t\t<div class=\"elementor-element elementor-element-a1bf706 elementor-widget elementor-widget-text-editor\" data-id=\"a1bf706\" data-element_type=\"widget\" data-e-type=\"widget\" data-widget_type=\"text-editor.default\">\n\t\t\t\t<div class=\"elementor-widget-container\">\n\t\t\t\t\t\t\t\t\t<p>Rentgeno spinduli\u0173 patikra yra svarbi daugelio pakavimo ir gamybos proces\u0173 sudedamoji dalis. Jis u\u017etikrina gamini\u0173 kokyb\u0119 ir saug\u0105 aptikdamas ir identifikuodamas galimus pa\u0161alinius objektus ir ter\u0161alus. Ta\u010diau, kaip ir bet kuri kita \u012franga, rentgeno sistemos gali susidurti su technin\u0117mis problemomis, kurias reikia pri\u017ei\u016br\u0117ti ar taisyti. M\u016bs\u0173 \u012fmon\u0117je si\u016blome visapusi\u0161kas rentgeno tikrinimo ir remonto paslaugas, kurios pad\u0117s j\u016bs\u0173 verslui i\u0161laikyti gamini\u0173 vientisum\u0105 ir i\u0161vengti brangi\u0173 gamybos v\u0117lavim\u0173.<\/p><p>Trumpai apra\u0161ykite savo dabartin\u0119 situacij\u0105 ir netrukus Packstera specialistai su Jumis susisieks d\u0117l tolesni\u0173 detali\u0173.<\/p>\t\t\t\t\t\t\t\t<\/div>\n\t\t\t\t<\/div>\n\t\t\t\t\t<\/div>\n\t\t<\/div>\n\t\t\t\t<div class=\"elementor-column elementor-col-50 elementor-top-column elementor-element elementor-element-2dc857c\" data-id=\"2dc857c\" data-element_type=\"column\" data-e-type=\"column\">\n\t\t\t<div class=\"elementor-widget-wrap elementor-element-populated\">\n\t\t\t\t\t\t<div class=\"elementor-element elementor-element-574991b elementor-widget elementor-widget-text-editor\" data-id=\"574991b\" data-element_type=\"widget\" data-e-type=\"widget\" data-widget_type=\"text-editor.default\">\n\t\t\t\t<div class=\"elementor-widget-container\">\n\t\t\t\t\t\t\t\t\t<p><script data-b24-form=\"inline\/15\/xkbdae\" data-skip-moving=\"true\">\r\n(function(w,d,u){\r\nvar s=d.createElement('script');s.async=true;s.src=u+'?'+(Date.now()\/180000|0);\r\nvar h=d.getElementsByTagName('script')[0];h.parentNode.insertBefore(s,h);\r\n})(window,document,'https:\/\/cdn.bitrix24.eu\/b23451613\/crm\/form\/loader_15.js');\r\n<\/script><\/p>\t\t\t\t\t\t\t\t<\/div>\n\t\t\t\t<\/div>\n\t\t\t\t\t<\/div>\n\t\t<\/div>\n\t\t\t\t\t<\/div>\n\t\t<\/section>\n\t\t\t\t<section class=\"elementor-section elementor-top-section elementor-element elementor-element-943c4d8 elementor-section-boxed elementor-section-height-default elementor-section-height-default\" data-id=\"943c4d8\" data-element_type=\"section\" data-e-type=\"section\">\n\t\t\t\t\t\t<div class=\"elementor-container elementor-column-gap-default\">\n\t\t\t\t\t<div class=\"elementor-column elementor-col-100 elementor-top-column elementor-element elementor-element-bcdd660\" data-id=\"bcdd660\" data-element_type=\"column\" data-e-type=\"column\">\n\t\t\t<div class=\"elementor-widget-wrap elementor-element-populated\">\n\t\t\t\t\t\t<div class=\"elementor-element elementor-element-02d5e20 elementor-widget elementor-widget-text-editor\" data-id=\"02d5e20\" data-element_type=\"widget\" data-e-type=\"widget\" data-widget_type=\"text-editor.default\">\n\t\t\t\t<div class=\"elementor-widget-container\">\n\t\t\t\t\t\t\t\t\t<p><span style=\"color: var( --e-global-color-text ); font-family: var( --e-global-typography-text-font-family ), Sans-serif; font-weight: var( --e-global-typography-text-font-weight );\">M\u016bs\u0173 \u012fmon\u0117je teikiame plat\u0173 rentgeno tikrinimo ir remonto paslaug\u0173 spektr\u0105, kad patenkintume klient\u0173 poreikius. M\u016bs\u0173 kvalifikuoti technikai yra apmokyti diagnozuoti ir taisyti vis\u0173 tip\u0173 rentgeno sistemas, nepriklausomai nuo prek\u0117s \u017eenklo ar modelio. M\u016bs\u0173 paslaugos apima reguliarius patikrinimus, prevencin\u0119 prie\u017ei\u016br\u0105, avarin\u012f remont\u0105 ir sugadint\u0173 dali\u0173 keitim\u0105. Taip pat teikiame nauj\u0173 rentgeno sistem\u0173 montavimo paslaugas ir si\u016blome mokymus, kad j\u016bs\u0173 darbuotojai tinkamai naudot\u0173si \u012franga.<\/span><br><\/p>\n<p>Patyr\u0119 technikai<br>M\u016bs\u0173 patyrusi\u0173 technik\u0173 komanda turi patirties, kad gal\u0117t\u0173 atlikti bet kokius rentgeno sistemos remonto ar prie\u017ei\u016bros poreikius. Jie apr\u016bpinti naujausiais \u012frankiais ir technologijomis, leid\u017eian\u010diais efektyviai diagnozuoti ir pa\u0161alinti technines problemas. M\u016bs\u0173 komanda nuolat mokosi, kad gaut\u0173 naujausius pramon\u0117s pasiekimus, kad gal\u0117t\u0173 teikti auk\u0161tos kokyb\u0117s paslaugas m\u016bs\u0173 klientams.<\/p>\n<p>Kokybi\u0161ka paslauga<br>Tikime savo klientams teikti kokybi\u0161kas paslaugas. M\u016bs\u0173 komanda dirba labai skubiai, siekdama greitai ir efektyviai atlikti remont\u0105, kad b\u016bt\u0173 kuo ma\u017eiau prastov\u0173 ir gamybos v\u0117lavim\u0173. Taip pat teikiame prevencin\u0117s prie\u017ei\u016bros paslaugas, kad ateityje i\u0161vengtume technini\u0173 problem\u0173, kurios ilgainiui gali sutaupyti j\u016bs\u0173 verslo pinig\u0173. Mes teikiame pirmenyb\u0119 klient\u0173 pasitenkinimui, o m\u016bs\u0173 komanda visada pasiruo\u0161usi atsakyti \u012f visus klausimus, susijusius su m\u016bs\u0173 paslaugomis.<\/p>\n<p>Konkurencinga kainodara<br>M\u016bs\u0173 \u012fmon\u0117je teikiame auk\u0161tos kokyb\u0117s paslaugas konkurencingomis kainomis. Suprantame, kaip svarbu, kad j\u016bs\u0173 verslas veikt\u0173 skland\u017eiai, ir stengiam\u0117s pasi\u016blyti prieinamas rentgeno tikrinimo ir remonto paslaugas. M\u016bs\u0173 kainodara yra skaidri, tod\u0117l si\u016blome nemokamas ir ne\u012fsipareigojan\u010dias kainas visoms m\u016bs\u0173 paslaugoms. Mes taip pat suteikiame garantij\u0105 savo remonto darbams, kad j\u016bs\u0173 rentgeno sistemos i\u0161likt\u0173 geros b\u016bkl\u0117s.<\/p>\n<p>Avarinio remonto paslaugos<br>Suprantame, kad rentgeno sistemos gedimai gali \u012fvykti bet kuriuo metu, tod\u0117l si\u016blome 24\/7 avarinio remonto paslaugas. M\u016bs\u0173 komanda visada pasiruo\u0161usi greitai ir efektyviai atlikti remont\u0105, nepriklausomai nuo laiko ar savait\u0117s dienos. Naudodamiesi m\u016bs\u0173 avarinio remonto paslaugomis, j\u016bs\u0173 verslas patirs kuo ma\u017eiau prastov\u0173, o j\u016bs galite b\u016bti tikri, kad j\u016bs\u0173 produktai i\u0161liks saug\u016bs ir auk\u0161tos kokyb\u0117s.<\/p>\n<p>Apibendrinant galima pasakyti, kad m\u016bs\u0173 \u012fmon\u0117je teikiame visapusi\u0161kas rentgeno tikrinimo ir remonto paslaugas, kurios pad\u0117s j\u016bs\u0173 verslui i\u0161laikyti gamini\u0173 vientisum\u0105 ir i\u0161vengti brangi\u0173 gamybos v\u0117lavim\u0173. M\u016bs\u0173 patyr\u0119 technikai turi naujausius \u012frankius ir technologijas, leid\u017eian\u010dias diagnozuoti ir pa\u0161alinti bet kokias rentgeno sistemos problemas. Si\u016blome plat\u0173 paslaug\u0173 spektr\u0105 konkurencingomis kainomis ir teikiame pirmenyb\u0119 klient\u0173 pasitenkinimui. Susisiekite su mumis \u0161iandien d\u0117l vis\u0173 rentgeno patikrinimo ir remonto poreiki\u0173.<\/p>\t\t\t\t\t\t\t\t<\/div>\n\t\t\t\t<\/div>\n\t\t\t\t\t<\/div>\n\t\t<\/div>\n\t\t\t\t\t<\/div>\n\t\t<\/section>\n\t\t\t\t<\/div>\n\t\t","protected":false},"excerpt":{"rendered":"<p>Rentgeno sistem\u0173 patikra ir remontas Rentgeno spinduli\u0173 patikra yra svarbi daugelio pakavimo ir gamybos proces\u0173 sudedamoji dalis. Jis u\u017etikrina gamini\u0173 kokyb\u0119 ir saug\u0105 aptikdamas ir identifikuodamas galimus pa\u0161alinius objektus ir ter\u0161alus. Ta\u010diau, kaip ir bet kuri kita \u012franga, rentgeno sistemos gali susidurti su technin\u0117mis problemomis, kurias reikia pri\u017ei\u016br\u0117ti ar taisyti. M\u016bs\u0173 \u012fmon\u0117je si\u016blome visapusi\u0161kas rentgeno [&hellip;]<\/p>\n","protected":false},"author":2,"featured_media":0,"parent":0,"menu_order":0,"comment_status":"closed","ping_status":"closed","template":"","meta":{"footnotes":""},"class_list":["post-15663","page","type-page","status-publish","hentry"],"_links":{"self":[{"href":"https:\/\/packstera.lt\/en\/wp-json\/wp\/v2\/pages\/15663","targetHints":{"allow":["GET"]}}],"collection":[{"href":"https:\/\/packstera.lt\/en\/wp-json\/wp\/v2\/pages"}],"about":[{"href":"https:\/\/packstera.lt\/en\/wp-json\/wp\/v2\/types\/page"}],"author":[{"embeddable":true,"href":"https:\/\/packstera.lt\/en\/wp-json\/wp\/v2\/users\/2"}],"replies":[{"embeddable":true,"href":"https:\/\/packstera.lt\/en\/wp-json\/wp\/v2\/comments?post=15663"}],"version-history":[{"count":7,"href":"https:\/\/packstera.lt\/en\/wp-json\/wp\/v2\/pages\/15663\/revisions"}],"predecessor-version":[{"id":15937,"href":"https:\/\/packstera.lt\/en\/wp-json\/wp\/v2\/pages\/15663\/revisions\/15937"}],"wp:attachment":[{"href":"https:\/\/packstera.lt\/en\/wp-json\/wp\/v2\/media?parent=15663"}],"curies":[{"name":"wp","href":"https:\/\/api.w.org\/{rel}","templated":true}]}}