{"id":15665,"date":"2023-02-08T11:29:21","date_gmt":"2023-02-08T09:29:21","guid":{"rendered":"http:\/\/packstera.lt\/?page_id=15665"},"modified":"2023-04-04T17:24:37","modified_gmt":"2023-04-04T14:24:37","slug":"system-improvement-and-automation","status":"publish","type":"page","link":"https:\/\/packstera.lt\/en\/sistemu-tobulinimas-ir-automatizavimas\/","title":{"rendered":"Systems development and automation"},"content":{"rendered":"\t\t<div data-elementor-type=\"wp-page\" data-elementor-id=\"15665\" class=\"elementor elementor-15665\">\n\t\t\t\t\t\t<section class=\"elementor-section elementor-top-section elementor-element elementor-element-8949360 elementor-section-boxed elementor-section-height-default elementor-section-height-default\" data-id=\"8949360\" data-element_type=\"section\" data-e-type=\"section\">\n\t\t\t\t\t\t<div class=\"elementor-container elementor-column-gap-default\">\n\t\t\t\t\t<div class=\"elementor-column elementor-col-50 elementor-top-column elementor-element elementor-element-409177b\" data-id=\"409177b\" data-element_type=\"column\" data-e-type=\"column\">\n\t\t\t<div class=\"elementor-widget-wrap elementor-element-populated\">\n\t\t\t\t\t\t<div class=\"elementor-element elementor-element-8d05de8 elementor-widget elementor-widget-razzi-heading\" data-id=\"8d05de8\" data-element_type=\"widget\" data-e-type=\"widget\" data-widget_type=\"razzi-heading.default\">\n\t\t\t\t<div class=\"elementor-widget-container\">\n\t\t\t\t\t<div class=\"razzi-heading-wrapper\"><h2 class=\"razzi-heading-title\"> Pakavimo sistem\u0173 tobulinimas ir automatizavimas<\/h2><\/div>\t\t\t\t<\/div>\n\t\t\t\t<\/div>\n\t\t\t\t<div class=\"elementor-element elementor-element-85a2889 elementor-widget elementor-widget-text-editor\" data-id=\"85a2889\" data-element_type=\"widget\" data-e-type=\"widget\" data-widget_type=\"text-editor.default\">\n\t\t\t\t<div class=\"elementor-widget-container\">\n\t\t\t\t\t\t\t\t\t<p>\u0160iandieniniame spar\u010diame verslo pasaulyje \u012fmon\u0117s turi u\u017etikrinti, kad j\u0173 pakavimo sistemos b\u016bt\u0173 veiksmingos, patikimos ir ekonomi\u0161kos. \u0160i\u0173 sistem\u0173 automatizavimas gali pad\u0117ti \u012fmon\u0117ms padidinti na\u0161um\u0105, suma\u017einti i\u0161laidas ir pagerinti bendr\u0105 na\u0161um\u0105. M\u016bs\u0173 \u012fmon\u0117je si\u016blome pakavimo sistem\u0173 tobulinimo ir automatizavimo paslaugas, kurios pad\u0117s J\u016bs\u0173 verslui pasiekti u\u017esibr\u0117\u017et\u0173 tiksl\u0173 ir i\u0161likti konkurencingam rinkoje<\/p><p>Trumpai apra\u0161ykite savo dabartin\u0119 situacij\u0105 ir netrukus Packstera specialistai su Jumis susisieks d\u0117l tolesni\u0173 detali\u0173.<\/p>\t\t\t\t\t\t\t\t<\/div>\n\t\t\t\t<\/div>\n\t\t\t\t\t<\/div>\n\t\t<\/div>\n\t\t\t\t<div class=\"elementor-column elementor-col-50 elementor-top-column elementor-element elementor-element-9153253\" data-id=\"9153253\" data-element_type=\"column\" data-e-type=\"column\">\n\t\t\t<div class=\"elementor-widget-wrap elementor-element-populated\">\n\t\t\t\t\t\t<div class=\"elementor-element elementor-element-51f70c8 elementor-widget elementor-widget-text-editor\" data-id=\"51f70c8\" data-element_type=\"widget\" data-e-type=\"widget\" data-widget_type=\"text-editor.default\">\n\t\t\t\t<div class=\"elementor-widget-container\">\n\t\t\t\t\t\t\t\t\t<p><script data-b24-form=\"inline\/15\/xkbdae\" data-skip-moving=\"true\">\r\n(function(w,d,u){\r\nvar s=d.createElement('script');s.async=true;s.src=u+'?'+(Date.now()\/180000|0);\r\nvar h=d.getElementsByTagName('script')[0];h.parentNode.insertBefore(s,h);\r\n})(window,document,'https:\/\/cdn.bitrix24.eu\/b23451613\/crm\/form\/loader_15.js');\r\n<\/script><\/p>\t\t\t\t\t\t\t\t<\/div>\n\t\t\t\t<\/div>\n\t\t\t\t\t<\/div>\n\t\t<\/div>\n\t\t\t\t\t<\/div>\n\t\t<\/section>\n\t\t\t\t<section class=\"elementor-section elementor-top-section elementor-element elementor-element-255a852 elementor-section-boxed elementor-section-height-default elementor-section-height-default\" data-id=\"255a852\" data-element_type=\"section\" data-e-type=\"section\">\n\t\t\t\t\t\t<div class=\"elementor-container elementor-column-gap-default\">\n\t\t\t\t\t<div class=\"elementor-column elementor-col-100 elementor-top-column elementor-element elementor-element-fffd69a\" data-id=\"fffd69a\" data-element_type=\"column\" data-e-type=\"column\">\n\t\t\t<div class=\"elementor-widget-wrap elementor-element-populated\">\n\t\t\t\t\t\t<div class=\"elementor-element elementor-element-5d35e7e elementor-widget elementor-widget-text-editor\" data-id=\"5d35e7e\" data-element_type=\"widget\" data-e-type=\"widget\" data-widget_type=\"text-editor.default\">\n\t\t\t\t<div class=\"elementor-widget-container\">\n\t\t\t\t\t\t\t\t\t<p><span style=\"color: var( --e-global-color-text ); font-family: var( --e-global-typography-text-font-family ), Sans-serif; font-weight: var( --e-global-typography-text-font-weight );\">Tobulinimo ir automatizavimo proces\u0105 pradedame i\u0161analizuodami j\u016bs\u0173 dabartin\u0119 pakavimo sistem\u0105, kad nustatyt\u0173 sritis, kurias reikia tobulinti. M\u016bs\u0173 patyrusi in\u017einieri\u0173 ir technik\u0173 komanda atliks i\u0161sami\u0105 j\u016bs\u0173 sistemos analiz\u0119 ir nustatys optimizavimo galimybes. Taip pat atsi\u017evelgiame \u012f j\u016bs\u0173 specifinius poreikius ir reikalavimus, \u012fskaitant pralaidum\u0105, produkto kokyb\u0119 ir ekonomi\u0161kum\u0105.<\/span><\/p><p>Pritaikyti sprendimai<br \/>Remdamiesi m\u016bs\u0173 sistemos analize, kuriame j\u016bs\u0173 pakavimo sistemai pritaikytus sprendimus, kurie i\u0161sprend\u017eia nustatytas problemas ir atitinka j\u016bs\u0173 konkre\u010dius poreikius. M\u016bs\u0173 sprendimai apima nauj\u0173 automatizavimo technologij\u0173 ir \u012frangos integravim\u0105, programin\u0117s \u012frangos atnaujinim\u0105 ir esam\u0173 sistem\u0173 optimizavim\u0105. Taip pat atsi\u017evelgiame \u012f ilgalaikes m\u016bs\u0173 sprendim\u0173 pasekmes, u\u017etikrindami, kad jie b\u016bt\u0173 tvar\u016bs ir ekonomi\u0161ki.<\/p><p>Diegimas ir integravimas<br \/>M\u016bs\u0173 ekspert\u0173 komanda \u012fdiegs ir integruos rekomenduojamus sprendimus \u012f j\u016bs\u0173 pakavimo sistem\u0105. Dirbame su jumis, kad suma\u017eintume prastovos laik\u0105 ir u\u017etikrintume skland\u0173 per\u0117jim\u0105 prie naujos sistemos. Mes teikiame mokymus ir pagalb\u0105, kad j\u016bs\u0173 darbuotojai gal\u0117t\u0173 efektyviai naudotis nauja sistema, taip pat si\u016blome nuolatin\u0117s prie\u017ei\u016bros paslaugas, kad j\u016bs\u0173 sistema veikt\u0173 skland\u017eiai.<\/p><p>Veiklos \u012fvertinimas<br \/>Mes atliekame i\u0161sam\u0173 j\u016bs\u0173 naujai patobulintos ir automatizuotos pakavimo sistemos veikimo \u012fvertinim\u0105, siekdami u\u017etikrinti, kad ji atitikt\u0173 j\u016bs\u0173 konkre\u010dius poreikius ir reikalavimus. Matuojame ir stebime pagrindinius veiklos rodiklius, \u012fskaitant pralaidum\u0105, efektyvum\u0105 ir produkto kokyb\u0119. Pateikiame jums i\u0161samias ataskaitas ir rekomendacijas d\u0117l tolesnio optimizavimo ir tobulinimo, u\u017etikrindami, kad j\u016bs\u0173 sistema i\u0161likt\u0173 efektyvi ir ekonomi\u0161ka ilg\u0105 laik\u0105.<\/p><p>Tobulinimo ir automatizavimo privalumai<br \/>Pakavimo sistemos tobulinimas ir automatizavimas gali suteikti j\u016bs\u0173 verslui daug privalum\u0173, \u012fskaitant didesn\u012f na\u0161um\u0105, suma\u017eintas darbo s\u0105naudas, geresn\u0119 produkt\u0173 kokyb\u0119 ir atliek\u0173 kiek\u012f. Automatizavimas taip pat gali suma\u017einti klaid\u0173 rizik\u0105, pagerinti saugum\u0105 ir padidinti veiklos lankstum\u0105. M\u016bs\u0173 sprendimai pritaikyti pagal j\u016bs\u0173 konkre\u010dius poreikius ir reikalavimus, u\u017etikrinant, kad i\u0161 patobulintos ir automatizuotos sistemos gautum\u0117te maksimali\u0105 naud\u0105.<\/p><p>Apibendrinant, m\u016bs\u0173 \u012fmon\u0117je si\u016blome visapusi\u0161kas pakavimo sistem\u0173 tobulinimo ir automatizavimo paslaugas. Mes atliekame i\u0161sami\u0105 j\u016bs\u0173 sistemos analiz\u0119, kuriame individualius sprendimus, teikiame diegimo ir integravimo paslaugas, na\u0161umo \u012fvertinim\u0105 ir nuolatin\u012f palaikym\u0105. M\u016bs\u0173 sprendimai skirti padidinti na\u0161um\u0105, suma\u017einti i\u0161laidas ir pagerinti bendr\u0105 na\u0161um\u0105, u\u017etikrinant, kad j\u016bs\u0173 verslas i\u0161likt\u0173 konkurencingas rinkoje. Susisiekite su mumis \u0161iandien ir su\u017einokite daugiau apie tai, kaip galime pad\u0117ti j\u016bs\u0173 verslui tobulinti ir automatizuoti pakavimo sistem\u0105.<\/p>\t\t\t\t\t\t\t\t<\/div>\n\t\t\t\t<\/div>\n\t\t\t\t\t<\/div>\n\t\t<\/div>\n\t\t\t\t\t<\/div>\n\t\t<\/section>\n\t\t\t\t<\/div>\n\t\t","protected":false},"excerpt":{"rendered":"<p>Pakavimo sistem\u0173 tobulinimas ir automatizavimas \u0160iandieniniame spar\u010diame verslo pasaulyje \u012fmon\u0117s turi u\u017etikrinti, kad j\u0173 pakavimo sistemos b\u016bt\u0173 veiksmingos, patikimos ir ekonomi\u0161kos. \u0160i\u0173 sistem\u0173 automatizavimas gali pad\u0117ti \u012fmon\u0117ms padidinti na\u0161um\u0105, suma\u017einti i\u0161laidas ir pagerinti bendr\u0105 na\u0161um\u0105. M\u016bs\u0173 \u012fmon\u0117je si\u016blome pakavimo sistem\u0173 tobulinimo ir automatizavimo paslaugas, kurios pad\u0117s J\u016bs\u0173 verslui pasiekti u\u017esibr\u0117\u017et\u0173 tiksl\u0173 ir i\u0161likti konkurencingam rinkoje [&hellip;]<\/p>\n","protected":false},"author":2,"featured_media":0,"parent":0,"menu_order":0,"comment_status":"closed","ping_status":"closed","template":"","meta":{"footnotes":""},"class_list":["post-15665","page","type-page","status-publish","hentry"],"_links":{"self":[{"href":"https:\/\/packstera.lt\/en\/wp-json\/wp\/v2\/pages\/15665","targetHints":{"allow":["GET"]}}],"collection":[{"href":"https:\/\/packstera.lt\/en\/wp-json\/wp\/v2\/pages"}],"about":[{"href":"https:\/\/packstera.lt\/en\/wp-json\/wp\/v2\/types\/page"}],"author":[{"embeddable":true,"href":"https:\/\/packstera.lt\/en\/wp-json\/wp\/v2\/users\/2"}],"replies":[{"embeddable":true,"href":"https:\/\/packstera.lt\/en\/wp-json\/wp\/v2\/comments?post=15665"}],"version-history":[{"count":10,"href":"https:\/\/packstera.lt\/en\/wp-json\/wp\/v2\/pages\/15665\/revisions"}],"predecessor-version":[{"id":15947,"href":"https:\/\/packstera.lt\/en\/wp-json\/wp\/v2\/pages\/15665\/revisions\/15947"}],"wp:attachment":[{"href":"https:\/\/packstera.lt\/en\/wp-json\/wp\/v2\/media?parent=15665"}],"curies":[{"name":"wp","href":"https:\/\/api.w.org\/{rel}","templated":true}]}}