{"id":8141,"date":"2019-02-04T19:33:51","date_gmt":"2019-02-04T17:33:51","guid":{"rendered":"http:\/\/packstera.lt\/?page_id=8141"},"modified":"2024-09-24T09:38:41","modified_gmt":"2024-09-24T06:38:41","slug":"about-us-3","status":"publish","type":"page","link":"https:\/\/packstera.lt\/en\/apie-mus\/","title":{"rendered":"About us"},"content":{"rendered":"<div data-elementor-type=\"wp-page\" data-elementor-id=\"8141\" class=\"elementor elementor-8141\">\n\t\t\t\t\t\t<section class=\"elementor-section elementor-top-section elementor-element elementor-element-4bd54c23 elementor-section-boxed elementor-section-height-default elementor-section-height-default\" data-id=\"4bd54c23\" data-element_type=\"section\" data-e-type=\"section\">\n\t\t\t\t\t\t<div class=\"elementor-container elementor-column-gap-default\">\n\t\t\t\t\t<div class=\"elementor-column elementor-col-100 elementor-top-column elementor-element elementor-element-49dadb2a\" data-id=\"49dadb2a\" data-element_type=\"column\" data-e-type=\"column\">\n\t\t\t<div class=\"elementor-widget-wrap elementor-element-populated\">\n\t\t\t\t\t\t<div class=\"elementor-element elementor-element-7a231901 elementor-widget elementor-widget-text-editor\" data-id=\"7a231901\" data-element_type=\"widget\" data-e-type=\"widget\" data-widget_type=\"text-editor.default\">\n\t\t\t\t<div class=\"elementor-widget-container\">\n\t\t\t\t\t\t\t\t\t<p><b>Packster <\/b>\u2013 is an innovative and reliable packaging equipment supply company that aims to increase the efficiency and competitiveness of Lithuanian companies. We implement the most advanced packaging, automation and quality control technologies in various industrial areas, actively participating in Industry 4.0 development processes.<\/p>\n<p><b>Our team<\/b> - these are qualified specialists with many years of experience, ready to advise, consult and ensure that your projects are implemented flawlessly. By constantly improving and adapting to the changing market, we strive to not only meet, but also exceed your expectations.<\/p>\n<p><b>Packster&#039;s uniqueness<\/b> \u2013 this is our flexibility, responsibility for accepted commitments and professional customer service. We create strong, long-term cooperative relationships, because respect for customers and business partners is one of the main principles of our activity.<\/p>\n<p><b>Trust us, and together we will create innovative solutions, stepping into new horizons of packaging technology and automation.<\/b><\/p>\n<p style=\"text-align: center;\"><a href=\"http:\/\/packstera.lt\/wp-content\/uploads\/2022\/05\/0001-scaled.jpg\"><img decoding=\"async\" class=\"alignnone size-medium wp-image-14259\" src=\"http:\/\/packstera.lt\/wp-content\/uploads\/2022\/05\/0001-1-300x143.jpg\" alt=\"\" width=\"300\" height=\"143\" srcset=\"https:\/\/packstera.lt\/wp-content\/uploads\/2022\/05\/0001-1-300x143.jpg 300w, https:\/\/packstera.lt\/wp-content\/uploads\/2022\/05\/0001-1-1024x487.jpg 1024w, https:\/\/packstera.lt\/wp-content\/uploads\/2022\/05\/0001-1-768x365.jpg 768w, https:\/\/packstera.lt\/wp-content\/uploads\/2022\/05\/0001-1-18x9.jpg 18w, https:\/\/packstera.lt\/wp-content\/uploads\/2022\/05\/0001-1-570x271.jpg 570w, https:\/\/packstera.lt\/wp-content\/uploads\/2022\/05\/0001-1-600x285.jpg 600w, https:\/\/packstera.lt\/wp-content\/uploads\/2022\/05\/0001-1-130x62.jpg 130w, https:\/\/packstera.lt\/wp-content\/uploads\/2022\/05\/0001-1.jpg 1043w\" sizes=\"(max-width: 300px) 100vw, 300px\" \/><\/a><\/p>\t\t\t\t\t\t\t\t<\/div>\n\t\t\t\t<\/div>\n\t\t\t\t\t<\/div>\n\t\t<\/div>\n\t\t\t\t\t<\/div>\n\t\t<\/section>\n\t\t\t\t<\/div>","protected":false},"excerpt":{"rendered":"<p>Packstera \u2013 tai inovatyvi ir patikima pakavimo \u012frangos tiekimo \u012fmon\u0117, siekianti didinti Lietuvos \u012fmoni\u0173 efektyvum\u0105 ir konkurencingum\u0105. Diegiame pa\u017eangiausias pakavimo, automatizavimo ir kokyb\u0117s kontrol\u0117s technologijas \u012fvairiose pramon\u0117s srityse, aktyviai dalyvaudami Pramon\u0117 4.0 raidos procesuose. M\u016bs\u0173 komanda \u2013 tai kvalifikuoti specialistai, turintys ilgamet\u0119 patirt\u012f, pasiruo\u0161\u0119 patarti, konsultuoti ir u\u017etikrinti, kad j\u016bs\u0173 projektai b\u016bt\u0173 \u012fgyvendinti nepriekai\u0161tingai. Nuolat [&hellip;]<\/p>\n","protected":false},"author":1,"featured_media":0,"parent":0,"menu_order":0,"comment_status":"closed","ping_status":"closed","template":"","meta":{"footnotes":""},"class_list":["post-8141","page","type-page","status-publish","hentry"],"_links":{"self":[{"href":"https:\/\/packstera.lt\/en\/wp-json\/wp\/v2\/pages\/8141","targetHints":{"allow":["GET"]}}],"collection":[{"href":"https:\/\/packstera.lt\/en\/wp-json\/wp\/v2\/pages"}],"about":[{"href":"https:\/\/packstera.lt\/en\/wp-json\/wp\/v2\/types\/page"}],"author":[{"embeddable":true,"href":"https:\/\/packstera.lt\/en\/wp-json\/wp\/v2\/users\/1"}],"replies":[{"embeddable":true,"href":"https:\/\/packstera.lt\/en\/wp-json\/wp\/v2\/comments?post=8141"}],"version-history":[{"count":20,"href":"https:\/\/packstera.lt\/en\/wp-json\/wp\/v2\/pages\/8141\/revisions"}],"predecessor-version":[{"id":17068,"href":"https:\/\/packstera.lt\/en\/wp-json\/wp\/v2\/pages\/8141\/revisions\/17068"}],"wp:attachment":[{"href":"https:\/\/packstera.lt\/en\/wp-json\/wp\/v2\/media?parent=8141"}],"curies":[{"name":"wp","href":"https:\/\/api.w.org\/{rel}","templated":true}]}}