{"id":15659,"date":"2023-02-08T11:27:43","date_gmt":"2023-02-08T09:27:43","guid":{"rendered":"http:\/\/packstera.lt\/?page_id=15659"},"modified":"2023-04-04T16:52:31","modified_gmt":"2023-04-04T13:52:31","slug":"iepakosanas-iekartu-remonts","status":"publish","type":"page","link":"https:\/\/packstera.lt\/lv\/pakavimo-irenginiu-remontas\/","title":{"rendered":"Iepako\u0161anas iek\u0101rtu remonts"},"content":{"rendered":"\t\t<div data-elementor-type=\"wp-page\" data-elementor-id=\"15659\" class=\"elementor elementor-15659\">\n\t\t\t\t\t\t<section class=\"elementor-section elementor-top-section elementor-element elementor-element-bf1abea elementor-section-boxed elementor-section-height-default elementor-section-height-default\" data-id=\"bf1abea\" data-element_type=\"section\" data-e-type=\"section\">\n\t\t\t\t\t\t<div class=\"elementor-container elementor-column-gap-default\">\n\t\t\t\t\t<div class=\"elementor-column elementor-col-50 elementor-top-column elementor-element elementor-element-ac28cf2\" data-id=\"ac28cf2\" data-element_type=\"column\" data-e-type=\"column\">\n\t\t\t<div class=\"elementor-widget-wrap elementor-element-populated\">\n\t\t\t\t\t\t<div class=\"elementor-element elementor-element-2887247 elementor-widget elementor-widget-razzi-heading\" data-id=\"2887247\" data-element_type=\"widget\" data-e-type=\"widget\" data-widget_type=\"razzi-heading.default\">\n\t\t\t\t<div class=\"elementor-widget-container\">\n\t\t\t\t\t<div class=\"razzi-heading-wrapper\"><h2 class=\"razzi-heading-title\"> Pakavimo \u012frengini\u0173 remontas<\/h2><\/div>\t\t\t\t<\/div>\n\t\t\t\t<\/div>\n\t\t\t\t<div class=\"elementor-element elementor-element-4e9ab59 elementor-widget elementor-widget-text-editor\" data-id=\"4e9ab59\" data-element_type=\"widget\" data-e-type=\"widget\" data-widget_type=\"text-editor.default\">\n\t\t\t\t<div class=\"elementor-widget-container\">\n\t\t\t\t\t\t\t\t\t<p>Pakavimo \u012franga vaidina lemiam\u0105 vaidmen\u012f daugelyje gamybos proces\u0173, o prastovos gali brangiai kainuoti d\u0117l prarasto na\u0161umo ir pajam\u0173. \u0160tai kod\u0117l svarbu tur\u0117ti patikim\u0105 partner\u012f, kuris suteikt\u0173 pakavimo \u012frangos remonto paslaugas, kai kas i\u0161tinka ne taip. \u201ePackstera\u201c yra bet kokio verslo \u012fmon\u0117, kuriai reikia pakavimo \u012frangos remonto paslaug\u0173. Turime patyrusi\u0173 technik\u0173 komand\u0105, i\u0161manan\u010di\u0173 ir apmokyt\u0173 remontuoti ir pri\u017ei\u016br\u0117ti vis\u0173 tip\u0173 pakavimo \u012frang\u0105. M\u016bs\u0173 misija \u2013 u\u017etikrinti, kad j\u016bs\u0173 verslas ir toliau veikt\u0173 skland\u017eiai, teikiant greitas ir efektyvias pakavimo \u012frangos remonto paslaugas.<\/p><p>Trumpai apra\u0161ykite savo dabartin\u0119 situacij\u0105 ir netrukus Packstera specialistai su Jumis susisieks d\u0117l tolesni\u0173 detali\u0173.<\/p>\t\t\t\t\t\t\t\t<\/div>\n\t\t\t\t<\/div>\n\t\t\t\t\t<\/div>\n\t\t<\/div>\n\t\t\t\t<div class=\"elementor-column elementor-col-50 elementor-top-column elementor-element elementor-element-e6fa0b0\" data-id=\"e6fa0b0\" data-element_type=\"column\" data-e-type=\"column\">\n\t\t\t<div class=\"elementor-widget-wrap elementor-element-populated\">\n\t\t\t\t\t\t<div class=\"elementor-element elementor-element-688a798 elementor-widget elementor-widget-text-editor\" data-id=\"688a798\" data-element_type=\"widget\" data-e-type=\"widget\" data-widget_type=\"text-editor.default\">\n\t\t\t\t<div class=\"elementor-widget-container\">\n\t\t\t\t\t\t\t\t\t<p><script data-b24-form=\"inline\/15\/xkbdae\" data-skip-moving=\"true\">\r\n(function(w,d,u){\r\nvar s=d.createElement('script');s.async=true;s.src=u+'?'+(Date.now()\/180000|0);\r\nvar h=d.getElementsByTagName('script')[0];h.parentNode.insertBefore(s,h);\r\n})(window,document,'https:\/\/cdn.bitrix24.eu\/b23451613\/crm\/form\/loader_15.js');\r\n<\/script><\/p>\t\t\t\t\t\t\t\t<\/div>\n\t\t\t\t<\/div>\n\t\t\t\t\t<\/div>\n\t\t<\/div>\n\t\t\t\t\t<\/div>\n\t\t<\/section>\n\t\t\t\t<section class=\"elementor-section elementor-top-section elementor-element elementor-element-2461637 elementor-section-boxed elementor-section-height-default elementor-section-height-default\" data-id=\"2461637\" data-element_type=\"section\" data-e-type=\"section\">\n\t\t\t\t\t\t<div class=\"elementor-container elementor-column-gap-default\">\n\t\t\t\t\t<div class=\"elementor-column elementor-col-100 elementor-top-column elementor-element elementor-element-b8b3c32\" data-id=\"b8b3c32\" data-element_type=\"column\" data-e-type=\"column\">\n\t\t\t<div class=\"elementor-widget-wrap elementor-element-populated\">\n\t\t\t\t\t\t<div class=\"elementor-element elementor-element-ab4e91b elementor-widget elementor-widget-text-editor\" data-id=\"ab4e91b\" data-element_type=\"widget\" data-e-type=\"widget\" data-widget_type=\"text-editor.default\">\n\t\t\t\t<div class=\"elementor-widget-container\">\n\t\t\t\t\t\t\t\t\t<p><\/p>\n<p>M\u016bs\u0173 paslaugos<br>\u201ePackstera\u201c si\u016blo \u012fvairias pakavimo \u012frangos remonto paslaugas, apiman\u010dias visus pakavimo proceso aspektus. M\u016bs\u0173 paslaugos apima kartonini\u0173 d\u0117\u017ei\u0173 sandarikli\u0173, suri\u0161imo ma\u0161in\u0173, tempimo vyniojimo ma\u0161in\u0173, d\u0117\u017ei\u0173 statytuv\u0173 ir pad\u0117kl\u0173 stakli\u0173 remont\u0105 ir prie\u017ei\u016br\u0105. Taip pat teikiame naujos \u012frangos montavimo paslaugas ir galime pad\u0117ti i\u0161sirinkti J\u016bs\u0173 verslui tinkam\u0105 pakavimo \u012frang\u0105. M\u016bs\u0173 komanda apr\u016bpinta naujausiais \u012frankiais ir technologijomis, kad nustatyt\u0173 ir i\u0161taisyt\u0173 visas problemas, su kuriomis gali susidurti j\u016bs\u0173 \u012franga.<\/p>\n<p>Technikai ekspertai<br>M\u016bs\u0173 patyrusi\u0173 technik\u0173 komanda yra m\u016bs\u0173 verslo pagrindas. U\u017etikriname, kad visi m\u016bs\u0173 technikai b\u016bt\u0173 apmokyti ir sertifikuoti remontuoti ir pri\u017ei\u016br\u0117ti vis\u0173 tip\u0173 pakavimo \u012frang\u0105. Taip pat investuojame \u012f nuolatin\u012f mokym\u0105 ir tobul\u0117jim\u0105, kad m\u016bs\u0173 komanda neatsilikt\u0173 nuo naujausi\u0173 pramon\u0117s tendencij\u0173 ir technologij\u0173. Tai rei\u0161kia, kad m\u016bs\u0173 komanda gali greitai diagnozuoti problem\u0105 ir pasi\u016blyti veiksming\u0105 bei ekonomi\u0161k\u0105 sprendim\u0105, taupydama j\u016bs\u0173 laik\u0105 ir pinigus.<\/p>\n<p>Kokybi\u0161ka paslauga<br>\u201ePackstera\u201c supranta kokybi\u0161k\u0173 paslaug\u0173 svarb\u0105. Mes teikiame pirmenyb\u0119 klient\u0173 pasitenkinimui, o m\u016bs\u0173 tikslas yra suteikti klientams skland\u017ei\u0105 patirt\u012f. M\u016bs\u0173 komanda dirba labai skubiai, kad u\u017etikrint\u0173 greit\u0105 vis\u0173 remonto paslaug\u0173 atlikimo laik\u0105. Taip pat teikiame prevencin\u0117s prie\u017ei\u016bros paslaugas, kurios pad\u0117s i\u0161vengti b\u016bsim\u0173 \u012frangos gedim\u0173, kurios ilgainiui gali sutaupyti j\u016bs\u0173 verslui nema\u017e\u0105 pinig\u0173 sum\u0105.<\/p>\n<p>Konkurencinga kainodara<br>Packstera tiki teikti auk\u0161tos kokyb\u0117s paslaugas konkurencingomis kainomis. Suprantame, kad netik\u0117tos prastovos gali brangiai kainuoti bet kokiam verslui, tod\u0117l stengiam\u0117s teikti \u012fperkamas pakavimo \u012frangos remonto paslaugas. M\u016bs\u0173 kainodara yra skaidri, tod\u0117l si\u016blome nemokam\u0105, ne\u012fpareigojant\u012f vis\u0173 m\u016bs\u0173 paslaug\u0173 pasi\u016blym\u0105. Mes taip pat suteikiame garantij\u0105 savo remonto darbams, u\u017etikrindami, kad j\u016bs\u0173 \u012franga bus gerose rankose ir i\u0161liks geros b\u016bkl\u0117s.<\/p><p>Apibendrinant galima pasakyti, kad \u201ePackstera\u201c yra tinkama \u012fmon\u0117 bet kokiam verslui, kuriam reikia pakavimo \u012frangos remonto paslaug\u0173. Turime patyrusi\u0173 technik\u0173 komand\u0105, kuri yra apmokyta ir sertifikuota remontuoti ir pri\u017ei\u016br\u0117ti vis\u0173 tip\u0173 pakavimo \u012frang\u0105. Si\u016blome \u012fvairias paslaugas, \u012fskaitant prevencin\u0119 prie\u017ei\u016br\u0105 ir montavim\u0105, konkurencingomis kainomis. M\u016bs\u0173 tikslas yra u\u017etikrinti, kad j\u016bs\u0173 verslui b\u016bt\u0173 kuo ma\u017eiau prastov\u0173 ir kad j\u016bs\u0173 pakavimo \u012franga i\u0161likt\u0173 geros b\u016bkl\u0117s. Susisiekite su mumis \u0161iandien d\u0117l vis\u0173 pakavimo \u012frangos remonto poreiki\u0173.<\/p>\t\t\t\t\t\t\t\t<\/div>\n\t\t\t\t<\/div>\n\t\t\t\t\t<\/div>\n\t\t<\/div>\n\t\t\t\t\t<\/div>\n\t\t<\/section>\n\t\t\t\t<\/div>\n\t\t","protected":false},"excerpt":{"rendered":"<p>Pakavimo \u012frengini\u0173 remontas Pakavimo \u012franga vaidina lemiam\u0105 vaidmen\u012f daugelyje gamybos proces\u0173, o prastovos gali brangiai kainuoti d\u0117l prarasto na\u0161umo ir pajam\u0173. \u0160tai kod\u0117l svarbu tur\u0117ti patikim\u0105 partner\u012f, kuris suteikt\u0173 pakavimo \u012frangos remonto paslaugas, kai kas i\u0161tinka ne taip. \u201ePackstera\u201c yra bet kokio verslo \u012fmon\u0117, kuriai reikia pakavimo \u012frangos remonto paslaug\u0173. Turime patyrusi\u0173 technik\u0173 komand\u0105, i\u0161manan\u010di\u0173 [&hellip;]<\/p>\n","protected":false},"author":2,"featured_media":0,"parent":0,"menu_order":0,"comment_status":"closed","ping_status":"closed","template":"","meta":{"footnotes":""},"class_list":["post-15659","page","type-page","status-publish","hentry"],"_links":{"self":[{"href":"https:\/\/packstera.lt\/lv\/wp-json\/wp\/v2\/pages\/15659","targetHints":{"allow":["GET"]}}],"collection":[{"href":"https:\/\/packstera.lt\/lv\/wp-json\/wp\/v2\/pages"}],"about":[{"href":"https:\/\/packstera.lt\/lv\/wp-json\/wp\/v2\/types\/page"}],"author":[{"embeddable":true,"href":"https:\/\/packstera.lt\/lv\/wp-json\/wp\/v2\/users\/2"}],"replies":[{"embeddable":true,"href":"https:\/\/packstera.lt\/lv\/wp-json\/wp\/v2\/comments?post=15659"}],"version-history":[{"count":14,"href":"https:\/\/packstera.lt\/lv\/wp-json\/wp\/v2\/pages\/15659\/revisions"}],"predecessor-version":[{"id":15944,"href":"https:\/\/packstera.lt\/lv\/wp-json\/wp\/v2\/pages\/15659\/revisions\/15944"}],"wp:attachment":[{"href":"https:\/\/packstera.lt\/lv\/wp-json\/wp\/v2\/media?parent=15659"}],"curies":[{"name":"wp","href":"https:\/\/api.w.org\/{rel}","templated":true}]}}