{"id":15660,"date":"2023-02-08T11:28:08","date_gmt":"2023-02-08T09:28:08","guid":{"rendered":"http:\/\/packstera.lt\/?page_id=15660"},"modified":"2024-09-24T11:39:33","modified_gmt":"2024-09-24T08:39:33","slug":"metala-detektoru-parbaude-un-remonts","status":"publish","type":"page","link":"https:\/\/packstera.lt\/lv\/metalo-detektoriu-patikra-ir-remontas\/","title":{"rendered":"Met\u0101la detektoru p\u0101rbaude un remonts"},"content":{"rendered":"\t\t<div data-elementor-type=\"wp-page\" data-elementor-id=\"15660\" class=\"elementor elementor-15660\">\n\t\t\t\t\t\t<section class=\"elementor-section elementor-top-section elementor-element elementor-element-f0cf800 elementor-section-boxed elementor-section-height-default elementor-section-height-default\" data-id=\"f0cf800\" data-element_type=\"section\" data-e-type=\"section\">\n\t\t\t\t\t\t<div class=\"elementor-container elementor-column-gap-default\">\n\t\t\t\t\t<div class=\"elementor-column elementor-col-50 elementor-top-column elementor-element elementor-element-209e089\" data-id=\"209e089\" data-element_type=\"column\" data-e-type=\"column\">\n\t\t\t<div class=\"elementor-widget-wrap elementor-element-populated\">\n\t\t\t\t\t\t<div class=\"elementor-element elementor-element-6b2ba17 elementor-widget elementor-widget-razzi-heading\" data-id=\"6b2ba17\" data-element_type=\"widget\" data-e-type=\"widget\" data-widget_type=\"razzi-heading.default\">\n\t\t\t\t<div class=\"elementor-widget-container\">\n\t\t\t\t\t<div class=\"razzi-heading-wrapper\"><h2 class=\"razzi-heading-title\"> Pramonini\u0173 metalo detektori\u0173 patikra ir remontas<\/h2><\/div>\t\t\t\t<\/div>\n\t\t\t\t<\/div>\n\t\t\t\t<div class=\"elementor-element elementor-element-a32c71d elementor-widget elementor-widget-text-editor\" data-id=\"a32c71d\" data-element_type=\"widget\" data-e-type=\"widget\" data-widget_type=\"text-editor.default\">\n\t\t\t\t<div class=\"elementor-widget-container\">\n\t\t\t\t\t\t\t\t\t<p>Metalo detektoriai atlieka svarb\u0173 vaidmen\u012f u\u017etikrinant maisto ir kit\u0173 produkt\u0173 saug\u0105 ir kokyb\u0119 pakavimo ir gamybos pramon\u0117je. Ta\u010diau net ir patys patikimiausi metalo detektoriai gali susidurti su problemomis, d\u0117l kuri\u0173 gali atsirasti brangi\u0173 prastov\u0173 ir v\u0117luoti gamyba. M\u016bs\u0173 \u012fmon\u0117je teikiame visapusi\u0161kas metalo detektori\u0173 patikros ir remonto paslaugas, kad pad\u0117tume \u012fmon\u0117ms kuo grei\u010diau atkurti metalo aptikimo sistemas.<\/p><p>Trumpai apra\u0161ykite savo dabartin\u0119 situacij\u0105 ir netrukus Packstera specialistai su Jumis susisieks d\u0117l tolesni\u0173 detali\u0173.<\/p>\t\t\t\t\t\t\t\t<\/div>\n\t\t\t\t<\/div>\n\t\t\t\t\t<\/div>\n\t\t<\/div>\n\t\t\t\t<div class=\"elementor-column elementor-col-50 elementor-top-column elementor-element elementor-element-1311e5b\" data-id=\"1311e5b\" data-element_type=\"column\" data-e-type=\"column\">\n\t\t\t<div class=\"elementor-widget-wrap elementor-element-populated\">\n\t\t\t\t\t\t<div class=\"elementor-element elementor-element-1279434 elementor-widget elementor-widget-text-editor\" data-id=\"1279434\" data-element_type=\"widget\" data-e-type=\"widget\" data-widget_type=\"text-editor.default\">\n\t\t\t\t<div class=\"elementor-widget-container\">\n\t\t\t\t\t\t\t\t\t<p><script data-b24-form=\"inline\/15\/xkbdae\" data-skip-moving=\"true\">\r\n(function(w,d,u){\r\nvar s=d.createElement('script');s.async=true;s.src=u+'?'+(Date.now()\/180000|0);\r\nvar h=d.getElementsByTagName('script')[0];h.parentNode.insertBefore(s,h);\r\n})(window,document,'https:\/\/cdn.bitrix24.eu\/b23451613\/crm\/form\/loader_15.js');\r\n<\/script><\/p>\t\t\t\t\t\t\t\t<\/div>\n\t\t\t\t<\/div>\n\t\t\t\t\t<\/div>\n\t\t<\/div>\n\t\t\t\t\t<\/div>\n\t\t<\/section>\n\t\t\t\t<section class=\"elementor-section elementor-top-section elementor-element elementor-element-fa7637b elementor-section-boxed elementor-section-height-default elementor-section-height-default\" data-id=\"fa7637b\" data-element_type=\"section\" data-e-type=\"section\">\n\t\t\t\t\t\t<div class=\"elementor-container elementor-column-gap-default\">\n\t\t\t\t\t<div class=\"elementor-column elementor-col-100 elementor-top-column elementor-element elementor-element-eb88096\" data-id=\"eb88096\" data-element_type=\"column\" data-e-type=\"column\">\n\t\t\t<div class=\"elementor-widget-wrap elementor-element-populated\">\n\t\t\t\t\t\t<div class=\"elementor-element elementor-element-277b645 elementor-widget elementor-widget-text-editor\" data-id=\"277b645\" data-element_type=\"widget\" data-e-type=\"widget\" data-widget_type=\"text-editor.default\">\n\t\t\t\t<div class=\"elementor-widget-container\">\n\t\t\t\t\t\t\t\t\t<p><\/p>\n<p><span style=\"color: var( --e-global-color-text ); font-family: var( --e-global-typography-text-font-family ), Sans-serif; font-weight: var( --e-global-typography-text-font-weight );\">M\u016bs\u0173 ekspert\u0173 technik\u0173 komanda turi naujausius \u012frankius ir technologijas, leid\u017eian\u010dias diagnozuoti ir pa\u0161alinti bet kokias problemas, su kuriomis gali susidurti j\u016bs\u0173 metalo ie\u0161kikliai. Mes teikiame pirmenyb\u0119 nuolatiniam mokymui ir tobul\u0117jimui, siekdami u\u017etikrinti, kad m\u016bs\u0173 komanda neatsilikt\u0173 nuo naujausi\u0173 pramon\u0117s tendencij\u0173 ir technologij\u0173. Tai rei\u0161kia, kad m\u016bs\u0173 technikai gali greitai diagnozuoti problem\u0105 ir pasi\u016blyti veiksming\u0105 bei ekonomi\u0161k\u0105 sprendim\u0105, taupydami j\u016bs\u0173 laik\u0105 ir pinigus.<\/span><br><\/p>\n<p>Kokybi\u0161ka paslauga<br>M\u016bs\u0173 \u012fmon\u0117je suprantame kokybi\u0161k\u0173 paslaug\u0173 svarb\u0105. Mes teikiame pirmenyb\u0119 klient\u0173 pasitenkinimui ir siekiame suteikti klientams skland\u017ei\u0105 patirt\u012f. Dirbame skubotai siekdami u\u017etikrinti greit\u0105 vis\u0173 remonto paslaug\u0173 atlikimo laik\u0105. Taip pat teikiame profilaktin\u0117s prie\u017ei\u016bros paslaugas, kurios pad\u0117s i\u0161vengti metalo detektori\u0173 gedim\u0173 ateityje, o tai ilgainiui gali sutaupyti j\u016bs\u0173 verslui nema\u017e\u0105 pinig\u0173 sum\u0105.<\/p>\n<p>Konkurencinga kainodara<br>Tikime teikti auk\u0161tos kokyb\u0117s paslaugas konkurencingomis kainomis. Suprantame, kad netik\u0117tos prastovos gali brangiai kainuoti bet kokiam verslui, tod\u0117l stengiam\u0117s teikti \u012fperkamas metalo detektori\u0173 patikros ir remonto paslaugas. M\u016bs\u0173 kainodara yra skaidri, tod\u0117l si\u016blome nemokam\u0105, ne\u012fpareigojant\u012f vis\u0173 m\u016bs\u0173 paslaug\u0173 pasi\u016blym\u0105. Taip pat savo remontui suteikiame garantij\u0105, u\u017etikrinan\u010di\u0105, kad j\u016bs\u0173 metalo detektoriai yra gerose rankose ir i\u0161liks geros b\u016bkl\u0117s.<\/p><p>Apibendrinant galima pasakyti, kad m\u016bs\u0173 \u012fmon\u0117 teikia visapusi\u0161kas metalo detektori\u0173 patikros ir remonto paslaugas, kad pad\u0117t\u0173 pakavimo ir gamybos pramon\u0117s \u012fmon\u0117ms kuo grei\u010diau atkurti metalo aptikimo sistemas. M\u016bs\u0173 patyrusi\u0173 technik\u0173 komanda yra apmokyta remontuoti ir pri\u017ei\u016br\u0117ti vis\u0173 tip\u0173 metalo detektorius, o mes si\u016blome \u012fvairias paslaugas konkurencingomis kainomis. Susisiekite su mumis \u0161iandien d\u0117l vis\u0173 metalo detektoriaus patikros ir remonto poreiki\u0173.<\/p>\t\t\t\t\t\t\t\t<\/div>\n\t\t\t\t<\/div>\n\t\t\t\t\t<\/div>\n\t\t<\/div>\n\t\t\t\t\t<\/div>\n\t\t<\/section>\n\t\t\t\t<\/div>\n\t\t","protected":false},"excerpt":{"rendered":"<p>Pramonini\u0173 metalo detektori\u0173 patikra ir remontas Metalo detektoriai atlieka svarb\u0173 vaidmen\u012f u\u017etikrinant maisto ir kit\u0173 produkt\u0173 saug\u0105 ir kokyb\u0119 pakavimo ir gamybos pramon\u0117je. Ta\u010diau net ir patys patikimiausi metalo detektoriai gali susidurti su problemomis, d\u0117l kuri\u0173 gali atsirasti brangi\u0173 prastov\u0173 ir v\u0117luoti gamyba. M\u016bs\u0173 \u012fmon\u0117je teikiame visapusi\u0161kas metalo detektori\u0173 patikros ir remonto paslaugas, kad pad\u0117tume [&hellip;]<\/p>\n","protected":false},"author":2,"featured_media":0,"parent":0,"menu_order":0,"comment_status":"closed","ping_status":"closed","template":"","meta":{"footnotes":""},"class_list":["post-15660","page","type-page","status-publish","hentry"],"_links":{"self":[{"href":"https:\/\/packstera.lt\/lv\/wp-json\/wp\/v2\/pages\/15660","targetHints":{"allow":["GET"]}}],"collection":[{"href":"https:\/\/packstera.lt\/lv\/wp-json\/wp\/v2\/pages"}],"about":[{"href":"https:\/\/packstera.lt\/lv\/wp-json\/wp\/v2\/types\/page"}],"author":[{"embeddable":true,"href":"https:\/\/packstera.lt\/lv\/wp-json\/wp\/v2\/users\/2"}],"replies":[{"embeddable":true,"href":"https:\/\/packstera.lt\/lv\/wp-json\/wp\/v2\/comments?post=15660"}],"version-history":[{"count":13,"href":"https:\/\/packstera.lt\/lv\/wp-json\/wp\/v2\/pages\/15660\/revisions"}],"predecessor-version":[{"id":17071,"href":"https:\/\/packstera.lt\/lv\/wp-json\/wp\/v2\/pages\/15660\/revisions\/17071"}],"wp:attachment":[{"href":"https:\/\/packstera.lt\/lv\/wp-json\/wp\/v2\/media?parent=15660"}],"curies":[{"name":"wp","href":"https:\/\/api.w.org\/{rel}","templated":true}]}}