{"id":8141,"date":"2019-02-04T19:33:51","date_gmt":"2019-02-04T17:33:51","guid":{"rendered":"http:\/\/packstera.lt\/?page_id=8141"},"modified":"2024-09-24T09:38:41","modified_gmt":"2024-09-24T06:38:41","slug":"par-mums","status":"publish","type":"page","link":"https:\/\/packstera.lt\/lv\/apie-mus\/","title":{"rendered":"Par mums"},"content":{"rendered":"<div data-elementor-type=\"wp-page\" data-elementor-id=\"8141\" class=\"elementor elementor-8141\">\n\t\t\t\t\t\t<section class=\"elementor-section elementor-top-section elementor-element elementor-element-4bd54c23 elementor-section-boxed elementor-section-height-default elementor-section-height-default\" data-id=\"4bd54c23\" data-element_type=\"section\" data-e-type=\"section\">\n\t\t\t\t\t\t<div class=\"elementor-container elementor-column-gap-default\">\n\t\t\t\t\t<div class=\"elementor-column elementor-col-100 elementor-top-column elementor-element elementor-element-49dadb2a\" data-id=\"49dadb2a\" data-element_type=\"column\" data-e-type=\"column\">\n\t\t\t<div class=\"elementor-widget-wrap elementor-element-populated\">\n\t\t\t\t\t\t<div class=\"elementor-element elementor-element-7a231901 elementor-widget elementor-widget-text-editor\" data-id=\"7a231901\" data-element_type=\"widget\" data-e-type=\"widget\" data-widget_type=\"text-editor.default\">\n\t\t\t\t<div class=\"elementor-widget-container\">\n\t\t\t\t\t\t\t\t\t<p><b>Packster <\/b>\u2013 ir inovat\u012bvs un uzticams iepako\u0161anas iek\u0101rtu pieg\u0101des uz\u0146\u0113mums, kura m\u0113r\u0137is ir paaugstin\u0101t Lietuvas uz\u0146\u0113mumu efektivit\u0101ti un konkur\u0113tsp\u0113ju. M\u0113s ievie\u0161am progres\u012bv\u0101k\u0101s iepako\u0161anas, automatiz\u0101cijas un kvalit\u0101tes kontroles tehnolo\u0123ijas da\u017e\u0101d\u0101s industri\u0101l\u0101s jom\u0101s, akt\u012bvi iesaistoties R\u016bpniec\u012bba 4.0 izstr\u0101des procesos.<\/p>\n<p><b>M\u016bsu komanda<\/b> - tie ir kvalific\u0113ti speci\u0101listi ar ilggad\u0113ju pieredzi, gatavi konsult\u0113t, konsult\u0113t un nodro\u0161in\u0101t, lai J\u016bsu projekti tiktu \u012bstenoti nevainojami. Past\u0101v\u012bgi pilnveidojoties un piel\u0101gojoties main\u012bgajam tirgum, m\u0113s cen\u0161amies ne tikai apmierin\u0101t, bet ar\u012b p\u0101rsniegt j\u016bsu cer\u012bbas.<\/p>\n<p><b>Packster unikalit\u0101te<\/b> \u2013 t\u0101 ir m\u016bsu elast\u012bba, atbild\u012bba par uz\u0146emtaj\u0101m saist\u012bb\u0101m un profesion\u0101la klientu apkalpo\u0161ana. Veidojam sp\u0113c\u012bgas, ilgsto\u0161as sadarb\u012bbas attiec\u012bbas, jo cie\u0146a pret klientiem un sadarb\u012bbas partneriem ir viens no m\u016bsu darb\u012bbas galvenajiem principiem.<\/p>\n<p><b>Uzticieties mums, un m\u0113s kop\u0101 rad\u012bsim inovat\u012bvus risin\u0101jumus, ieejot jaunos iepakojuma tehnolo\u0123iju un automatiz\u0101cijas apv\u0101r\u0161\u0146os.<\/b><\/p>\n<p style=\"text-align: center;\"><a href=\"http:\/\/packstera.lt\/wp-content\/uploads\/2022\/05\/0001-scaled.jpg\"><img decoding=\"async\" class=\"alignnone size-medium wp-image-14259\" src=\"http:\/\/packstera.lt\/wp-content\/uploads\/2022\/05\/0001-1-300x143.jpg\" alt=\"\" width=\"300\" height=\"143\" srcset=\"https:\/\/packstera.lt\/wp-content\/uploads\/2022\/05\/0001-1-300x143.jpg 300w, https:\/\/packstera.lt\/wp-content\/uploads\/2022\/05\/0001-1-1024x487.jpg 1024w, https:\/\/packstera.lt\/wp-content\/uploads\/2022\/05\/0001-1-768x365.jpg 768w, https:\/\/packstera.lt\/wp-content\/uploads\/2022\/05\/0001-1-18x9.jpg 18w, https:\/\/packstera.lt\/wp-content\/uploads\/2022\/05\/0001-1-570x271.jpg 570w, https:\/\/packstera.lt\/wp-content\/uploads\/2022\/05\/0001-1-600x285.jpg 600w, https:\/\/packstera.lt\/wp-content\/uploads\/2022\/05\/0001-1-130x62.jpg 130w, https:\/\/packstera.lt\/wp-content\/uploads\/2022\/05\/0001-1.jpg 1043w\" sizes=\"(max-width: 300px) 100vw, 300px\" \/><\/a><\/p>\t\t\t\t\t\t\t\t<\/div>\n\t\t\t\t<\/div>\n\t\t\t\t\t<\/div>\n\t\t<\/div>\n\t\t\t\t\t<\/div>\n\t\t<\/section>\n\t\t\t\t<\/div>","protected":false},"excerpt":{"rendered":"<p>Packstera \u2013 tai inovatyvi ir patikima pakavimo \u012frangos tiekimo \u012fmon\u0117, siekianti didinti Lietuvos \u012fmoni\u0173 efektyvum\u0105 ir konkurencingum\u0105. Diegiame pa\u017eangiausias pakavimo, automatizavimo ir kokyb\u0117s kontrol\u0117s technologijas \u012fvairiose pramon\u0117s srityse, aktyviai dalyvaudami Pramon\u0117 4.0 raidos procesuose. M\u016bs\u0173 komanda \u2013 tai kvalifikuoti specialistai, turintys ilgamet\u0119 patirt\u012f, pasiruo\u0161\u0119 patarti, konsultuoti ir u\u017etikrinti, kad j\u016bs\u0173 projektai b\u016bt\u0173 \u012fgyvendinti nepriekai\u0161tingai. Nuolat [&hellip;]<\/p>\n","protected":false},"author":1,"featured_media":0,"parent":0,"menu_order":0,"comment_status":"closed","ping_status":"closed","template":"","meta":{"footnotes":""},"class_list":["post-8141","page","type-page","status-publish","hentry"],"_links":{"self":[{"href":"https:\/\/packstera.lt\/lv\/wp-json\/wp\/v2\/pages\/8141","targetHints":{"allow":["GET"]}}],"collection":[{"href":"https:\/\/packstera.lt\/lv\/wp-json\/wp\/v2\/pages"}],"about":[{"href":"https:\/\/packstera.lt\/lv\/wp-json\/wp\/v2\/types\/page"}],"author":[{"embeddable":true,"href":"https:\/\/packstera.lt\/lv\/wp-json\/wp\/v2\/users\/1"}],"replies":[{"embeddable":true,"href":"https:\/\/packstera.lt\/lv\/wp-json\/wp\/v2\/comments?post=8141"}],"version-history":[{"count":20,"href":"https:\/\/packstera.lt\/lv\/wp-json\/wp\/v2\/pages\/8141\/revisions"}],"predecessor-version":[{"id":17068,"href":"https:\/\/packstera.lt\/lv\/wp-json\/wp\/v2\/pages\/8141\/revisions\/17068"}],"wp:attachment":[{"href":"https:\/\/packstera.lt\/lv\/wp-json\/wp\/v2\/media?parent=8141"}],"curies":[{"name":"wp","href":"https:\/\/api.w.org\/{rel}","templated":true}]}}