{"id":12656,"date":"2020-07-13T14:51:21","date_gmt":"2020-07-13T11:51:21","guid":{"rendered":"http:\/\/packstera.lt\/?post_type=product&#038;p=12656"},"modified":"2023-01-04T13:44:47","modified_gmt":"2023-01-04T11:44:47","slug":"herma-pamata-ekonomiskais-marketajs-standarta-lietosanai","status":"publish","type":"product","link":"https:\/\/packstera.lt\/lv\/p\/herma-basic-ekonomiskas-etiketatorius-standartiniam-naudojimui\/","title":{"rendered":"HERMA basic \u2013 Ekonomisks mar\u0137\u0113t\u0101js standarta lieto\u0161anai"},"content":{"rendered":"<div data-elementor-type=\"wp-post\" data-elementor-id=\"12656\" class=\"elementor elementor-12656\">\n\t\t\t\t\t\t<section class=\"elementor-section elementor-top-section elementor-element elementor-element-3f185cfc elementor-section-boxed elementor-section-height-default elementor-section-height-default\" data-id=\"3f185cfc\" data-element_type=\"section\" data-e-type=\"section\">\n\t\t\t\t\t\t<div class=\"elementor-container elementor-column-gap-default\">\n\t\t\t\t\t<div class=\"elementor-column elementor-col-100 elementor-top-column elementor-element elementor-element-39419a33\" data-id=\"39419a33\" data-element_type=\"column\" data-e-type=\"column\">\n\t\t\t<div class=\"elementor-widget-wrap elementor-element-populated\">\n\t\t\t\t\t\t<div class=\"elementor-element elementor-element-60ee92b0 elementor-widget elementor-widget-text-editor\" data-id=\"60ee92b0\" data-element_type=\"widget\" data-e-type=\"widget\" data-widget_type=\"text-editor.default\">\n\t\t\t\t<div class=\"elementor-widget-container\">\n\t\t\t\t\t\t\t\t\t<table>\r\n<tbody>\r\n<tr>\r\n<td width=\"312\">Pieejami eti\u0137e\u0161u izm\u0113ri<\/td>\r\n<td width=\"312\">12\u00a0x\u00a012\u00a0mm l\u012bdz 160\u00a0x\u00a0400\u00a0mm; viena sl\u0101\u0146a un daudzsl\u0101\u0146u eti\u0137etes ar biezumu l\u012bdz 1,5 mm<\/td>\r\n<\/tr>\r\n<tr>\r\n<td width=\"312\">Eti\u0137etes ru\u013c\u013ca diametrs<\/td>\r\n<td width=\"312\">300 mm<\/td>\r\n<\/tr>\r\n<tr>\r\n<td width=\"312\">Eti\u0137etes ru\u013c\u013ca kodols<\/td>\r\n<td width=\"312\">76\u00a0mm (p\u0113c izv\u0113les: 40\u00a0mm, 45\u00a0mm)<\/td>\r\n<\/tr>\r\n<tr>\r\n<td width=\"312\">\u0100trums<\/td>\r\n<td width=\"312\">Regul\u0113jams l\u012bdz 25 m\/min<\/td>\r\n<\/tr>\r\n<tr>\r\n<td width=\"312\">Eti\u0137etes pieturas precizit\u0101te<\/td>\r\n<td width=\"312\">\u00b1 0,8 mm<\/td>\r\n<\/tr>\r\n<tr>\r\n<td width=\"312\">Dizains<\/td>\r\n<td width=\"312\">Kreis\u0101s un lab\u0101s puses versijas<\/td>\r\n<\/tr>\r\n<tr>\r\n<td width=\"312\">Eti\u0137etes apst\u0101\u0161an\u0101s sensors<\/td>\r\n<td width=\"312\">Gaismas barjera necaursp\u012bd\u012bg\u0101m eti\u0137et\u0113m; caursp\u012bd\u012bg\u0101m eti\u0137et\u0113m var izmantot papildu FS03 sensoru<\/td>\r\n<\/tr>\r\n<tr>\r\n<td width=\"312\">Vad\u012bbas panelis<\/td>\r\n<td width=\"312\">Tastat\u016bra ar ekr\u0101nu; Pieejam\u0101s valodas: v\u0101cu, ang\u013cu, fran\u010du, sp\u0101\u0146u<\/td>\r\n<\/tr>\r\n<tr>\r\n<td width=\"312\">Kontrolieris<\/td>\r\n<td width=\"312\">Integr\u0113ts mar\u0137\u0113t\u0101j\u0101<\/td>\r\n<\/tr>\r\n<tr>\r\n<td width=\"312\">IP aizsardz\u012bba<\/td>\r\n<td width=\"312\">IP\u00a040<\/td>\r\n<\/tr>\r\n<tr>\r\n<td width=\"312\">Str\u0101vas savienot\u0101ji<\/td>\r\n<td width=\"312\">110\/240V mai\u0146str\u0101va \u00b110%, 50\/60 Hz; pla\u0161a sprieguma ieeja (autom\u0101tisk\u0101 regul\u0113\u0161ana) pieejamie str\u0101vas vadi: B tips NEMA 5-15, 3-pin\/ Type E+F CEE 7\/7<\/td>\r\n<\/tr>\r\n<tr>\r\n<td width=\"312\">Eti\u0137e\u0161u piel\u012bm\u0113\u0161ana<\/td>\r\n<td width=\"312\">Regul\u0113jama: stingra padeves pl\u0101ksne ar suku, rull\u012bti vai atsperu veltni vai izv\u0113les pneimatisko groz\u0101mo sn\u012bpi<\/td>\r\n<\/tr>\r\n<tr>\r\n<td width=\"312\">Sertifik\u0101cija<\/td>\r\n<td width=\"312\">CE atbilst\u012bba<\/td>\r\n<\/tr>\r\n<\/tbody>\r\n<\/table>\t\t\t\t\t\t\t\t<\/div>\n\t\t\t\t<\/div>\n\t\t\t\t\t<\/div>\n\t\t<\/div>\n\t\t\t\t\t<\/div>\n\t\t<\/section>\n\t\t\t\t<section class=\"elementor-section elementor-top-section elementor-element elementor-element-2e036ce elementor-section-boxed elementor-section-height-default elementor-section-height-default\" data-id=\"2e036ce\" data-element_type=\"section\" data-e-type=\"section\">\n\t\t\t\t\t\t<div class=\"elementor-container elementor-column-gap-default\">\n\t\t\t\t\t<div class=\"elementor-column elementor-col-33 elementor-top-column elementor-element elementor-element-f4954f5\" data-id=\"f4954f5\" data-element_type=\"column\" data-e-type=\"column\">\n\t\t\t<div class=\"elementor-widget-wrap elementor-element-populated\">\n\t\t\t\t\t\t<div class=\"elementor-element elementor-element-70f3ac6 btn-position-bottom elementor-widget elementor-widget-razzi-image-button\" data-id=\"70f3ac6\" data-element_type=\"widget\" data-e-type=\"widget\" data-widget_type=\"razzi-image-button.default\">\n\t\t\t\t<div class=\"elementor-widget-container\">\n\t\t\t\t\t<div class=\"razzi-image-button\"><img fetchpriority=\"high\" decoding=\"async\" width=\"353\" height=\"500\" src=\"https:\/\/packstera.lt\/wp-content\/uploads\/2023\/01\/414-leaflet-1016871_1mg.jpg\" class=\"attachment-full size-full wp-image-15004\" alt=\"\" srcset=\"https:\/\/packstera.lt\/wp-content\/uploads\/2023\/01\/414-leaflet-1016871_1mg.jpg 353w, https:\/\/packstera.lt\/wp-content\/uploads\/2023\/01\/414-leaflet-1016871_1mg-212x300.jpg 212w, https:\/\/packstera.lt\/wp-content\/uploads\/2023\/01\/414-leaflet-1016871_1mg-8x12.jpg 8w, https:\/\/packstera.lt\/wp-content\/uploads\/2023\/01\/414-leaflet-1016871_1mg-83x117.jpg 83w\" sizes=\"(max-width: 353px) 100vw, 353px\" \/><a href=\"http:\/\/packstera.lt\/wp-content\/uploads\/2022\/12\/HERMA-basic-leaflet-english.pdf\" target=\"_blank\" rel=\"nofollow\" class=\"razzi-image-button__link\"><\/a><a href=\"http:\/\/packstera.lt\/wp-content\/uploads\/2022\/12\/HERMA-basic-leaflet-english.pdf\" target=\"_blank\" rel=\"nofollow\" class=\"razzi-image-button__position razzi-image-button__button\">Ra\u017eot\u0101ja apraksts <span class=\"razzi-svg-icon\"><svg aria-hidden=\"true\" role=\"img\" focusable=\"false\" xmlns=\"http:\/\/www.w3.org\/2000\/svg\" width=\"24\" height=\"24\" viewbox=\"0 0 24 24\" fill=\"none\" stroke=\"currentColor\" stroke-width=\"2\" stroke-linecap=\"round\" stroke-linejoin=\"round\"><line x1=\"0\" y1=\"12\" x2=\"19\" y2=\"12\"><\/line><polyline points=\"12 5 19 12 12 19\"><\/polyline><\/svg><\/span><\/a><\/div>\t\t\t\t<\/div>\n\t\t\t\t<\/div>\n\t\t\t\t\t<\/div>\n\t\t<\/div>\n\t\t\t\t<div class=\"elementor-column elementor-col-66 elementor-top-column elementor-element elementor-element-2657fa2\" data-id=\"2657fa2\" data-element_type=\"column\" data-e-type=\"column\">\n\t\t\t<div class=\"elementor-widget-wrap\">\n\t\t\t\t\t\t\t<\/div>\n\t\t<\/div>\n\t\t\t\t\t<\/div>\n\t\t<\/section>\n\t\t\t\t<\/div>","protected":false},"excerpt":{"rendered":"<p style=\"text-align: justify;\"><strong>Uzticams, iztur\u012bgs un prec\u012bzs<\/strong><br \/>\nHERMA basic darbojas ar \u0101trumu l\u012bdz 25 m\/min: to var regul\u0113t, izmantojot ier\u012bces integr\u0113to kontrolieri. Uzl\u012bmju izm\u0113rus var regul\u0113t no 12 x 12 mm l\u012bdz 160 x 400 mm.<\/p>\n<p style=\"text-align: justify;\"><strong>Univers\u0101ls risin\u0101jums jauniem izaicin\u0101jumiem<\/strong><br \/>\nHERMA pamata stiprin\u0101juma punkti ir identiski HERMA 500. Ja nepiecie\u0161ams \u012bpa\u0161s mar\u0137\u0113\u0161anas pielietojums vai liel\u0101ks \u0101trums, to ir viegli nomain\u012bt uz jaud\u012bg\u0101kiem HERMA 500 s\u0113rijas aplikatoriem.<\/p>\n<p style=\"text-align: justify;\"><strong>Zemu izmaksu mar\u0137\u0113\u0161anas risin\u0101jumi<\/strong><br \/>\nHERMA basic ir lielisks s\u0101kuma l\u012bme\u0146a mar\u0137\u0113t\u0101js, kas vislab\u0101k piem\u0113rots maziem un vid\u0113jiem ra\u017eojumiem. Lai gan tas ir vienk\u0101r\u0161\u0101kais eti\u0137etes modelis HERMA ra\u017eo\u0161an\u0101, tas joproj\u0101m nav zem\u0101ks par konkurentiem un saglab\u0101 savas poz\u012bcijas tirg\u016b. Tas ir lielisks iemesls, lai ieg\u0101d\u0101tos mar\u0137\u0113t\u0101ju ar tirg\u016b vado\u0161o HERMA tehnolo\u0123iju.<\/p>","protected":false},"featured_media":15002,"template":"","meta":[],"product_cat":[557],"product_tag":[],"class_list":{"0":"post-12656","1":"product","2":"type-product","3":"status-publish","4":"has-post-thumbnail","6":"product_cat-etikeciu-klijavimo-irenginiai","8":"first","9":"instock","10":"shipping-taxable","11":"product-type-simple"},"_links":{"self":[{"href":"https:\/\/packstera.lt\/lv\/wp-json\/wp\/v2\/product\/12656","targetHints":{"allow":["GET"]}}],"collection":[{"href":"https:\/\/packstera.lt\/lv\/wp-json\/wp\/v2\/product"}],"about":[{"href":"https:\/\/packstera.lt\/lv\/wp-json\/wp\/v2\/types\/product"}],"version-history":[{"count":12,"href":"https:\/\/packstera.lt\/lv\/wp-json\/wp\/v2\/product\/12656\/revisions"}],"predecessor-version":[{"id":15015,"href":"https:\/\/packstera.lt\/lv\/wp-json\/wp\/v2\/product\/12656\/revisions\/15015"}],"wp:featuredmedia":[{"embeddable":true,"href":"https:\/\/packstera.lt\/lv\/wp-json\/wp\/v2\/media\/15002"}],"wp:attachment":[{"href":"https:\/\/packstera.lt\/lv\/wp-json\/wp\/v2\/media?parent=12656"}],"wp:term":[{"taxonomy":"product_cat","embeddable":true,"href":"https:\/\/packstera.lt\/lv\/wp-json\/wp\/v2\/product_cat?post=12656"},{"taxonomy":"product_tag","embeddable":true,"href":"https:\/\/packstera.lt\/lv\/wp-json\/wp\/v2\/product_tag?post=12656"}],"curies":[{"name":"wp","href":"https:\/\/api.w.org\/{rel}","templated":true}]}}