{"id":12956,"date":"2020-07-22T14:10:48","date_gmt":"2020-07-22T11:10:48","guid":{"rendered":"http:\/\/packstera.lt\/p\/banding-straps\/"},"modified":"2021-08-11T12:20:03","modified_gmt":"2021-08-11T09:20:03","slug":"saisu-siksnas","status":"publish","type":"product","link":"https:\/\/packstera.lt\/lv\/p\/banding-straps\/","title":{"rendered":"Lentes"},"content":{"rendered":"<section id=\"content5-gs\" class=\"mbr-section content5 cid-r5Ij6tdNTh\">\n<div class=\"container\">\n<div class=\"media-container-row\">\n<div class=\"title col-12 col-md-8\">\n<p class=\"align-center mbr-bold mbr-white pb-3 mbr-fonts-style display-5\" style=\"text-align: left\"><span class=\"text-lg\"><strong>piem\u0113rots Band All \/ DB s\u0113rijai<\/strong><\/span><\/p>\n<\/div>\n<\/div>\n<\/div>\n<\/section>\n<section id=\"content1-gt\" class=\"mbr-section article content1 cid-r5IjoKzHE0\">\n<div class=\"container\">\n<div class=\"media-container-row\">\n<table class=\"tableizer-table\" style=\"height: 954px\" width=\"989\">\n<thead>\n<tr class=\"tableizer-firstrow\">\n<th>\u00a0apraksts<\/th>\n<th>\u00a0Tips<\/th>\n<th>\u00a0sp\u0113ks<\/th>\n<th>\u00a0pla\u0161s<\/th>\n<th>\u00a0garums<\/th>\n<th>\u00a0Piedurkne<\/th>\n<th>\u00a0vien\u0101 kast\u012bt\u0113<\/th>\n<\/tr>\n<\/thead>\n<thead>\n<tr class=\"tableizer-firstrow\">\n<th colspan=\"7\">\u00a0pap\u012brs<\/th>\n<\/tr>\n<\/thead>\n<tbody>\n<tr>\n<td>\u00a0Pap\u012brs br\u016bns<\/td>\n<td>PB\u00a07028800A<\/td>\n<td>70 g\/m\u00b2<\/td>\n<td>28 mm<\/td>\n<td>800 skrie\u0161anas metri<\/td>\n<td>76 mm<\/td>\n<td>10 gab.\/kast\u0113<\/td>\n<\/tr>\n<tr>\n<td>\u00a0Pap\u012brs balts<\/td>\n<td>PW\u00a08028800A<\/td>\n<td>80 g\/m\u00b2<\/td>\n<td>28 mm<\/td>\n<td>800 skrie\u0161anas metri<\/td>\n<td>76 mm<\/td>\n<td>10 gab.\/kast\u0113<\/td>\n<\/tr>\n<tr>\n<td>\u00a0Pap\u012brs br\u016bns<\/td>\n<td>PB\u00a07048800A<\/td>\n<td>70 g\/m\u00b2<\/td>\n<td>48 mm<\/td>\n<td>800 skrie\u0161anas metri<\/td>\n<td>76 mm<\/td>\n<td>6 gab.\/kast\u0113<\/td>\n<\/tr>\n<tr>\n<td>\u00a0Pap\u012brs balts<\/td>\n<td>PW\u00a08048800A<\/td>\n<td>80 g\/m\u00b2<\/td>\n<td>48 mm<\/td>\n<td>800 skrie\u0161anas metri<\/td>\n<td>76 mm<\/td>\n<td>6 gab.\/kast\u0113<\/td>\n<\/tr>\n<\/tbody>\n<thead>\n<tr class=\"tableizer-firstrow\">\n<th colspan=\"7\">\u00a0Caursp\u012bd\u012bga pl\u0113ve<\/th>\n<\/tr>\n<\/thead>\n<tbody>\n<tr>\n<td>\u00a0Caursp\u012bd\u012bga pl\u0113ve<\/td>\n<td>FIB\u00a050281500<\/td>\n<td>50 \u00b5m<\/td>\n<td>28 mm<\/td>\n<td>1500 skrie\u0161anas metri<\/td>\n<td>76 mm<\/td>\n<td>10 gab.\/kast\u0113<\/td>\n<\/tr>\n<tr>\n<td>\u00a0Caursp\u012bd\u012bga pl\u0113ve<\/td>\n<td>FIB\u00a050481500<\/td>\n<td>50 \u00b5m<\/td>\n<td>48 mm<\/td>\n<td>1500 skrie\u0161anas metri<\/td>\n<td>76 mm<\/td>\n<td>6 gab.\/kast\u0113<\/td>\n<\/tr>\n<tr>\n<td>\u00a0Caursp\u012bd\u012bga pl\u0113ve<\/td>\n<td>FIB\u00a080281000<\/td>\n<td>80 \u00b5m<\/td>\n<td>28 mm<\/td>\n<td>1000 skrie\u0161anas metri<\/td>\n<td>76 mm<\/td>\n<td>10 gab.\/kast\u0113<\/td>\n<\/tr>\n<tr>\n<td>\u00a0Caursp\u012bd\u012bga pl\u0113ve<\/td>\n<td>FIB\u00a080481000<\/td>\n<td>80 \u00b5m<\/td>\n<td>48 mm<\/td>\n<td>1000 skrie\u0161anas metri<\/td>\n<td>76 mm<\/td>\n<td>6 gab.\/kast\u0113<\/td>\n<\/tr>\n<\/tbody>\n<thead>\n<tr class=\"tableizer-firstrow\">\n<th colspan=\"7\">\u00a0Folija balta<\/th>\n<\/tr>\n<\/thead>\n<tbody>\n<tr>\n<td>\u00a0Folija balta<\/td>\n<td>FBI 50281500W<\/td>\n<td>50 \u00b5m<\/td>\n<td>28 mm<\/td>\n<td>1500 skrie\u0161anas metri<\/td>\n<td>76 mm<\/td>\n<td>10 gab.\/kast\u0113<\/td>\n<\/tr>\n<tr>\n<td>\u00a0Folija balta<\/td>\n<td>FBI 50481500W<\/td>\n<td>50 \u00b5m<\/td>\n<td>48 mm<\/td>\n<td>1500 skrie\u0161anas metri<\/td>\n<td>76 mm<\/td>\n<td>6 gab.\/kast\u0113<\/td>\n<\/tr>\n<\/tbody>\n<tfoot>\n<tr>\n<td colspan=\"7\"><\/td>\n<\/tr>\n<\/tfoot>\n<\/table>\n<\/div>\n<\/div>\n<\/section>","protected":false},"excerpt":{"rendered":"<p>suitable for\u00a0Band All \/ DB series \u00a0description \u00a0Type \u00a0strength \u00a0broad \u00a0length \u00a0Sleeve \u00a0per carton \u00a0paper \u00a0Paper brown PB 7028800A 70 g \/ m\u00b2 28 mm 800 running meters 76 mm 10 pieces \/ box \u00a0Paper white PW 8028800A 80 g \/ m\u00b2 28 mm 800 running meters 76 mm 10 pieces \/ box \u00a0Paper brown [&hellip;]<\/p>\n","protected":false},"featured_media":12909,"template":"","meta":[],"product_cat":[581],"product_tag":[],"class_list":{"0":"post-12956","1":"product","2":"type-product","3":"status-publish","4":"has-post-thumbnail","6":"product_cat-aprisimo-irenginiai-juosianciomis-etiketemis","8":"first","9":"instock","10":"shipping-taxable","11":"product-type-simple"},"_links":{"self":[{"href":"https:\/\/packstera.lt\/lv\/wp-json\/wp\/v2\/product\/12956","targetHints":{"allow":["GET"]}}],"collection":[{"href":"https:\/\/packstera.lt\/lv\/wp-json\/wp\/v2\/product"}],"about":[{"href":"https:\/\/packstera.lt\/lv\/wp-json\/wp\/v2\/types\/product"}],"version-history":[{"count":0,"href":"https:\/\/packstera.lt\/lv\/wp-json\/wp\/v2\/product\/12956\/revisions"}],"wp:featuredmedia":[{"embeddable":true,"href":"https:\/\/packstera.lt\/lv\/wp-json\/wp\/v2\/media\/12909"}],"wp:attachment":[{"href":"https:\/\/packstera.lt\/lv\/wp-json\/wp\/v2\/media?parent=12956"}],"wp:term":[{"taxonomy":"product_cat","embeddable":true,"href":"https:\/\/packstera.lt\/lv\/wp-json\/wp\/v2\/product_cat?post=12956"},{"taxonomy":"product_tag","embeddable":true,"href":"https:\/\/packstera.lt\/lv\/wp-json\/wp\/v2\/product_tag?post=12956"}],"curies":[{"name":"wp","href":"https:\/\/api.w.org\/{rel}","templated":true}]}}