{"id":12965,"date":"2020-07-13T15:12:36","date_gmt":"2020-07-13T12:12:36","guid":{"rendered":"http:\/\/packstera.lt\/p\/mobile-printing\/"},"modified":"2025-05-06T14:06:48","modified_gmt":"2025-05-06T11:06:48","slug":"ebs-260-mobilais-printeris","status":"publish","type":"product","link":"https:\/\/packstera.lt\/lv\/p\/ebs-260-mobilus-spausdintuvas\/","title":{"rendered":"EBS-260 mobilais printeris"},"content":{"rendered":"<div data-elementor-type=\"wp-post\" data-elementor-id=\"12965\" class=\"elementor elementor-12965\">\n\t\t\t\t\t\t<section class=\"elementor-section elementor-top-section elementor-element elementor-element-71bf39be elementor-section-boxed elementor-section-height-default elementor-section-height-default\" data-id=\"71bf39be\" data-element_type=\"section\" data-e-type=\"section\">\n\t\t\t\t\t\t<div class=\"elementor-container elementor-column-gap-default\">\n\t\t\t\t\t<div class=\"elementor-column elementor-col-100 elementor-top-column elementor-element elementor-element-71f4e72\" data-id=\"71f4e72\" data-element_type=\"column\" data-e-type=\"column\">\n\t\t\t<div class=\"elementor-widget-wrap elementor-element-populated\">\n\t\t\t\t\t\t<div class=\"elementor-element elementor-element-2922090a elementor-widget elementor-widget-text-editor\" data-id=\"2922090a\" data-element_type=\"widget\" data-e-type=\"widget\" data-widget_type=\"text-editor.default\">\n\t\t\t\t<div class=\"elementor-widget-container\">\n\t\t\t\t\t\t\t\t\t<table><tbody><tr><td width=\"173\">Sprauslu skaits<\/td><td width=\"408\">32<\/td><\/tr><tr><td width=\"173\">Sprauslas diametrs<\/td><td width=\"408\">150 \u00b5m (p\u0113c izv\u0113les 120 \u00b5m, 170 \u00b5m, 200 \u00b5m)<\/td><\/tr><tr><td width=\"173\">Drukas augstums<\/td><td width=\"408\">11\u00a0mm (0,43\u00a0collas) - 57\u00a0mm (2,24\u00a0collas)<\/td><\/tr><tr><td width=\"173\">Optim\u0101lais izstr\u0101d\u0101juma augstums<\/td><td width=\"408\">&gt; 39\u00a0mm (1,54\u00a0collas)<\/td><\/tr><tr><td width=\"173\">Printera atmi\u0146a<\/td><td width=\"408\">8 GB, atbilst aptuveni 50 000 projektu<\/td><\/tr><tr><td width=\"173\">Vair\u0101ku rindu druk\u0101\u0161ana vienlaikus<\/td><td width=\"408\">Var izdruk\u0101t l\u012bdz 5 teksta rindi\u0146\u0101m (uz 5\u00d75 punktu matricas)<\/td><\/tr><tr><td width=\"173\">\u012apa\u0161\u0101s rakstz\u012bmes<\/td><td width=\"408\">Grafiskie simboli, br\u012bdin\u0101juma vai transporta z\u012bmes utt.<\/td><\/tr><tr><td width=\"173\">Savienot\u0101ji<\/td><td width=\"408\">Bezvadu internets; Bluetooth; USB<\/td><\/tr><tr><td width=\"173\">Printera p\u0101rvald\u012bba<\/td><td width=\"408\"><p>Printerim ir ieb\u016bv\u0113ts sk\u0101rienekr\u0101ns;<\/p><p>EBS t\u012bmek\u013ca lietot\u0101ja interfeiss ir bezmaksas datorprogramma.<\/p><\/td><\/tr><tr><td width=\"173\">Akumulators<\/td><td width=\"408\">Akumulators \u2013 6 litija jonu akumulatoru komplekts, 4400 mAh<\/td><\/tr><tr><td width=\"173\">Darb\u012bbas laiks ar pilnu akumulatoru<\/td><td width=\"408\">L\u012bdz 16 stund\u0101m (apr\u0113\u0137in\u0101ts 60 1m gariem pres\u0113jumiem, 550 punkti\/metrs stund\u0101 pie aptuveni 20\u00b0C.)<\/td><\/tr><tr><td width=\"173\">Uzl\u0101de<\/td><td width=\"408\">Uzl\u0101des laiks - apm. 300\u00a0min\u016btes (&lt; 5\u00a0stundas)<\/td><\/tr><tr><td width=\"173\">Svars<\/td><td width=\"408\">990 g<\/td><\/tr><tr><td width=\"173\">K\u0101rtrid\u017eu tilpums<\/td><td width=\"408\">200 ml; Ar 200 ml pietiek, lai ar 7\u00d75 punktu matricu izdruk\u0101tu aptuveni 200 000 rakstz\u012bmju.<\/td><\/tr><tr><td width=\"173\">Darba spiediens<\/td><td width=\"408\">0,15 b\u0101ri l\u012bdz 0,45 b\u0101ri<\/td><\/tr><tr><td width=\"173\">Darba vides temperat\u016bra<\/td><td width=\"408\">No +5\u00b0C l\u012bdz +40\u00b0C<\/td><\/tr><tr><td width=\"173\">Apk\u0101rt\u0113j\u0101 uzglab\u0101\u0161anas temperat\u016bra<\/td><td width=\"408\">+1\u00b0C l\u012bdz +45\u00b0C (33,8\u00b0F l\u012bdz 113\u00b0F) printerim ar \u016bdens b\u0101zes tinti; -10\u00b0C l\u012bdz +45\u00b0C (14\u00b0F l\u012bdz 113\u00b0F) printerim ar MEK vai etanola b\u0101zes tinti<\/td><\/tr><tr><td width=\"173\">Mitrums<\/td><td width=\"408\">Maks. 95% bez kondens\u0101ta<\/td><\/tr><tr><td width=\"173\">Aizsardz\u012bba<\/td><td width=\"408\">IP44 saska\u0146\u0101 ar PN-EN 60529<\/td><\/tr><\/tbody><\/table>\t\t\t\t\t\t\t\t<\/div>\n\t\t\t\t<\/div>\n\t\t\t\t\t<\/div>\n\t\t<\/div>\n\t\t\t\t\t<\/div>\n\t\t<\/section>\n\t\t\t\t<section class=\"elementor-section elementor-top-section elementor-element elementor-element-ee70ee8 elementor-section-boxed elementor-section-height-default elementor-section-height-default\" data-id=\"ee70ee8\" data-element_type=\"section\" data-e-type=\"section\">\n\t\t\t\t\t\t<div class=\"elementor-container elementor-column-gap-default\">\n\t\t\t\t\t<div class=\"elementor-column elementor-col-66 elementor-top-column elementor-element elementor-element-48ee9ee\" data-id=\"48ee9ee\" data-element_type=\"column\" data-e-type=\"column\">\n\t\t\t<div class=\"elementor-widget-wrap elementor-element-populated\">\n\t\t\t\t\t\t<div class=\"elementor-element elementor-element-fd6dd98 elementor-widget elementor-widget-video\" data-id=\"fd6dd98\" data-element_type=\"widget\" data-e-type=\"widget\" data-settings=\"{&quot;youtube_url&quot;:&quot;https:\\\/\\\/www.youtube.com\\\/watch?v=Va3A7QcBlLE&amp;ab_channel=EBSInk-JetSystems&quot;,&quot;video_type&quot;:&quot;youtube&quot;,&quot;controls&quot;:&quot;yes&quot;}\" data-widget_type=\"video.default\">\n\t\t\t\t<div class=\"elementor-widget-container\">\n\t\t\t\t\t\t\t<div class=\"elementor-wrapper elementor-open-inline\">\n\t\t\t<div class=\"elementor-video\"><\/div>\t\t<\/div>\n\t\t\t\t\t\t<\/div>\n\t\t\t\t<\/div>\n\t\t\t\t\t<\/div>\n\t\t<\/div>\n\t\t\t\t<div class=\"elementor-column elementor-col-33 elementor-top-column elementor-element elementor-element-e71a4be\" data-id=\"e71a4be\" data-element_type=\"column\" data-e-type=\"column\">\n\t\t\t<div class=\"elementor-widget-wrap elementor-element-populated\">\n\t\t\t\t\t\t<div class=\"elementor-element elementor-element-73014da btn-position-bottom elementor-widget elementor-widget-razzi-image-button\" data-id=\"73014da\" data-element_type=\"widget\" data-e-type=\"widget\" data-widget_type=\"razzi-image-button.default\">\n\t\t\t\t<div class=\"elementor-widget-container\">\n\t\t\t\t\t<div class=\"razzi-image-button\"><img fetchpriority=\"high\" decoding=\"async\" width=\"956\" height=\"956\" src=\"https:\/\/packstera.lt\/wp-content\/uploads\/2020\/07\/Handjet_-_mobil_sein.png\" class=\"attachment-full size-full wp-image-15062\" alt=\"\" srcset=\"https:\/\/packstera.lt\/wp-content\/uploads\/2020\/07\/Handjet_-_mobil_sein-600x600.png 600w, https:\/\/packstera.lt\/wp-content\/uploads\/2020\/07\/Handjet_-_mobil_sein-150x150.png 150w, https:\/\/packstera.lt\/wp-content\/uploads\/2020\/07\/Handjet_-_mobil_sein-300x300.png 300w, https:\/\/packstera.lt\/wp-content\/uploads\/2020\/07\/Handjet_-_mobil_sein-768x768.png 768w, https:\/\/packstera.lt\/wp-content\/uploads\/2020\/07\/Handjet_-_mobil_sein-1024x1024.png 1024w\" sizes=\"(max-width: 956px) 100vw, 956px\" \/><a href=\"http:\/\/packstera.lt\/wp-content\/uploads\/2023\/01\/EBS-260.pdf.pdf\" target=\"_blank\" rel=\"nofollow\" class=\"razzi-image-button__link\"><\/a><a href=\"http:\/\/packstera.lt\/wp-content\/uploads\/2023\/01\/EBS-260.pdf.pdf\" target=\"_blank\" rel=\"nofollow\" class=\"razzi-image-button__position razzi-image-button__button\">Ra\u017eot\u0101ja apraksts <span class=\"razzi-svg-icon\"><svg aria-hidden=\"true\" role=\"img\" focusable=\"false\" xmlns=\"http:\/\/www.w3.org\/2000\/svg\" width=\"24\" height=\"24\" viewbox=\"0 0 24 24\" fill=\"none\" stroke=\"currentColor\" stroke-width=\"2\" stroke-linecap=\"round\" stroke-linejoin=\"round\"><line x1=\"0\" y1=\"12\" x2=\"19\" y2=\"12\"><\/line><polyline points=\"12 5 19 12 12 19\"><\/polyline><\/svg><\/span><\/a><\/div>\t\t\t\t<\/div>\n\t\t\t\t<\/div>\n\t\t\t\t\t<\/div>\n\t\t<\/div>\n\t\t\t\t\t<\/div>\n\t\t<\/section>\n\t\t\t\t<\/div>","protected":false},"excerpt":{"rendered":"<p style=\"text-align: justify;\">EBS - 260 ir mobila rokas drukas ier\u012bce. L\u012bdz 32 sprausl\u0101m var individu\u0101li kontrol\u0113t, lai uz drukas objekta ar drukas augstumu no 7 mm l\u012bdz 57 mm uzliktu tekstus, sv\u012btrkodus vai grafiku. M\u016bsu rokas printeru \u012bpa\u0161a iez\u012bme ir vienk\u0101r\u0161a lieto\u0161ana ikdienas darb\u0101. Maz\u0101 svara un neierobe\u017eot\u0101s mobilit\u0101tes d\u0113\u013c printeri ir efekt\u012bv\u0101ka alternat\u012bva ru\u013c\u013cu kod\u0113t\u0101jiem un trafaretiem.<\/p>\n<p style=\"text-align: justify;\">Pateicoties ieb\u016bv\u0113tajam uzl\u0101d\u0113jamam akumulatoram un datu atmi\u0146ai, Handjet ir piln\u012bb\u0101 bezvadu un to var izmantot da\u017e\u0101dos veidos. T\u0101 viet\u0101, lai produktu nog\u0101d\u0101tu mar\u0137\u0113\u0161anas ma\u0161\u012bn\u0101, EBS-260 \u013cauj veikt atz\u012bmi tie\u0161i uz izstr\u0101d\u0101juma. Vado\u0161\u0101s sliedes, kas tiek p\u0101rdotas atsevi\u0161\u0137i, var ar\u012b atvieglot cilindrisku vai apa\u013cu priek\u0161metu mar\u0137\u0113\u0161anu.<\/p>","protected":false},"featured_media":12788,"template":"","meta":[],"product_cat":[767,624],"product_tag":[714,717,716,715,718],"class_list":{"0":"post-12965","1":"product","2":"type-product","3":"status-publish","4":"has-post-thumbnail","6":"product_cat-pakavimo-irangos-nuoma","7":"product_cat-mobilus-rasaliniai-spausdintuvai","8":"product_tag-chemija-ir-plastikas","9":"product_tag-logistika","10":"product_tag-medienos","11":"product_tag-popieriaus","12":"product_tag-statyba","14":"first","15":"instock","16":"shipping-taxable","17":"product-type-simple"},"_links":{"self":[{"href":"https:\/\/packstera.lt\/lv\/wp-json\/wp\/v2\/product\/12965","targetHints":{"allow":["GET"]}}],"collection":[{"href":"https:\/\/packstera.lt\/lv\/wp-json\/wp\/v2\/product"}],"about":[{"href":"https:\/\/packstera.lt\/lv\/wp-json\/wp\/v2\/types\/product"}],"version-history":[{"count":13,"href":"https:\/\/packstera.lt\/lv\/wp-json\/wp\/v2\/product\/12965\/revisions"}],"predecessor-version":[{"id":16870,"href":"https:\/\/packstera.lt\/lv\/wp-json\/wp\/v2\/product\/12965\/revisions\/16870"}],"wp:featuredmedia":[{"embeddable":true,"href":"https:\/\/packstera.lt\/lv\/wp-json\/wp\/v2\/media\/12788"}],"wp:attachment":[{"href":"https:\/\/packstera.lt\/lv\/wp-json\/wp\/v2\/media?parent=12965"}],"wp:term":[{"taxonomy":"product_cat","embeddable":true,"href":"https:\/\/packstera.lt\/lv\/wp-json\/wp\/v2\/product_cat?post=12965"},{"taxonomy":"product_tag","embeddable":true,"href":"https:\/\/packstera.lt\/lv\/wp-json\/wp\/v2\/product_tag?post=12965"}],"curies":[{"name":"wp","href":"https:\/\/api.w.org\/{rel}","templated":true}]}}