{"id":12967,"date":"2020-07-13T15:06:40","date_gmt":"2020-07-13T12:06:40","guid":{"rendered":"http:\/\/packstera.lt\/p\/continuous-ink-jet-cij\/"},"modified":"2023-04-19T15:24:55","modified_gmt":"2023-04-19T12:24:55","slug":"nepartrauktas-drukas-ierice-ebs-6900","status":"publish","type":"product","link":"https:\/\/packstera.lt\/lv\/p\/nepertraukiamo-spausdinimo-irenginys-ebs-6900\/","title":{"rendered":"Nep\u0101rtraukt\u0101s drukas iek\u0101rta EBS-6900"},"content":{"rendered":"<div data-elementor-type=\"wp-post\" data-elementor-id=\"12967\" class=\"elementor elementor-12967\">\n\t\t\t\t\t\t<section class=\"elementor-section elementor-top-section elementor-element elementor-element-4a6b25c3 elementor-section-boxed elementor-section-height-default elementor-section-height-default\" data-id=\"4a6b25c3\" data-element_type=\"section\" data-e-type=\"section\">\n\t\t\t\t\t\t<div class=\"elementor-container elementor-column-gap-default\">\n\t\t\t\t\t<div class=\"elementor-column elementor-col-100 elementor-top-column elementor-element elementor-element-634fbe\" data-id=\"634fbe\" data-element_type=\"column\" data-e-type=\"column\">\n\t\t\t<div class=\"elementor-widget-wrap elementor-element-populated\">\n\t\t\t\t\t\t<div class=\"elementor-element elementor-element-1917cc44 elementor-widget elementor-widget-text-editor\" data-id=\"1917cc44\" data-element_type=\"widget\" data-e-type=\"widget\" data-widget_type=\"text-editor.default\">\n\t\t\t\t<div class=\"elementor-widget-container\">\n\t\t\t\t\t\t\t\t\t<table>\r\n<tbody>\r\n<tr>\r\n<td width=\"290\">\u0136ermenis<\/td>\r\n<td width=\"290\">Ner\u016bs\u0113jo\u0161ais t\u0113rauds; Izm\u0113ri: 300x458x211mm (PxAxG)<\/td>\r\n<\/tr>\r\n<tr>\r\n<td width=\"290\">Drukas galvi\u0146as diametrs<\/td>\r\n<td width=\"290\">40 mm<\/td>\r\n<\/tr>\r\n<tr>\r\n<td width=\"290\">Drukas galvi\u0146as kabe\u013ca garums<\/td>\r\n<td width=\"290\">3 metri (6 metri p\u0113c izv\u0113les)<\/td>\r\n<\/tr>\r\n<tr>\r\n<td width=\"290\">Sprauslu skaits<\/td>\r\n<td width=\"290\">25 (p\u0113c izv\u0113les 32)<\/td>\r\n<\/tr>\r\n<tr>\r\n<td width=\"290\">Drukas augstums<\/td>\r\n<td width=\"290\">No 1 l\u012bdz 16 mm<\/td>\r\n<\/tr>\r\n<tr>\r\n<td width=\"290\">Drukas \u0101trums<\/td>\r\n<td width=\"290\">500 metri\/min\u016bt\u0113, izmantojot 5x5 matricu (2083 rakstz\u012bmes sekund\u0113)<\/td>\r\n<\/tr>\r\n<tr>\r\n<td width=\"290\">Printera atmi\u0146a<\/td>\r\n<td width=\"290\">1000 projektu (2000 p\u0113c izv\u0113les)<\/td>\r\n<\/tr>\r\n<tr>\r\n<td width=\"290\">Att\u0101lums no drukas galvi\u0146as l\u012bdz izstr\u0101d\u0101jumam<\/td>\r\n<td width=\"290\">No 0 l\u012bdz 30 mm<\/td>\r\n<\/tr>\r\n<tr>\r\n<td width=\"290\">Savienot\u0101ji<\/td>\r\n<td width=\"290\">USB; ETHERNET; optisk\u0101 sensora ieeja; kod\u0113t\u0101ja ievade; RS-232;<\/td>\r\n<\/tr>\r\n<tr>\r\n<td width=\"290\">Printera p\u0101rvald\u012bba<\/td>\r\n<td width=\"290\">Sk\u0101rienekr\u0101ns<\/td>\r\n<\/tr>\r\n<tr>\r\n<td width=\"290\">Svars<\/td>\r\n<td width=\"290\">12,5 kg<\/td>\r\n<\/tr>\r\n<tr>\r\n<td width=\"290\">Darba vides temperat\u016bra<\/td>\r\n<td width=\"290\">No +5\u00b0C l\u012bdz +40\u00b0C<\/td>\r\n<\/tr>\r\n<tr>\r\n<td width=\"290\">bar\u012bba<\/td>\r\n<td width=\"290\">Spriegums: 100-240 VAC, 50\/60 Hz; maks str\u0101va: 0,6 - 0,2 A<\/td>\r\n<\/tr>\r\n<tr>\r\n<td width=\"290\">Tinte<\/td>\r\n<td width=\"290\">Nepigment\u0113ta tinte: uz metiletilketona vai etanola b\u0101zes<\/td>\r\n<\/tr>\r\n<tr>\r\n<td width=\"290\">Tintes kr\u0101sa<\/td>\r\n<td width=\"290\">Da\u017e\u0101das kr\u0101sas, ta\u010du vien\u0101 ier\u012bc\u0113 j\u0101izmanto vienas un t\u0101s pa\u0161as b\u0101zes tintes<\/td>\r\n<\/tr>\r\n<tr>\r\n<td width=\"290\">Mitrums<\/td>\r\n<td width=\"290\">Maks. 90% bez kondens\u0101ta<\/td>\r\n<\/tr>\r\n<tr>\r\n<td width=\"290\">Aizsardz\u012bba<\/td>\r\n<td width=\"290\">IP55 (IP65 p\u0113c izv\u0113les)<\/td>\r\n<\/tr>\r\n<\/tbody>\r\n<\/table>\t\t\t\t\t\t\t\t<\/div>\n\t\t\t\t<\/div>\n\t\t\t\t\t<\/div>\n\t\t<\/div>\n\t\t\t\t\t<\/div>\n\t\t<\/section>\n\t\t\t\t<section class=\"elementor-section elementor-top-section elementor-element elementor-element-322c186 elementor-section-boxed elementor-section-height-default elementor-section-height-default\" data-id=\"322c186\" data-element_type=\"section\" data-e-type=\"section\">\n\t\t\t\t\t\t<div class=\"elementor-container elementor-column-gap-default\">\n\t\t\t\t\t<div class=\"elementor-column elementor-col-33 elementor-top-column elementor-element elementor-element-6867959\" data-id=\"6867959\" data-element_type=\"column\" data-e-type=\"column\">\n\t\t\t<div class=\"elementor-widget-wrap elementor-element-populated\">\n\t\t\t\t\t\t<div class=\"elementor-element elementor-element-ed1f5aa btn-position-bottom elementor-widget elementor-widget-razzi-image-button\" data-id=\"ed1f5aa\" data-element_type=\"widget\" data-e-type=\"widget\" data-widget_type=\"razzi-image-button.default\">\n\t\t\t\t<div class=\"elementor-widget-container\">\n\t\t\t\t\t<div class=\"razzi-image-button\"><img fetchpriority=\"high\" decoding=\"async\" width=\"1200\" height=\"675\" src=\"https:\/\/packstera.lt\/wp-content\/uploads\/2023\/01\/CIJ_Med__1_.jpg\" class=\"attachment-full size-full wp-image-15076\" alt=\"\" srcset=\"https:\/\/packstera.lt\/wp-content\/uploads\/2023\/01\/CIJ_Med__1_.jpg 1200w, https:\/\/packstera.lt\/wp-content\/uploads\/2023\/01\/CIJ_Med__1_-300x169.jpg 300w, https:\/\/packstera.lt\/wp-content\/uploads\/2023\/01\/CIJ_Med__1_-1024x576.jpg 1024w, https:\/\/packstera.lt\/wp-content\/uploads\/2023\/01\/CIJ_Med__1_-768x432.jpg 768w, https:\/\/packstera.lt\/wp-content\/uploads\/2023\/01\/CIJ_Med__1_-18x10.jpg 18w, https:\/\/packstera.lt\/wp-content\/uploads\/2023\/01\/CIJ_Med__1_-570x321.jpg 570w, https:\/\/packstera.lt\/wp-content\/uploads\/2023\/01\/CIJ_Med__1_-600x338.jpg 600w, https:\/\/packstera.lt\/wp-content\/uploads\/2023\/01\/CIJ_Med__1_-130x73.jpg 130w\" sizes=\"(max-width: 1200px) 100vw, 1200px\" \/><a href=\"http:\/\/packstera.lt\/wp-content\/uploads\/2023\/01\/Boltmark_Series_II-LT-1.pdf\" target=\"_blank\" rel=\"nofollow\" class=\"razzi-image-button__link\"><\/a><a href=\"http:\/\/packstera.lt\/wp-content\/uploads\/2023\/01\/Boltmark_Series_II-LT-1.pdf\" target=\"_blank\" rel=\"nofollow\" class=\"razzi-image-button__position razzi-image-button__button\">Ra\u017eot\u0101ja apraksts <span class=\"razzi-svg-icon\"><svg aria-hidden=\"true\" role=\"img\" focusable=\"false\" xmlns=\"http:\/\/www.w3.org\/2000\/svg\" width=\"24\" height=\"24\" viewbox=\"0 0 24 24\" fill=\"none\" stroke=\"currentColor\" stroke-width=\"2\" stroke-linecap=\"round\" stroke-linejoin=\"round\"><line x1=\"0\" y1=\"12\" x2=\"19\" y2=\"12\"><\/line><polyline points=\"12 5 19 12 12 19\"><\/polyline><\/svg><\/span><\/a><\/div>\t\t\t\t<\/div>\n\t\t\t\t<\/div>\n\t\t\t\t\t<\/div>\n\t\t<\/div>\n\t\t\t\t<div class=\"elementor-column elementor-col-66 elementor-top-column elementor-element elementor-element-e7e7600\" data-id=\"e7e7600\" data-element_type=\"column\" data-e-type=\"column\">\n\t\t\t<div class=\"elementor-widget-wrap\">\n\t\t\t\t\t\t\t<\/div>\n\t\t<\/div>\n\t\t\t\t\t<\/div>\n\t\t<\/section>\n\t\t\t\t<\/div>","protected":false},"excerpt":{"rendered":"<p style=\"text-align: justify;\">Mar\u0137\u0113\u0161anas sist\u0113mas nep\u0101rtraukt\u0101s tintes str\u016bklas (CIJ) kategorij\u0101 ir mazu rakstz\u012bmju printeri ar drukas augstumu no 0,8 mm l\u012bdz 14 mm. Pateicoties rakst\u012b\u0161anas \u0101trumam l\u012bdz 500 metriem min\u016bt\u0113 (@Matrix 5\u00d75), \u0161ie printeri ir piem\u0113roti ar\u012b mar\u0137\u0113\u0161anai uz \u013coti \u0101triem konveijeriem. L\u012bdz ar to ra\u017eo\u0161anas process neb\u016bs j\u0101p\u0101rtrauc vai j\u0101p\u0101rtrauc, lai pareizi mar\u0137\u0113tu preci ar tekstiem, sv\u012btrkodiem vai citiem simboliem.<\/p>\n<p>Druk\u0101\u0161anas process ir piln\u012bgi bezkontakta, un ar pareizo tinti var \u0101tri un vienk\u0101r\u0161i apdruk\u0101t un mar\u0137\u0113t gandr\u012bz jebkuru materi\u0101la virsmu. Rezult\u0101t\u0101 CIJ printerus var izmantot gandr\u012bz jebkur\u0101 nozar\u0113 bez jebk\u0101diem ierobe\u017eojumiem. Piem\u0113ram, p\u0101rtikas r\u016bpniec\u012bb\u0101, pateicoties bezkontakta druk\u0101\u0161anai, uz izliektiem priek\u0161metiem, piem\u0113ram, pude\u013cu kakli\u0146iem vai dz\u0113rienu sk\u0101rden\u0113m, var lieliski izdruk\u0101t partijas numurus, der\u012bguma termi\u0146us utt. Turkl\u0101t printeri, kas izmanto CIJ tehnolo\u0123iju, parasti nodro\u0161ina uzticam\u0101ku druk\u0101\u0161anas rezult\u0101tu, var att\u012bst\u012bt liel\u0101ku mar\u0137\u0113\u0161anas \u0101trumu nek\u0101 citas ier\u012bces, kas mar\u0137\u0113\u0161anas laik\u0101 izmanto kontaktu. V\u0113l viena bezkontakta mar\u0137\u0113\u0161anas priek\u0161roc\u012bba ir iesp\u0113ja apz\u012bm\u0113t pat trauslus priek\u0161metus, piem\u0113ram, olu \u010daumalas.<\/p>","protected":false},"featured_media":15070,"template":"","meta":[],"product_cat":[621],"product_tag":[714,713,712],"class_list":{"0":"post-12967","1":"product","2":"type-product","3":"status-publish","4":"has-post-thumbnail","6":"product_cat-rasalinis-ciurkslinis","7":"product_tag-chemija-ir-plastikas","8":"product_tag-farmacija-ir-kosmetika","9":"product_tag-maistas-ir-gerimai","11":"first","12":"instock","13":"shipping-taxable","14":"product-type-simple"},"_links":{"self":[{"href":"https:\/\/packstera.lt\/lv\/wp-json\/wp\/v2\/product\/12967","targetHints":{"allow":["GET"]}}],"collection":[{"href":"https:\/\/packstera.lt\/lv\/wp-json\/wp\/v2\/product"}],"about":[{"href":"https:\/\/packstera.lt\/lv\/wp-json\/wp\/v2\/types\/product"}],"version-history":[{"count":10,"href":"https:\/\/packstera.lt\/lv\/wp-json\/wp\/v2\/product\/12967\/revisions"}],"predecessor-version":[{"id":15085,"href":"https:\/\/packstera.lt\/lv\/wp-json\/wp\/v2\/product\/12967\/revisions\/15085"}],"wp:featuredmedia":[{"embeddable":true,"href":"https:\/\/packstera.lt\/lv\/wp-json\/wp\/v2\/media\/15070"}],"wp:attachment":[{"href":"https:\/\/packstera.lt\/lv\/wp-json\/wp\/v2\/media?parent=12967"}],"wp:term":[{"taxonomy":"product_cat","embeddable":true,"href":"https:\/\/packstera.lt\/lv\/wp-json\/wp\/v2\/product_cat?post=12967"},{"taxonomy":"product_tag","embeddable":true,"href":"https:\/\/packstera.lt\/lv\/wp-json\/wp\/v2\/product_tag?post=12967"}],"curies":[{"name":"wp","href":"https:\/\/api.w.org\/{rel}","templated":true}]}}