{"id":12971,"date":"2020-07-13T13:36:27","date_gmt":"2020-07-13T10:36:27","guid":{"rendered":"http:\/\/packstera.lt\/p\/flexible-conveyors\/"},"modified":"2023-04-19T16:22:16","modified_gmt":"2023-04-19T13:22:16","slug":"elastigi-konveijeri","status":"publish","type":"product","link":"https:\/\/packstera.lt\/lv\/p\/lankstus-konvejeriai\/","title":{"rendered":"Elast\u012bgi konveijeri"},"content":{"rendered":"<p><iframe title=\"UNI XU ELAST\u012aGAIS KONVEIJS PAGARIN\u0100TS\/B\u012aV\u0112TS\" width=\"640\" height=\"480\" src=\"https:\/\/www.youtube.com\/embed\/PDwoo5TcrXM?feature=oembed\" frameborder=\"0\" allow=\"accelerometer; autoplay; clipboard-write; encrypted-media; gyroscope; picture-in-picture; web-share\" referrerpolicy=\"strict-origin-when-cross-origin\" allowfullscreen><\/iframe><\/p>\n<p style=\"text-align: left;\"><a href=\"http:\/\/packstera.lt\/wp-content\/uploads\/2020\/06\/Collection-Brochure-2016_S6_Amended_AW.pdf\" target=\"_blank\" rel=\"noopener\"><img fetchpriority=\"high\" decoding=\"async\" class=\"alignnone wp-image-12828 size-medium\" src=\"http:\/\/packstera.lt\/wp-content\/uploads\/2020\/06\/Conveyor-Collection-Brochure-212x300.jpg\" alt=\"\" width=\"212\" height=\"300\" \/><\/a> <a href=\"http:\/\/packstera.lt\/wp-content\/uploads\/2020\/07\/Flex_Conveyor_Bro_MODS_2018_S6-1.pdf\" target=\"_blank\" rel=\"noopener\"><img decoding=\"async\" class=\"alignnone wp-image-12838 size-medium\" src=\"http:\/\/packstera.lt\/wp-content\/uploads\/2020\/07\/flexible-conveyor-range-212x300.jpg\" alt=\"\" width=\"212\" height=\"300\" \/><\/a><\/p>","protected":false},"excerpt":{"rendered":"<p>Motoriz\u0113ti un gravit\u0101cijas elast\u012bgi konveijeri<\/p>\n<p>\u0160ie konveijeri visefekt\u012bv\u0101k tiek izmantoti transportl\u012bdzek\u013cu un piekabju iekrau\u0161anai un izkrau\u0161anai. Konveijeru elast\u012bba pal\u012bdz p\u0101rvar\u0113t lielus att\u0101lumus un pagriezienus, kas rodas, transport\u0113jot produktus.<\/p>\n<p>Konveijeri ir projekt\u0113ti un konstru\u0113ti atbilsto\u0161i augst\u0101kajiem standartiem, ar pastiprin\u0101t\u0101m, cinkota t\u0113rauda s\u0101nu pl\u0101ksn\u0113m papildu stipr\u012bbai, pilna platuma konstrukcijas atbalstu un iztur\u012bg\u0101m kvadr\u0101tveida cauru\u013cu k\u0101j\u0101m visp\u0101r\u0113jai stabilit\u0101tei.<\/p>\n<p><strong><a href=\"https:\/\/www.conveyor-units.co.uk\/products\/overview-painted-steel-flexibly-conveyor\/\" target=\"_blank\" rel=\"noopener\">Vair\u0101k inform\u0101cijas<\/a><\/strong><\/p>","protected":false},"featured_media":12806,"template":"","meta":[],"product_cat":[544],"product_tag":[717,712,716],"class_list":{"0":"post-12971","1":"product","2":"type-product","3":"status-publish","4":"has-post-thumbnail","6":"product_cat-konvejeriai","7":"product_tag-logistika","8":"product_tag-maistas-ir-gerimai","9":"product_tag-medienos","11":"first","12":"instock","13":"shipping-taxable","14":"product-type-simple"},"_links":{"self":[{"href":"https:\/\/packstera.lt\/lv\/wp-json\/wp\/v2\/product\/12971","targetHints":{"allow":["GET"]}}],"collection":[{"href":"https:\/\/packstera.lt\/lv\/wp-json\/wp\/v2\/product"}],"about":[{"href":"https:\/\/packstera.lt\/lv\/wp-json\/wp\/v2\/types\/product"}],"version-history":[{"count":2,"href":"https:\/\/packstera.lt\/lv\/wp-json\/wp\/v2\/product\/12971\/revisions"}],"predecessor-version":[{"id":16357,"href":"https:\/\/packstera.lt\/lv\/wp-json\/wp\/v2\/product\/12971\/revisions\/16357"}],"wp:featuredmedia":[{"embeddable":true,"href":"https:\/\/packstera.lt\/lv\/wp-json\/wp\/v2\/media\/12806"}],"wp:attachment":[{"href":"https:\/\/packstera.lt\/lv\/wp-json\/wp\/v2\/media?parent=12971"}],"wp:term":[{"taxonomy":"product_cat","embeddable":true,"href":"https:\/\/packstera.lt\/lv\/wp-json\/wp\/v2\/product_cat?post=12971"},{"taxonomy":"product_tag","embeddable":true,"href":"https:\/\/packstera.lt\/lv\/wp-json\/wp\/v2\/product_tag?post=12971"}],"curies":[{"name":"wp","href":"https:\/\/api.w.org\/{rel}","templated":true}]}}