{"id":12976,"date":"2020-07-13T10:53:04","date_gmt":"2020-07-13T07:53:04","guid":{"rendered":"http:\/\/packstera.lt\/p\/impulse-and-heat-sealers\/"},"modified":"2022-11-18T15:50:28","modified_gmt":"2022-11-18T13:50:28","slug":"impulsu-kausesanas-iekarta","status":"publish","type":"product","link":"https:\/\/packstera.lt\/lv\/p\/impulsinis-uzlydymo-irenginys\/","title":{"rendered":"Impulsu kaus\u0113\u0161anas iek\u0101rta"},"content":{"rendered":"","protected":false},"excerpt":{"rendered":"<p>AVC Super Magnet Impulse Sealers un Tabletop Impulse Sealers ir \u013coti uzticami, efekt\u012bvi un viegli lietojami. Izmantojot \u0161os augstas kvalit\u0101tes r\u016bpnieciskos bl\u012bv\u0113t\u0101jus, k\u0101 ar\u012b pla\u0161o pieejamo piederumu kl\u0101stu, j\u016bs varat atrast risin\u0101jumu vis\u0101m j\u016bsu iepakojuma vajadz\u012bb\u0101m. \u0160os bl\u012bv\u0113t\u0101jus var darbin\u0101t ar rokas vai k\u0101jas ped\u0101li, var piel\u0101got ar vai bez darba galda utt. Iek\u0101rtas dara to, ko j\u016bs gaid\u0101t \u2013 t\u0101s \u0101tri un efekt\u012bvi aizz\u012bmogo iepakojumus.<\/p>\n<p style=\"text-align: left;\"><strong><a href=\"https:\/\/justsealit.com\/\" target=\"_blank\" rel=\"noopener\">Vair\u0101k inform\u0101cijas<\/a><\/strong><\/p>","protected":false},"featured_media":10429,"template":"","meta":[],"product_cat":[567],"product_tag":[],"class_list":{"0":"post-12976","1":"product","2":"type-product","3":"status-publish","4":"has-post-thumbnail","6":"product_cat-pakavimo-i-termo-plevele-irenginiai","8":"first","9":"instock","10":"shipping-taxable","11":"product-type-simple"},"_links":{"self":[{"href":"https:\/\/packstera.lt\/lv\/wp-json\/wp\/v2\/product\/12976","targetHints":{"allow":["GET"]}}],"collection":[{"href":"https:\/\/packstera.lt\/lv\/wp-json\/wp\/v2\/product"}],"about":[{"href":"https:\/\/packstera.lt\/lv\/wp-json\/wp\/v2\/types\/product"}],"version-history":[{"count":1,"href":"https:\/\/packstera.lt\/lv\/wp-json\/wp\/v2\/product\/12976\/revisions"}],"predecessor-version":[{"id":14417,"href":"https:\/\/packstera.lt\/lv\/wp-json\/wp\/v2\/product\/12976\/revisions\/14417"}],"wp:featuredmedia":[{"embeddable":true,"href":"https:\/\/packstera.lt\/lv\/wp-json\/wp\/v2\/media\/10429"}],"wp:attachment":[{"href":"https:\/\/packstera.lt\/lv\/wp-json\/wp\/v2\/media?parent=12976"}],"wp:term":[{"taxonomy":"product_cat","embeddable":true,"href":"https:\/\/packstera.lt\/lv\/wp-json\/wp\/v2\/product_cat?post=12976"},{"taxonomy":"product_tag","embeddable":true,"href":"https:\/\/packstera.lt\/lv\/wp-json\/wp\/v2\/product_tag?post=12976"}],"curies":[{"name":"wp","href":"https:\/\/api.w.org\/{rel}","templated":true}]}}