{"id":12977,"date":"2020-07-12T16:55:26","date_gmt":"2020-07-12T13:55:26","guid":{"rendered":"http:\/\/packstera.lt\/p\/vffs-machine-for-granular-products-volumetric-cup-filling\/"},"modified":"2021-08-11T11:35:27","modified_gmt":"2021-08-11T08:35:27","slug":"vffs-masina-granuletu-produktu-tilpuma-kausu-pildisanai","status":"publish","type":"product","link":"https:\/\/packstera.lt\/lv\/p\/vffs-machine-for-granular-products-volumetric-cup-filling\/","title":{"rendered":"Pude\u013cu pild\u012b\u0161anas un aizz\u012bmogo\u0161anas iek\u0101rtas granul\u0113tiem produktiem"},"content":{"rendered":"<p><strong>Tilpuma kr\u016bzes pild\u012b\u0161anas ma\u0161\u012bna<\/strong>\u00a0ir ide\u0101li piem\u0113rots cukura, granul\u0113tas kafijas, zelta kafijas, r\u012bsu, s\u0101ls, riekstu, l\u0113cu, bulguru, p\u0101k\u0161augu, lazdu riekstu, zemesriekstu, s\u0113klu un citu granul\u0113tu produktu iepako\u0161anai. Tilpuma iek\u0101rta ir \u012bpa\u0161i piem\u0113rota maziem granul\u0113tiem un br\u012bvi pl\u016bsto\u0161iem produktiem. Turpack pied\u0101v\u0101 risin\u0101jumus vertik\u0101laj\u0101m pild\u012b\u0161anas iek\u0101rt\u0101m daudz\u0101s nepiecie\u0161amaj\u0101s nozar\u0113s. M\u0113s ra\u017eojam vertik\u0101las tilpuma iepild\u012b\u0161anas ma\u0161\u012bnas, kas ir ide\u0101la iek\u0101rta mazu graudu \u0161\u0137idru produktu ra\u017eo\u0161anai.<\/p>\n<p>Ar m\u016bsu Vertik\u0101li\u00a0<strong>tilpuma kausu pild\u012b\u0161anas ma\u0161\u012bna<\/strong>\u00a0J\u016bs varat iepakot savus r\u012bsus, cukuru, kafijas granulas, cukuru, pupi\u0146as, kvie\u0161us, graudu produktus, k\u0101 ar\u012b s\u012bkgraudainus produktus, piem\u0113ram, \u017e\u0101v\u0113tus aug\u013cus, riekstus, var iepakot gludi un \u0101tri. Produktu tilpuma svaru apr\u0113\u0137ina p\u0113c kr\u016bz\u0113m. Svars ir \u0101rk\u0101rt\u012bgi jut\u012bgs. Katra kr\u016bze nodro\u0161ina t\u0101du pa\u0161u produkta daudzumu. Tilpuma kr\u016bz\u012b\u0161u tilpumu var piel\u0101got katram produktam. T\u0101d\u0113j\u0101di klienti var iepakot savus produktus da\u017e\u0101dos vajadz\u012bgajos svaros. Tas klientam nodro\u0161ina elast\u012bgu pild\u012bjumu. \u0160\u012b iek\u0101rta ir \u0101tra un \u0101tra. Tas sp\u0113j iesai\u0146ot l\u012bdz 50 paci\u0146\u0101m min\u016bt\u0113.<\/p>\n<p>M\u016bsu\u00a0<strong>tilpuma kausu pild\u012b\u0161anas ma\u0161\u012bna<\/strong>\u00a0var darboties l\u012bdz tam\u00a0<strong>50 maisi\/min<\/strong>, lieliski piem\u0113rots makaronu, cukura un r\u012bsu iesai\u0146o\u0161anai maisi\u0146os, kas var b\u016bt starp\u00a0<strong>60mm - 250mm<\/strong>\u00a0platum\u0101 un ar garumu no 60 mm l\u012bdz 350 mm. Produktus, piem\u0113ram, r\u012bsus un graudus, kas iesai\u0146oti ide\u0101los \u010detru bl\u012bv\u0113jumu maisi\u0146os, var iepild\u012bt starp tiem\u00a0<strong>20 gr<\/strong>\u00a0un\u00a0<strong>2500 gr<\/strong>\u00a0paci\u0146as. Neatkar\u012bgi no t\u0101, k\u0101ds produkts ir j\u0101iepako un k\u0101ds maisi\u0146\u0161 ir nepiecie\u0161ams, TURPACK pied\u0101v\u0101 VFFS iepako\u0161anas ma\u0161\u012bnu, kas atbilst j\u016bsu specifik\u0101cij\u0101m.<\/p>\n<p><strong>VFFS (Vertical Form Fill Seal) ma\u0161\u012bnas, kas paredz\u0113tas vair\u0101kiem m\u0113r\u0137iem<\/strong><\/p>\n<p><strong>TURPACK<\/strong>\u00a0vado\u0161ais vertik\u0101l\u0101s formas pild\u012bjuma bl\u012bv\u0113\u0161anas ma\u0161\u012bnu ra\u017eot\u0101js ir ide\u0101ls iepako\u0161anas apr\u012bkojums da\u017e\u0101d\u0101m nozar\u0113m. M\u016bsu \u0101trgaitas VFFS iepako\u0161anas ma\u0161\u012bnu apr\u012bkojums ir piem\u0113rots vair\u0101kiem m\u0113r\u0137iem, piem\u0113ram, \u0161\u0137idruma pild\u012b\u0161anai, pulvera pild\u012b\u0161anai un liel\u0101kiem produktiem, kas klasific\u0113ti k\u0101 granulas. TURPACK VFFS ma\u0161\u012bnas var pied\u0101v\u0101t skaistu spilvenu maisi\u0146u, kas tiek klasific\u0113ts k\u0101\u00a0<strong>3 s\u0101nu bl\u012bv\u0113jums<\/strong>. Pievienojot ma\u0161\u012bnai papildu funkcijas, tiks nodro\u0161in\u0101ts plakans dibens (Gusset pakete) un plakana aug\u0161da\u013ca+apak\u0161a (kubisk\u0101 pakete) ir viena no l\u012bnij\u0101m, kurai TURPACK VFFS iepako\u0161anas ma\u0161\u012bnas ir vis\u0113rt\u0101k\u0101s.<\/p>\n<p>\u0160ai iek\u0101rtai pied\u0101v\u0101t\u0101s papildu funkcijas ir datuma druk\u0101\u0161anas sist\u0113ma, konveijera lente un autom\u0101tisk\u0101 uzpildes sist\u0113ma var tikt pievienota ar\u012b iek\u0101rtai. Autom\u0101tiska produktu iepild\u012b\u0161ana ma\u0161\u012bnas piltuv\u0113 tiek pan\u0101kta ar liftu, kur\u0101 tie str\u0101d\u0101 koordin\u0113ti. Piem\u0113ram, ja produkts iek\u0101rtas aug\u0161\u0113j\u0101 tvertn\u0113 ir pilns un sasniedz noteiktu l\u012bmeni, apr\u012bkotie sensori nos\u016bt\u012bs sign\u0101lu uz liftu un pav\u0113l\u0113s liftam aptur\u0113t autom\u0101tisko padevi, tikl\u012bdz produkts nokr\u012btas zem iestat\u012bt\u0101 l\u012bme\u0146a, iek\u0101rta nos\u016bta dod sign\u0101lu atpaka\u013c liftam un pav\u0113l liftam ats\u0101kt baro\u0161anu. Autom\u0101tisk\u0101 uzpilde ir automatiz\u0113ta sist\u0113ma, kas darbojas piln\u012bgi neatkar\u012bgi un neprasa darbinieku pal\u012bdz\u012bbu.<\/p>\n<p><strong>SIEMENS<\/strong>\u00a0PLC,\u00a0<strong>FESTIV\u0100LS<\/strong>\u00a0pneimatiskais\u00a0<strong>Alens Bredlijs<\/strong>\u00a0elektronisk\u0101s sast\u0101vda\u013cas, m\u0113s izmantojam pirm\u0101s klases materi\u0101lus, piem\u0113ram,\u00a0<strong>SLIMS<\/strong>\u00a0sensors. M\u016bsu ma\u0161\u012bnas ir piln\u012bb\u0101 izgatavotas no ner\u016bs\u0113jo\u0161\u0101 t\u0113rauda, un t\u0101m ir 2 gadu garantija. Uzst\u0101d\u012b\u0161anas un ekspluat\u0101cijas apm\u0101c\u012bbas visiem klientiem nodro\u0161ina TURPACK. M\u016bsu ma\u0161\u012bnas ir CE sertific\u0113tas. Turpack ir uz\u0146\u0113mums, kas sertific\u0113ts ar\u012b ar ISO 9001. M\u016bsu 10 gadu pieredze \u0161aj\u0101 nozar\u0113 un m\u016bsu iek\u0101rtu eksport\u0113\u0161ana uz vair\u0101k nek\u0101 50 valst\u012bm vienm\u0113r turpin\u0101sies un liks TURPACK ilgsto\u0161i censties ra\u017eot modern\u0101kas un kvalitat\u012bv\u0101kas iek\u0101rtas.<\/p>\n<p><strong>K\u0101p\u0113c TURPACK pieg\u0101d\u0101 lab\u0101k\u0101s VFFS iek\u0101rtas?<\/strong><\/p>\n<p>Izmantojot jaun\u0101k\u0101s tehnolo\u0123ijas un ar\u012b iesp\u0113ju uzst\u0101d\u012bt VFFS iek\u0101rtu ar papildu apr\u012bkojumu, TURPACK pied\u0101v\u0101 pla\u0161u elast\u012bgo iepakojumu kl\u0101stu. \u0100tra, iztur\u012bga, viegli lietojama un dinamiska konstrukcija TURPACK ir p\u0101rliecin\u0101ts, ka tilpuma kr\u016bz\u012b\u0161u uzpildes iek\u0101rta pal\u012bdz\u0113s atbalst\u012bt un palielin\u0101t j\u016bsu biznesa pe\u013c\u0146u ar elast\u012bbu, kas \u013cauj iepakot vair\u0101kus produktus uz vienas joslas iek\u0101rtas, neaizmirstiet, ka TURPACK ir lab\u0101k\u0101s iepako\u0161anas iek\u0101rtas lai apmierin\u0101tu un p\u0101rsniegtu j\u016bsu cer\u012bbas.<\/p>\n<div class=\"uk-text-center uk-margin uk-panel uk-panel-box uk-panel-box-gray-blue no-shadow\">\n<div class=\"video-container uk-margin-large\" style=\"text-align: center\"><strong>Skat\u012bt vair\u0101k\u00a0<a href=\"https:\/\/www.turpack.com\/packaging-machine\/vertical-form-fill-seal\/volumetric-cup-filling-machine\/https:\/\/www.turpack.com\/packaging-machine\/vertical-form-fill-seal\/volumetric-cup-filling-machine\/\" target=\"_blank\" rel=\"noopener\">\u0161eit<\/a>.<\/strong><\/div>\n<\/div>","protected":false},"excerpt":{"rendered":"<p>Volumetric Cup Filling Machine\u00a0is ideal for packing sugar, granular coffee, golde coffee, rice, salt, nuts, Lentils, bulgur, legumes, hazelnuts, peanut, seeds, and other kinds of granular products. The volumetric machine is extremely suitable for small granular and for free flowing products. Turpack offers solutions for vertical filling machines in many required sectors. We produce vertical [&hellip;]<\/p>\n","protected":false},"featured_media":12588,"template":"","meta":[],"product_cat":[572],"product_tag":[],"class_list":{"0":"post-12977","1":"product","2":"type-product","3":"status-publish","4":"has-post-thumbnail","6":"product_cat-ispilstymo-ir-uzlydymo-irenginiai-granuliuotiems-produktams","8":"first","9":"instock","10":"shipping-taxable","11":"product-type-simple"},"_links":{"self":[{"href":"https:\/\/packstera.lt\/lv\/wp-json\/wp\/v2\/product\/12977","targetHints":{"allow":["GET"]}}],"collection":[{"href":"https:\/\/packstera.lt\/lv\/wp-json\/wp\/v2\/product"}],"about":[{"href":"https:\/\/packstera.lt\/lv\/wp-json\/wp\/v2\/types\/product"}],"version-history":[{"count":0,"href":"https:\/\/packstera.lt\/lv\/wp-json\/wp\/v2\/product\/12977\/revisions"}],"wp:featuredmedia":[{"embeddable":true,"href":"https:\/\/packstera.lt\/lv\/wp-json\/wp\/v2\/media\/12588"}],"wp:attachment":[{"href":"https:\/\/packstera.lt\/lv\/wp-json\/wp\/v2\/media?parent=12977"}],"wp:term":[{"taxonomy":"product_cat","embeddable":true,"href":"https:\/\/packstera.lt\/lv\/wp-json\/wp\/v2\/product_cat?post=12977"},{"taxonomy":"product_tag","embeddable":true,"href":"https:\/\/packstera.lt\/lv\/wp-json\/wp\/v2\/product_tag?post=12977"}],"curies":[{"name":"wp","href":"https:\/\/api.w.org\/{rel}","templated":true}]}}