{"id":12978,"date":"2020-07-12T16:25:18","date_gmt":"2020-07-12T13:25:18","guid":{"rendered":"http:\/\/packstera.lt\/p\/sra100\/"},"modified":"2020-07-12T16:25:18","modified_gmt":"2020-07-12T13:25:18","slug":"sra100","status":"publish","type":"product","link":"https:\/\/packstera.lt\/lv\/p\/sra100\/","title":{"rendered":"SRA100"},"content":{"rendered":"<p>Gandr\u012bz pirms 20 gadiem Nachi bija punktmetin\u0101\u0161anas servopistoles tehnolo\u0123ijas pionieris. \u0160obr\u012bd Nachi turpina vad\u012bt nozari progres\u012bvu robotiz\u0113tu punktmetin\u0101\u0161anas risin\u0101jumu izstr\u0101d\u0113, kas koncentr\u0113jas uz augst\u0101kas kvalit\u0101tes metin\u0101\u0161anas \u0161uvju izgatavo\u0161anu \u0101tr\u0101k nek\u0101 agr\u0101k. SRA s\u0113rijas roboti, kas \u012bpa\u0161i izstr\u0101d\u0101ti \u0101trai automobi\u013cu r\u016bpniec\u012bbai, iev\u0113rojami sa\u012bsin\u0101s cikla laiku, iev\u0113rojami uzlabos produktivit\u0101ti un sasniegs izmaksu samazin\u0101jumu... sasniegs vair\u0101k, izmantojot maz\u0101k robotu! Sav\u0101 biznes\u0101 \u201cLaiks ir nauda\u201d maksim\u0101li izmantojiet savu naudu, izmantojot \u0101tr\u0101kos pieejamos robotus. Sal\u012bdziniet Nachi SRA s\u0113riju ar jebkuru konkurentu, lai redz\u0113tu, cik daudz v\u0113rt\u012bg\u0101 laika un naudas varat ietaup\u012bt, izmantojot SRA robotu.<\/p>\n<p>SRA s\u0113rijas roboti un to FD kontrolleri ir ide\u0101li piem\u0113roti punktmetin\u0101\u0161anas darbiem. SRA roboti ir \u013coti stingri un maz\u0101k sver, nodro\u0161inot \u0101tr\u0101ku kust\u012bbu un maz\u0101ku vibr\u0101ciju. Uzlabot\u0101 kust\u012bbas vad\u012bba no FD kontrollera nodro\u0161ina maksim\u0101lu pa\u0101trin\u0101jumu, t\u0101d\u0113j\u0101di sa\u012bsinot cikla laiku. FD ir ar\u012b 4. paaudzes servopistoles vad\u012bbas programmat\u016bra, kas nodro\u0161ina liel\u0101ku motora \u0101trumu, vienlaikus saglab\u0101jot maigu elektrodu kontaktu ar deta\u013c\u0101m, optimiz\u0113jot punktmetin\u0101\u0161anas veiktsp\u0113ju. Visbeidzot, Nachi kop\u0101 ar m\u016bsu metin\u0101\u0161anas partneriem Obaru un Artu Hikari virza aploksni pretest\u012bbas metin\u0101\u0161an\u0101, izmantojot vieglas modu\u013cu pistoles un punktmetin\u0101\u0161anas risin\u0101jumus alum\u012bnija deta\u013c\u0101m.<\/p>\n<p style=\"text-align: center\"><strong>Skat\u012bt vair\u0101k\u00a0<a href=\"https:\/\/www.nachirobotics.com\/wp-content\/uploads\/2018\/07\/NRS-SRA-100H-133HL-Brochure-13.pdfhttps:\/\/www.nachirobotics.com\/wp-content\/uploads\/2018\/07\/NRS-SRA-100H-133HL-Brochure-13.pdf\" target=\"_blank\" rel=\"noopener\">\u0161eit<\/a>.<\/strong><\/p>","protected":false},"excerpt":{"rendered":"<p>Nearly 20 years ago, Nachi was the pioneer of servo gun technology for spot welding.\u00a0 Today, Nachi continues to lead the industry in development of advanced robotic spot welding solutions focused on making higher quality welds more quickly than in the past.\u00a0 Specifically designed for the fast paced automotive industry, SRA series robots will dramatically [&hellip;]<\/p>\n","protected":false},"featured_media":12720,"template":"","meta":[],"product_cat":[555],"product_tag":[],"class_list":{"0":"post-12978","1":"product","2":"type-product","3":"status-publish","4":"has-post-thumbnail","6":"product_cat-suvirinimo-robotai","8":"first","9":"instock","10":"shipping-taxable","11":"product-type-simple"},"_links":{"self":[{"href":"https:\/\/packstera.lt\/lv\/wp-json\/wp\/v2\/product\/12978","targetHints":{"allow":["GET"]}}],"collection":[{"href":"https:\/\/packstera.lt\/lv\/wp-json\/wp\/v2\/product"}],"about":[{"href":"https:\/\/packstera.lt\/lv\/wp-json\/wp\/v2\/types\/product"}],"version-history":[{"count":0,"href":"https:\/\/packstera.lt\/lv\/wp-json\/wp\/v2\/product\/12978\/revisions"}],"wp:featuredmedia":[{"embeddable":true,"href":"https:\/\/packstera.lt\/lv\/wp-json\/wp\/v2\/media\/12720"}],"wp:attachment":[{"href":"https:\/\/packstera.lt\/lv\/wp-json\/wp\/v2\/media?parent=12978"}],"wp:term":[{"taxonomy":"product_cat","embeddable":true,"href":"https:\/\/packstera.lt\/lv\/wp-json\/wp\/v2\/product_cat?post=12978"},{"taxonomy":"product_tag","embeddable":true,"href":"https:\/\/packstera.lt\/lv\/wp-json\/wp\/v2\/product_tag?post=12978"}],"curies":[{"name":"wp","href":"https:\/\/api.w.org\/{rel}","templated":true}]}}