{"id":12979,"date":"2020-07-12T16:18:07","date_gmt":"2020-07-12T13:18:07","guid":{"rendered":"http:\/\/packstera.lt\/p\/mr35\/"},"modified":"2020-07-12T16:18:07","modified_gmt":"2020-07-12T13:18:07","slug":"mr35","status":"publish","type":"product","link":"https:\/\/packstera.lt\/lv\/p\/mr35\/","title":{"rendered":"MR35"},"content":{"rendered":"<p>Unik\u0101lais 7 asu dizains at\u0161\u0137ir MR s\u0113riju no citiem robotiz\u0113tiem produktiem, nodro\u0161inot liel\u0101ku kust\u012bbu br\u012bv\u012bbu un vienm\u0113r sasniedzot optim\u0101lu robota st\u0101ju. 7. ass \u013cauj MR s\u0113rijai izvair\u012bties no singularit\u0101t\u0113m, nodro\u0161inot vair\u0101kus roku pozas risin\u0101jumus vienam darba TCP. MR s\u0113rijas pied\u0101v\u0101t\u0101 novatorisk\u0101 dizaina strukt\u016bra padara to par lielisku ma\u0161\u012bnu kop\u0161anas darbiem, \u013caujot novietot robotu ma\u0161\u012bnas s\u0101nos, nodro\u0161inot atv\u0113rtu priek\u0161pusi ma\u0161\u012bnas apkopei. Papildus iespaid\u012bgaj\u0101m kust\u012bbas iesp\u0113j\u0101m, ko pied\u0101v\u0101 7 asu dizains, MR35 un MR50 ir IP67\u00a0v\u0113rt\u0113jums, kas padara tos par lielisku izv\u0113li skarb\u0101s ra\u017eo\u0161anas vid\u0113s. MR35 un MR50 nodro\u0161ina iespaid\u012bgu 2050\u00a0mm sasniedzam\u012bbu, attiec\u012bgi 35\u00a0kg un 50\u00a0kg. Uzst\u0101d\u012b\u0161ana uz gr\u012bdas ir standarta, tom\u0113r ir pieejami sienas, le\u0146\u0137veida un apgriezt\u0101s griestu mont\u0101\u017eas risin\u0101jumi, lai palielin\u0101tu darba elementu elast\u012bbu un samazin\u0101tu automatiz\u0101cijas nepiecie\u0161amo gr\u012bdas plat\u012bbu. MR35 un MR50 roboti sp\u0113j ar\u012b sadarboties, lai veiktu sare\u017e\u0123\u012btus mont\u0101\u017eas uzdevumus ar iespaid\u012bgu \u00b1 0,07 mm atk\u0101rtojam\u012bbu. Kombin\u0101cij\u0101 ar robota sl\u012bdni MR s\u0113rija var apkalpot daudzas ma\u0161\u012bnas, izmantojot vienu robotu, krasi samazinot automatiz\u0101cijas izmaksas.<\/p>\n<p style=\"text-align: center\"><strong>Skat\u012bt vair\u0101k\u00a0<a href=\"https:\/\/www.nachirobotics.com\/wp-content\/uploads\/2018\/06\/NRS-MR-35-50-Brochure-13.pdf\" target=\"_blank\" rel=\"noopener\">\u0161eit<\/a>.<\/strong><\/p>","protected":false},"excerpt":{"rendered":"<p>Unique 7-Axis design destinguishes the MR series from other robotic products by providing increased freedom of motion and achieving optimum robot posture at all times. \u00a0The 7th axis allows the MR series to avoid singularities by providing multiple arm posture solutions for a single working TCP. \u00a0The innovative design structure offered by the MR series [&hellip;]<\/p>\n","protected":false},"featured_media":12714,"template":"","meta":[],"product_cat":[552],"product_tag":[],"class_list":{"0":"post-12979","1":"product","2":"type-product","3":"status-publish","4":"has-post-thumbnail","6":"product_cat-mc-mr-serija","8":"first","9":"instock","10":"shipping-taxable","11":"product-type-simple"},"_links":{"self":[{"href":"https:\/\/packstera.lt\/lv\/wp-json\/wp\/v2\/product\/12979","targetHints":{"allow":["GET"]}}],"collection":[{"href":"https:\/\/packstera.lt\/lv\/wp-json\/wp\/v2\/product"}],"about":[{"href":"https:\/\/packstera.lt\/lv\/wp-json\/wp\/v2\/types\/product"}],"version-history":[{"count":0,"href":"https:\/\/packstera.lt\/lv\/wp-json\/wp\/v2\/product\/12979\/revisions"}],"wp:featuredmedia":[{"embeddable":true,"href":"https:\/\/packstera.lt\/lv\/wp-json\/wp\/v2\/media\/12714"}],"wp:attachment":[{"href":"https:\/\/packstera.lt\/lv\/wp-json\/wp\/v2\/media?parent=12979"}],"wp:term":[{"taxonomy":"product_cat","embeddable":true,"href":"https:\/\/packstera.lt\/lv\/wp-json\/wp\/v2\/product_cat?post=12979"},{"taxonomy":"product_tag","embeddable":true,"href":"https:\/\/packstera.lt\/lv\/wp-json\/wp\/v2\/product_tag?post=12979"}],"curies":[{"name":"wp","href":"https:\/\/api.w.org\/{rel}","templated":true}]}}