{"id":12980,"date":"2020-07-12T16:12:16","date_gmt":"2020-07-12T13:12:16","guid":{"rendered":"http:\/\/packstera.lt\/p\/12577\/"},"modified":"2020-07-12T16:12:16","modified_gmt":"2020-07-12T13:12:16","slug":"12577","status":"publish","type":"product","link":"https:\/\/packstera.lt\/lv\/p\/12577\/","title":{"rendered":"MR 20"},"content":{"rendered":"<p>Unik\u0101lais 7 asu dizains at\u0161\u0137ir MR s\u0113riju no citiem robotiz\u0113tiem produktiem, nodro\u0161inot liel\u0101ku kust\u012bbu br\u012bv\u012bbu un vienm\u0113r sasniedzot optim\u0101lu robota st\u0101ju. 7. ass \u013cauj MR s\u0113rijai izvair\u012bties no singularit\u0101t\u0113m, nodro\u0161inot vair\u0101kus roku pozas risin\u0101jumus vienam darba TCP. MR s\u0113rijas pied\u0101v\u0101t\u0101 novatorisk\u0101 dizaina strukt\u016bra padara to par lielisku ma\u0161\u012bnu kop\u0161anas darbiem, \u013caujot novietot robotu ma\u0161\u012bnas s\u0101nos, nodro\u0161inot atv\u0113rtu priek\u0161pusi ma\u0161\u012bnas apkopei. MR20 nodro\u0161ina iespaid\u012bgu 1260\u00a0mm sasniedzam\u012bbu pie 20\u00a0kg kravnes\u012bbas vai l\u012bdz 30\u00a0kg, ja izmanto 1000\u00a0mm apvalku. Ir pieejami Floor un Invert mont\u0101\u017eas risin\u0101jumi, lai maksim\u0101li palielin\u0101tu darba elementu elast\u012bbu un samazin\u0101tu nepiecie\u0161amo automatiz\u0101cijas gr\u012bdas plat\u012bbu. MR s\u0113rijas roboti sp\u0113j ar\u012b sadarboties, lai veiktu sare\u017e\u0123\u012btus mont\u0101\u017eas uzdevumus ar iespaid\u012bgu \u00b1 0,06 mm atk\u0101rtojam\u012bbu. Kombin\u0101cij\u0101 ar robota sl\u012bdni MR s\u0113rija var apkalpot daudzas ma\u0161\u012bnas, izmantojot vienu robotu, krasi samazinot automatiz\u0101cijas izmaksas.<\/p>\n<p style=\"text-align: center\"><strong>Skat\u012bt vair\u0101k\u00a0<a href=\"https:\/\/www.nachirobotics.com\/wp-content\/uploads\/2018\/06\/NRS-MR-20-20L-Brochure-11.pdf\" target=\"_blank\" rel=\"noopener\">\u0161eit<\/a>.<\/strong><\/p>","protected":false},"excerpt":{"rendered":"<p>https:\/\/youtu.be\/PTg7HhSWBUk<\/p>\n<p>&nbsp;<\/p>","protected":false},"featured_media":12712,"template":"","meta":[],"product_cat":[552],"product_tag":[],"class_list":{"0":"post-12980","1":"product","2":"type-product","3":"status-publish","4":"has-post-thumbnail","6":"product_cat-mc-mr-serija","8":"first","9":"instock","10":"shipping-taxable","11":"product-type-simple"},"_links":{"self":[{"href":"https:\/\/packstera.lt\/lv\/wp-json\/wp\/v2\/product\/12980","targetHints":{"allow":["GET"]}}],"collection":[{"href":"https:\/\/packstera.lt\/lv\/wp-json\/wp\/v2\/product"}],"about":[{"href":"https:\/\/packstera.lt\/lv\/wp-json\/wp\/v2\/types\/product"}],"version-history":[{"count":0,"href":"https:\/\/packstera.lt\/lv\/wp-json\/wp\/v2\/product\/12980\/revisions"}],"wp:featuredmedia":[{"embeddable":true,"href":"https:\/\/packstera.lt\/lv\/wp-json\/wp\/v2\/media\/12712"}],"wp:attachment":[{"href":"https:\/\/packstera.lt\/lv\/wp-json\/wp\/v2\/media?parent=12980"}],"wp:term":[{"taxonomy":"product_cat","embeddable":true,"href":"https:\/\/packstera.lt\/lv\/wp-json\/wp\/v2\/product_cat?post=12980"},{"taxonomy":"product_tag","embeddable":true,"href":"https:\/\/packstera.lt\/lv\/wp-json\/wp\/v2\/product_tag?post=12980"}],"curies":[{"name":"wp","href":"https:\/\/api.w.org\/{rel}","templated":true}]}}