{"id":12981,"date":"2020-07-12T16:08:38","date_gmt":"2020-07-12T13:08:38","guid":{"rendered":"http:\/\/packstera.lt\/p\/mc350\/"},"modified":"2020-07-12T16:08:38","modified_gmt":"2020-07-12T13:08:38","slug":"mc350","status":"publish","type":"product","link":"https:\/\/packstera.lt\/lv\/p\/mc350\/","title":{"rendered":"MC350"},"content":{"rendered":"<p>MC350 ir \u012bpa\u0161i izstr\u0101d\u0101ts smagiem un atk\u0101rtotiem cel\u0161anas uzdevumiem l\u012bdz 350\u00a0kg. Papildus lielajai kravnes\u012bbai MC350 nodro\u0161ina pla\u0161u 2771 mm darba aploksni, lai vienlaikus veiktu darbu ar vair\u0101kiem produktiem vai iek\u0101rt\u0101m. Izcil\u0101 iztur\u012bba, stingr\u012bba un sasniedzam\u012bba \u013cauj MC350 izcelties liela m\u0113roga cel\u0161anas oper\u0101cij\u0101s, tostarp automa\u0161\u012bnu virsb\u016bv\u0113s, dzin\u0113jos, lietuves komponentos un daudzos citos smag\u0101s r\u016bpniec\u012bbas izstr\u0101d\u0101jumos. MC Heavyweight roboti ir izmantoti vis\u0101 Zieme\u013camerik\u0101, lai aizst\u0101tu \u012bpa\u0161us r\u016bpnieciskos liftus un p\u0101rs\u016bt\u012b\u0161anas iek\u0101rtas par nelielu da\u013cu no izmaks\u0101m, vienlaikus nodro\u0161inot ar\u012b robotiz\u0113t\u0101 apr\u012bkojuma elast\u012bbu. Ja jums ir nepiecie\u0161ams prec\u012bzi p\u0101rvietot smagus vai lielus priek\u0161metus, mekl\u0113jiet tikai Nachi MC350.<\/p>\n<p style=\"text-align: center\"><strong>Skat\u012bt vair\u0101k\u00a0<a href=\"https:\/\/www.nachirobotics.com\/wp-content\/uploads\/2018\/06\/NRS-MC-350-280L-470P-Brochure-13.pdf\" target=\"_blank\" rel=\"noopener\">\u0161eit<\/a>.<\/strong><\/p>","protected":false},"excerpt":{"rendered":"<p>The MC350 is specifically designed for heavy and repetitive lifting tasks up to 350Kg capacity. \u00a0In addition to high payload capacity the MC350 provides an extensive 2771mm work envelope to perform work on several products or machines simultaneously. \u00a0Superior strength, regidity, and reach allow allow the MC350 to excel in large scale lifting operations including [&hellip;]<\/p>\n","protected":false},"featured_media":12710,"template":"","meta":[],"product_cat":[552],"product_tag":[],"class_list":{"0":"post-12981","1":"product","2":"type-product","3":"status-publish","4":"has-post-thumbnail","6":"product_cat-mc-mr-serija","8":"first","9":"instock","10":"shipping-taxable","11":"product-type-simple"},"_links":{"self":[{"href":"https:\/\/packstera.lt\/lv\/wp-json\/wp\/v2\/product\/12981","targetHints":{"allow":["GET"]}}],"collection":[{"href":"https:\/\/packstera.lt\/lv\/wp-json\/wp\/v2\/product"}],"about":[{"href":"https:\/\/packstera.lt\/lv\/wp-json\/wp\/v2\/types\/product"}],"version-history":[{"count":0,"href":"https:\/\/packstera.lt\/lv\/wp-json\/wp\/v2\/product\/12981\/revisions"}],"wp:featuredmedia":[{"embeddable":true,"href":"https:\/\/packstera.lt\/lv\/wp-json\/wp\/v2\/media\/12710"}],"wp:attachment":[{"href":"https:\/\/packstera.lt\/lv\/wp-json\/wp\/v2\/media?parent=12981"}],"wp:term":[{"taxonomy":"product_cat","embeddable":true,"href":"https:\/\/packstera.lt\/lv\/wp-json\/wp\/v2\/product_cat?post=12981"},{"taxonomy":"product_tag","embeddable":true,"href":"https:\/\/packstera.lt\/lv\/wp-json\/wp\/v2\/product_tag?post=12981"}],"curies":[{"name":"wp","href":"https:\/\/api.w.org\/{rel}","templated":true}]}}