{"id":12982,"date":"2020-07-12T16:02:50","date_gmt":"2020-07-12T13:02:50","guid":{"rendered":"http:\/\/packstera.lt\/p\/mc-35\/"},"modified":"2021-08-16T10:35:42","modified_gmt":"2021-08-16T07:35:42","slug":"mc-35","status":"publish","type":"product","link":"https:\/\/packstera.lt\/lv\/p\/mc-35\/","title":{"rendered":"MC\u00a035"},"content":{"rendered":"<p>MC vid\u0113j\u0101 svara grupa sast\u0101v no MC35, 50 un 70 robotiem, katrs p\u0113c izm\u0113ra ir identisks ar da\u017e\u0101d\u0101m krav\u0101m (35 kg, 50 kg, 70 kg). Vid\u0113ja svara MC robotiem ir standarta IP67 plaukstas loc\u012btava un IP54 korpuss, robota korpusu var jaunin\u0101t l\u012bdz IP67 lietojumprogramm\u0101m, kur\u0101m nepiecie\u0161ama papildu aizsardz\u012bba. IP67\u00a0v\u0113rt\u0113jums padara MC vid\u0113jos svarus par lielisku izv\u0113li CNC ma\u0161\u012bnu kop\u0161anai, kur robots tiks atk\u0101rtoti pak\u013cauts grie\u0161anas \u0161\u0137idruma iedarb\u012bbai. Augst\u0101k\u0101s klases vides aizsardz\u012bba ir apvienota ar lielisku atk\u0101rtojam\u012bbu \u00b1 0,07 mm un 2050 mm horizont\u0101lo sasniedzam\u012bbu. Palielin\u0101ta kravnes\u012bba (l\u012bdz 70\u00a0kg \/ 154\u00a0lbs) \u013cauj MC vid\u0113jiem svariem p\u0101rvad\u0101t lielas deta\u013cas pras\u012bgos liela apjoma lietojumos. MC vid\u0113ja svara roboti ir lab\u0101k\u0101 izv\u0113le daudz\u0101m materi\u0101lu apstr\u0101des, ma\u0161\u012bnu kop\u0161anas, pale\u0161u, redzes un cit\u0101m robotu lietojumprogramm\u0101m.<\/p>\n<p style=\"text-align: center\"><strong>Skat\u012bt vair\u0101k\u00a0<a href=\"https:\/\/www.nachirobotics.com\/wp-content\/uploads\/2018\/06\/NRS-MC-35-50-70-Brochure-11.pdf\" target=\"_blank\" rel=\"noopener\">\u0161eit<\/a>.<\/strong><\/p>","protected":false},"excerpt":{"rendered":"<p>https:\/\/youtu.be\/e5EvZKpYIKM<\/p>\n<p>&nbsp;<\/p>","protected":false},"featured_media":12707,"template":"","meta":[],"product_cat":[552],"product_tag":[],"class_list":{"0":"post-12982","1":"product","2":"type-product","3":"status-publish","4":"has-post-thumbnail","6":"product_cat-mc-mr-serija","8":"first","9":"instock","10":"shipping-taxable","11":"product-type-simple"},"_links":{"self":[{"href":"https:\/\/packstera.lt\/lv\/wp-json\/wp\/v2\/product\/12982","targetHints":{"allow":["GET"]}}],"collection":[{"href":"https:\/\/packstera.lt\/lv\/wp-json\/wp\/v2\/product"}],"about":[{"href":"https:\/\/packstera.lt\/lv\/wp-json\/wp\/v2\/types\/product"}],"version-history":[{"count":0,"href":"https:\/\/packstera.lt\/lv\/wp-json\/wp\/v2\/product\/12982\/revisions"}],"wp:featuredmedia":[{"embeddable":true,"href":"https:\/\/packstera.lt\/lv\/wp-json\/wp\/v2\/media\/12707"}],"wp:attachment":[{"href":"https:\/\/packstera.lt\/lv\/wp-json\/wp\/v2\/media?parent=12982"}],"wp:term":[{"taxonomy":"product_cat","embeddable":true,"href":"https:\/\/packstera.lt\/lv\/wp-json\/wp\/v2\/product_cat?post=12982"},{"taxonomy":"product_tag","embeddable":true,"href":"https:\/\/packstera.lt\/lv\/wp-json\/wp\/v2\/product_tag?post=12982"}],"curies":[{"name":"wp","href":"https:\/\/api.w.org\/{rel}","templated":true}]}}