{"id":12983,"date":"2020-07-12T16:00:35","date_gmt":"2020-07-12T13:00:35","guid":{"rendered":"http:\/\/packstera.lt\/p\/mc-20\/"},"modified":"2021-08-16T10:27:29","modified_gmt":"2021-08-16T07:27:29","slug":"mc-20","status":"publish","type":"product","link":"https:\/\/packstera.lt\/lv\/p\/mc-20\/","title":{"rendered":"MC\u00a020"},"content":{"rendered":"<p>Nachi MC20 robots ietver lielu \u0101trumu, d\u0101snu pie\u013caujamo plaukstas loc\u012btavas griezes momentu, lielu kravnes\u012bbu un bezsaistes rokas dizainu, lai nodro\u0161in\u0101tu jaunu funkcion\u0101l\u0101s veiktsp\u0113jas standartu. Robots MC20 sasniedz izcilu veiktsp\u0113ju ar uzlabotu \u0101trgaitas kust\u012bbu un izcilu pozicion\u0113\u0161anas precizit\u0101ti. Ar atk\u0101rtojam\u012bbu no punkta l\u012bdz punktam \u00b1 0,06\u00a0mm, MC20 nodro\u0161ina 1722\u00a0mm horizont\u0101lu sasniedzam\u012bbu. Pl\u0101n\u0101 pamatne samazina nepiecie\u0161amo gr\u012bdas plat\u012bbu un nodro\u0161ina gr\u012bdas vai griestu mont\u0101\u017eas iesp\u0113jas, lai v\u0113l vair\u0101k papla\u0161in\u0101tu pielietojuma iesp\u0113jas un samazin\u0101tu darba \u0161\u016bnas izm\u0113ru. Kompakta sviras konstrukcija samazina trauc\u0113jumus ar perif\u0113rijas iek\u0101rt\u0101m un ir ar\u012b sader\u012bga ar IP65. Iek\u0161\u0113j\u0101s gaisa padeves l\u012bnijas un sign\u0101lu kabe\u013ci atbalsta daudzus lietojumus, papildu iek\u0161\u0113jie pneimatiskie v\u0101rsti nov\u0113r\u0161 vajadz\u012bbu p\u0113c pleciem piestiprin\u0101t\u0101m v\u0101rstu paket\u0113m.<\/p>\n<p style=\"text-align: center\"><strong>Skat\u012bt vair\u0101k\u00a0<a href=\"https:\/\/www.nachirobotics.com\/wp-content\/uploads\/2018\/06\/NRS-MC-20-10L-Brochure-13.pdf\" target=\"_blank\" rel=\"noopener\">\u0161eit<\/a>.<\/strong><\/p>","protected":false},"excerpt":{"rendered":"<p>https:\/\/www.youtube.com\/watch?v=AssDaxEn0X0<\/p>\n<p>&nbsp;<\/p>","protected":false},"featured_media":12705,"template":"","meta":[],"product_cat":[552],"product_tag":[],"class_list":{"0":"post-12983","1":"product","2":"type-product","3":"status-publish","4":"has-post-thumbnail","6":"product_cat-mc-mr-serija","8":"first","9":"instock","10":"shipping-taxable","11":"product-type-simple"},"_links":{"self":[{"href":"https:\/\/packstera.lt\/lv\/wp-json\/wp\/v2\/product\/12983","targetHints":{"allow":["GET"]}}],"collection":[{"href":"https:\/\/packstera.lt\/lv\/wp-json\/wp\/v2\/product"}],"about":[{"href":"https:\/\/packstera.lt\/lv\/wp-json\/wp\/v2\/types\/product"}],"version-history":[{"count":0,"href":"https:\/\/packstera.lt\/lv\/wp-json\/wp\/v2\/product\/12983\/revisions"}],"wp:featuredmedia":[{"embeddable":true,"href":"https:\/\/packstera.lt\/lv\/wp-json\/wp\/v2\/media\/12705"}],"wp:attachment":[{"href":"https:\/\/packstera.lt\/lv\/wp-json\/wp\/v2\/media?parent=12983"}],"wp:term":[{"taxonomy":"product_cat","embeddable":true,"href":"https:\/\/packstera.lt\/lv\/wp-json\/wp\/v2\/product_cat?post=12983"},{"taxonomy":"product_tag","embeddable":true,"href":"https:\/\/packstera.lt\/lv\/wp-json\/wp\/v2\/product_tag?post=12983"}],"curies":[{"name":"wp","href":"https:\/\/api.w.org\/{rel}","templated":true}]}}