{"id":12985,"date":"2020-07-12T15:38:36","date_gmt":"2020-07-12T12:38:36","guid":{"rendered":"http:\/\/packstera.lt\/p\/lp-series\/"},"modified":"2022-11-28T16:14:55","modified_gmt":"2022-11-28T14:14:55","slug":"lp-serija-2","status":"publish","type":"product","link":"https:\/\/packstera.lt\/lv\/p\/lp-series-2\/","title":{"rendered":"LP s\u0113rija"},"content":{"rendered":"","protected":false},"excerpt":{"rendered":"<ul>\n<li style=\"text-align: justify;\">Sp\u0113ja veikt l\u012bdz 1800 pale\u0161u lik\u0161anas cikliem stund\u0101<\/li>\n<li style=\"text-align: justify;\">Iekraujiet l\u012bdz 6 palet\u0113m vai konveijeriem, izmantojot J1 asi \u00b1 180\u00b0<\/li>\n<li style=\"text-align: justify;\">Lietot\u0101jam draudz\u012bg\u0101 palet\u0113\u0161anas programmat\u016bra izmanto kr\u0101su grafiku, lai pal\u012bdz\u0113tu programm\u0113t\u0101jiem izveidot pale\u0161u veido\u0161anas proced\u016bras<\/li>\n<li style=\"text-align: justify;\">Intuit\u012bva pale\u0161u programmat\u016bra<\/li>\n<li style=\"text-align: justify;\">Standarta liela \u0101truma trauc\u0113jumu noteik\u0161anas programmat\u016bra pal\u012bdz aizsarg\u0101t v\u0113rt\u012bgus produktus, kas tiek novietoti uz palet\u0113m<\/li>\n<li style=\"text-align: justify;\">Ce\u013ca optimiz\u0101cijas programmat\u016bra samazina cikla laiku un palielina produktivit\u0101ti<\/li>\n<li style=\"text-align: justify;\">Izv\u0113loties da\u017e\u0101dus satv\u0113r\u0113jus, robots var salikt uz palet\u0113m da\u017e\u0101du formu un izm\u0113ru produktus un iepakojumus<\/li>\n<\/ul>\n<p><strong><a href=\"https:\/\/www.nachirobotics.com\/product\/lp130f\/\" target=\"_blank\" rel=\"noopener\">Vair\u0101k inform\u0101cijas<\/a><\/strong><\/p>","protected":false},"featured_media":12716,"template":"","meta":[],"product_cat":[554],"product_tag":[],"class_list":{"0":"post-12985","1":"product","2":"type-product","3":"status-publish","4":"has-post-thumbnail","6":"product_cat-paletavimo-robotai","8":"first","9":"instock","10":"shipping-taxable","11":"product-type-simple"},"_links":{"self":[{"href":"https:\/\/packstera.lt\/lv\/wp-json\/wp\/v2\/product\/12985","targetHints":{"allow":["GET"]}}],"collection":[{"href":"https:\/\/packstera.lt\/lv\/wp-json\/wp\/v2\/product"}],"about":[{"href":"https:\/\/packstera.lt\/lv\/wp-json\/wp\/v2\/types\/product"}],"version-history":[{"count":1,"href":"https:\/\/packstera.lt\/lv\/wp-json\/wp\/v2\/product\/12985\/revisions"}],"predecessor-version":[{"id":14482,"href":"https:\/\/packstera.lt\/lv\/wp-json\/wp\/v2\/product\/12985\/revisions\/14482"}],"wp:featuredmedia":[{"embeddable":true,"href":"https:\/\/packstera.lt\/lv\/wp-json\/wp\/v2\/media\/12716"}],"wp:attachment":[{"href":"https:\/\/packstera.lt\/lv\/wp-json\/wp\/v2\/media?parent=12985"}],"wp:term":[{"taxonomy":"product_cat","embeddable":true,"href":"https:\/\/packstera.lt\/lv\/wp-json\/wp\/v2\/product_cat?post=12985"},{"taxonomy":"product_tag","embeddable":true,"href":"https:\/\/packstera.lt\/lv\/wp-json\/wp\/v2\/product_tag?post=12985"}],"curies":[{"name":"wp","href":"https:\/\/api.w.org\/{rel}","templated":true}]}}