{"id":12987,"date":"2020-07-12T15:24:11","date_gmt":"2020-07-12T12:24:11","guid":{"rendered":"http:\/\/packstera.lt\/p\/mz12\/"},"modified":"2021-08-12T14:02:41","modified_gmt":"2021-08-12T11:02:41","slug":"mz12","status":"publish","type":"product","link":"https:\/\/packstera.lt\/lv\/p\/mz12\/","title":{"rendered":"MZ12"},"content":{"rendered":"<p>Nachi MZ12 robots ietver lielu \u0101trumu, d\u0101snu pie\u013caujamo plaukstas loc\u012btavas griezes momentu, lielu kravnes\u012bbu un bezsaistes rokas dizainu, lai nodro\u0161in\u0101tu jaunu funkcion\u0101l\u0101s veiktsp\u0113jas standartu. MZ12 robots sasniedz izcilu veiktsp\u0113ju ar uzlabotu \u0101trgaitas kust\u012bbu un izcilu pozicion\u0113\u0161anas precizit\u0101ti. Turkl\u0101t t\u0101 nospiedums ir par 17% maz\u0101ks nek\u0101 parastajiem robotiem. Ar atk\u0101rtojam\u012bbu no punkta l\u012bdz punktam \u00b1 0,04\u00a0mm MZ12 nodro\u0161ina 1454\u00a0mm horizont\u0101lu sasniedzam\u012bbu. Pl\u0101n\u0101 pamatne samazina nepiecie\u0161amo gr\u012bdas plat\u012bbu un nodro\u0161ina gr\u012bdas, apgrieztu stiprin\u0101jumu vai sl\u012bpumu, lai v\u0113l vair\u0101k papla\u0161in\u0101tu pielietojuma iesp\u0113jas un samazin\u0101tu darba \u0161\u016bnas izm\u0113ru. Kompakta sviras konstrukcija samazina trauc\u0113jumus ar perif\u0113rijas apr\u012bkojumu un ir ar\u012b sader\u012bga ar IP67. Iek\u0161\u0113j\u0101s gaisa padeves l\u012bnijas un sign\u0101lu kabe\u013ci atbalsta daudzus lietojumus, papildu iek\u0161\u0113jie pneimatiskie v\u0101rsti nov\u0113r\u0161 vajadz\u012bbu p\u0113c pleciem piestiprin\u0101t\u0101m v\u0101rstu paket\u0113m.<\/p>\n<p style=\"text-align: center\"><strong>Skat\u012bt vair\u0101k\u00a0<a href=\"https:\/\/www.nachirobotics.com\/product\/mz12\/https:\/\/www.nachirobotics.com\/product\/mz12\/\" target=\"_blank\" rel=\"noopener\">\u0161eit<\/a>.<\/strong><\/p>","protected":false},"excerpt":{"rendered":"<p>https:\/\/www.youtube.com\/watch?v=lGz5SK1hKWA<\/p>\n<p>&nbsp;<\/p>","protected":false},"featured_media":12703,"template":"","meta":[],"product_cat":[553],"product_tag":[],"class_list":{"0":"post-12987","1":"product","2":"type-product","3":"status-publish","4":"has-post-thumbnail","6":"product_cat-mz-serija","8":"first","9":"instock","10":"shipping-taxable","11":"product-type-simple"},"_links":{"self":[{"href":"https:\/\/packstera.lt\/lv\/wp-json\/wp\/v2\/product\/12987","targetHints":{"allow":["GET"]}}],"collection":[{"href":"https:\/\/packstera.lt\/lv\/wp-json\/wp\/v2\/product"}],"about":[{"href":"https:\/\/packstera.lt\/lv\/wp-json\/wp\/v2\/types\/product"}],"version-history":[{"count":0,"href":"https:\/\/packstera.lt\/lv\/wp-json\/wp\/v2\/product\/12987\/revisions"}],"wp:featuredmedia":[{"embeddable":true,"href":"https:\/\/packstera.lt\/lv\/wp-json\/wp\/v2\/media\/12703"}],"wp:attachment":[{"href":"https:\/\/packstera.lt\/lv\/wp-json\/wp\/v2\/media?parent=12987"}],"wp:term":[{"taxonomy":"product_cat","embeddable":true,"href":"https:\/\/packstera.lt\/lv\/wp-json\/wp\/v2\/product_cat?post=12987"},{"taxonomy":"product_tag","embeddable":true,"href":"https:\/\/packstera.lt\/lv\/wp-json\/wp\/v2\/product_tag?post=12987"}],"curies":[{"name":"wp","href":"https:\/\/api.w.org\/{rel}","templated":true}]}}