{"id":12988,"date":"2020-07-12T15:21:07","date_gmt":"2020-07-12T12:21:07","guid":{"rendered":"http:\/\/packstera.lt\/p\/mz07\/"},"modified":"2021-08-12T14:00:57","modified_gmt":"2021-08-12T11:00:57","slug":"mz07","status":"publish","type":"product","link":"https:\/\/packstera.lt\/lv\/p\/mz07\/","title":{"rendered":"MZ07"},"content":{"rendered":"<p>MZ07 robotu s\u0113rijai ir \u012bpa\u0161i \u0101trgaitas kust\u012bbas iesp\u0113ja ar uzlabot\u0101m caurstr\u0101vas p\u0101rkl\u0101\u0161anas iesp\u0113j\u0101m, lai vienk\u0101r\u0161otu \u0161\u013c\u016bte\u0146u un kabe\u013cu mar\u0161rut\u0113\u0161anu materi\u0101lu apstr\u0101dei, mont\u0101\u017eai, redzei un daudz\u0101m cit\u0101m vajadz\u012bb\u0101m. Ar roku kabe\u013cu pal\u012bdz\u012bbu tiek samazin\u0101ti trauc\u0113jumi un iesp\u0113jam\u0101s aiz\u0137er\u0161an\u0101s ar perif\u0113rijas objektiem j\u016bsu darba \u0161\u016bn\u0101, pal\u012bdzot aizsarg\u0101t pneimatiskos un sign\u0101lu kabe\u013cus no boj\u0101jumiem. MZ07 robots, kas lepojas ar IP67 nov\u0113rt\u0113jumu, ir \u0101tr\u0101kais sav\u0101 klas\u0113 ar nep\u0101rsp\u0113jamu 0,31\u00a0sekundes cikla laiku standartiz\u0113t\u0101 \u0101truma p\u0101rbaud\u0113, p\u0101rsp\u0113jot visus konkurentu robotus. Elast\u012bgie mont\u0101\u017eas risin\u0101jumi \u013cauj MZ07 uzst\u0101d\u012bt uz gr\u012bdas, sienas vai otr\u0101di, lai lab\u0101k atbilstu klientu vajadz\u012bb\u0101m jebkuram konkr\u0113tam lietojumam. Papildus tam, ka MZ07 ir pasaul\u0113 \u0101tr\u0101kais \u0161arn\u012brveida robots, tas pied\u0101v\u0101 sav\u0101 klas\u0113 liel\u0101ko darba aploksni ar 723 mm ar iespaid\u012bgu atk\u0101rtojam\u012bbu \u00b10,02 mm. MZ07L papla\u0161ina izmantojamo darba vietu l\u012bdz 912 mm. MZ07 un MZ07L pied\u0101v\u0101 pilnu 6 asu \u0161arn\u012brsavienojumu, savuk\u0101rt MZ07P un MZ07LP ir \u012bpa\u0161i izstr\u0101d\u0101ti palet\u0113\u0161anas lietojumprogramm\u0101m, kas apr\u012bkotas ar 5 asu dizainu, lai vienk\u0101r\u0161otu m\u0101c\u012b\u0161anas palet\u0113\u0161anas rut\u012bnas, nov\u0113r\u0161ot J4 asi. Papildus Nachi visaptvero\u0161ajam robotu kl\u0101stam, MZ07 balst\u0101s uz lielo lielo kravas robotu mantojumu, nodro\u0161inot \u0101rk\u0101rt\u012bgi daudzpus\u012bgu mazu robotu ar izcil\u0101m iesp\u0113j\u0101m.<\/p>\n<p>Papildus nozar\u0113 vado\u0161aj\u0101m novatoriskaj\u0101m funkcij\u0101m, ko pied\u0101v\u0101 robota roka MZ07, kontroliera izm\u0113rs ir iev\u0113rojami samazin\u0101ts, ievie\u0161ot jauno Nachi Compact-FD (CFD) kontrolieri. Pamatojoties uz t\u0101 r\u016bpniec\u012bb\u0101 p\u0101rbaud\u012bto pilna izm\u0113ra br\u0101li FD11 kontrolieri, datora izm\u0113ra CFD kontrolieris ir apr\u012bkots ar 200-230 V (vienf\u0101zes vai 3 f\u0101zes), IP20 aizsardz\u012bbas l\u012bmeni un jaunu miniat\u016bru m\u0101c\u012bbu piekari\u0146u (miniTP). Samazin\u0101ts izm\u0113rs nav vien\u012bg\u0101 pievilc\u012bg\u0101 CFD kontrollera funkcija, tagad sist\u0113mas dubl\u0113jumkopijas var izveidot tie\u0161i USB datu nes\u0113ju ier\u012bc\u0113s, nodro\u0161inot, ka j\u016bsu ra\u017eo\u0161anas programmas nekad netiks apdraud\u0113tas. Ir pieejams ar\u012b Nachi Smart Teach Pendent (SmartTP), kas nodro\u0161ina pilnkr\u0101su grafisk\u0101 sk\u0101rienekr\u0101na robota vad\u012bbas funkcionalit\u0101ti izcilai lieto\u0161anas vienk\u0101r\u0161\u012bbai. MZ07 robotu sist\u0113mai ir pieejama ar\u012b 120 V vad\u012bbas pakete, kas v\u0113l vair\u0101k papla\u0161ina pielietojuma diapazonu. MZ07 var uzst\u0101d\u012bt jebkur\u0101 viet\u0101, kur varat pievienot pie sienas, padarot to par ide\u0101lu risin\u0101jumu universit\u0101t\u0113m, m\u0101c\u012bbu iest\u0101d\u0113m, p\u0113tniec\u012bbas un att\u012bst\u012bbas laboratorij\u0101m vai ikvienam, kam nav piek\u013cuves komerci\u0101lai jaudai. Lietojumprogrammu iesp\u0113jas ir bezgal\u012bgas, un t\u0101s tiek izmantotas neman\u0101mi, izmantojot uzlabot\u0101s Nachi programmat\u016bras pakotnes, tostarp pale\u0161u novieto\u0161anu, sp\u0113ka noteik\u0161anu, redzes uztver\u0161anu, l\u012bnijas izseko\u0161anas konveijera sinhroniz\u0101ciju, materi\u0101lu apstr\u0101di un daudz ko citu.<\/p>\n<p style=\"text-align: center\"><strong>Skat\u012bt vair\u0101k\u00a0<a href=\"https:\/\/www.nachirobotics.com\/product\/mz07\/\" target=\"_blank\" rel=\"noopener\">\u0161eit<\/a>.<\/strong><\/p>","protected":false},"excerpt":{"rendered":"<p>https:\/\/www.youtube.com\/watch?v=2xsVFmaIo1o<\/p>\n<p>&nbsp;<\/p>","protected":false},"featured_media":12701,"template":"","meta":[],"product_cat":[553],"product_tag":[],"class_list":{"0":"post-12988","1":"product","2":"type-product","3":"status-publish","4":"has-post-thumbnail","6":"product_cat-mz-serija","8":"first","9":"instock","10":"shipping-taxable","11":"product-type-simple"},"_links":{"self":[{"href":"https:\/\/packstera.lt\/lv\/wp-json\/wp\/v2\/product\/12988","targetHints":{"allow":["GET"]}}],"collection":[{"href":"https:\/\/packstera.lt\/lv\/wp-json\/wp\/v2\/product"}],"about":[{"href":"https:\/\/packstera.lt\/lv\/wp-json\/wp\/v2\/types\/product"}],"version-history":[{"count":0,"href":"https:\/\/packstera.lt\/lv\/wp-json\/wp\/v2\/product\/12988\/revisions"}],"wp:featuredmedia":[{"embeddable":true,"href":"https:\/\/packstera.lt\/lv\/wp-json\/wp\/v2\/media\/12701"}],"wp:attachment":[{"href":"https:\/\/packstera.lt\/lv\/wp-json\/wp\/v2\/media?parent=12988"}],"wp:term":[{"taxonomy":"product_cat","embeddable":true,"href":"https:\/\/packstera.lt\/lv\/wp-json\/wp\/v2\/product_cat?post=12988"},{"taxonomy":"product_tag","embeddable":true,"href":"https:\/\/packstera.lt\/lv\/wp-json\/wp\/v2\/product_tag?post=12988"}],"curies":[{"name":"wp","href":"https:\/\/api.w.org\/{rel}","templated":true}]}}