{"id":12989,"date":"2020-07-12T15:10:57","date_gmt":"2020-07-12T12:10:57","guid":{"rendered":"http:\/\/packstera.lt\/p\/mz04\/"},"modified":"2021-08-12T11:36:05","modified_gmt":"2021-08-12T08:36:05","slug":"mz04","status":"publish","type":"product","link":"https:\/\/packstera.lt\/lv\/p\/mz04\/","title":{"rendered":"MZ04"},"content":{"rendered":"<p>Jaunaj\u0101m MZ04 robotu rok\u0101m ir \u012bpa\u0161i \u0101trgaitas kust\u012bbas iesp\u0113ja ar uzlabot\u0101m caurstr\u0101vas p\u0101rkl\u0101\u0161anas iesp\u0113j\u0101m, lai vienk\u0101r\u0161otu \u0161\u013c\u016bte\u0146u un kabe\u013cu mar\u0161rut\u0113\u0161anu materi\u0101lu apstr\u0101dei, mont\u0101\u017eai, redzei un daudz\u0101m cit\u0101m vajadz\u012bb\u0101m. MZ s\u0113rijas roboti, kas lepojas ar pieejamo IP67 v\u0113rt\u0113jumu, ir \u0101tr\u0101kie sav\u0101 klas\u0113 standartiz\u0113taj\u0101 \u0101truma p\u0101rbaud\u0113, p\u0101rsp\u0113jot visus konkurentu robotus. Elast\u012bgie mont\u0101\u017eas risin\u0101jumi \u013cauj MZ s\u0113riju uzst\u0101d\u012bt uz gr\u012bdas, sienas vai otr\u0101di, lai lab\u0101k atbilstu klientu vajadz\u012bb\u0101m jebkuram konkr\u0113tam lietojumam. K\u0101 jaun\u0101kais papildin\u0101jums Nachi visaptvero\u0161aj\u0101 robotu kl\u0101st\u0101, MZ s\u0113rijas roboti balst\u0101s uz lielo kravas robotu mantojumu, nodro\u0161inot \u0101rk\u0101rt\u012bgi daudzpus\u012bgu mazu robotu ar vismodern\u0101kaj\u0101m iesp\u0113j\u0101m.<\/p>\n<p>MZ04E roboti izmanto &quot;Safe Robot&quot; tehnolo\u0123iju un izmanto motorus, kuru jauda nep\u0101rsniedz 80\u00a0w uz katras ass. To var izmantot bez dro\u0161\u012bbas no\u017eogojumiem*, un operatori var str\u0101d\u0101t blakus robotam. (* Nepiecie\u0161ams riska nov\u0113rt\u0113jums) Papildus MZ04E dro\u0161ajam robotam MZ04 robotos ir iek\u013cauta izv\u0113les tie\u0161\u0101s m\u0101c\u012b\u0161anas tehnolo\u0123ija, kas \u013cauj operatoriem fiziski p\u0101rvietot roku, lai m\u0101c\u012btu nepiecie\u0161am\u0101s darb\u012bbas. \u0160\u012b praktisk\u0101 darb\u012bba ar robotu vienk\u0101r\u0161o un iev\u0113rojami sa\u012bsina m\u0101c\u012bbu procesu. MZ04 robota nospiedums ir vien\u0101ds ar A5 pap\u012bra loksni, un tas sver maz\u0101k nek\u0101 62 m\u0101rci\u0146as, kas ir izstr\u0101d\u0101ts \u012bpa\u0161i kompakts ar minim\u0101lu uzst\u0101d\u012b\u0161anas vietu, ietver netradicion\u0101las izk\u0101rtojuma iesp\u0113jas; griestu stiprin\u0101jums, stiprin\u0101jums pie sienas un sl\u012bpas pozas.<\/p>\n<p>Papildus nozar\u0113 vado\u0161aj\u0101m novatoriskaj\u0101m funkcij\u0101m, ko pied\u0101v\u0101 MZ s\u0113rijas robotu rokas, kontroliera izm\u0113rs ir iev\u0113rojami samazin\u0101ts, ievie\u0161ot jauno Nachi Compact-FD (CFD) kontrolieri. Pamatojoties uz t\u0101 r\u016bpniec\u012bb\u0101 p\u0101rbaud\u012bto pilna izm\u0113ra br\u0101li FD11 kontrolieri, datora izm\u0113ra CFD kontrolieris ir apr\u012bkots ar 200-230 V (vienf\u0101zes vai 3 f\u0101zes), IP20 aizsardz\u012bbas l\u012bmeni un jaunu miniat\u016bru m\u0101c\u012bbu piekari\u0146u (miniTP). Papildus ergonomiskajam izm\u0113ram, ko pied\u0101v\u0101 CFD kontrolleris, sist\u0113mas dubl\u0113jumkopijas tagad var izveidot tie\u0161i USB datu nes\u0113ju ier\u012bc\u0113s, nodro\u0161inot, ka j\u016bsu ra\u017eo\u0161anas programmas nekad netiks apdraud\u0113tas. Ir pieejams ar\u012b Nachi Smart Teach Pendent (SmartTP), kas nodro\u0161ina pilnkr\u0101su grafisk\u0101 sk\u0101rienekr\u0101na robota vad\u012bbas funkcionalit\u0101ti izcilai lieto\u0161anas vienk\u0101r\u0161\u012bbai. MZ s\u0113rijas robotiem ir pieejama ar\u012b 120 V vad\u012bbas pakete, kas v\u0113l vair\u0101k papla\u0161ina lietojumu kl\u0101stu. MZ s\u0113rijas robotus var uzst\u0101d\u012bt jebkur\u0101 viet\u0101, kur var piesl\u0113gt pie sienas, padarot to par ide\u0101lu risin\u0101jumu universit\u0101t\u0113m, m\u0101c\u012bbu iest\u0101d\u0113m, p\u0113tniec\u012bbas un att\u012bst\u012bbas laboratorij\u0101m vai ikvienam, kam nav piek\u013cuves komerci\u0101lai jaudai. Lietojumprogrammu iesp\u0113jas ir bezgal\u012bgas, un t\u0101s tiek izmantotas neman\u0101mi, izmantojot uzlabot\u0101s Nachi programmat\u016bras pakotnes, tostarp pale\u0161u novieto\u0161anu, sp\u0113ka noteik\u0161anu, redzes uztver\u0161anu, l\u012bnijas izseko\u0161anas konveijera sinhroniz\u0101ciju, materi\u0101lu apstr\u0101di un daudz ko citu.<\/p>\n<p style=\"text-align: center\"><strong>Skat\u012bt vair\u0101k\u00a0<a href=\"https:\/\/www.nachirobotics.com\/product\/mz04\/\" target=\"_blank\" rel=\"noopener\">\u0161eit<\/a>.<\/strong><\/p>","protected":false},"excerpt":{"rendered":"<p>https:\/\/youtu.be\/V1yxxaxrCVM?t=15<\/p>\n<p>&nbsp;<\/p>","protected":false},"featured_media":12699,"template":"","meta":[],"product_cat":[553],"product_tag":[],"class_list":{"0":"post-12989","1":"product","2":"type-product","3":"status-publish","4":"has-post-thumbnail","6":"product_cat-mz-serija","8":"first","9":"instock","10":"shipping-taxable","11":"product-type-simple"},"_links":{"self":[{"href":"https:\/\/packstera.lt\/lv\/wp-json\/wp\/v2\/product\/12989","targetHints":{"allow":["GET"]}}],"collection":[{"href":"https:\/\/packstera.lt\/lv\/wp-json\/wp\/v2\/product"}],"about":[{"href":"https:\/\/packstera.lt\/lv\/wp-json\/wp\/v2\/types\/product"}],"version-history":[{"count":1,"href":"https:\/\/packstera.lt\/lv\/wp-json\/wp\/v2\/product\/12989\/revisions"}],"predecessor-version":[{"id":13308,"href":"https:\/\/packstera.lt\/lv\/wp-json\/wp\/v2\/product\/12989\/revisions\/13308"}],"wp:featuredmedia":[{"embeddable":true,"href":"https:\/\/packstera.lt\/lv\/wp-json\/wp\/v2\/media\/12699"}],"wp:attachment":[{"href":"https:\/\/packstera.lt\/lv\/wp-json\/wp\/v2\/media?parent=12989"}],"wp:term":[{"taxonomy":"product_cat","embeddable":true,"href":"https:\/\/packstera.lt\/lv\/wp-json\/wp\/v2\/product_cat?post=12989"},{"taxonomy":"product_tag","embeddable":true,"href":"https:\/\/packstera.lt\/lv\/wp-json\/wp\/v2\/product_tag?post=12989"}],"curies":[{"name":"wp","href":"https:\/\/api.w.org\/{rel}","templated":true}]}}