{"id":12990,"date":"2020-06-30T11:18:01","date_gmt":"2020-06-30T08:18:01","guid":{"rendered":"http:\/\/packstera.lt\/p\/safety\/"},"modified":"2025-03-18T15:42:44","modified_gmt":"2025-03-18T13:42:44","slug":"nosakami-drosibas-produkti","status":"publish","type":"product","link":"https:\/\/packstera.lt\/lv\/p\/detektuojami-saugos-produktai\/","title":{"rendered":"Nosak\u0101mi dro\u0161\u012bbas produkti"},"content":{"rendered":"<p data-start=\"0\" data-end=\"361\">Nosak\u0101mi dro\u0161\u012bbas produkti ir izstr\u0101d\u0101ti, lai nodro\u0161in\u0101tu augst\u0101kos dro\u0161\u012bbas standartus p\u0101rtikas r\u016bpniec\u012bb\u0101 un cit\u0101s jom\u0101s, kur ir b\u016btiski nov\u0113rst produktu pies\u0101r\u0146ojumu. \u0160ie izstr\u0101d\u0101jumi ir izgatavoti no \u012bpa\u0161iem materi\u0101liem, kas \u013cauj tos noteikt ar met\u0101la detektoriem un rentgena apar\u0101tiem, t\u0101d\u0113j\u0101di samazinot sve\u0161\u0137erme\u0146u iek\u013c\u016b\u0161anas risku galaprodukt\u0101.<\/p>\n<p data-start=\"363\" data-end=\"387\"><strong data-start=\"363\" data-end=\"387\">Galven\u0101s iez\u012bmes:<\/strong><\/p>\n<ul data-start=\"389\" data-end=\"756\">\n<li data-start=\"389\" data-end=\"583\">\n<p data-start=\"391\" data-end=\"583\"><strong data-start=\"391\" data-end=\"411\">Nosak\u0101m\u012bba:<\/strong> Produkti ir izstr\u0101d\u0101ti t\u0101, lai tos var\u0113tu viegli noteikt ar standarta met\u0101la detektoriem un rentgena apar\u0101tiem, nodro\u0161inot \u0101tru un efekt\u012bvu sve\u0161\u0137erme\u0146u identific\u0113\u0161anu.<\/p>\n<\/li>\n<li data-start=\"585\" data-end=\"756\">\n<p data-start=\"587\" data-end=\"756\"><strong data-start=\"587\" data-end=\"612\">Kvalitat\u012bvi materi\u0101li:<\/strong> Izmantotie materi\u0101li atbilst stingr\u0101m higi\u0113nas un dro\u0161\u012bbas pras\u012bb\u0101m, ir iztur\u012bgi un ilgm\u016b\u017e\u012bgi, k\u0101 ar\u012b piem\u0113roti izmanto\u0161anai da\u017e\u0101d\u0101s nozar\u0113s.<\/p>\n<\/li>\n<\/ul>\n<p data-start=\"758\" data-end=\"784\"><strong data-start=\"758\" data-end=\"784\">Produktu kl\u0101sts:<\/strong><\/p>\n<ul data-start=\"786\" data-end=\"1300\">\n<li data-start=\"786\" data-end=\"956\">\n<p data-start=\"788\" data-end=\"956\"><strong data-start=\"788\" data-end=\"819\">Nosak\u0101mi ausu aizb\u0101\u017e\u0146i:<\/strong> Izstr\u0101d\u0101ts no nosak\u0101miem materi\u0101liem, lai aizsarg\u0101tu darbinieku dzirdi un nodro\u0161in\u0101tu, ka kontaktdak\u0161as pazaud\u0113\u0161anas gad\u012bjum\u0101 tas ir viegli atrodams.<\/p>\n<\/li>\n<li data-start=\"958\" data-end=\"1148\">\n<p data-start=\"960\" data-end=\"1148\"><strong data-start=\"960\" data-end=\"987\">Nosak\u0101mi p\u0101rs\u0113ji:<\/strong> Zilas p\u0101rs\u0113js ar met\u0101la elementu, kas \u013cauj tos noteikt ar met\u0101la detektoriem, nodro\u0161ina \u0101tru atpaz\u012b\u0161anu, ja p\u0101rs\u0113js nok\u013c\u016bst izstr\u0101d\u0101jum\u0101.<\/p>\n<\/li>\n<li data-start=\"1150\" data-end=\"1300\">\n<p data-start=\"1152\" data-end=\"1300\"><strong data-start=\"1152\" data-end=\"1179\">Nosak\u0101mas pildspalvas:<\/strong> Izgatavotas no nosak\u0101miem materi\u0101liem, \u0161\u012bs pildspalvas samazina risku, ka to da\u013cas var iek\u013c\u016bt izstr\u0101d\u0101jumos un izrais\u012bt pies\u0101r\u0146ojumu.<\/p>\n<\/li>\n<\/ul>\n<p data-start=\"1302\" data-end=\"1312\"><strong data-start=\"1302\" data-end=\"1312\">Ieguvums:<\/strong><\/p>\n<ul data-start=\"1314\" data-end=\"1746\">\n<li data-start=\"1314\" data-end=\"1467\">\n<p data-start=\"1316\" data-end=\"1467\"><strong data-start=\"1316\" data-end=\"1347\">Samazin\u0101ts infic\u0113\u0161an\u0101s risks:<\/strong> Nosak\u0101m\u012bba samazina sve\u0161\u0137erme\u0146u, piem\u0113ram, pazaud\u0113tu ausu aizb\u0101\u017e\u0146u vai p\u0101rs\u0113ju, iek\u013c\u016b\u0161anas risku produktos.<\/p>\n<\/li>\n<li data-start=\"1469\" data-end=\"1612\">\n<p data-start=\"1471\" data-end=\"1612\"><strong data-start=\"1471\" data-end=\"1497\">Atbilst\u012bba standartiem:<\/strong> Produkti atbilst starptautiskajiem p\u0101rtikas dro\u0161\u012bbas standartiem, piem\u0113ram, HACCP, nodro\u0161inot visaugst\u0101ko dro\u0161\u012bbas l\u012bmeni.<\/p>\n<\/li>\n<li data-start=\"1614\" data-end=\"1746\">\n<p data-start=\"1616\" data-end=\"1746\"><strong data-start=\"1616\" data-end=\"1637\">Darbinieku dro\u0161\u012bba:<\/strong> Izmantojot nosak\u0101mus dro\u0161\u012bbas l\u012bdzek\u013cus, tiek nodro\u0161in\u0101ta ne tikai produktu dro\u0161\u012bba, bet ar\u012b darbinieku dro\u0161\u012bba un vesel\u012bba.<\/p>\n<\/li>\n<\/ul>\n<p data-start=\"1748\" data-end=\"1984\">Ieguldot nosak\u0101mos dro\u0161\u012bbas produktos, uz\u0146\u0113mumi var uzlabot savu produktu dro\u0161\u012bbu, uzlabot ra\u017eo\u0161anas procesu efektivit\u0101ti un nodro\u0161in\u0101t atbilst\u012bbu stingriem nozares standartiem, t\u0101d\u0113j\u0101di palielinot klientu uztic\u012bbu un lojalit\u0101ti.<\/p>\n<p style=\"text-align: center;\"><strong><\/p>\n<p>J\u016bs varat atrast produktu katalogu\u00a0 <a href=\"https:\/\/www.bst-detectable.com\/safety.html\" target=\"_blank\" rel=\"noopener\">\u0161eit<\/a>.<\/strong><\/p>\n<div id=\"gtx-trans\" style=\"position: absolute; left: 106px; top: 647px;\">\n<div class=\"gtx-trans-icon\"><\/div>\n<\/div>","protected":false},"excerpt":{"rendered":"<p>Nosak\u0101mi dro\u0161\u012bbas produkti ir izstr\u0101d\u0101ti, lai nodro\u0161in\u0101tu augst\u0101kos dro\u0161\u012bbas standartus p\u0101rtikas r\u016bpniec\u012bb\u0101 un cit\u0101s jom\u0101s, kur ir b\u016btiski nov\u0113rst produktu pies\u0101r\u0146ojumu. \u0160ie izstr\u0101d\u0101jumi ir izgatavoti no \u012bpa\u0161iem materi\u0101liem, kas \u013cauj tos noteikt ar met\u0101la detektoriem un rentgena apar\u0101tiem, t\u0101d\u0113j\u0101di samazinot sve\u0161\u0137erme\u0146u iek\u013c\u016b\u0161anas risku galaprodukt\u0101.<strong><\/p>\n<p>J\u016bs varat atrast produktu katalogu\u00a0 <a href=\"https:\/\/www.bst-detectable.com\/safety.html\" target=\"_blank\" rel=\"noopener\">\u0161eit<\/a>.<\/strong><\/p>\n<div id=\"gtx-trans\" style=\"position: absolute; left: -80px; top: 63px;\">\n<div class=\"gtx-trans-icon\"><\/div>\n<\/div>","protected":false},"featured_media":17312,"template":"","meta":[],"product_cat":[596],"product_tag":[],"class_list":{"0":"post-12990","1":"product","2":"type-product","3":"status-publish","4":"has-post-thumbnail","6":"product_cat-detektoriais-aptinkamos-priemones","8":"first","9":"instock","10":"shipping-taxable","11":"product-type-simple"},"_links":{"self":[{"href":"https:\/\/packstera.lt\/lv\/wp-json\/wp\/v2\/product\/12990","targetHints":{"allow":["GET"]}}],"collection":[{"href":"https:\/\/packstera.lt\/lv\/wp-json\/wp\/v2\/product"}],"about":[{"href":"https:\/\/packstera.lt\/lv\/wp-json\/wp\/v2\/types\/product"}],"version-history":[{"count":2,"href":"https:\/\/packstera.lt\/lv\/wp-json\/wp\/v2\/product\/12990\/revisions"}],"predecessor-version":[{"id":17315,"href":"https:\/\/packstera.lt\/lv\/wp-json\/wp\/v2\/product\/12990\/revisions\/17315"}],"wp:featuredmedia":[{"embeddable":true,"href":"https:\/\/packstera.lt\/lv\/wp-json\/wp\/v2\/media\/17312"}],"wp:attachment":[{"href":"https:\/\/packstera.lt\/lv\/wp-json\/wp\/v2\/media?parent=12990"}],"wp:term":[{"taxonomy":"product_cat","embeddable":true,"href":"https:\/\/packstera.lt\/lv\/wp-json\/wp\/v2\/product_cat?post=12990"},{"taxonomy":"product_tag","embeddable":true,"href":"https:\/\/packstera.lt\/lv\/wp-json\/wp\/v2\/product_tag?post=12990"}],"curies":[{"name":"wp","href":"https:\/\/api.w.org\/{rel}","templated":true}]}}