{"id":12991,"date":"2020-06-30T11:15:32","date_gmt":"2020-06-30T08:15:32","guid":{"rendered":"http:\/\/packstera.lt\/p\/engineering\/"},"modified":"2025-03-18T15:27:41","modified_gmt":"2025-03-18T13:27:41","slug":"nosakami-inzeniertehniskie-produkti","status":"publish","type":"product","link":"https:\/\/packstera.lt\/lv\/p\/detektuojami-inzineriniai-produktai\/","title":{"rendered":"Nosak\u0101mi in\u017eeniertehniskie produkti"},"content":{"rendered":"<p data-start=\"0\" data-end=\"379\">Nosak\u0101mi in\u017eenierijas produkti ir izstr\u0101d\u0101ti, lai nodro\u0161in\u0101tu visaugst\u0101kos dro\u0161\u012bbas un kvalit\u0101tes standartus p\u0101rtikas r\u016bpniec\u012bb\u0101 un cit\u0101s jom\u0101s, kur ir b\u016btiski izvair\u012bties no produktu pies\u0101r\u0146ojuma. \u0160ie izstr\u0101d\u0101jumi ir izgatavoti no \u012bpa\u0161iem materi\u0101liem, kas \u013cauj tos noteikt ar met\u0101la detektoriem un rentgena apar\u0101tiem, t\u0101d\u0113j\u0101di samazinot sve\u0161\u0137erme\u0146u iek\u013c\u016b\u0161anas risku galaprodukt\u0101.<\/p>\n<p data-start=\"381\" data-end=\"405\"><strong data-start=\"381\" data-end=\"405\">Galven\u0101s iez\u012bmes:<\/strong><\/p>\n<ul data-start=\"407\" data-end=\"774\">\n<li data-start=\"407\" data-end=\"601\">\n<p data-start=\"409\" data-end=\"601\"><strong data-start=\"409\" data-end=\"429\">Nosak\u0101m\u012bba:<\/strong> Produkti ir izstr\u0101d\u0101ti t\u0101, lai tos var\u0113tu viegli noteikt ar standarta met\u0101la detektoriem un rentgena apar\u0101tiem, nodro\u0161inot \u0101tru un efekt\u012bvu sve\u0161\u0137erme\u0146u identific\u0113\u0161anu.<\/p>\n<\/li>\n<li data-start=\"603\" data-end=\"774\">\n<p data-start=\"605\" data-end=\"774\"><strong data-start=\"605\" data-end=\"630\">Kvalitat\u012bvi materi\u0101li:<\/strong> Izmantotie materi\u0101li atbilst stingr\u0101m higi\u0113nas un dro\u0161\u012bbas pras\u012bb\u0101m, ir iztur\u012bgi un ilgm\u016b\u017e\u012bgi, k\u0101 ar\u012b piem\u0113roti izmanto\u0161anai da\u017e\u0101d\u0101s nozar\u0113s.<\/p>\n<\/li>\n<\/ul>\n<p data-start=\"776\" data-end=\"802\"><strong data-start=\"776\" data-end=\"802\">Produktu kl\u0101sts:<\/strong><\/p>\n<ul data-start=\"804\" data-end=\"1122\">\n<li data-start=\"804\" data-end=\"973\">\n<p data-start=\"806\" data-end=\"973\"><strong data-start=\"806\" data-end=\"835\">Nosak\u0101m\u0101s sast\u0101vda\u013cas:<\/strong> bl\u012bves, bl\u012bves, gult\u0146i un citi in\u017eeniertehniskie komponenti izmanto\u0161anai ier\u012bc\u0113s, kur\u0101s ir svar\u012bga nosak\u0101m\u012bba.<\/p>\n<\/li>\n<li data-start=\"975\" data-end=\"1122\">\n<p data-start=\"977\" data-end=\"1122\"><strong data-start=\"977\" data-end=\"1003\">Piel\u0101gojami risin\u0101jumi:<\/strong> sp\u0113ja izveidot atsevi\u0161\u0137us nosak\u0101mus komponentus atbilsto\u0161i konkr\u0113t\u0101m klientu vajadz\u012bb\u0101m un tehniskaj\u0101m pras\u012bb\u0101m.<\/p>\n<\/li>\n<\/ul>\n<p data-start=\"1124\" data-end=\"1134\"><strong data-start=\"1124\" data-end=\"1134\">Ieguvums:<\/strong><\/p>\n<ul data-start=\"1136\" data-end=\"1598\">\n<li data-start=\"1136\" data-end=\"1282\">\n<p data-start=\"1138\" data-end=\"1282\"><strong data-start=\"1138\" data-end=\"1169\">Samazin\u0101ts infic\u0113\u0161an\u0101s risks:<\/strong> Nosak\u0101m\u012bba samazina sve\u0161\u0137erme\u0146u, piem\u0113ram, salauztu deta\u013cu fragmentu, iek\u013c\u016b\u0161anas risku produktos.<\/p>\n<\/li>\n<li data-start=\"1284\" data-end=\"1427\">\n<p data-start=\"1286\" data-end=\"1427\"><strong data-start=\"1286\" data-end=\"1312\">Atbilst\u012bba standartiem:<\/strong> Produkti atbilst starptautiskajiem p\u0101rtikas dro\u0161\u012bbas standartiem, piem\u0113ram, HACCP, nodro\u0161inot visaugst\u0101ko dro\u0161\u012bbas l\u012bmeni.<\/p>\n<\/li>\n<li data-start=\"1429\" data-end=\"1598\">\n<p data-start=\"1431\" data-end=\"1598\"><strong data-start=\"1431\" data-end=\"1447\">Uzticam\u012bba:<\/strong> Izmantojot nosak\u0101mus in\u017eenierijas produktus, tiek nodro\u0161in\u0101ts nep\u0101rtraukts ra\u017eo\u0161anas process un samazin\u0101ts d\u012bkst\u0101ves laiks iesp\u0113jamo pies\u0101r\u0146ojuma gad\u012bjumu d\u0113\u013c.<\/p>\n<\/li>\n<\/ul>\n<p data-start=\"1600\" data-end=\"1842\">Ieguldot nosak\u0101mos in\u017eenierijas produktos, uz\u0146\u0113mumi var uzlabot savu produktu dro\u0161\u012bbu, uzlabot ra\u017eo\u0161anas procesu efektivit\u0101ti un nodro\u0161in\u0101t atbilst\u012bbu stingriem nozares standartiem, t\u0101d\u0113j\u0101di palielinot klientu uztic\u012bbu un lojalit\u0101ti.<\/p>\n<p style=\"text-align: center;\"><strong>J\u016bs varat atrast produktu katalogu\u00a0 <a href=\"https:\/\/www.bst-detectable.com\/engineering.html\" target=\"_blank\" rel=\"noopener\">\u0161eit<\/a>.<\/strong><\/p>","protected":false},"excerpt":{"rendered":"<p>Nosak\u0101mi in\u017eenierijas produkti ir izstr\u0101d\u0101ti, lai nodro\u0161in\u0101tu visaugst\u0101kos dro\u0161\u012bbas un kvalit\u0101tes standartus p\u0101rtikas r\u016bpniec\u012bb\u0101 un cit\u0101s jom\u0101s, kur ir b\u016btiski izvair\u012bties no produktu pies\u0101r\u0146ojuma. \u0160ie izstr\u0101d\u0101jumi ir izgatavoti no \u012bpa\u0161iem materi\u0101liem, kas \u013cauj tos noteikt ar met\u0101la detektoriem un rentgena apar\u0101tiem, t\u0101d\u0113j\u0101di samazinot sve\u0161\u0137erme\u0146u iek\u013c\u016b\u0161anas risku galaprodukt\u0101.<\/p>\n<p><strong>J\u016bs varat atrast produktu katalogu\u00a0 <a href=\"https:\/\/www.bst-detectable.com\/engineering.html\" target=\"_blank\" rel=\"noopener\">\u0161eit<\/a>.<\/strong><\/p>","protected":false},"featured_media":17306,"template":"","meta":[],"product_cat":[596],"product_tag":[],"class_list":{"0":"post-12991","1":"product","2":"type-product","3":"status-publish","4":"has-post-thumbnail","6":"product_cat-detektoriais-aptinkamos-priemones","8":"first","9":"instock","10":"shipping-taxable","11":"product-type-simple"},"_links":{"self":[{"href":"https:\/\/packstera.lt\/lv\/wp-json\/wp\/v2\/product\/12991","targetHints":{"allow":["GET"]}}],"collection":[{"href":"https:\/\/packstera.lt\/lv\/wp-json\/wp\/v2\/product"}],"about":[{"href":"https:\/\/packstera.lt\/lv\/wp-json\/wp\/v2\/types\/product"}],"version-history":[{"count":4,"href":"https:\/\/packstera.lt\/lv\/wp-json\/wp\/v2\/product\/12991\/revisions"}],"predecessor-version":[{"id":17310,"href":"https:\/\/packstera.lt\/lv\/wp-json\/wp\/v2\/product\/12991\/revisions\/17310"}],"wp:featuredmedia":[{"embeddable":true,"href":"https:\/\/packstera.lt\/lv\/wp-json\/wp\/v2\/media\/17306"}],"wp:attachment":[{"href":"https:\/\/packstera.lt\/lv\/wp-json\/wp\/v2\/media?parent=12991"}],"wp:term":[{"taxonomy":"product_cat","embeddable":true,"href":"https:\/\/packstera.lt\/lv\/wp-json\/wp\/v2\/product_cat?post=12991"},{"taxonomy":"product_tag","embeddable":true,"href":"https:\/\/packstera.lt\/lv\/wp-json\/wp\/v2\/product_tag?post=12991"}],"curies":[{"name":"wp","href":"https:\/\/api.w.org\/{rel}","templated":true}]}}