{"id":12992,"date":"2020-06-30T11:13:16","date_gmt":"2020-06-30T08:13:16","guid":{"rendered":"http:\/\/packstera.lt\/p\/hygiene\/"},"modified":"2025-03-18T15:22:28","modified_gmt":"2025-03-18T13:22:28","slug":"tiek-atklati-tirisanas-un-higienas-piederumi","status":"publish","type":"product","link":"https:\/\/packstera.lt\/lv\/p\/detektuojami-valymo-ir-higienos-reikmenys\/","title":{"rendered":"Nosak\u0101mi t\u012br\u012b\u0161anas un higi\u0113nas piederumi"},"content":{"rendered":"<p data-start=\"0\" data-end=\"431\">Nosak\u0101mi t\u012br\u012b\u0161anas un higi\u0113nas piederumi ir \u012bpa\u0161i izstr\u0101d\u0101ti, lai tos var\u0113tu noteikt ar met\u0101la detektoriem un rentgena apar\u0101tiem, lai nodro\u0161in\u0101tu augst\u0101kos dro\u0161\u012bbas un higi\u0113nas standartus p\u0101rtikas r\u016bpniec\u012bb\u0101 un cit\u0101s jom\u0101s, kur nepiecie\u0161ams nov\u0113rst iesp\u0113jamo produktu pies\u0101r\u0146ojumu. \u0160ie piederumi pal\u012bdz efekt\u012bvi p\u0101rvald\u012bt riskus, kas saist\u012bti ar sve\u0161\u0137erme\u0146u iek\u013c\u016b\u0161anu produktos, un atbilst stingr\u0101m higi\u0113nas pras\u012bb\u0101m.<\/p>\n<p data-start=\"433\" data-end=\"498\"><strong data-start=\"433\" data-end=\"498\">Nosak\u0101mo t\u012br\u012b\u0161anas un higi\u0113nas l\u012bdzek\u013cu galven\u0101s iez\u012bmes:<\/strong><\/p>\n<ul data-start=\"500\" data-end=\"977\">\n<li data-start=\"500\" data-end=\"635\">\n<p data-start=\"502\" data-end=\"635\"><strong data-start=\"502\" data-end=\"516\">Materi\u0101li:<\/strong> Izgatavots no \u012bpa\u0161iem materi\u0101liem, kas \u013cauj tos noteikt ar standarta met\u0101la detektoriem un rentgena apar\u0101tiem.<\/p>\n<\/li>\n<li data-start=\"637\" data-end=\"786\">\n<p data-start=\"639\" data-end=\"786\"><strong data-start=\"639\" data-end=\"660\">Kr\u0101su kod\u0113\u0161ana:<\/strong> Spilgtas kr\u0101sas, piem\u0113ram, zilas, bie\u017ei tiek izmantotas, lai viegli vizu\u0101li identific\u0113tu un at\u0161\u0137irtu no citiem r\u012bkiem.<\/p>\n<\/li>\n<li data-start=\"788\" data-end=\"977\">\n<p data-start=\"790\" data-end=\"977\"><strong data-start=\"790\" data-end=\"820\">Sertifik\u0101cija un atbilst\u012bba:<\/strong> Atbilst starptautiskajiem p\u0101rtikas dro\u0161\u012bbas standartiem, piem\u0113ram, HACCP, un ir nepiecie\u0161amie sertifik\u0101ti, kas apliecina to piem\u0113rot\u012bbu izmanto\u0161anai p\u0101rtikas r\u016bpniec\u012bb\u0101.<\/p>\n<\/li>\n<\/ul>\n<p data-start=\"979\" data-end=\"1005\"><strong data-start=\"979\" data-end=\"1005\">Produktu kl\u0101sts:<\/strong><\/p>\n<p data-start=\"1007\" data-end=\"1081\">Atkl\u0101to t\u012br\u012b\u0161anas un higi\u0113nas l\u012bdzek\u013cu kl\u0101sts ir pla\u0161s un ietver:<\/p>\n<ul data-start=\"1083\" data-end=\"1469\">\n<li data-start=\"1083\" data-end=\"1200\">\n<p data-start=\"1085\" data-end=\"1200\"><strong data-start=\"1085\" data-end=\"1105\">T\u012br\u012b\u0161anas instrumenti:<\/strong> slotas, otas, skr\u0101pji, l\u0101psti\u0146as un citi instrumenti efekt\u012bvai virsmu t\u012br\u012b\u0161anai.<\/p>\n<\/li>\n<li data-start=\"1202\" data-end=\"1323\">\n<p data-start=\"1204\" data-end=\"1323\"><strong data-start=\"1204\" data-end=\"1227\">Higi\u0113nas preces:<\/strong> spai\u0146us, kausi\u0146us, m\u0113rgl\u0101zes un citus produktus, ko izmanto ikdienas higi\u0113nas proced\u016br\u0101s.<\/p>\n<\/li>\n<li data-start=\"1325\" data-end=\"1469\">\n<p data-start=\"1327\" data-end=\"1469\"><strong data-start=\"1327\" data-end=\"1350\">Uzglab\u0101\u0161anas risin\u0101jumi:<\/strong> sienas kron\u0161teini un citi piederumi, kas pal\u012bdz sak\u0101rtot instrumentus un nodro\u0161ina to higi\u0113nisku uzglab\u0101\u0161anu.<\/p>\n<\/li>\n<\/ul>\n<p data-start=\"1471\" data-end=\"1515\"><strong data-start=\"1471\" data-end=\"1515\">Nosak\u0101mu piederumu izmanto\u0161anas priek\u0161roc\u012bbas:<\/strong><\/p>\n<ul data-start=\"1517\" data-end=\"1916\">\n<li data-start=\"1517\" data-end=\"1655\">\n<p data-start=\"1519\" data-end=\"1655\"><strong data-start=\"1519\" data-end=\"1548\">Zem\u0101ks pies\u0101r\u0146ojuma risks:<\/strong> Izsekojam\u012bba samazina sve\u0161\u0137erme\u0146u, piem\u0113ram, salauztu instrumentu fragmentu, iek\u013c\u016b\u0161anas risku produktos.<\/p>\n<\/li>\n<li data-start=\"1657\" data-end=\"1787\">\n<p data-start=\"1659\" data-end=\"1787\"><strong data-start=\"1659\" data-end=\"1685\">Atbilst\u012bba standartiem:<\/strong> Nodro\u0161ina stingru p\u0101rtikas dro\u0161\u012bbas un higi\u0113nas standartu iev\u0113ro\u0161anu, kas ir b\u016btiski p\u0101rtikas r\u016bpniec\u012bb\u0101.<\/p>\n<\/li>\n<li data-start=\"1789\" data-end=\"1916\">\n<p data-start=\"1791\" data-end=\"1916\"><strong data-start=\"1791\" data-end=\"1807\">Efektivit\u0101te:<\/strong> Pal\u012bdz \u0101tri identific\u0113t un no\u0146emt iesp\u0113jamos pies\u0101r\u0146ot\u0101jus, t\u0101d\u0113j\u0101di nodro\u0161inot nep\u0101rtrauktu ra\u017eo\u0161anas procesu.<\/p>\n<\/li>\n<\/ul>\n<p data-start=\"1918\" data-end=\"2163\">Ieguldot nosak\u0101mos t\u012br\u012b\u0161anas un higi\u0113nas l\u012bdzek\u013cos, uz\u0146\u0113mumi var uzlabot savu produktu dro\u0161\u012bbu, uzlabot higi\u0113nas praksi un samazin\u0101t iesp\u0113jamo negad\u012bjumu risku, galu gal\u0101 veicinot lab\u0101ku reput\u0101ciju un klientu uztic\u0113\u0161anos.<\/p>\n<p><strong><\/p>\n<p>J\u016bs varat atrast produktu katalogu <a href=\"https:\/\/packstera.lt\/wp-content\/uploads\/2025\/03\/CATALOGO-HIGIENE-2024.es_.lt_.pdf\">\u0161eit.<\/a><\/strong><\/p>\n<div id=\"gtx-trans\" style=\"position: absolute; left: -138px; top: 1px;\">\n<div class=\"gtx-trans-icon\"><\/div>\n<\/div>","protected":false},"excerpt":{"rendered":"<p>Nosak\u0101mi t\u012br\u012b\u0161anas un higi\u0113nas piederumi ir \u012bpa\u0161i izstr\u0101d\u0101ti, lai tos var\u0113tu noteikt ar met\u0101la detektoriem un rentgena apar\u0101tiem, lai nodro\u0161in\u0101tu augst\u0101kos dro\u0161\u012bbas un higi\u0113nas standartus p\u0101rtikas r\u016bpniec\u012bb\u0101 un cit\u0101s jom\u0101s, kur nepiecie\u0161ams nov\u0113rst iesp\u0113jamo produktu pies\u0101r\u0146ojumu. \u0160ie piederumi pal\u012bdz efekt\u012bvi p\u0101rvald\u012bt riskus, kas saist\u012bti ar sve\u0161\u0137erme\u0146u iek\u013c\u016b\u0161anu produktos, un atbilst stingr\u0101m higi\u0113nas pras\u012bb\u0101m.<strong><\/p>\n<p>J\u016bs varat atrast produktu katalogu <a href=\"https:\/\/packstera.lt\/wp-content\/uploads\/2025\/03\/CATALOGO-HIGIENE-2024.es_.lt_.pdf\">\u0161eit.<\/a><\/strong><\/p>\n<div id=\"gtx-trans\" style=\"position: absolute; left: -175px; top: -9px;\">\n<div class=\"gtx-trans-icon\"><\/div>\n<\/div>","protected":false},"featured_media":17304,"template":"","meta":[],"product_cat":[596],"product_tag":[],"class_list":{"0":"post-12992","1":"product","2":"type-product","3":"status-publish","4":"has-post-thumbnail","6":"product_cat-detektoriais-aptinkamos-priemones","8":"first","9":"instock","10":"shipping-taxable","11":"product-type-simple"},"_links":{"self":[{"href":"https:\/\/packstera.lt\/lv\/wp-json\/wp\/v2\/product\/12992","targetHints":{"allow":["GET"]}}],"collection":[{"href":"https:\/\/packstera.lt\/lv\/wp-json\/wp\/v2\/product"}],"about":[{"href":"https:\/\/packstera.lt\/lv\/wp-json\/wp\/v2\/types\/product"}],"version-history":[{"count":4,"href":"https:\/\/packstera.lt\/lv\/wp-json\/wp\/v2\/product\/12992\/revisions"}],"predecessor-version":[{"id":17305,"href":"https:\/\/packstera.lt\/lv\/wp-json\/wp\/v2\/product\/12992\/revisions\/17305"}],"wp:featuredmedia":[{"embeddable":true,"href":"https:\/\/packstera.lt\/lv\/wp-json\/wp\/v2\/media\/17304"}],"wp:attachment":[{"href":"https:\/\/packstera.lt\/lv\/wp-json\/wp\/v2\/media?parent=12992"}],"wp:term":[{"taxonomy":"product_cat","embeddable":true,"href":"https:\/\/packstera.lt\/lv\/wp-json\/wp\/v2\/product_cat?post=12992"},{"taxonomy":"product_tag","embeddable":true,"href":"https:\/\/packstera.lt\/lv\/wp-json\/wp\/v2\/product_tag?post=12992"}],"curies":[{"name":"wp","href":"https:\/\/api.w.org\/{rel}","templated":true}]}}