{"id":12993,"date":"2020-06-30T11:11:07","date_gmt":"2020-06-30T08:11:07","guid":{"rendered":"http:\/\/packstera.lt\/p\/detectable-products\/"},"modified":"2025-03-18T15:43:48","modified_gmt":"2025-03-18T13:43:48","slug":"tiek-atrasti-instrumenti-un-rakstampiederumi","status":"publish","type":"product","link":"https:\/\/packstera.lt\/lv\/p\/aptinkami-irankiai-ir-kanceliarijos-reikmenys\/","title":{"rendered":"Nosak\u0101mi instrumenti un rakst\u0101mpiederumi"},"content":{"rendered":"<p>Pl\u00e1sticos Detectables nosak\u0101mie instrumenti un rakst\u0101mpiederumi ir izgatavoti no \u012bpa\u0161i izstr\u0101d\u0101tas plastmasas, ko var noteikt ar met\u0101la detektoriem vai rentgena iek\u0101rt\u0101m, t\u0101p\u0113c to pla\u0161i izmanto nozar\u0113s, kur dro\u0161\u012bba un higi\u0113na ir \u0101rk\u0101rt\u012bgi svar\u012bga. Galven\u0101s jomas ir p\u0101rtikas, farm\u0101cijas un \u0137\u012bmisk\u0101 r\u016bpniec\u012bba, kur ra\u017eo\u0161anas proces\u0101 nepiecie\u0161ams nov\u0113rst net\u012b\u0161u plastmasas fragmentu iek\u013c\u016b\u0161anu produktos.<\/p>\n<p>M\u0113s pied\u0101v\u0101jam pla\u0161u nosak\u0101mo produktu kl\u0101stu:<\/p>\n<ul>\n<li><strong>Biroja piederumi<\/strong><\/li>\n<li><strong>Mar\u0137\u0113\u0161anas risin\u0101jumi<\/strong><\/li>\n<li><strong>Darba ap\u0123\u0113rbi un aizsardz\u012bba<\/strong><\/li>\n<li><strong>Vesel\u012bbas un higi\u0113nas preces<\/strong><\/li>\n<li><strong>T\u012br\u012b\u0161anas un higi\u0113nas l\u012bdzek\u013ci<\/strong><\/li>\n<li><strong>In\u017eenierzin\u0101tnes un apkope<\/strong><\/li>\n<li><strong>Konteineri un instrumenti<\/strong><\/li>\n<li><strong>Grie\u0161anas instrumenti<\/strong><\/li>\n<\/ul>\n<p>Pl\u00e1sticos Detectables SL ir bijis tirg\u016b vair\u0101k nek\u0101 20 gadus un ir ap\u0146\u0113mies nodro\u0161in\u0101t visaugst\u0101ko kvalit\u0101ti. Mums ir ISO 9001 sertifik\u0101ts (Applus+), piederam Global Detection Group un ra\u017eojam savu starptautisko z\u012bmolu <strong>Kvazara nosak\u0101mie produkti<\/strong> produktiem.<\/p>\n<p style=\"text-align: center;\"><strong>J\u016bs varat atrast produktu katalogu <a href=\"https:\/\/packstera.lt\/wp-content\/uploads\/2025\/02\/CATALOGO-COMPLETO-MATERIAL-DETECTABLE-30-01-25-1.pdf\">\u0161eit.<\/a><\/strong><\/p>\n<div id=\"gtx-trans\" style=\"position: absolute; left: -112px; top: 1px;\">\n<div class=\"gtx-trans-icon\"><\/div>\n<\/div>","protected":false},"excerpt":{"rendered":"<p><strong>Nosak\u0101mi instrumenti un rakst\u0101mpiederumi<\/strong> \u2013 Pl\u00e1sticos Detectables SL ir izgatavoti no nosak\u0101mas plastmasas, ko var noteikt ar met\u0101la detektoriem vai rentgena iek\u0101rt\u0101m, nodro\u0161inot dro\u0161\u012bbu p\u0101rtikas, farm\u0101cijas un \u0137\u012bmiskaj\u0101 r\u016bpniec\u012bb\u0101. M\u0113s pied\u0101v\u0101jam pla\u0161u pre\u010du kl\u0101stu, tostarp biroja piederumus, darba ap\u0123\u0113rbu, higi\u0113nas preces un instrumentus. M\u0113s pieg\u0101d\u0101jam ar\u012b ner\u016bs\u0113jo\u0161\u0101 t\u0113rauda un alum\u012bnija izstr\u0101d\u0101jumus un kalibr\u0113\u0161anas standartus. Vair\u0101k nek\u0101 20 gadu pieredze, ISO 9001 sertifik\u0101cija un savs z\u012bmols <strong>Kvazara nosak\u0101mie produkti<\/strong> garant\u0113 kvalit\u0101ti.<\/p>\n<p><strong>J\u016bs varat atrast produktu katalogu <a href=\"https:\/\/packstera.lt\/wp-content\/uploads\/2025\/02\/CATALOGO-COMPLETO-MATERIAL-DETECTABLE-30-01-25-1.pdf\">\u0161eit.<\/a><\/strong><\/p>\n<div id=\"gtx-trans\" style=\"position: absolute; left: -67px; top: -9px;\">\n<div class=\"gtx-trans-icon\"><\/div>\n<\/div>","protected":false},"featured_media":17313,"template":"","meta":[],"product_cat":[596],"product_tag":[],"class_list":{"0":"post-12993","1":"product","2":"type-product","3":"status-publish","4":"has-post-thumbnail","6":"product_cat-detektoriais-aptinkamos-priemones","8":"first","9":"instock","10":"shipping-taxable","11":"product-type-simple"},"_links":{"self":[{"href":"https:\/\/packstera.lt\/lv\/wp-json\/wp\/v2\/product\/12993","targetHints":{"allow":["GET"]}}],"collection":[{"href":"https:\/\/packstera.lt\/lv\/wp-json\/wp\/v2\/product"}],"about":[{"href":"https:\/\/packstera.lt\/lv\/wp-json\/wp\/v2\/types\/product"}],"version-history":[{"count":7,"href":"https:\/\/packstera.lt\/lv\/wp-json\/wp\/v2\/product\/12993\/revisions"}],"predecessor-version":[{"id":17316,"href":"https:\/\/packstera.lt\/lv\/wp-json\/wp\/v2\/product\/12993\/revisions\/17316"}],"wp:featuredmedia":[{"embeddable":true,"href":"https:\/\/packstera.lt\/lv\/wp-json\/wp\/v2\/media\/17313"}],"wp:attachment":[{"href":"https:\/\/packstera.lt\/lv\/wp-json\/wp\/v2\/media?parent=12993"}],"wp:term":[{"taxonomy":"product_cat","embeddable":true,"href":"https:\/\/packstera.lt\/lv\/wp-json\/wp\/v2\/product_cat?post=12993"},{"taxonomy":"product_tag","embeddable":true,"href":"https:\/\/packstera.lt\/lv\/wp-json\/wp\/v2\/product_tag?post=12993"}],"curies":[{"name":"wp","href":"https:\/\/api.w.org\/{rel}","templated":true}]}}