{"id":12995,"date":"2020-06-29T23:25:31","date_gmt":"2020-06-29T20:25:31","guid":{"rendered":"http:\/\/packstera.lt\/p\/coagulant-pumps\/"},"modified":"2021-08-11T11:41:37","modified_gmt":"2021-08-11T08:41:37","slug":"koagulantu-sukni","status":"publish","type":"product","link":"https:\/\/packstera.lt\/lv\/p\/coagulant-pumps\/","title":{"rendered":"S\u016bk\u0146i koagulantiem"},"content":{"rendered":"<div class=\"et_pb_module et_pb_text et_pb_text_1 et_pb_text_align_left et_pb_bg_layout_light\">\n<div class=\"et_pb_text_inner\">\n<p><strong>Iesp\u0113jas:<\/strong><\/p>\n<\/div>\n<\/div>\n<div class=\"et_pb_module et_pb_text et_pb_text_2 et_pb_text_align_left et_pb_bg_layout_light\">\n<div class=\"et_pb_text_inner\">\n<ul>\n<li>Integr\u0113tas pneimatisk\u0101s un<br \/>\nelektroniskais vad\u012bbas bloks<\/li>\n<li>Gaisa un \u0161\u0137idrumu atdal\u012b\u0161ana<\/li>\n<li>Augsts vakuums s\u016bk\u0161anas laik\u0101<\/li>\n<li>Optimiz\u0113ta \u0161\u0137idruma transport\u0113\u0161ana<\/li>\n<li>Viegla apstr\u0101de<\/li>\n<li>Zems trok\u0161\u0146a l\u012bmenis<\/li>\n<li>Rentabla darb\u012bba<\/li>\n<li>Aizsardz\u012bbas klase: IP44<\/li>\n<\/ul>\n<p style=\"text-align: center\"><strong>Vair\u0101k inform\u0101cijas <a href=\"https:\/\/timmer-pumps.com\/en\/coagulant-pumps\/\" target=\"_blank\" rel=\"noopener\">\u0161eit<\/a>.<\/strong><\/p>\n<\/div>\n<\/div>","protected":false},"excerpt":{"rendered":"<p>Funkcijas: Integr\u0113ts pneimatiskais un elektroniskais vad\u012bbas bloks Gaisa un \u0161\u0137idrumu atdal\u012b\u0161ana Augsts vakuums s\u016bk\u0161anas laik\u0101 Optimiz\u0113ta \u0161\u0137idruma transport\u0113\u0161ana Vienk\u0101r\u0161a vad\u0101m\u012bba Zems trok\u0161\u0146a l\u012bmenis Rentabla darb\u012bba Aizsardz\u012bbas klase: IP44 Vair\u0101k inform\u0101cijas \u0161eit.<\/p>","protected":false},"featured_media":10294,"template":"","meta":[],"product_cat":[589],"product_tag":[],"class_list":{"0":"post-12995","1":"product","2":"type-product","3":"status-publish","4":"has-post-thumbnail","6":"product_cat-pakavimo-medziagos","8":"first","9":"instock","10":"shipping-taxable","11":"product-type-simple"},"_links":{"self":[{"href":"https:\/\/packstera.lt\/lv\/wp-json\/wp\/v2\/product\/12995","targetHints":{"allow":["GET"]}}],"collection":[{"href":"https:\/\/packstera.lt\/lv\/wp-json\/wp\/v2\/product"}],"about":[{"href":"https:\/\/packstera.lt\/lv\/wp-json\/wp\/v2\/types\/product"}],"version-history":[{"count":1,"href":"https:\/\/packstera.lt\/lv\/wp-json\/wp\/v2\/product\/12995\/revisions"}],"predecessor-version":[{"id":13298,"href":"https:\/\/packstera.lt\/lv\/wp-json\/wp\/v2\/product\/12995\/revisions\/13298"}],"wp:featuredmedia":[{"embeddable":true,"href":"https:\/\/packstera.lt\/lv\/wp-json\/wp\/v2\/media\/10294"}],"wp:attachment":[{"href":"https:\/\/packstera.lt\/lv\/wp-json\/wp\/v2\/media?parent=12995"}],"wp:term":[{"taxonomy":"product_cat","embeddable":true,"href":"https:\/\/packstera.lt\/lv\/wp-json\/wp\/v2\/product_cat?post=12995"},{"taxonomy":"product_tag","embeddable":true,"href":"https:\/\/packstera.lt\/lv\/wp-json\/wp\/v2\/product_tag?post=12995"}],"curies":[{"name":"wp","href":"https:\/\/api.w.org\/{rel}","templated":true}]}}