{"id":12996,"date":"2020-06-29T23:22:10","date_gmt":"2020-06-29T20:22:10","guid":{"rendered":"http:\/\/packstera.lt\/p\/glue-pump\/"},"modified":"2023-10-03T15:09:59","modified_gmt":"2023-10-03T12:09:59","slug":"limes-suknis","status":"publish","type":"product","link":"https:\/\/packstera.lt\/lv\/p\/glue-pump\/","title":{"rendered":"L\u012bmes s\u016bk\u0146i"},"content":{"rendered":"<p>D3 s\u0113rijas priek\u0161roc\u012bbas<\/p>\n<p>\u2022 Vienk\u0101r\u0161a l\u012bmes temperat\u016bras iestat\u012b\u0161ana, izmantojot displeju<br \/>\n\u2022 Atk\u0101rtojams pieg\u0101des \u0101truma iestat\u012bjums<br \/>\n\u2022 Integr\u0113ts apkopes indikators<br \/>\n\u2022 Lieliska t\u012br\u012b\u0161ana un skalo\u0161ana<br \/>\n(n\u0101ves vietu samazin\u0101\u0161ana)<br \/>\n\u2022 \u016adensiztur\u012bgs saska\u0146\u0101 ar IP66<br \/>\n\u2022 Materi\u0101lam draudz\u012bga apkures darb\u012bba<br \/>\n\u2022 Integr\u0113ta elektronisk\u0101 vad\u012bba<br \/>\n\u2022 Zems saspiest\u0101 gaisa pat\u0113ri\u0146\u0161 un samazin\u0101ts ener\u0123ijas pat\u0113ri\u0146\u0161<\/p>\n<p class=\"et_pb_module_header\"><strong>Aizsardz\u012bbas klase IP66<\/strong><\/p>\n<div class=\"et_pb_blurb_description\">\n<p>Jaun\u0101s Glue Pump D3 s\u0113rijas s\u016bk\u0146u korpusi atbilst \u016bdens str\u016bklas necaurlaid\u012bbas pras\u012bb\u0101m.<\/p>\n<\/div>\n<p>Profesion\u0101la s\u016bk\u0146a t\u012br\u012b\u0161ana, k\u0101 aprakst\u012bts instrukcij\u0101, ir iesp\u0113jama ar\u012b bez salona elektronikas boj\u0101jumiem vai \u012bssavienojuma.<\/p>\n<p>&nbsp;<\/p>\n<p><strong>NFC (tuva lauka sakari)<\/strong><\/p>\n<p>Standarta integr\u0113tais NFC modulis \u013cauj operatoram nolas\u012bt datus, izmantojot Android (Timmer Pumps App) viedt\u0101lrun\u012b vai plan\u0161etdator\u0101.<\/p>\n<p>Apkures temperat\u016bru, g\u0101jienu skait\u012b\u0161anu, k\u0101 ar\u012b pa\u0161reiz\u0113jo apkopes interv\u0101lu statusu jebkur\u0101 laik\u0101 var izg\u016bt bezvadu re\u017e\u012bm\u0101.<\/p>\n<p>&nbsp;<\/p>\n<p><strong>Jaunizstr\u0101d\u0101ts \u0161\u0137idruma v\u0101rsts<\/strong><\/p>\n<p>Pateicoties optimiz\u0113tajam \u0161\u0137idruma v\u0101rstam, var\u0113ja uzlabot s\u016bk\u0146a s\u016bk\u0161anas jaudu, k\u0101 ar\u012b samazin\u0101t l\u012bmes puls\u0101cijas. Tagad l\u012bmi ies\u016bc inteli\u0123ents &quot;konusveida s\u016bk\u0161anas v\u0101rsts&quot; un nodod t\u0101l\u0101k uz ies\u016bk\u0161anas cauruli.<\/p>\n<p>&nbsp;<\/p>\n<p><strong>Trieciena \u0101truma displejs<\/strong><\/p>\n<p>Vizualiz\u0113jot g\u0101jiena \u0101trumu s\u016bk\u0146a displej\u0101, operators var nekav\u0113joties piel\u0101got l\u012bmes veida optim\u0101lo \u0101trumu.<\/p>\n<p style=\"text-align: center;\"><strong>Vair\u0101k inform\u0101cijas <a href=\"https:\/\/timmer-pumps.com\/en\/glue-pumps\/\" target=\"_blank\" rel=\"noopener\">\u0161eit<\/a>.<\/strong><\/p>","protected":false},"excerpt":{"rendered":"<p>D3 series advantages \u2022 Easy setting of the glue temperature via display \u2022 Reproducible setting of the delivery rate \u2022 Integrated maintenance indicator \u2022 Excellent cleaning and flushing behavior (reduction of dead spaces) \u2022 Waterproof according to IP66 \u2022 Material-friendly heating behavior \u2022 Integrated electronic control \u2022 Low compressed air consumption and reduced power consumption [&hellip;]<\/p>\n","protected":false},"featured_media":10298,"template":"","meta":[],"product_cat":[589],"product_tag":[],"class_list":{"0":"post-12996","1":"product","2":"type-product","3":"status-publish","4":"has-post-thumbnail","6":"product_cat-pakavimo-medziagos","8":"first","9":"instock","10":"shipping-taxable","11":"product-type-simple"},"_links":{"self":[{"href":"https:\/\/packstera.lt\/lv\/wp-json\/wp\/v2\/product\/12996","targetHints":{"allow":["GET"]}}],"collection":[{"href":"https:\/\/packstera.lt\/lv\/wp-json\/wp\/v2\/product"}],"about":[{"href":"https:\/\/packstera.lt\/lv\/wp-json\/wp\/v2\/types\/product"}],"version-history":[{"count":1,"href":"https:\/\/packstera.lt\/lv\/wp-json\/wp\/v2\/product\/12996\/revisions"}],"predecessor-version":[{"id":16528,"href":"https:\/\/packstera.lt\/lv\/wp-json\/wp\/v2\/product\/12996\/revisions\/16528"}],"wp:featuredmedia":[{"embeddable":true,"href":"https:\/\/packstera.lt\/lv\/wp-json\/wp\/v2\/media\/10298"}],"wp:attachment":[{"href":"https:\/\/packstera.lt\/lv\/wp-json\/wp\/v2\/media?parent=12996"}],"wp:term":[{"taxonomy":"product_cat","embeddable":true,"href":"https:\/\/packstera.lt\/lv\/wp-json\/wp\/v2\/product_cat?post=12996"},{"taxonomy":"product_tag","embeddable":true,"href":"https:\/\/packstera.lt\/lv\/wp-json\/wp\/v2\/product_tag?post=12996"}],"curies":[{"name":"wp","href":"https:\/\/api.w.org\/{rel}","templated":true}]}}