{"id":12997,"date":"2020-06-29T23:17:16","date_gmt":"2020-06-29T20:17:16","guid":{"rendered":"http:\/\/packstera.lt\/p\/double-diaphragm-pumps\/"},"modified":"2021-08-11T11:40:39","modified_gmt":"2021-08-11T08:40:39","slug":"dubultas-diafragmas-sukni","status":"publish","type":"product","link":"https:\/\/packstera.lt\/lv\/p\/double-diaphragm-pumps\/","title":{"rendered":"Dubult\u0101s diafragmas s\u016bk\u0146i"},"content":{"rendered":"<p class=\"et_pb_module_header\"><strong>J\u016bsu priek\u0161roc\u012bbas<\/strong><\/p>\n<div class=\"et_pb_blurb_description\">\n<ul>\n<li>Stabils un uzticams proces\u0101<\/li>\n<li>Viegli nomain\u0101mas diafragmas<\/li>\n<li>\u0136\u012bmiski iztur\u012bgas diafragmas (ilgs kalpo\u0161anas laiks)<\/li>\n<li>Diafragma ar CIP<\/li>\n<li>Optimiz\u0113ta skalo\u0161ana<\/li>\n<li>Mazs un kompakts kop\u0113jais izm\u0113rs<\/li>\n<li>Uzticama palai\u0161ana, pateicoties fiks\u0113jo\u0161ajam v\u0101rstam<\/li>\n<li>Gandr\u012bz nenodilis pneimatiskais keramikas v\u0101rsts (uzticams proces\u0101)<\/li>\n<li>Zema apkope<\/li>\n<li>S\u016bk\u0161anas un spiediena piesl\u0113gums orient\u0113jams 90\u00b0<\/li>\n<li>Piem\u0113rots sausai skrie\u0161anai<\/li>\n<li>Zema puls\u0101cija<\/li>\n<\/ul>\n<p style=\"text-align: center\"><strong>Vair\u0101k inform\u0101cijas <a href=\"https:\/\/timmer-pumps.com\/en\/doppelmembranpumpen-english\/\" target=\"_blank\" rel=\"noopener\">\u0161eit<\/a>.<\/strong><\/p>\n<\/div>","protected":false},"excerpt":{"rendered":"<p>https:\/\/timmer-pumps.com\/wp-content\/uploads\/2016\/07\/MHD_1065_de_web.mp4<\/p>\n<p>&nbsp;<\/p>","protected":false},"featured_media":10289,"template":"","meta":[],"product_cat":[589],"product_tag":[],"class_list":{"0":"post-12997","1":"product","2":"type-product","3":"status-publish","4":"has-post-thumbnail","6":"product_cat-pakavimo-medziagos","8":"first","9":"instock","10":"shipping-taxable","11":"product-type-simple"},"_links":{"self":[{"href":"https:\/\/packstera.lt\/lv\/wp-json\/wp\/v2\/product\/12997","targetHints":{"allow":["GET"]}}],"collection":[{"href":"https:\/\/packstera.lt\/lv\/wp-json\/wp\/v2\/product"}],"about":[{"href":"https:\/\/packstera.lt\/lv\/wp-json\/wp\/v2\/types\/product"}],"version-history":[{"count":0,"href":"https:\/\/packstera.lt\/lv\/wp-json\/wp\/v2\/product\/12997\/revisions"}],"wp:featuredmedia":[{"embeddable":true,"href":"https:\/\/packstera.lt\/lv\/wp-json\/wp\/v2\/media\/10289"}],"wp:attachment":[{"href":"https:\/\/packstera.lt\/lv\/wp-json\/wp\/v2\/media?parent=12997"}],"wp:term":[{"taxonomy":"product_cat","embeddable":true,"href":"https:\/\/packstera.lt\/lv\/wp-json\/wp\/v2\/product_cat?post=12997"},{"taxonomy":"product_tag","embeddable":true,"href":"https:\/\/packstera.lt\/lv\/wp-json\/wp\/v2\/product_tag?post=12997"}],"curies":[{"name":"wp","href":"https:\/\/api.w.org\/{rel}","templated":true}]}}