{"id":13017,"date":"2025-01-22T09:39:53","date_gmt":"2025-01-22T07:39:53","guid":{"rendered":"http:\/\/packstera.lt\/p\/aluminum-rail-system\/"},"modified":"2025-01-23T11:36:39","modified_gmt":"2025-01-23T09:36:39","slug":"aluminija-bezramju-celtnis","status":"publish","type":"product","link":"https:\/\/packstera.lt\/lv\/p\/aliuminis-beginis-kranas\/","title":{"rendered":"Alum\u012bnija slie\u017eu celtnis"},"content":{"rendered":"<p>Alum\u012bnija slie\u017eu celtnis - paredz\u0113ts efekt\u012bvam un ergonomiskam darbam r\u016bpniec\u012bbas uz\u0146\u0113mumos. \u0160\u012b sist\u0113ma ir izstr\u0101d\u0101ta D\u0101nij\u0101, lai nodro\u0161in\u0101tu visaugst\u0101ko kvalit\u0101ti un iztur\u012bbu.<\/p>\n<p>Galven\u0101s funkcijas un priek\u0161roc\u012bbas:<\/p>\n<ul>\n<li><strong>Kvalitat\u012bva b\u016bvniec\u012bba<\/strong>: Izgatavota no alum\u012bnija, sist\u0113ma nodro\u0161ina iztur\u012bbu un uzticamu veiktsp\u0113ju.<\/li>\n<li><strong>Viegla uzst\u0101d\u012b\u0161ana<\/strong>: sist\u0113ma ir piestiprin\u0101ta pie griestiem, sij\u0101m vai kolonn\u0101m un mont\u0113ta, izmantojot tikai skr\u016bves - nav nepiecie\u0161ama metin\u0101\u0161ana.<\/li>\n<li><strong>Klusa un vienm\u0113r\u012bga darb\u012bba<\/strong>: ner\u016bs\u0113jo\u0161\u0101 t\u0113rauda gult\u0146i un POM rite\u0146i nodro\u0161ina klusu un vieglu kust\u012bbu bez motora.<\/li>\n<li><strong>Daudzpus\u012bba un piel\u0101go\u0161an\u0101s sp\u0113ja<\/strong>: celt\u0146a sist\u0113ma ir viegli papla\u0161in\u0101ma vai p\u0101rvietojama atbilsto\u0161i biznesa vajadz\u012bb\u0101m.<\/li>\n<li><strong>Kravnes\u012bba<\/strong>: no 50 kg l\u012bdz 1500 kg.<\/li>\n<li><strong>Pla\u0161a izv\u0113le<\/strong>: apr\u012bkojum\u0101 ietilpst alum\u012bnija sliedes, savienot\u0101ji, v\u0101ci\u0146i, pastiprin\u0101tas sliedes un citas sast\u0101vda\u013cas.<\/li>\n<\/ul>\n<p>Katrs celtnis ir piel\u0101gojams konkr\u0113tam darbam vai uzdevumam, nodro\u0161inot maksim\u0101lu efektivit\u0101ti un dro\u0161\u012bbu.<\/p>\n<p><strong><a href=\"https:\/\/jlmteknik.dk\/wp-content\/uploads\/2024\/01\/JLM-Skinnekatalog-DK-Version-1.pdf\" target=\"_blank\" rel=\"noopener\">Specifik\u0101cijas un pieejamie sist\u0113mas piederumi<\/a><\/strong><\/p>","protected":false},"excerpt":{"rendered":"<p>Alum\u012bnija slie\u017eu celtnis - paredz\u0113ts smagu priek\u0161metu un materi\u0101lu p\u0101rvieto\u0161anai ra\u017eo\u0161anas un uzglab\u0101\u0161anas telp\u0101s. Celt\u0146a sist\u0113ma ar celtsp\u0113ju no 50 kg l\u012bdz 1500 kg ir viegli uzst\u0101d\u0101ma, klusi darbojas un piel\u0101gojama individu\u0101laj\u0101m vajadz\u012bb\u0101m.<\/p>\n<p><strong><a href=\"https:\/\/jlmteknik.dk\/wp-content\/uploads\/2024\/01\/JLM-Skinnekatalog-DK-Version-1.pdf\">Specifik\u0101cijas un pieejamie sist\u0113mas piederumi<\/a><\/strong><\/p>\n<p>&nbsp;<\/p>","protected":false},"featured_media":17168,"template":"","meta":[],"product_cat":[543,545],"product_tag":[],"class_list":{"0":"post-13017","1":"product","2":"type-product","3":"status-publish","4":"has-post-thumbnail","6":"product_brand-jlmteknik","7":"product_cat-irenginiai-gaminiu-transportavimui-ir-logistikai","8":"product_cat-kranines-kelimo-sistemos","10":"first","11":"instock","12":"shipping-taxable","13":"product-type-simple"},"_links":{"self":[{"href":"https:\/\/packstera.lt\/lv\/wp-json\/wp\/v2\/product\/13017","targetHints":{"allow":["GET"]}}],"collection":[{"href":"https:\/\/packstera.lt\/lv\/wp-json\/wp\/v2\/product"}],"about":[{"href":"https:\/\/packstera.lt\/lv\/wp-json\/wp\/v2\/types\/product"}],"version-history":[{"count":16,"href":"https:\/\/packstera.lt\/lv\/wp-json\/wp\/v2\/product\/13017\/revisions"}],"predecessor-version":[{"id":17174,"href":"https:\/\/packstera.lt\/lv\/wp-json\/wp\/v2\/product\/13017\/revisions\/17174"}],"wp:featuredmedia":[{"embeddable":true,"href":"https:\/\/packstera.lt\/lv\/wp-json\/wp\/v2\/media\/17168"}],"wp:attachment":[{"href":"https:\/\/packstera.lt\/lv\/wp-json\/wp\/v2\/media?parent=13017"}],"wp:term":[{"taxonomy":"product_cat","embeddable":true,"href":"https:\/\/packstera.lt\/lv\/wp-json\/wp\/v2\/product_cat?post=13017"},{"taxonomy":"product_tag","embeddable":true,"href":"https:\/\/packstera.lt\/lv\/wp-json\/wp\/v2\/product_tag?post=13017"}],"curies":[{"name":"wp","href":"https:\/\/api.w.org\/{rel}","templated":true}]}}