{"id":13022,"date":"2020-06-29T20:18:55","date_gmt":"2020-06-29T17:18:55","guid":{"rendered":"http:\/\/packstera.lt\/p\/acculift-battery-systems\/"},"modified":"2023-04-14T14:58:38","modified_gmt":"2023-04-14T11:58:38","slug":"vakuuma-pacelsanas-sistema-ar-uzladejamam-baterijam","status":"publish","type":"product","link":"https:\/\/packstera.lt\/lv\/p\/vakuumine-kelimo-sistema-su-pakraunomis-baterijomis\/","title":{"rendered":"Vakuuma pacel\u0161anas sist\u0113ma ar uzl\u0101d\u0113jam\u0101m baterij\u0101m"},"content":{"rendered":"<div data-elementor-type=\"wp-post\" data-elementor-id=\"13022\" class=\"elementor elementor-13022\">\n\t\t\t\t\t\t<section class=\"elementor-section elementor-top-section elementor-element elementor-element-5db064c elementor-section-boxed elementor-section-height-default elementor-section-height-default\" data-id=\"5db064c\" data-element_type=\"section\" data-e-type=\"section\">\n\t\t\t\t\t\t<div class=\"elementor-container elementor-column-gap-default\">\n\t\t\t\t\t<div class=\"elementor-column elementor-col-33 elementor-top-column elementor-element elementor-element-b4c14dd\" data-id=\"b4c14dd\" data-element_type=\"column\" data-e-type=\"column\">\n\t\t\t<div class=\"elementor-widget-wrap elementor-element-populated\">\n\t\t\t\t\t\t<div class=\"elementor-element elementor-element-bf012c1 btn-position-bottom elementor-widget elementor-widget-razzi-image-button\" data-id=\"bf012c1\" data-element_type=\"widget\" data-e-type=\"widget\" data-widget_type=\"razzi-image-button.default\">\n\t\t\t\t<div class=\"elementor-widget-container\">\n\t\t\t\t\t<div class=\"razzi-image-button\"><img fetchpriority=\"high\" decoding=\"async\" width=\"800\" height=\"309\" src=\"https:\/\/packstera.lt\/wp-content\/uploads\/2020\/06\/Vakuum-Hebeanlagen-accuLIFT-800px_1500x1500.jpg\" class=\"attachment-full size-full wp-image-16292\" alt=\"\" \/><a href=\"http:\/\/packstera.lt\/wp-content\/uploads\/2020\/06\/timLIFT-Vacuum-Lifting-Technology-accuLIFT.pdf\" target=\"_blank\" rel=\"nofollow\" class=\"razzi-image-button__link\"><\/a><a href=\"http:\/\/packstera.lt\/wp-content\/uploads\/2020\/06\/timLIFT-Vacuum-Lifting-Technology-accuLIFT.pdf\" target=\"_blank\" rel=\"nofollow\" class=\"razzi-image-button__position razzi-image-button__button\">Ra\u017eot\u0101ja apraksts <span class=\"razzi-svg-icon\"><svg aria-hidden=\"true\" role=\"img\" focusable=\"false\" xmlns=\"http:\/\/www.w3.org\/2000\/svg\" width=\"24\" height=\"24\" viewbox=\"0 0 24 24\" fill=\"none\" stroke=\"currentColor\" stroke-width=\"2\" stroke-linecap=\"round\" stroke-linejoin=\"round\"><line x1=\"0\" y1=\"12\" x2=\"19\" y2=\"12\"><\/line><polyline points=\"12 5 19 12 12 19\"><\/polyline><\/svg><\/span><\/a><\/div>\t\t\t\t<\/div>\n\t\t\t\t<\/div>\n\t\t\t\t\t<\/div>\n\t\t<\/div>\n\t\t\t\t<div class=\"elementor-column elementor-col-66 elementor-top-column elementor-element elementor-element-785f6b6\" data-id=\"785f6b6\" data-element_type=\"column\" data-e-type=\"column\">\n\t\t\t<div class=\"elementor-widget-wrap\">\n\t\t\t\t\t\t\t<\/div>\n\t\t<\/div>\n\t\t\t\t\t<\/div>\n\t\t<\/section>\n\t\t\t\t<\/div>","protected":false},"excerpt":{"rendered":"<p>Ra\u017eot\u0101ja apraksts<\/p>","protected":false},"featured_media":16291,"template":"","meta":[],"product_cat":[548],"product_tag":[],"class_list":{"0":"post-13022","1":"product","2":"type-product","3":"status-publish","4":"has-post-thumbnail","6":"product_cat-vakuuminiai-kelimo-prietaisai","8":"first","9":"instock","10":"shipping-taxable","11":"product-type-simple"},"_links":{"self":[{"href":"https:\/\/packstera.lt\/lv\/wp-json\/wp\/v2\/product\/13022","targetHints":{"allow":["GET"]}}],"collection":[{"href":"https:\/\/packstera.lt\/lv\/wp-json\/wp\/v2\/product"}],"about":[{"href":"https:\/\/packstera.lt\/lv\/wp-json\/wp\/v2\/types\/product"}],"version-history":[{"count":5,"href":"https:\/\/packstera.lt\/lv\/wp-json\/wp\/v2\/product\/13022\/revisions"}],"predecessor-version":[{"id":16297,"href":"https:\/\/packstera.lt\/lv\/wp-json\/wp\/v2\/product\/13022\/revisions\/16297"}],"wp:featuredmedia":[{"embeddable":true,"href":"https:\/\/packstera.lt\/lv\/wp-json\/wp\/v2\/media\/16291"}],"wp:attachment":[{"href":"https:\/\/packstera.lt\/lv\/wp-json\/wp\/v2\/media?parent=13022"}],"wp:term":[{"taxonomy":"product_cat","embeddable":true,"href":"https:\/\/packstera.lt\/lv\/wp-json\/wp\/v2\/product_cat?post=13022"},{"taxonomy":"product_tag","embeddable":true,"href":"https:\/\/packstera.lt\/lv\/wp-json\/wp\/v2\/product_tag?post=13022"}],"curies":[{"name":"wp","href":"https:\/\/api.w.org\/{rel}","templated":true}]}}