{"id":13027,"date":"2020-06-29T20:05:45","date_gmt":"2020-06-29T17:05:45","guid":{"rendered":"http:\/\/packstera.lt\/p\/basiclift-lifting-beams\/"},"modified":"2023-04-19T15:29:54","modified_gmt":"2023-04-19T12:29:54","slug":"regulejama-vakuuma-pacelsanas-sistema-basiclift","status":"publish","type":"product","link":"https:\/\/packstera.lt\/lv\/p\/reguliuojama-vakuumine-kelimo-sistema-basiclift\/","title":{"rendered":"Regul\u0113jama vakuuma pacel\u0161anas sist\u0113ma basicLift"},"content":{"rendered":"<div data-elementor-type=\"wp-post\" data-elementor-id=\"13027\" class=\"elementor elementor-13027\">\n\t\t\t\t\t\t<section class=\"elementor-section elementor-top-section elementor-element elementor-element-408cb27 elementor-section-boxed elementor-section-height-default elementor-section-height-default\" data-id=\"408cb27\" data-element_type=\"section\" data-e-type=\"section\">\n\t\t\t\t\t\t<div class=\"elementor-container elementor-column-gap-default\">\n\t\t\t\t\t<div class=\"elementor-column elementor-col-33 elementor-top-column elementor-element elementor-element-fb3ccf2\" data-id=\"fb3ccf2\" data-element_type=\"column\" data-e-type=\"column\">\n\t\t\t<div class=\"elementor-widget-wrap elementor-element-populated\">\n\t\t\t\t\t\t<div class=\"elementor-element elementor-element-b391cd4 btn-position-bottom elementor-widget elementor-widget-razzi-image-button\" data-id=\"b391cd4\" data-element_type=\"widget\" data-e-type=\"widget\" data-widget_type=\"razzi-image-button.default\">\n\t\t\t\t<div class=\"elementor-widget-container\">\n\t\t\t\t\t<div class=\"razzi-image-button\"><img fetchpriority=\"high\" decoding=\"async\" width=\"800\" height=\"533\" src=\"https:\/\/packstera.lt\/wp-content\/uploads\/2023\/04\/Vakuum-Hebetechnik-basicLift-800px_1500x1500.jpg\" class=\"attachment-full size-full wp-image-16331\" alt=\"\" srcset=\"https:\/\/packstera.lt\/wp-content\/uploads\/2023\/04\/Vakuum-Hebetechnik-basicLift-800px_1500x1500.jpg 800w, https:\/\/packstera.lt\/wp-content\/uploads\/2023\/04\/Vakuum-Hebetechnik-basicLift-800px_1500x1500-300x200.jpg 300w, https:\/\/packstera.lt\/wp-content\/uploads\/2023\/04\/Vakuum-Hebetechnik-basicLift-800px_1500x1500-768x512.jpg 768w, https:\/\/packstera.lt\/wp-content\/uploads\/2023\/04\/Vakuum-Hebetechnik-basicLift-800px_1500x1500-18x12.jpg 18w, https:\/\/packstera.lt\/wp-content\/uploads\/2023\/04\/Vakuum-Hebetechnik-basicLift-800px_1500x1500-570x380.jpg 570w, https:\/\/packstera.lt\/wp-content\/uploads\/2023\/04\/Vakuum-Hebetechnik-basicLift-800px_1500x1500-600x400.jpg 600w, https:\/\/packstera.lt\/wp-content\/uploads\/2023\/04\/Vakuum-Hebetechnik-basicLift-800px_1500x1500-130x87.jpg 130w\" sizes=\"(max-width: 800px) 100vw, 800px\" \/><a href=\"http:\/\/packstera.lt\/wp-content\/uploads\/2023\/04\/timLIFT-Vacuum-Lifting-Technology-basicLIFT.pdf\" target=\"_blank\" rel=\"nofollow\" class=\"razzi-image-button__link\"><\/a><a href=\"http:\/\/packstera.lt\/wp-content\/uploads\/2023\/04\/timLIFT-Vacuum-Lifting-Technology-basicLIFT.pdf\" target=\"_blank\" rel=\"nofollow\" class=\"razzi-image-button__position razzi-image-button__button\">Ra\u017eot\u0101ja apraksts <span class=\"razzi-svg-icon\"><svg aria-hidden=\"true\" role=\"img\" focusable=\"false\" xmlns=\"http:\/\/www.w3.org\/2000\/svg\" width=\"24\" height=\"24\" viewbox=\"0 0 24 24\" fill=\"none\" stroke=\"currentColor\" stroke-width=\"2\" stroke-linecap=\"round\" stroke-linejoin=\"round\"><line x1=\"0\" y1=\"12\" x2=\"19\" y2=\"12\"><\/line><polyline points=\"12 5 19 12 12 19\"><\/polyline><\/svg><\/span><\/a><\/div>\t\t\t\t<\/div>\n\t\t\t\t<\/div>\n\t\t\t\t\t<\/div>\n\t\t<\/div>\n\t\t\t\t<div class=\"elementor-column elementor-col-66 elementor-top-column elementor-element elementor-element-3808932\" data-id=\"3808932\" data-element_type=\"column\" data-e-type=\"column\">\n\t\t\t<div class=\"elementor-widget-wrap\">\n\t\t\t\t\t\t\t<\/div>\n\t\t<\/div>\n\t\t\t\t\t<\/div>\n\t\t<\/section>\n\t\t\t\t<\/div>","protected":false},"excerpt":{"rendered":"<p>Ra\u017eot\u0101ja apraksts<\/p>","protected":false},"featured_media":16334,"template":"","meta":[],"product_cat":[548],"product_tag":[715],"class_list":{"0":"post-13027","1":"product","2":"type-product","3":"status-publish","4":"has-post-thumbnail","6":"product_cat-vakuuminiai-kelimo-prietaisai","7":"product_tag-popieriaus","9":"first","10":"instock","11":"shipping-taxable","12":"product-type-simple"},"_links":{"self":[{"href":"https:\/\/packstera.lt\/lv\/wp-json\/wp\/v2\/product\/13027","targetHints":{"allow":["GET"]}}],"collection":[{"href":"https:\/\/packstera.lt\/lv\/wp-json\/wp\/v2\/product"}],"about":[{"href":"https:\/\/packstera.lt\/lv\/wp-json\/wp\/v2\/types\/product"}],"version-history":[{"count":5,"href":"https:\/\/packstera.lt\/lv\/wp-json\/wp\/v2\/product\/13027\/revisions"}],"predecessor-version":[{"id":16340,"href":"https:\/\/packstera.lt\/lv\/wp-json\/wp\/v2\/product\/13027\/revisions\/16340"}],"wp:featuredmedia":[{"embeddable":true,"href":"https:\/\/packstera.lt\/lv\/wp-json\/wp\/v2\/media\/16334"}],"wp:attachment":[{"href":"https:\/\/packstera.lt\/lv\/wp-json\/wp\/v2\/media?parent=13027"}],"wp:term":[{"taxonomy":"product_cat","embeddable":true,"href":"https:\/\/packstera.lt\/lv\/wp-json\/wp\/v2\/product_cat?post=13027"},{"taxonomy":"product_tag","embeddable":true,"href":"https:\/\/packstera.lt\/lv\/wp-json\/wp\/v2\/product_tag?post=13027"}],"curies":[{"name":"wp","href":"https:\/\/api.w.org\/{rel}","templated":true}]}}