{"id":13047,"date":"2020-06-29T18:39:37","date_gmt":"2020-06-29T15:39:37","guid":{"rendered":"http:\/\/packstera.lt\/p\/gravity-conveyors\/"},"modified":"2021-08-11T12:53:17","modified_gmt":"2021-08-11T09:53:17","slug":"gravitacijas-konveijeri","status":"publish","type":"product","link":"https:\/\/packstera.lt\/lv\/p\/gravity-conveyors\/","title":{"rendered":"Gravit\u0101cijas konveijeri"},"content":{"rendered":"<p><strong>Visrentabl\u0101kais un vienk\u0101r\u0161\u0101kais transport\u0113\u0161anas risin\u0101jums.<\/strong><\/p>\n<ul>\n<li>Rull\u012b\u0161u caurules standart\u0101 ir cinkotas.<\/li>\n<li>Pieejamie standarta platumi: ZTL 312 mm \u2013 762 mm (ar 50 mm soli). ZTM \/ CTH 312 \u2013 1012 mm (ar 50 mm soli).<\/li>\n<li>XU60 konveijeri pieejami \u201cC\u201d sekcijas karkas\u0101, 175,5\u00a0mm x 40\u00a0mm ar atgrie\u0161an\u0101s krok\u0101m, lai saglab\u0101tu fas\u0101di vai \u201cZ\u201d sekcijas karkasu, 178\u00a0mm x 32\u00a0mm x 2,5\u00a0mm piln\u012bb\u0101 metin\u0101ta \u201cZ\u201d sekcijas karkasa.<\/li>\n<li>Pieejams: standarta pulverkr\u0101sots, alum\u012bnijs un ner\u016bs\u0113jo\u0161ais t\u0113rauds.<\/li>\n<\/ul>\n<div class=\"scroll-table\">\n<table class=\"tinyMCETable\" style=\"height: 274px\" border=\"1\" width=\"1084\" cellspacing=\"0\" cellpadding=\"0\">\n<tbody>\n<tr>\n<th valign=\"top\" width=\"308\">Galven\u0101s iez\u012bmes<\/th>\n<th valign=\"top\" width=\"308\">Ieguvumi<\/th>\n<\/tr>\n<tr>\n<td valign=\"top\" width=\"308\">Modu\u013cu dizains.<\/td>\n<td valign=\"top\" width=\"308\">P\u0101rbaud\u012bts produkts, \u013coti konfigur\u0113jams, vienk\u0101r\u0161a un samazin\u0101ta uzst\u0101d\u012b\u0161ana un zema apkope.<br \/>\n\u013bauj no standarta komponentiem izveidot da\u017e\u0101dus izk\u0101rtojumus.<\/td>\n<\/tr>\n<tr>\n<td valign=\"top\" width=\"308\">T\u0113rauda, cinkoti rull\u012b\u0161i.<\/td>\n<td valign=\"top\" width=\"308\">Virsmas aizsardz\u012bba.<\/td>\n<\/tr>\n<tr>\n<td valign=\"top\" width=\"308\">Lod\u012b\u0161u galda iesp\u0113ja.<\/td>\n<td valign=\"top\" width=\"308\">\u013bauj produktu pagriezt.<\/td>\n<\/tr>\n<tr>\n<td valign=\"top\" width=\"308\">R\u0101mji ir vair\u0101kk\u0101rt\u0113ji perfor\u0113ti.<\/td>\n<td valign=\"top\" width=\"308\">\u013bauj p\u0101rkonfigur\u0113t rull\u012b\u0161u soli da\u017e\u0101da izm\u0113ra izstr\u0101d\u0101jumiem.<\/td>\n<\/tr>\n<tr>\n<td valign=\"top\" width=\"308\">Lift Up Gate opcija.<\/td>\n<td valign=\"top\" width=\"308\">Nodro\u0161ina g\u0101j\u0113ju piek\u013cuvi ugunsdz\u0113s\u012bbas izej\u0101m un neregul\u0101rai lieto\u0161anai.<\/td>\n<\/tr>\n<\/tbody>\n<\/table>\n<\/div>\n<p>&nbsp;<\/p>\n<p>&nbsp;<\/p>\n<p style=\"text-align: center\"><a href=\"http:\/\/packstera.lt\/wp-content\/uploads\/2020\/06\/Collection-Brochure-2016_S6_Amended_AW.pdf\" target=\"_blank\" rel=\"noopener\"><img fetchpriority=\"high\" decoding=\"async\" class=\"alignnone wp-image-12828 size-medium\" src=\"http:\/\/packstera.lt\/wp-content\/uploads\/2020\/06\/Conveyor-Collection-Brochure-212x300.jpg\" alt=\"\" width=\"212\" height=\"300\" \/><\/a>\u00a0 \u00a0<a href=\"http:\/\/packstera.lt\/wp-content\/uploads\/2020\/06\/gravity_conveyor_brochure.pdf\" target=\"_blank\" rel=\"noopener\"><img decoding=\"async\" class=\"alignnone wp-image-12843 size-medium\" src=\"http:\/\/packstera.lt\/wp-content\/uploads\/2020\/06\/gravity-conveyor-212x300.jpg\" alt=\"\" width=\"212\" height=\"300\" \/><\/a><\/p>\n<p style=\"text-align: center\"><strong>Vair\u0101k inform\u0101cijas <a href=\"https:\/\/www.conveyor-units.co.uk\/product-range\/5-gravity-conveyors\/?material=painted-steel\" target=\"_blank\" rel=\"noopener\">\u0161eit<\/a>.<\/strong><\/p>","protected":false},"excerpt":{"rendered":"<p><img decoding=\"async\" class=\"alignnone size-medium wp-image-12261\" src=\"http:\/\/packstera.lt\/wp-content\/uploads\/2021\/06\/gravity-aluminium-300x132.jpg\" alt=\"\" width=\"300\" height=\"132\" \/><\/p>","protected":false},"featured_media":12264,"template":"","meta":[],"product_cat":[544],"product_tag":[],"class_list":{"0":"post-13047","1":"product","2":"type-product","3":"status-publish","4":"has-post-thumbnail","6":"product_cat-konvejeriai","8":"first","9":"instock","10":"shipping-taxable","11":"product-type-simple"},"_links":{"self":[{"href":"https:\/\/packstera.lt\/lv\/wp-json\/wp\/v2\/product\/13047","targetHints":{"allow":["GET"]}}],"collection":[{"href":"https:\/\/packstera.lt\/lv\/wp-json\/wp\/v2\/product"}],"about":[{"href":"https:\/\/packstera.lt\/lv\/wp-json\/wp\/v2\/types\/product"}],"version-history":[{"count":0,"href":"https:\/\/packstera.lt\/lv\/wp-json\/wp\/v2\/product\/13047\/revisions"}],"wp:featuredmedia":[{"embeddable":true,"href":"https:\/\/packstera.lt\/lv\/wp-json\/wp\/v2\/media\/12264"}],"wp:attachment":[{"href":"https:\/\/packstera.lt\/lv\/wp-json\/wp\/v2\/media?parent=13047"}],"wp:term":[{"taxonomy":"product_cat","embeddable":true,"href":"https:\/\/packstera.lt\/lv\/wp-json\/wp\/v2\/product_cat?post=13047"},{"taxonomy":"product_tag","embeddable":true,"href":"https:\/\/packstera.lt\/lv\/wp-json\/wp\/v2\/product_tag?post=13047"}],"curies":[{"name":"wp","href":"https:\/\/api.w.org\/{rel}","templated":true}]}}