{"id":13048,"date":"2020-06-29T18:36:04","date_gmt":"2020-06-29T15:36:04","guid":{"rendered":"http:\/\/packstera.lt\/p\/pallet-conveyors\/"},"modified":"2021-08-11T12:53:29","modified_gmt":"2021-08-11T09:53:29","slug":"palesu-konveijeri","status":"publish","type":"product","link":"https:\/\/packstera.lt\/lv\/p\/pallet-conveyors\/","title":{"rendered":"Konveijeri palet\u0113m"},"content":{"rendered":"<p>Paredz\u0113ts elast\u012bbai un lielai slodzei - l\u012bdz 1500 kg uz vienu paleti.<\/p>\n<ul>\n<li>Standarta pulvera p\u0101rkl\u0101jums.<\/li>\n<\/ul>\n<div class=\"scroll-table\">\n<table class=\"tinyMCETable\" style=\"height: 502px\" border=\"1\" width=\"1065\" cellspacing=\"0\" cellpadding=\"0\">\n<tbody>\n<tr>\n<th valign=\"top\" width=\"308\"><strong>Galven\u0101s iez\u012bmes<\/strong><\/th>\n<th valign=\"top\" width=\"308\"><strong>Ieguvumi<\/strong><\/th>\n<\/tr>\n<tr>\n<td valign=\"top\" width=\"308\">Modu\u013cu dizains.<\/td>\n<td valign=\"top\" width=\"308\">P\u0101rbaud\u012bts produkts, \u013coti konfigur\u0113jams, vienk\u0101r\u0161a un samazin\u0101ta uzst\u0101d\u012b\u0161ana ar zemu apkopi.<br \/>\n\u013bauj no standarta komponentiem izveidot da\u017e\u0101dus izk\u0101rtojumus.<\/td>\n<\/tr>\n<tr>\n<td valign=\"top\" width=\"308\">L\u012bdz 4500 kg var p\u0101rvad\u0101t tikai ar vienu piedzi\u0146u.<\/td>\n<td valign=\"top\" width=\"308\">Ekonomisks.<\/td>\n<\/tr>\n<tr>\n<td valign=\"top\" width=\"308\">Iztur\u012bga konstrukcija ar veidotiem t\u0113rauda r\u0101mja profiliem.<\/p>\n<p>Sl\u0113gta kan\u0101lu konstrukcija gan uz rull\u012b\u0161u, gan \u0137\u0113des konveijeriem<\/td>\n<td valign=\"top\" width=\"308\">Sp\u0113c\u012bgs un ilgsto\u0161s.<br \/>\nIesp\u0113ja piestiprin\u0101t seju vai fotoelementus jebkur r\u0101mja garum\u0101, izmantojot skavas kron\u0161teinus.<\/td>\n<\/tr>\n<tr>\n<td valign=\"top\" width=\"308\">Tangenci\u0101li piedzi\u0146as velt\u0146i.<\/td>\n<td valign=\"top\" width=\"308\">Gluda un maiga transport\u0113\u0161ana \u2013 minim\u0101la pretdarb\u012bba, maza apkope.<\/td>\n<\/tr>\n<tr>\n<td valign=\"top\" width=\"308\">Divu un tr\u012bsk\u0101r\u0161u \u0137\u0113des konveijera gultas.<\/td>\n<td valign=\"top\" width=\"308\">P\u0101rnest\u0101 svara izmaksu efektivit\u0101te.<\/td>\n<\/tr>\n<tr>\n<td valign=\"top\" width=\"308\">P\u0101rs\u016bt\u012b\u0161anai tiek izmantotas tikai tr\u012bsk\u0101r\u0161as \u0137\u0113des.<\/td>\n<td valign=\"top\" width=\"308\">Maksim\u0101la iztur\u012bba un uzticam\u012bba.<\/td>\n<\/tr>\n<tr>\n<td valign=\"top\" width=\"308\">\u0136\u0113des spriegojums ir \u0101tri pieejams un noregul\u0113ts, neno\u0146emot aizsargus.<\/td>\n<td valign=\"top\" width=\"308\">Laika taup\u012b\u0161ana un vienk\u0101r\u0161\u0101ka apkope.<\/td>\n<\/tr>\n<\/tbody>\n<\/table>\n<\/div>\n<p>&nbsp;<\/p>\n<p style=\"text-align: center\"><a href=\"http:\/\/packstera.lt\/wp-content\/uploads\/2020\/06\/Collection-Brochure-2016_S6_Amended_AW.pdf\" target=\"_blank\" rel=\"noopener\"><img fetchpriority=\"high\" decoding=\"async\" class=\"alignnone wp-image-12828 size-medium\" src=\"http:\/\/packstera.lt\/wp-content\/uploads\/2020\/06\/Conveyor-Collection-Brochure-212x300.jpg\" alt=\"\" width=\"212\" height=\"300\" \/><\/a>\u00a0 \u00a0<a href=\"http:\/\/packstera.lt\/wp-content\/uploads\/2020\/06\/pallet-handling-conveyor.pdf\" target=\"_blank\" rel=\"noopener\"><img decoding=\"async\" class=\"alignnone wp-image-12868 size-medium\" src=\"http:\/\/packstera.lt\/wp-content\/uploads\/2020\/06\/pallet-handling-212x300.jpg\" alt=\"\" width=\"212\" height=\"300\" \/><\/a><\/p>\n<p style=\"text-align: center\"><strong>Vair\u0101k inform\u0101cijas <a href=\"https:\/\/www.conveyor-units.co.uk\/product-range\/3-pallet-conveyors\/?material=painted-steel\" target=\"_blank\" rel=\"noopener\">\u0161eit<\/a>.<\/strong><\/p>","protected":false},"excerpt":{"rendered":"<p>https:\/\/youtu.be\/6G0tfrJ-ysw<\/p>\n<p>&nbsp;<\/p>","protected":false},"featured_media":12239,"template":"","meta":[],"product_cat":[544],"product_tag":[],"class_list":{"0":"post-13048","1":"product","2":"type-product","3":"status-publish","4":"has-post-thumbnail","6":"product_cat-konvejeriai","8":"first","9":"instock","10":"shipping-taxable","11":"product-type-simple"},"_links":{"self":[{"href":"https:\/\/packstera.lt\/lv\/wp-json\/wp\/v2\/product\/13048","targetHints":{"allow":["GET"]}}],"collection":[{"href":"https:\/\/packstera.lt\/lv\/wp-json\/wp\/v2\/product"}],"about":[{"href":"https:\/\/packstera.lt\/lv\/wp-json\/wp\/v2\/types\/product"}],"version-history":[{"count":0,"href":"https:\/\/packstera.lt\/lv\/wp-json\/wp\/v2\/product\/13048\/revisions"}],"wp:featuredmedia":[{"embeddable":true,"href":"https:\/\/packstera.lt\/lv\/wp-json\/wp\/v2\/media\/12239"}],"wp:attachment":[{"href":"https:\/\/packstera.lt\/lv\/wp-json\/wp\/v2\/media?parent=13048"}],"wp:term":[{"taxonomy":"product_cat","embeddable":true,"href":"https:\/\/packstera.lt\/lv\/wp-json\/wp\/v2\/product_cat?post=13048"},{"taxonomy":"product_tag","embeddable":true,"href":"https:\/\/packstera.lt\/lv\/wp-json\/wp\/v2\/product_tag?post=13048"}],"curies":[{"name":"wp","href":"https:\/\/api.w.org\/{rel}","templated":true}]}}