{"id":13049,"date":"2020-06-29T18:32:15","date_gmt":"2020-06-29T15:32:15","guid":{"rendered":"http:\/\/packstera.lt\/p\/motorised-rollers\/"},"modified":"2021-08-11T12:53:40","modified_gmt":"2021-08-11T09:53:40","slug":"motorizeti-veltni","status":"publish","type":"product","link":"https:\/\/packstera.lt\/lv\/p\/motorised-rollers\/","title":{"rendered":"Motoriz\u0113ti konveijeri"},"content":{"rendered":"<p>Palielin\u0101ta griezes momenta transmisija smag\u0101k\u0101m slodz\u0113m\/pozit\u012bv\u0101kai piedzi\u0146ai.<\/p>\n<p>Var izmantot kursa nulles l\u012bnijas spiedienam, atpaka\u013c uzpildes uzkr\u0101\u0161anai vai vienk\u0101r\u0161ai transport\u0113\u0161anai.<\/p>\n<p>Pieejams ar\u012b alum\u012bnija un ner\u016bs\u0113jo\u0161\u0101 t\u0113rauda apdar\u0113.<\/p>\n<div class=\"scroll-table\">\n<table style=\"height: 456px\" width=\"777\">\n<tbody>\n<tr>\n<th width=\"262\">Galven\u0101s iez\u012bmes<\/th>\n<th width=\"161\">Ieguvumi<\/th>\n<\/tr>\n<tr>\n<td width=\"262\">Modu\u013cu dizains<\/td>\n<td width=\"161\">Patiesi neatkar\u012bgas gultas. Viegli uzst\u0101d\u012bt un konfigur\u0113t.<\/td>\n<\/tr>\n<tr>\n<td width=\"262\">Multi Ribbed Poly V jostas<\/td>\n<td width=\"161\">Pieejamas 2 vai 3 rievotas siksnas optim\u0101lai piedzi\u0146as transmisijai.<\/td>\n<\/tr>\n<tr>\n<td width=\"262\">Liel\u0101ka griezes momenta transmisija<\/td>\n<td width=\"161\">Tas noz\u012bm\u0113, ka var apstr\u0101d\u0101t liel\u0101kas kravas vai gar\u0101kas zonas, izmantojot maz\u0101k motoriz\u0113tu velt\u0146u.<\/td>\n<\/tr>\n<tr>\n<td width=\"262\">Piln\u012bb\u0101 sl\u0113gtas jostas<\/td>\n<td width=\"161\">Lieliska operatora dro\u0161\u012bba un jostas ilgm\u016b\u017e\u012bba, jo t\u0101s ir piln\u012bb\u0101 nosl\u0113gtas un aizsarg\u0101tas no gru\u017eiem\/pies\u0101r\u0146ot\u0101jiem.<\/td>\n<\/tr>\n<tr>\n<td width=\"262\">Tikai viens motora veltnis \u013coti ilgiem braucieniem*<\/td>\n<td width=\"161\">Uzlabota kapit\u0101lieguld\u012bjumu un ekspluat\u0101cijas izmaksu ekonomija.<\/td>\n<\/tr>\n<\/tbody>\n<\/table>\n<\/div>\n<p>* Atkar\u012bgs no slodzes\/\u0101truma<\/p>\n<p style=\"text-align: center\">\u00a0 \u00a0<a href=\"http:\/\/packstera.lt\/wp-content\/uploads\/2020\/06\/Collection-Brochure-2016_S6_Amended_AW.pdf\" target=\"_blank\" rel=\"noopener\"><img fetchpriority=\"high\" decoding=\"async\" class=\"alignnone wp-image-12828 size-medium\" src=\"http:\/\/packstera.lt\/wp-content\/uploads\/2020\/06\/Conveyor-Collection-Brochure-212x300.jpg\" alt=\"\" width=\"212\" height=\"300\" \/><\/a>\u00a0 \u00a0<a href=\"http:\/\/packstera.lt\/wp-content\/uploads\/2020\/06\/NO.2-24V-POWERED-CONVEYOR-ACG_12pp_2019-2ndrev_S1.pdf\" target=\"_blank\" rel=\"noopener\"><img decoding=\"async\" class=\"alignnone wp-image-12856 size-medium\" src=\"http:\/\/packstera.lt\/wp-content\/uploads\/2020\/06\/24V-DC-Powered-Conveyor-215x300.jpg\" alt=\"\" width=\"215\" height=\"300\" \/><\/a>\u00a0 \u00a0 <a href=\"http:\/\/packstera.lt\/wp-content\/uploads\/2020\/06\/belt-under-roller-conveyor-brochure.pdf\" target=\"_blank\" rel=\"noopener\"><img decoding=\"async\" class=\"alignnone wp-image-12858 size-medium\" src=\"http:\/\/packstera.lt\/wp-content\/uploads\/2020\/06\/belt-under-roller-212x300.jpg\" alt=\"\" width=\"212\" height=\"300\" \/><\/a>\u00a0 \u00a0<a href=\"http:\/\/packstera.lt\/wp-content\/uploads\/2020\/06\/No.9-24V-Motorised-2ndrev-S1.pdf\" target=\"_blank\" rel=\"noopener\"><img loading=\"lazy\" decoding=\"async\" class=\"alignnone wp-image-12854 size-medium\" src=\"http:\/\/packstera.lt\/wp-content\/uploads\/2020\/06\/no-9-24v-motorised-rollers-215x300.jpg\" alt=\"\" width=\"215\" height=\"300\" \/><\/a><\/p>\n<p style=\"text-align: center\"><strong>Vair\u0101k inform\u0101cijas <a href=\"https:\/\/www.conveyor-units.co.uk\/product-range\/2-motorised-rollers\/?material=painted-steel\" target=\"_blank\" rel=\"noopener\">\u0161eit<\/a>.<\/strong><\/p>","protected":false},"excerpt":{"rendered":"<p>https:\/\/youtu.be\/f0j85QA_Ot8<\/p>\n<p>&nbsp;<\/p>","protected":false},"featured_media":12204,"template":"","meta":[],"product_cat":[544],"product_tag":[],"class_list":{"0":"post-13049","1":"product","2":"type-product","3":"status-publish","4":"has-post-thumbnail","6":"product_cat-konvejeriai","8":"first","9":"instock","10":"shipping-taxable","11":"product-type-simple"},"_links":{"self":[{"href":"https:\/\/packstera.lt\/lv\/wp-json\/wp\/v2\/product\/13049","targetHints":{"allow":["GET"]}}],"collection":[{"href":"https:\/\/packstera.lt\/lv\/wp-json\/wp\/v2\/product"}],"about":[{"href":"https:\/\/packstera.lt\/lv\/wp-json\/wp\/v2\/types\/product"}],"version-history":[{"count":0,"href":"https:\/\/packstera.lt\/lv\/wp-json\/wp\/v2\/product\/13049\/revisions"}],"wp:featuredmedia":[{"embeddable":true,"href":"https:\/\/packstera.lt\/lv\/wp-json\/wp\/v2\/media\/12204"}],"wp:attachment":[{"href":"https:\/\/packstera.lt\/lv\/wp-json\/wp\/v2\/media?parent=13049"}],"wp:term":[{"taxonomy":"product_cat","embeddable":true,"href":"https:\/\/packstera.lt\/lv\/wp-json\/wp\/v2\/product_cat?post=13049"},{"taxonomy":"product_tag","embeddable":true,"href":"https:\/\/packstera.lt\/lv\/wp-json\/wp\/v2\/product_tag?post=13049"}],"curies":[{"name":"wp","href":"https:\/\/api.w.org\/{rel}","templated":true}]}}