{"id":13050,"date":"2020-06-29T18:29:03","date_gmt":"2020-06-29T15:29:03","guid":{"rendered":"http:\/\/packstera.lt\/p\/lineshaft-powered-roller\/"},"modified":"2021-08-11T12:53:53","modified_gmt":"2021-08-11T09:53:53","slug":"ar-linijas-varpstu-darbinams-veltnis","status":"publish","type":"product","link":"https:\/\/packstera.lt\/lv\/p\/lineshaft-powered-roller\/","title":{"rendered":"Piedzi\u0146as v\u0101rpstas konveijeri"},"content":{"rendered":"<p><strong>Daudzpus\u012bg\u0101kais un ekonomisk\u0101kais pieejamais konveijers materi\u0101lu apstr\u0101d\u0113.<\/strong><\/p>\n<ul>\n<li>Jo sare\u017e\u0123\u012bt\u0101ka ir konveijeru konfigur\u0101cija, jo maz\u0101k piedzi\u0146as ir nepiecie\u0161ams, sal\u012bdzinot ar parastaj\u0101m iek\u0101rt\u0101m.<\/li>\n<li>Viena no Lineshaft Conveyor unik\u0101laj\u0101m priek\u0161roc\u012bb\u0101m ir papildu modu\u013cu skaits, kurus var darbin\u0101t no viena motora, izmantojot savienojumus un kard\u0101nveida savienojumus.<\/li>\n<li>Viegli p\u0101rkonfigur\u0113jams, lai atbilstu pa\u0161reiz\u0113j\u0101m un n\u0101kotnes pras\u012bb\u0101m.<\/li>\n<li>Pieejams: standarta pulverkr\u0101sots, alum\u012bnijs un ner\u016bs\u0113jo\u0161ais t\u0113rauds.<em>\u00a0<\/em><\/li>\n<\/ul>\n<div class=\"scroll-table\">\n<table class=\"&quot;tinyMCETable&quot;\" style=\"height: 517px\" border=\"&quot;1&quot;\" width=\"1081\" cellspacing=\"&quot;0&quot;\" cellpadding=\"&quot;0&quot;\">\n<tbody>\n<tr>\n<th valign=\"&quot;top&quot;\" width=\"&quot;308&quot;\"><strong>Iesp\u0113jas<\/strong><\/th>\n<th valign=\"&quot;top&quot;\" width=\"&quot;308&quot;\"><strong>Ieguvumi<\/strong><\/th>\n<\/tr>\n<tr>\n<td valign=\"&quot;top&quot;\" width=\"&quot;308&quot;\">Modu\u013cu dizains.<\/td>\n<td valign=\"&quot;top&quot;\" width=\"&quot;308&quot;\">P\u0101rbaud\u012bts produkts, \u013coti konfigur\u0113jams, vienk\u0101r\u0161a un samazin\u0101ta uzst\u0101d\u012b\u0161ana un zema apkope.<br \/>\n\u013bauj no standarta komponentiem izveidot da\u017e\u0101dus izk\u0101rtojumus.<\/td>\n<\/tr>\n<tr>\n<td valign=\"&quot;top&quot;\" width=\"&quot;308&quot;\">Iesp\u0113ja transport\u0113t un akumul\u0113t uz vienas konveijera sist\u0113mas.<\/td>\n<td valign=\"&quot;top&quot;\" width=\"&quot;308&quot;\">Daudzpus\u012bba \/ piel\u0101gojam\u012bba produktu apstr\u0101d\u0113.<br \/>\nOptimiz\u0113ta produktivit\u0101te.<\/td>\n<\/tr>\n<tr>\n<td valign=\"&quot;top&quot;\" width=\"&quot;308&quot;\">Nepiecie\u0161ams maz\u0101k motoru.<\/td>\n<td valign=\"&quot;top&quot;\" width=\"&quot;308&quot;\">Samazin\u0101tas uzst\u0101d\u012b\u0161anas, apkopes un ener\u0123ijas pat\u0113ri\u0146a izmaksas.<\/td>\n<\/tr>\n<tr>\n<td valign=\"&quot;top&quot;\" width=\"&quot;308&quot;\">Iesp\u0113ja iek\u013caut pal\u012bgier\u012bces.<\/td>\n<td valign=\"&quot;top&quot;\" width=\"&quot;308&quot;\">\u013boti piel\u0101gojams \/ daudzpus\u012bgs un rentabls<\/td>\n<\/tr>\n<tr>\n<td valign=\"&quot;top&quot;\" width=\"&quot;308&quot;\">Uzkr\u0101\u0161ana.<\/td>\n<td valign=\"&quot;top&quot;\" width=\"&quot;308&quot;\">Uzticama akumul\u0101cija, t\u0101d\u0113j\u0101di nov\u0113r\u0161ot produkta boj\u0101jumus.<br \/>\nViegli p\u0101rkonfigur\u0113jams, ja tiek pievienoti papildu pal\u012bgelementi.<\/td>\n<\/tr>\n<tr>\n<td valign=\"&quot;top&quot;\" width=\"&quot;308&quot;\">Kluss.<\/td>\n<td valign=\"&quot;top&quot;\" width=\"&quot;308&quot;\">Samazin\u0101ts troksnis vair\u0101k veicina labu darba vidi.<\/td>\n<\/tr>\n<tr>\n<td valign=\"&quot;top&quot;\" width=\"&quot;308&quot;\">Lieljaudas piedzi\u0146as siksnas l\u012bkumos, sapl\u016bsm\u0113s un sl\u012bpumos.<\/td>\n<td valign=\"&quot;top&quot;\" width=\"&quot;308&quot;\">Palielin\u0101ta brauk\u0161anas sp\u0113ja.<\/td>\n<\/tr>\n<\/tbody>\n<\/table>\n<\/div>\n<p>&nbsp;<\/p>\n<p style=\"text-align: center\"><a href=\"http:\/\/packstera.lt\/wp-content\/uploads\/2020\/06\/Collection-Brochure-2016_S6_Amended_AW.pdf\" target=\"_blank\" rel=\"noopener\"><img fetchpriority=\"high\" decoding=\"async\" class=\"alignnone wp-image-12828 size-medium\" src=\"http:\/\/packstera.lt\/wp-content\/uploads\/2020\/06\/Conveyor-Collection-Brochure-212x300.jpg\" alt=\"\" width=\"212\" height=\"300\" \/><\/a>\u00a0 \u00a0<a href=\"http:\/\/packstera.lt\/wp-content\/uploads\/2020\/06\/lineshaft-powered-roller-conveyor.pdf\" target=\"_blank\" rel=\"noopener\"><img decoding=\"async\" class=\"alignnone wp-image-12848 size-medium\" src=\"http:\/\/packstera.lt\/wp-content\/uploads\/2020\/06\/lineshaft-rollers-212x300.jpg\" alt=\"\" width=\"212\" height=\"300\" \/><\/a><\/p>\n<p style=\"text-align: center\"><strong>Vair\u0101k inform\u0101cijas <a href=\"https:\/\/www.conveyor-units.co.uk\/product-range\/1-lineshaft-powered-rollers\/?material=painted-steel\" target=\"_blank\" rel=\"noopener\">\u0161eit<\/a>.<\/strong><\/p>","protected":false},"excerpt":{"rendered":"<p>https:\/\/youtu.be\/97U-DoRchho<\/p>\n<p>&nbsp;<\/p>","protected":false},"featured_media":12147,"template":"","meta":[],"product_cat":[544],"product_tag":[],"class_list":{"0":"post-13050","1":"product","2":"type-product","3":"status-publish","4":"has-post-thumbnail","6":"product_cat-konvejeriai","8":"first","9":"instock","10":"shipping-taxable","11":"product-type-simple"},"_links":{"self":[{"href":"https:\/\/packstera.lt\/lv\/wp-json\/wp\/v2\/product\/13050","targetHints":{"allow":["GET"]}}],"collection":[{"href":"https:\/\/packstera.lt\/lv\/wp-json\/wp\/v2\/product"}],"about":[{"href":"https:\/\/packstera.lt\/lv\/wp-json\/wp\/v2\/types\/product"}],"version-history":[{"count":0,"href":"https:\/\/packstera.lt\/lv\/wp-json\/wp\/v2\/product\/13050\/revisions"}],"wp:featuredmedia":[{"embeddable":true,"href":"https:\/\/packstera.lt\/lv\/wp-json\/wp\/v2\/media\/12147"}],"wp:attachment":[{"href":"https:\/\/packstera.lt\/lv\/wp-json\/wp\/v2\/media?parent=13050"}],"wp:term":[{"taxonomy":"product_cat","embeddable":true,"href":"https:\/\/packstera.lt\/lv\/wp-json\/wp\/v2\/product_cat?post=13050"},{"taxonomy":"product_tag","embeddable":true,"href":"https:\/\/packstera.lt\/lv\/wp-json\/wp\/v2\/product_tag?post=13050"}],"curies":[{"name":"wp","href":"https:\/\/api.w.org\/{rel}","templated":true}]}}