{"id":13051,"date":"2020-06-29T18:21:52","date_gmt":"2020-06-29T15:21:52","guid":{"rendered":"http:\/\/packstera.lt\/p\/belt-conveyors\/"},"modified":"2024-08-29T17:02:02","modified_gmt":"2024-08-29T14:02:02","slug":"lentes-konveijeri","status":"publish","type":"product","link":"https:\/\/packstera.lt\/lv\/p\/belt-conveyors\/","title":{"rendered":"Lentes konveijeri"},"content":{"rendered":"<p>Paaugstin\u0101juma izmai\u0146\u0101m vai neregul\u0101ras formas izstr\u0101d\u0101jumu apstr\u0101dei.<\/p>\n<ul>\n<li>Pieejams: standarta pulverkr\u0101sots, alum\u012bnijs vai ner\u016bs\u0113jo\u0161ais t\u0113rauds.<\/li>\n<\/ul>\n<div class=\"scroll-table\">\n<table class=\"tinyMCETable\" style=\"height: 274px;\" border=\"1\" width=\"808\" cellspacing=\"0\" cellpadding=\"0\">\n<tbody>\n<tr>\n<th style=\"text-align: center;\" valign=\"top\" width=\"308\"><span class=\"color-white\" style=\"color: #ffffff;\">Galven\u0101s iez\u012bmes<\/span><\/th>\n<th style=\"text-align: center;\" valign=\"top\" width=\"308\"><span class=\"color-white\" style=\"color: #ffffff;\">Ieguvumi<\/span><\/th>\n<\/tr>\n<tr>\n<td valign=\"top\" width=\"308\"><span style=\"color: #000000;\">Modu\u013cu dizains.<\/span><\/td>\n<td valign=\"top\" width=\"308\"><span style=\"color: #000000;\">P\u0101rbaud\u012bts produkts, \u013coti konfigur\u0113jams, vienk\u0101r\u0161a un samazin\u0101ta uzst\u0101d\u012b\u0161ana un zema apkope.<\/span><br \/>\n<span style=\"color: #000000;\">\u013bauj no standarta komponentiem izveidot da\u017e\u0101dus izk\u0101rtojumus.<\/span><\/td>\n<\/tr>\n<tr>\n<td valign=\"top\" width=\"308\"><span style=\"color: #000000;\">Piln\u012bb\u0101 atgriezeniska opcija (ar starppiedzi\u0146u).<\/span><\/td>\n<td valign=\"top\" width=\"308\"><span style=\"color: #000000;\">Liel\u0101ka daudzpus\u012bba ar starppiedzi\u0146u.<\/span><\/td>\n<\/tr>\n<tr>\n<td valign=\"top\" width=\"308\"><span style=\"color: #000000;\">Maz\u0101ks komponentu skaits ar samazin\u0101tiem piel\u0101gojumiem.<\/span><\/td>\n<td valign=\"top\" width=\"308\"><span style=\"color: #000000;\">Zemas s\u0101kotn\u0113j\u0101s izmaksas, samazin\u0101tas rezerves da\u013cu izmaksas, vienk\u0101r\u0161a uzst\u0101d\u012b\u0161ana un apkope.<\/span><\/td>\n<\/tr>\n<tr>\n<td valign=\"top\" width=\"308\"><span style=\"color: #000000;\">Rull\u012b\u0161u gulta.<\/span><\/td>\n<td valign=\"top\" width=\"308\"><span style=\"color: #000000;\">Samazina ener\u0123ijas pat\u0113ri\u0146u, ietaupa ener\u0123iju.<\/span><\/td>\n<\/tr>\n<tr>\n<td valign=\"top\" width=\"308\"><span style=\"color: #000000;\">Sl\u012bdo\u0161\u0101 gulta.<\/span><\/td>\n<td valign=\"top\" width=\"308\"><span style=\"color: #000000;\">Klusa darb\u012bba, vienm\u0113r\u012bga transport\u0113\u0161ana.<\/span><\/td>\n<\/tr>\n<\/tbody>\n<\/table>\n<\/div>\n<p>&nbsp;<\/p>\n<p style=\"text-align: center;\"><a href=\"http:\/\/packstera.lt\/wp-content\/uploads\/2020\/06\/Collection-Brochure-2016_S6_Amended_AW.pdf\" target=\"_blank\" rel=\"noopener\"><img fetchpriority=\"high\" decoding=\"async\" class=\"alignnone wp-image-12828 size-medium\" src=\"http:\/\/packstera.lt\/wp-content\/uploads\/2020\/06\/Conveyor-Collection-Brochure-212x300.jpg\" alt=\"\" width=\"212\" height=\"300\" \/><\/a> <a href=\"http:\/\/packstera.lt\/wp-content\/uploads\/2020\/06\/belt_conveyor-brochure.pdf\" target=\"_blank\" rel=\"noopener\">\u00a0<img decoding=\"async\" class=\"alignnone wp-image-12830 size-medium\" src=\"http:\/\/packstera.lt\/wp-content\/uploads\/2020\/06\/belt-conveyor-1-212x300.jpg\" alt=\"\" width=\"212\" height=\"300\" \/><\/a> \u00a0<a href=\"http:\/\/packstera.lt\/wp-content\/uploads\/2020\/06\/No.8-PostParcel_16pp_2019_S5-FINAL.pdf\" target=\"_blank\" rel=\"noopener\"><img decoding=\"async\" class=\"alignnone wp-image-12832 size-medium\" src=\"http:\/\/packstera.lt\/wp-content\/uploads\/2020\/06\/brochue-8-210x300.png\" alt=\"\" width=\"210\" height=\"300\" \/><\/a><\/p>\n<p style=\"text-align: center;\"><strong>Vair\u0101k inform\u0101cijas <a href=\"https:\/\/www.conveyor-units.co.uk\/product-range\/4-belt-conveyors\/?material=painted-steel\" target=\"_blank\" rel=\"noopener\">\u0161eit<\/a>.<\/strong><\/p>","protected":false},"excerpt":{"rendered":"<p>https:\/\/youtu.be\/lB1fm0HjONI<\/p>\n<p>&nbsp;<\/p>\n<p>&nbsp;<\/p>","protected":false},"featured_media":12120,"template":"","meta":[],"product_cat":[544],"product_tag":[714,713,715,718],"class_list":{"0":"post-13051","1":"product","2":"type-product","3":"status-publish","4":"has-post-thumbnail","6":"product_cat-konvejeriai","7":"product_tag-chemija-ir-plastikas","8":"product_tag-farmacija-ir-kosmetika","9":"product_tag-popieriaus","10":"product_tag-statyba","12":"first","13":"instock","14":"shipping-taxable","15":"product-type-simple"},"_links":{"self":[{"href":"https:\/\/packstera.lt\/lv\/wp-json\/wp\/v2\/product\/13051","targetHints":{"allow":["GET"]}}],"collection":[{"href":"https:\/\/packstera.lt\/lv\/wp-json\/wp\/v2\/product"}],"about":[{"href":"https:\/\/packstera.lt\/lv\/wp-json\/wp\/v2\/types\/product"}],"version-history":[{"count":2,"href":"https:\/\/packstera.lt\/lv\/wp-json\/wp\/v2\/product\/13051\/revisions"}],"predecessor-version":[{"id":16869,"href":"https:\/\/packstera.lt\/lv\/wp-json\/wp\/v2\/product\/13051\/revisions\/16869"}],"wp:featuredmedia":[{"embeddable":true,"href":"https:\/\/packstera.lt\/lv\/wp-json\/wp\/v2\/media\/12120"}],"wp:attachment":[{"href":"https:\/\/packstera.lt\/lv\/wp-json\/wp\/v2\/media?parent=13051"}],"wp:term":[{"taxonomy":"product_cat","embeddable":true,"href":"https:\/\/packstera.lt\/lv\/wp-json\/wp\/v2\/product_cat?post=13051"},{"taxonomy":"product_tag","embeddable":true,"href":"https:\/\/packstera.lt\/lv\/wp-json\/wp\/v2\/product_tag?post=13051"}],"curies":[{"name":"wp","href":"https:\/\/api.w.org\/{rel}","templated":true}]}}