{"id":13066,"date":"2020-06-28T16:31:23","date_gmt":"2020-06-28T13:31:23","guid":{"rendered":"http:\/\/packstera.lt\/p\/xray-shark-xd08-h1-pipe\/"},"modified":"2023-02-06T14:39:57","modified_gmt":"2023-02-06T12:39:57","slug":"rentgena-haizivs-xd08-h1-caurule","status":"publish","type":"product","link":"https:\/\/packstera.lt\/lv\/p\/rentgenas-shark-xd08-h1-pipe\/","title":{"rendered":"X-ray SHARK\u00ae XD08-H1-PIPE"},"content":{"rendered":"<div data-elementor-type=\"wp-post\" data-elementor-id=\"13066\" class=\"elementor elementor-13066\">\n\t\t\t\t\t\t<section class=\"elementor-section elementor-top-section elementor-element elementor-element-1d211967 elementor-section-boxed elementor-section-height-default elementor-section-height-default\" data-id=\"1d211967\" data-element_type=\"section\" data-e-type=\"section\">\n\t\t\t\t\t\t<div class=\"elementor-container elementor-column-gap-default\">\n\t\t\t\t\t<div class=\"elementor-column elementor-col-100 elementor-top-column elementor-element elementor-element-1695359d\" data-id=\"1695359d\" data-element_type=\"column\" data-e-type=\"column\">\n\t\t\t<div class=\"elementor-widget-wrap elementor-element-populated\">\n\t\t\t\t\t\t<div class=\"elementor-element elementor-element-719c5fda elementor-widget elementor-widget-text-editor\" data-id=\"719c5fda\" data-element_type=\"widget\" data-e-type=\"widget\" data-widget_type=\"text-editor.default\">\n\t\t\t\t<div class=\"elementor-widget-container\">\n\t\t\t\t\t\t\t\t\t<table width=\"660\">\r\n<tbody>\r\n<tr>\r\n<td width=\"210\">Rentgena avots<\/td>\r\n<td width=\"450\">1-staru rentgena \u0123enerators ar 80kV (480W), mai\u0146spriegums + str\u0101va<\/td>\r\n<\/tr>\r\n<tr>\r\n<td width=\"210\">Radi\u0101cijas nopl\u016bde<\/td>\r\n<td width=\"450\">3 \u00b5Sv\/h vai maz\u0101k 10 cm att\u0101lum\u0101 no korpusa virsm\u0101m, izmantojot visas dro\u0161\u012bbas ier\u012bces<\/td>\r\n<\/tr>\r\n<tr>\r\n<td width=\"210\">Dro\u0161\u012bba<\/td>\r\n<td width=\"450\">\u012apa\u0161s produktu tunelis, magn\u0113tiskie dro\u0161\u012bbas sl\u0113d\u017ei pie durv\u012bm un tune\u013cu l\u016bk\u0101m, av\u0101rijas aptur\u0113\u0161anas poga, av\u0101rijas aptur\u0113\u0161anas ievades\/izvades saskarnes ar ra\u017eo\u0161anas l\u012bnijas dro\u0161\u012bbas sh\u0113m\u0101m, rentgena izn\u012bcin\u0101\u0161anas sl\u0113dzis<\/td>\r\n<\/tr>\r\n<tr>\r\n<td width=\"210\">Rentgena detektors<\/td>\r\n<td width=\"450\">zema trok\u0161\u0146a l\u012bme\u0146a 408 mm line\u0101r\u0101 sken\u0113\u0161anas CCD, iz\u0161\u0137irtsp\u0113ja 0,8 mm, p\u0113c izv\u0113les 0,4 mm<\/td>\r\n<\/tr>\r\n<tr>\r\n<td width=\"210\">Dzes\u0113\u0161ana<\/td>\r\n<td width=\"450\">\u013boti efekt\u012bvi, klusi l\u012bdzstr\u0101vas ventilatori<\/td>\r\n<\/tr>\r\n<tr>\r\n<td width=\"210\">\u0136ermenis<\/td>\r\n<td width=\"450\">Ner\u016bs\u0113jo\u0161ais t\u0113rauds AISI\u00a0304\/ISO\u00a01.4301 (X5CrNi18-10)<\/td>\r\n<\/tr>\r\n<tr>\r\n<td width=\"210\">dro\u0161\u012bbas klase<\/td>\r\n<td width=\"450\">IP54 (saska\u0146\u0101 ar IEC 60529), ieskaitot vad\u012bbas skapi un displeju<\/td>\r\n<\/tr>\r\n<tr>\r\n<td width=\"210\">Caurule<\/td>\r\n<td width=\"450\">80 mm, ner\u016bs\u0113jo\u0161ais t\u0113rauds AISI 304 un POM plastmasa (FDA)<\/td>\r\n<\/tr>\r\n<tr>\r\n<td width=\"210\">Produktu pl\u016bsma<\/td>\r\n<td width=\"450\">0,05 - 2 m\/s<\/td>\r\n<\/tr>\r\n<tr>\r\n<td width=\"210\">Produkta atmi\u0146a<\/td>\r\n<td width=\"450\">255 da\u017e\u0101di produktu iestat\u012bjumi<\/td>\r\n<\/tr>\r\n<tr>\r\n<td width=\"210\">Ekr\u0101ns<\/td>\r\n<td width=\"450\">17 collu kr\u0101su TFT sk\u0101rienekr\u0101ns<\/td>\r\n<\/tr>\r\n<tr>\r\n<td width=\"210\">P\u0101rbaudes funkcijas<\/td>\r\n<td width=\"450\">Autom\u0101tiska kalibr\u0113\u0161ana, autom\u0101tiska bl\u012bvuma nevienm\u0113r\u012bguma piel\u0101go\u0161ana, bl\u012bvums, ass kontrasts, maigs kontrasts, mask\u0113\u0161anas tehnolo\u0123ija, superkontrasts, izm\u0113ra filtrs, autom\u0101tiska malu mask\u0113\u0161ana, autom\u0101tiska att\u0113lu saglab\u0101\u0161ana\/iel\u0101d\u0113\u0161ana, vair\u0101ku segmentu p\u0101rbaude, p\u0101rbaude met\u0101la k\u0101rb\u0101s un metaliz\u0113t\u0101s iepakojumi, uzpildes daudzums, \u0123eneratora jauda p\u0113c produkta, paroles aizsardz\u012bba<\/td>\r\n<\/tr>\r\n<tr>\r\n<td width=\"210\">Ieejas \/ izejas<\/td>\r\n<td width=\"450\">Programm\u0113jam\u0101s izejas (atkl\u0101\u0161ana, gatav\u012bba, av\u0101rijas izsl\u0113g\u0161ana), Programm\u0113jam\u0101s ieejas (av\u0101rijas izsl\u0113g\u0161ana, ierosme, atlas\u0101mi vad\u012bbas sign\u0101li)<\/td>\r\n<\/tr>\r\n<tr>\r\n<td width=\"210\">Datu p\u0101rs\u016bt\u012b\u0161ana un zi\u0146o\u0161ana<\/td>\r\n<td width=\"450\">Ethernet att\u0101lajam atbalstam internet\u0101, USB \u0101r\u0113jai tastat\u016brai\/pelei\/atmi\u0146as kartei<\/td>\r\n<\/tr>\r\n<tr>\r\n<td width=\"210\">Svars<\/td>\r\n<td width=\"450\">0,5 t<\/td>\r\n<\/tr>\r\n<tr>\r\n<td width=\"210\">bar\u012bba<\/td>\r\n<td width=\"450\">230 VAC +\/- 10%, 50\/60 Hz, 1,0 kW<\/td>\r\n<\/tr>\r\n<tr>\r\n<td width=\"210\">Saspiest\u0101 gaisa piepras\u012bjums<\/td>\r\n<td width=\"450\">Bez st\u016bm\u0113ja 0 MPa (0 bar\/0 psi), ar papildu st\u016bm\u0113ju sist\u0113mu 0,6 MPa (6 bar\/87 psi)<\/td>\r\n<\/tr>\r\n<tr>\r\n<td width=\"210\">Vides apst\u0101k\u013ci<\/td>\r\n<td width=\"450\">no 0\u00b0C l\u012bdz +30\u00b0C, ar relat\u012bvo mitrumu ne vair\u0101k k\u0101 90%, nekondens\u0113jo\u0161s. P\u0113c izv\u0113les: papildu \u0101r\u0113jie dzes\u0113\u0161anas bloki, lai papla\u0161in\u0101tu temperat\u016bras diapazonu<\/td>\r\n<\/tr>\r\n<tr>\r\n<td width=\"210\">Atbilst\u012bba<\/td>\r\n<td width=\"450\">CE, atbilst ES rentgena noteikumiem<\/td>\r\n<\/tr>\r\n<\/tbody>\r\n<\/table>\t\t\t\t\t\t\t\t<\/div>\n\t\t\t\t<\/div>\n\t\t\t\t\t<\/div>\n\t\t<\/div>\n\t\t\t\t\t<\/div>\n\t\t<\/section>\n\t\t\t\t<section class=\"elementor-section elementor-top-section elementor-element elementor-element-e3f9787 elementor-section-boxed elementor-section-height-default elementor-section-height-default\" data-id=\"e3f9787\" data-element_type=\"section\" data-e-type=\"section\">\n\t\t\t\t\t\t<div class=\"elementor-container elementor-column-gap-default\">\n\t\t\t\t\t<div class=\"elementor-column elementor-col-66 elementor-top-column elementor-element elementor-element-a7b9a7d\" data-id=\"a7b9a7d\" data-element_type=\"column\" data-e-type=\"column\">\n\t\t\t<div class=\"elementor-widget-wrap elementor-element-populated\">\n\t\t\t\t\t\t<div class=\"elementor-element elementor-element-b59e6ac elementor-widget elementor-widget-video\" data-id=\"b59e6ac\" data-element_type=\"widget\" data-e-type=\"widget\" data-settings=\"{&quot;youtube_url&quot;:&quot;https:\\\/\\\/www.youtube.com\\\/watch?v=LDk2qt_d2rc&amp;ab_channel=C%C3%B4ngTyTNHHThi%E1%BA%BFtB%E1%BB%8BV%C4%83nLang&quot;,&quot;video_type&quot;:&quot;youtube&quot;,&quot;controls&quot;:&quot;yes&quot;}\" data-widget_type=\"video.default\">\n\t\t\t\t<div class=\"elementor-widget-container\">\n\t\t\t\t\t\t\t<div class=\"elementor-wrapper elementor-open-inline\">\n\t\t\t<div class=\"elementor-video\"><\/div>\t\t<\/div>\n\t\t\t\t\t\t<\/div>\n\t\t\t\t<\/div>\n\t\t\t\t\t<\/div>\n\t\t<\/div>\n\t\t\t\t<div class=\"elementor-column elementor-col-33 elementor-top-column elementor-element elementor-element-5c0aca7\" data-id=\"5c0aca7\" data-element_type=\"column\" data-e-type=\"column\">\n\t\t\t<div class=\"elementor-widget-wrap elementor-element-populated\">\n\t\t\t\t\t\t<div class=\"elementor-element elementor-element-7c6cc76 btn-position-bottom elementor-widget elementor-widget-razzi-image-button\" data-id=\"7c6cc76\" data-element_type=\"widget\" data-e-type=\"widget\" data-widget_type=\"razzi-image-button.default\">\n\t\t\t\t<div class=\"elementor-widget-container\">\n\t\t\t\t\t<div class=\"razzi-image-button\"><img fetchpriority=\"high\" decoding=\"async\" width=\"600\" height=\"600\" src=\"https:\/\/packstera.lt\/wp-content\/uploads\/2020\/06\/asdg.png\" class=\"attachment-full size-full wp-image-15637\" alt=\"\" srcset=\"https:\/\/packstera.lt\/wp-content\/uploads\/2020\/06\/asdg-600x600.png 600w, https:\/\/packstera.lt\/wp-content\/uploads\/2020\/06\/asdg-150x150.png 150w, https:\/\/packstera.lt\/wp-content\/uploads\/2020\/06\/asdg-300x300.png 300w, https:\/\/packstera.lt\/wp-content\/uploads\/2020\/06\/asdg-768x768.png 768w, https:\/\/packstera.lt\/wp-content\/uploads\/2020\/06\/asdg-1024x1024.png 1024w\" sizes=\"(max-width: 600px) 100vw, 600px\" \/><a href=\"http:\/\/packstera.lt\/wp-content\/uploads\/2023\/02\/CASSEL-XRay-XD08-H1-PIPE-DS-EN-200708-1.pdf\" target=\"_blank\" rel=\"nofollow\" class=\"razzi-image-button__link\"><\/a><a href=\"http:\/\/packstera.lt\/wp-content\/uploads\/2023\/02\/CASSEL-XRay-XD08-H1-PIPE-DS-EN-200708-1.pdf\" target=\"_blank\" rel=\"nofollow\" class=\"razzi-image-button__position razzi-image-button__button\">Ra\u017eot\u0101ja apraksts <span class=\"razzi-svg-icon\"><svg aria-hidden=\"true\" role=\"img\" focusable=\"false\" xmlns=\"http:\/\/www.w3.org\/2000\/svg\" width=\"24\" height=\"24\" viewbox=\"0 0 24 24\" fill=\"none\" stroke=\"currentColor\" stroke-width=\"2\" stroke-linecap=\"round\" stroke-linejoin=\"round\"><line x1=\"0\" y1=\"12\" x2=\"19\" y2=\"12\"><\/line><polyline points=\"12 5 19 12 12 19\"><\/polyline><\/svg><\/span><\/a><\/div>\t\t\t\t<\/div>\n\t\t\t\t<\/div>\n\t\t\t\t\t<\/div>\n\t\t<\/div>\n\t\t\t\t\t<\/div>\n\t\t<\/section>\n\t\t\t\t<\/div>","protected":false},"excerpt":{"rendered":"<p>XD08-H1-PIPE ir \u012bpa\u0161i izstr\u0101d\u0101ts \u0161\u0137idru un t\u012bru produktu rentgena izmekl\u0113\u0161anai spiediena l\u012bnij\u0101s. Ier\u012bce dro\u0161i nosaka nev\u0113lamus sve\u0161\u0137erme\u0146us, piem\u0113ram, met\u0101lu, akme\u0146us, keramiku vai plastmasu ar liel\u0101ku bl\u012bvumu. Higi\u0113nisks dizains \u013cauj viegli t\u012br\u012bt un apkopt ier\u012bci. Tas padara XD08-H1 -PIPE \u012bpa\u0161i piem\u0113rotu visiem uz\u0146\u0113mumiem un nozar\u0113m, kur\u0101m ir j\u0101nodro\u0161ina augsti higi\u0113nas standarti. Piem\u0113rots p\u0101rtikas un nep\u0101rtikas r\u016bpniec\u012bbai.<\/p>\n<ul>\n<li>L\u012bdzek\u013ci izstr\u0101d\u0101juma da\u013cu mask\u0113\u0161anai, lai lab\u0101k atkl\u0101tu sve\u0161\u0137erme\u0146us<\/li>\n<li>P\u0101rbaudes dati tiek autom\u0101tiski saglab\u0101ti, ierakstot laiku un datumu<\/li>\n<li>\u0112rta darb\u012bba ar 255 produktu uzglab\u0101\u0161anas atmi\u0146u<\/li>\n<li>USB un Ethernet datu p\u0101rs\u016bt\u012b\u0161anai<\/li>\n<li>Re\u0101llaika piemais\u012bjumu noteik\u0161ana ar kr\u0101su pies\u0101r\u0146ojuma anal\u012bzi<\/li>\n<li>Viegla t\u012br\u012b\u0161ana un apkope<\/li>\n<li>Integr\u0113ta t\u0101lvad\u012bbas pults un apkope<\/li>\n<li>24 stundu darb\u012bba<\/li>\n<li>Atrasti tr\u012bs veidu v\u0101rsti optim\u0101lai piemais\u012bjumu noraid\u012b\u0161anai<\/li>\n<li>T\u00dcV apstiprin\u0101ts: uzticams dro\u0161\u012bbas standarts, iesp\u0113jama sertifik\u0101ta izsnieg\u0161ana<\/li>\n<\/ul>","protected":false},"featured_media":15635,"template":"","meta":[],"product_cat":[599],"product_tag":[],"class_list":{"0":"post-13066","1":"product","2":"type-product","3":"status-publish","4":"has-post-thumbnail","6":"product_cat-rentgeno-patikra-skystiems-ir-tirstiems-produktams","8":"first","9":"instock","10":"shipping-taxable","11":"product-type-simple"},"_links":{"self":[{"href":"https:\/\/packstera.lt\/lv\/wp-json\/wp\/v2\/product\/13066","targetHints":{"allow":["GET"]}}],"collection":[{"href":"https:\/\/packstera.lt\/lv\/wp-json\/wp\/v2\/product"}],"about":[{"href":"https:\/\/packstera.lt\/lv\/wp-json\/wp\/v2\/types\/product"}],"version-history":[{"count":5,"href":"https:\/\/packstera.lt\/lv\/wp-json\/wp\/v2\/product\/13066\/revisions"}],"predecessor-version":[{"id":15649,"href":"https:\/\/packstera.lt\/lv\/wp-json\/wp\/v2\/product\/13066\/revisions\/15649"}],"wp:featuredmedia":[{"embeddable":true,"href":"https:\/\/packstera.lt\/lv\/wp-json\/wp\/v2\/media\/15635"}],"wp:attachment":[{"href":"https:\/\/packstera.lt\/lv\/wp-json\/wp\/v2\/media?parent=13066"}],"wp:term":[{"taxonomy":"product_cat","embeddable":true,"href":"https:\/\/packstera.lt\/lv\/wp-json\/wp\/v2\/product_cat?post=13066"},{"taxonomy":"product_tag","embeddable":true,"href":"https:\/\/packstera.lt\/lv\/wp-json\/wp\/v2\/product_tag?post=13066"}],"curies":[{"name":"wp","href":"https:\/\/api.w.org\/{rel}","templated":true}]}}