{"id":13067,"date":"2020-06-28T16:28:02","date_gmt":"2020-06-28T13:28:02","guid":{"rendered":"http:\/\/packstera.lt\/p\/xray-shark-xd-bulk\/"},"modified":"2023-01-30T15:35:43","modified_gmt":"2023-01-30T13:35:43","slug":"xray-haizivs-xd-bulk","status":"publish","type":"product","link":"https:\/\/packstera.lt\/lv\/p\/xray-shark-xd-bulk\/","title":{"rendered":"XRAY SHARK\u00ae XD BULK"},"content":{"rendered":"<div data-elementor-type=\"wp-post\" data-elementor-id=\"13067\" class=\"elementor elementor-13067\">\n\t\t\t\t\t\t<section class=\"elementor-section elementor-top-section elementor-element elementor-element-3005f9b1 elementor-section-boxed elementor-section-height-default elementor-section-height-default\" data-id=\"3005f9b1\" data-element_type=\"section\" data-e-type=\"section\">\n\t\t\t\t\t\t<div class=\"elementor-container elementor-column-gap-default\">\n\t\t\t\t\t<div class=\"elementor-column elementor-col-100 elementor-top-column elementor-element elementor-element-2716dcc1\" data-id=\"2716dcc1\" data-element_type=\"column\" data-e-type=\"column\">\n\t\t\t<div class=\"elementor-widget-wrap elementor-element-populated\">\n\t\t\t\t\t\t<div class=\"elementor-element elementor-element-9c7f81f elementor-widget elementor-widget-text-editor\" data-id=\"9c7f81f\" data-element_type=\"widget\" data-e-type=\"widget\" data-widget_type=\"text-editor.default\">\n\t\t\t\t<div class=\"elementor-widget-container\">\n\t\t\t\t\t\t\t\t\t<table width=\"660\">\r\n<tbody>\r\n<tr>\r\n<td width=\"210\">Rentgena avots<\/td>\r\n<td width=\"450\">1 staru rentgena \u0123enerators ar 60kV (50W) vai 80kV (480W) atkar\u012bb\u0101 no mode\u013ca, main\u012bgs spriegums + str\u0101va<\/td>\r\n<\/tr>\r\n<tr>\r\n<td width=\"210\">Radi\u0101cijas nopl\u016bde<\/td>\r\n<td width=\"450\">1 - 3 \u00b5Sv\/h (atkar\u012bb\u0101 no mode\u013ca) vai maz\u0101k 10 cm att\u0101lum\u0101 no korpusa virsm\u0101m ar vis\u0101m dro\u0161\u012bbas ier\u012bc\u0113m<\/td>\r\n<\/tr>\r\n<tr>\r\n<td width=\"210\">Dro\u0161\u012bba<\/td>\r\n<td width=\"450\">\u012apa\u0161s produktu tunelis, magn\u0113tiskie dro\u0161\u012bbas sl\u0113d\u017ei pie durv\u012bm un tune\u013cu l\u016bk\u0101m, av\u0101rijas aptur\u0113\u0161anas poga, av\u0101rijas aptur\u0113\u0161anas ievades\/izvades saskarnes ar ra\u017eo\u0161anas l\u012bnijas dro\u0161\u012bbas sh\u0113m\u0101m, rentgena izn\u012bcin\u0101\u0161anas sl\u0113dzis<\/td>\r\n<\/tr>\r\n<tr>\r\n<td width=\"210\">Rentgena detektors<\/td>\r\n<td width=\"450\">zema trok\u0161\u0146a l\u012bme\u0146a 307\u00a0mm line\u0101r\u0101s sken\u0113\u0161anas CCD, iz\u0161\u0137irtsp\u0113ja 0,8\u00a0mm, p\u0113c izv\u0113les 0,4\u00a0mm<\/td>\r\n<\/tr>\r\n<tr>\r\n<td width=\"210\">Rentgena att\u0113ls<\/td>\r\n<td width=\"450\">No aug\u0161as uz leju<\/td>\r\n<\/tr>\r\n<tr>\r\n<td width=\"210\">Dzes\u0113\u0161ana<\/td>\r\n<td width=\"450\">\u013boti efekt\u012bvi, klusi l\u012bdzstr\u0101vas ventilatori<\/td>\r\n<\/tr>\r\n<tr>\r\n<td width=\"210\">\u0136ermenis<\/td>\r\n<td width=\"450\">Ner\u016bs\u0113jo\u0161ais t\u0113rauds AISI\u00a0304\/ISO\u00a01.4301 (X5CrNi18-10)<\/td>\r\n<\/tr>\r\n<tr>\r\n<td width=\"210\">dro\u0161\u012bbas klase<\/td>\r\n<td width=\"450\">IP54 (saska\u0146\u0101 ar IEC 60529), ieskaitot vad\u012bbas skapi un displeju, p\u0113c izv\u0113les IP66<\/td>\r\n<\/tr>\r\n<tr>\r\n<td width=\"210\">Konveijera tips<\/td>\r\n<td width=\"450\">Poliuret\u0101na lente, gai\u0161i zila<\/td>\r\n<\/tr>\r\n<tr>\r\n<td width=\"210\">Joslas platums<\/td>\r\n<td width=\"450\">300, 400, 500 mm, atkar\u012bb\u0101 no mode\u013ca<\/td>\r\n<\/tr>\r\n<tr>\r\n<td width=\"210\">Sken\u0113\u0161anas platums<\/td>\r\n<td width=\"450\">246, 346, 446 mm, atkar\u012bb\u0101 no mode\u013ca<\/td>\r\n<\/tr>\r\n<tr>\r\n<td width=\"210\">Konveijera \u0101trums<\/td>\r\n<td width=\"450\">30 - 60 m\/min atkar\u012bb\u0101 no izstr\u0101d\u0101juma<\/td>\r\n<\/tr>\r\n<tr>\r\n<td width=\"210\">Produktu pl\u016bsma<\/td>\r\n<td width=\"450\">4 \u2013 45 m3\/h, atkar\u012bb\u0101 no mode\u013ca<\/td>\r\n<\/tr>\r\n<tr>\r\n<td width=\"210\">Maksim\u0101lais produkta svars<\/td>\r\n<td width=\"450\">7 kg (viens produkta sl\u0101nis vislab\u0101kajam jut\u012bgumam)<\/td>\r\n<\/tr>\r\n<tr>\r\n<td width=\"210\">Pieejama nome\u0161anas metode<\/td>\r\n<td width=\"450\">Nolai\u017eams atloks\/s<\/td>\r\n<\/tr>\r\n<tr>\r\n<td width=\"210\">Produkta atmi\u0146a<\/td>\r\n<td width=\"450\">255 da\u017e\u0101di produktu iestat\u012bjumi<\/td>\r\n<\/tr>\r\n<tr>\r\n<td width=\"210\">Ekr\u0101ns<\/td>\r\n<td width=\"450\">17 collu kr\u0101su TFT sk\u0101rienekr\u0101ns<\/td>\r\n<\/tr>\r\n<tr>\r\n<td width=\"210\">P\u0101rbaudes funkcijas<\/td>\r\n<td width=\"450\">Autom\u0101tiska kalibr\u0113\u0161ana, autom\u0101tiska bl\u012bvuma nevienm\u0113r\u012bguma piel\u0101go\u0161ana, bl\u012bvums, ass kontrasts, maigs kontrasts, mask\u0113\u0161anas tehnolo\u0123ija, superkontrasts, izm\u0113ra filtrs, autom\u0101tiska malu mask\u0113\u0161ana, autom\u0101tiska att\u0113lu saglab\u0101\u0161ana\/iel\u0101d\u0113\u0161ana, vair\u0101ku segmentu p\u0101rbaude, p\u0101rbaude met\u0101la k\u0101rb\u0101s un metaliz\u0113t\u0101s iepakojumi, uzpildes daudzums, \u0123eneratora jauda p\u0113c produkta, paroles aizsardz\u012bba<\/td>\r\n<\/tr>\r\n<tr>\r\n<td width=\"210\">Ieejas \/ izejas<\/td>\r\n<td width=\"450\">Programm\u0113jam\u0101s izejas (atkl\u0101\u0161ana, gatav\u012bba, av\u0101rijas izsl\u0113g\u0161ana), Programm\u0113jam\u0101s ieejas (av\u0101rijas izsl\u0113g\u0161ana, ierosme, atlas\u0101mi vad\u012bbas sign\u0101li)<\/td>\r\n<\/tr>\r\n<tr>\r\n<td width=\"210\">Datu p\u0101rs\u016bt\u012b\u0161ana un zi\u0146o\u0161ana<\/td>\r\n<td width=\"450\">Ethernet att\u0101lajam atbalstam internet\u0101, USB \u0101r\u0113jai tastat\u016brai\/pelei\/atmi\u0146as kartei<\/td>\r\n<\/tr>\r\n<tr>\r\n<td width=\"210\">Svars<\/td>\r\n<td width=\"450\">0,5 - 1,4 t<\/td>\r\n<\/tr>\r\n<tr>\r\n<td width=\"210\">bar\u012bba<\/td>\r\n<td width=\"450\">230 VAC +\/- 10%, 50\/60 Hz, maks. 0,5 - 2,0 kW<\/td>\r\n<\/tr>\r\n<tr>\r\n<td width=\"210\">Saspiest\u0101 gaisa piepras\u012bjums<\/td>\r\n<td width=\"450\">Bez st\u016bm\u0113ja 0 MPa (0 bar\/0 psi), ar papildu st\u016bm\u0113ju sist\u0113mu 0,4 MPa (4 bar\/58 psi)<\/td>\r\n<\/tr>\r\n<tr>\r\n<td width=\"210\">Vides apst\u0101k\u013ci<\/td>\r\n<td width=\"450\">no 0\u00b0C l\u012bdz +30\u00b0C, ar relat\u012bvo mitrumu ne vair\u0101k k\u0101 90%, nekondens\u0113jo\u0161s. P\u0113c izv\u0113les: papildu \u0101r\u0113jie dzes\u0113\u0161anas bloki, lai papla\u0161in\u0101tu temperat\u016bras diapazonu<\/td>\r\n<\/tr>\r\n<tr>\r\n<td width=\"210\">Atbilst\u012bba<\/td>\r\n<td width=\"450\">CE, atbilst ES rentgena noteikumiem<\/td>\r\n<\/tr>\r\n<\/tbody>\r\n<\/table>\t\t\t\t\t\t\t\t<\/div>\n\t\t\t\t<\/div>\n\t\t\t\t\t<\/div>\n\t\t<\/div>\n\t\t\t\t\t<\/div>\n\t\t<\/section>\n\t\t\t\t<section class=\"elementor-section elementor-top-section elementor-element elementor-element-a4d3cd3 elementor-section-boxed elementor-section-height-default elementor-section-height-default\" data-id=\"a4d3cd3\" data-element_type=\"section\" data-e-type=\"section\">\n\t\t\t\t\t\t<div class=\"elementor-container elementor-column-gap-default\">\n\t\t\t\t\t<div class=\"elementor-column elementor-col-66 elementor-top-column elementor-element elementor-element-bef9d11\" data-id=\"bef9d11\" data-element_type=\"column\" data-e-type=\"column\">\n\t\t\t<div class=\"elementor-widget-wrap elementor-element-populated\">\n\t\t\t\t\t\t<div class=\"elementor-element elementor-element-45dc64d elementor-widget elementor-widget-video\" data-id=\"45dc64d\" data-element_type=\"widget\" data-e-type=\"widget\" data-settings=\"{&quot;youtube_url&quot;:&quot;https:\\\/\\\/www.youtube.com\\\/watch?v=OcpYoMs-i2w&amp;ab_channel=CASSELInspection&quot;,&quot;video_type&quot;:&quot;youtube&quot;,&quot;controls&quot;:&quot;yes&quot;}\" data-widget_type=\"video.default\">\n\t\t\t\t<div class=\"elementor-widget-container\">\n\t\t\t\t\t\t\t<div class=\"elementor-wrapper elementor-open-inline\">\n\t\t\t<div class=\"elementor-video\"><\/div>\t\t<\/div>\n\t\t\t\t\t\t<\/div>\n\t\t\t\t<\/div>\n\t\t\t\t\t<\/div>\n\t\t<\/div>\n\t\t\t\t<div class=\"elementor-column elementor-col-33 elementor-top-column elementor-element elementor-element-b770cad\" data-id=\"b770cad\" data-element_type=\"column\" data-e-type=\"column\">\n\t\t\t<div class=\"elementor-widget-wrap elementor-element-populated\">\n\t\t\t\t\t\t<div class=\"elementor-element elementor-element-5dce0ad btn-position-bottom elementor-widget elementor-widget-razzi-image-button\" data-id=\"5dce0ad\" data-element_type=\"widget\" data-e-type=\"widget\" data-widget_type=\"razzi-image-button.default\">\n\t\t\t\t<div class=\"elementor-widget-container\">\n\t\t\t\t\t<div class=\"razzi-image-button\"><img fetchpriority=\"high\" decoding=\"async\" width=\"640\" height=\"640\" src=\"https:\/\/packstera.lt\/wp-content\/uploads\/2020\/06\/bulk-1-1024x1024.jpg\" class=\"attachment-large size-large wp-image-15603\" alt=\"\" srcset=\"https:\/\/packstera.lt\/wp-content\/uploads\/2020\/06\/bulk-1-1024x1024.jpg 1024w, https:\/\/packstera.lt\/wp-content\/uploads\/2020\/06\/bulk-1-600x600.jpg 600w, https:\/\/packstera.lt\/wp-content\/uploads\/2020\/06\/bulk-1-150x150.jpg 150w, https:\/\/packstera.lt\/wp-content\/uploads\/2020\/06\/bulk-1-300x300.jpg 300w, https:\/\/packstera.lt\/wp-content\/uploads\/2020\/06\/bulk-1-768x768.jpg 768w\" sizes=\"(max-width: 640px) 100vw, 640px\" \/><a href=\"http:\/\/packstera.lt\/wp-content\/uploads\/2023\/01\/CASSEL-XRay-XD-bulk-DS-EN-200709.pdf\" target=\"_blank\" rel=\"nofollow\" class=\"razzi-image-button__link\"><\/a><a href=\"http:\/\/packstera.lt\/wp-content\/uploads\/2023\/01\/CASSEL-XRay-XD-bulk-DS-EN-200709.pdf\" target=\"_blank\" rel=\"nofollow\" class=\"razzi-image-button__position razzi-image-button__button\">Ra\u017eot\u0101ja apraksts <span class=\"razzi-svg-icon\"><svg aria-hidden=\"true\" role=\"img\" focusable=\"false\" xmlns=\"http:\/\/www.w3.org\/2000\/svg\" width=\"24\" height=\"24\" viewbox=\"0 0 24 24\" fill=\"none\" stroke=\"currentColor\" stroke-width=\"2\" stroke-linecap=\"round\" stroke-linejoin=\"round\"><line x1=\"0\" y1=\"12\" x2=\"19\" y2=\"12\"><\/line><polyline points=\"12 5 19 12 12 19\"><\/polyline><\/svg><\/span><\/a><\/div>\t\t\t\t<\/div>\n\t\t\t\t<\/div>\n\t\t\t\t\t<\/div>\n\t\t<\/div>\n\t\t\t\t\t<\/div>\n\t\t<\/section>\n\t\t\t\t<\/div>","protected":false},"excerpt":{"rendered":"<p>XD BULK rentgena sist\u0113ma ir paredz\u0113ta beztaras produktiem, piem\u0113ram, neiesai\u0146otiem riekstiem, \u017e\u0101v\u0113tiem aug\u013ciem, konfekt\u0113m utt. XIA programmat\u016bra veic \u0101tru anal\u012bzi un noteik\u0161anu ar augstu precizit\u0101ti un uzticam\u012bbu, t\u0101d\u0113j\u0101di izvairoties no viltus noraid\u012bjumiem. Sist\u0113ma ir paredz\u0113ta maksim\u0101lai dro\u0161\u012bbai un \u0113rtai lieto\u0161anai. Optimiz\u0113tais dizains nodro\u0161ina vieglu t\u012br\u012b\u0161anu un apkopi. Visas sast\u0101vda\u013cas var viegli no\u0146emt, lai ier\u012bce \u0101tri b\u016btu gatava darbam. Tas padara XD BULK \u012bpa\u0161i piem\u0113rotu vis\u0101m nozar\u0113m, kur\u0101m ir j\u0101nodro\u0161ina stingri higi\u0113nas standarti.<\/p>\n<ul>\n<li>Funkcijas izstr\u0101d\u0101juma da\u013cu mask\u0113\u0161anai, lai lab\u0101k atkl\u0101tu sve\u0161\u0137ermeni<\/li>\n<li>P\u0101rbaudes dati tiek autom\u0101tiski saglab\u0101ti, ierakstot laiku un datumu<\/li>\n<li>\u0112rta darb\u012bba ar 255 produktu uzglab\u0101\u0161anas atmi\u0146u<\/li>\n<li>USB un Ethernet datu p\u0101rs\u016bt\u012b\u0161anai<\/li>\n<li>Re\u0101llaika piemais\u012bjumu noteik\u0161ana ar kr\u0101su pies\u0101r\u0146ojuma anal\u012bzi<\/li>\n<li>Konveijers ir viegli izjaucams \u0113rtai t\u012br\u012b\u0161anai un apkopei<\/li>\n<li>Integr\u0113ta t\u0101lvad\u012bbas pults un apkope<\/li>\n<li>24 stundu darb\u012bba<\/li>\n<li>T\u00dcV apstiprin\u0101ts: uzticams dro\u0161\u012bbas standarts, iesp\u0113jama sertifik\u0101ta izsnieg\u0161ana<\/li>\n<\/ul>","protected":false},"featured_media":15596,"template":"","meta":[],"product_cat":[602],"product_tag":[],"class_list":{"0":"post-13067","1":"product","2":"type-product","3":"status-publish","4":"has-post-thumbnail","6":"product_cat-rentgeno-patikra-biriems-produktams","8":"first","9":"instock","10":"shipping-taxable","11":"product-type-simple"},"_links":{"self":[{"href":"https:\/\/packstera.lt\/lv\/wp-json\/wp\/v2\/product\/13067","targetHints":{"allow":["GET"]}}],"collection":[{"href":"https:\/\/packstera.lt\/lv\/wp-json\/wp\/v2\/product"}],"about":[{"href":"https:\/\/packstera.lt\/lv\/wp-json\/wp\/v2\/types\/product"}],"version-history":[{"count":7,"href":"https:\/\/packstera.lt\/lv\/wp-json\/wp\/v2\/product\/13067\/revisions"}],"predecessor-version":[{"id":15606,"href":"https:\/\/packstera.lt\/lv\/wp-json\/wp\/v2\/product\/13067\/revisions\/15606"}],"wp:featuredmedia":[{"embeddable":true,"href":"https:\/\/packstera.lt\/lv\/wp-json\/wp\/v2\/media\/15596"}],"wp:attachment":[{"href":"https:\/\/packstera.lt\/lv\/wp-json\/wp\/v2\/media?parent=13067"}],"wp:term":[{"taxonomy":"product_cat","embeddable":true,"href":"https:\/\/packstera.lt\/lv\/wp-json\/wp\/v2\/product_cat?post=13067"},{"taxonomy":"product_tag","embeddable":true,"href":"https:\/\/packstera.lt\/lv\/wp-json\/wp\/v2\/product_tag?post=13067"}],"curies":[{"name":"wp","href":"https:\/\/api.w.org\/{rel}","templated":true}]}}