{"id":13068,"date":"2020-06-28T16:06:47","date_gmt":"2020-06-28T13:06:47","guid":{"rendered":"http:\/\/packstera.lt\/p\/xray-shark-xd-board\/"},"modified":"2023-04-19T15:32:42","modified_gmt":"2023-04-19T12:32:42","slug":"xray-haizivs-xd-delis","status":"publish","type":"product","link":"https:\/\/packstera.lt\/lv\/p\/xray-shark-xd-board\/","title":{"rendered":"XRAY SHARK\u00ae XD d\u0113lis"},"content":{"rendered":"<table width=\"660\">\n<tbody>\n<tr>\n<td width=\"210\">Rentgena avots<\/td>\n<td width=\"450\">2 \u2013 5 rentgena \u0123eneratori (atkar\u012bb\u0101 no platuma) ar maks. 80kV (480W), mai\u0146spriegums + str\u0101va<\/td>\n<\/tr>\n<tr>\n<td width=\"210\">Radi\u0101cijas nopl\u016bde<\/td>\n<td width=\"450\">3 \u00b5Sv\/h vai maz\u0101k 10 cm att\u0101lum\u0101 no korpusa virsm\u0101m, izmantojot visas dro\u0161\u012bbas ier\u012bces<\/td>\n<\/tr>\n<tr>\n<td width=\"210\">Dro\u0161\u012bba<\/td>\n<td width=\"450\">\u012apa\u0161s produktu tunelis, magn\u0113tiskie dro\u0161\u012bbas sl\u0113d\u017ei pie durv\u012bm un tune\u013cu l\u016bk\u0101m, av\u0101rijas aptur\u0113\u0161anas poga, av\u0101rijas aptur\u0113\u0161anas ievades\/izvades saskarnes ar ra\u017eo\u0161anas l\u012bnijas dro\u0161\u012bbas sh\u0113m\u0101m, rentgena izn\u012bcin\u0101\u0161anas sl\u0113dzis<\/td>\n<\/tr>\n<tr>\n<td width=\"210\">Rentgena att\u0113ls<\/td>\n<td width=\"450\">2 - 5 stari no aug\u0161as uz leju<\/td>\n<\/tr>\n<tr>\n<td width=\"210\">Dzes\u0113\u0161ana<\/td>\n<td width=\"450\">\u013boti efekt\u012bvi, klusi l\u012bdzstr\u0101vas ventilatori\/izv\u0113les gaisa kondicionieris<\/td>\n<\/tr>\n<tr>\n<td width=\"210\">\u0136ermenis<\/td>\n<td width=\"450\">S235 klases t\u0113rauda r\u0101mis ir pulverkr\u0101sots, p\u0101rsegi ir alum\u012bnija<\/td>\n<\/tr>\n<tr>\n<td width=\"210\">dro\u0161\u012bbas klase<\/td>\n<td width=\"450\">IP50 (saska\u0146\u0101 ar IEC 60529), IP54 - vad\u012bbas skapis un displejs<\/td>\n<\/tr>\n<tr>\n<td width=\"210\">Konveijera tips<\/td>\n<td width=\"450\">(Pieejams klientam)<\/td>\n<\/tr>\n<tr>\n<td width=\"210\">Joslas platums<\/td>\n<td width=\"450\">(Pieejams klientam)<\/td>\n<\/tr>\n<tr>\n<td width=\"210\">Sken\u0113\u0161anas augstums<\/td>\n<td width=\"450\">90 mm<\/td>\n<\/tr>\n<tr>\n<td width=\"210\">Sken\u0113\u0161anas platums<\/td>\n<td width=\"450\">1400 - 3200 mm<\/td>\n<\/tr>\n<tr>\n<td width=\"210\">Sken\u0113\u0161anas \u0101trums<\/td>\n<td width=\"450\">Atkar\u012bb\u0101 no izstr\u0101d\u0101juma l\u012bdz 0,4 m\/s<\/td>\n<\/tr>\n<tr>\n<td width=\"210\">Produkta maksim\u0101lie izm\u0113ri<\/td>\n<td width=\"450\">platums x augstums: 1400-3200 \u00d7 90 mm<\/td>\n<\/tr>\n<tr>\n<td width=\"210\">Produkta atmi\u0146a<\/td>\n<td width=\"450\">255 da\u017e\u0101di produktu iestat\u012bjumi<\/td>\n<\/tr>\n<tr>\n<td width=\"210\">Ekr\u0101ns<\/td>\n<td width=\"450\">17 collu kr\u0101su TFT sk\u0101rienekr\u0101ns<\/td>\n<\/tr>\n<tr>\n<td width=\"210\">P\u0101rbaudes funkcijas<\/td>\n<td width=\"450\">Autom\u0101tiska kalibr\u0113\u0161ana, autom\u0101tiska bl\u012bvuma nevienm\u0113r\u012bguma piel\u0101go\u0161ana, bl\u012bvums, ass kontrasts, maigs kontrasts, mask\u0113\u0161anas tehnolo\u0123ija, superkontrasts, izm\u0113ra filtrs, autom\u0101tiska malu mask\u0113\u0161ana, autom\u0101tiska att\u0113lu saglab\u0101\u0161ana\/iel\u0101d\u0113\u0161ana, vair\u0101ku segmentu p\u0101rbaude, p\u0101rbaude met\u0101la k\u0101rb\u0101s un metaliz\u0113t\u0101s iepakojumi, uzpildes daudzums, \u0123eneratora jauda p\u0113c produkta, paroles aizsardz\u012bba<\/td>\n<\/tr>\n<tr>\n<td width=\"210\">Ieejas \/ izejas<\/td>\n<td width=\"450\">Programm\u0113jam\u0101s izejas (atkl\u0101\u0161ana, gatav\u012bba, av\u0101rijas izsl\u0113g\u0161ana), Programm\u0113jam\u0101s ieejas (av\u0101rijas izsl\u0113g\u0161ana, ierosme, atlas\u0101mi vad\u012bbas sign\u0101li)<\/td>\n<\/tr>\n<tr>\n<td width=\"210\">Datu p\u0101rs\u016bt\u012b\u0161ana un zi\u0146o\u0161ana<\/td>\n<td width=\"450\">Ethernet att\u0101lajam atbalstam internet\u0101, USB \u0101r\u0113jai tastat\u016brai\/pelei\/atmi\u0146as kartei<\/td>\n<\/tr>\n<tr>\n<td width=\"210\">Svars<\/td>\n<td width=\"450\">2,4 - 4,2 tonnas<\/td>\n<\/tr>\n<tr>\n<td width=\"210\">bar\u012bba<\/td>\n<td width=\"450\">230 VAC +\/- 10%, 50\/60 Hz, maks. 2,0 - 3,5 kW<\/td>\n<\/tr>\n<tr>\n<td width=\"210\">Vides apst\u0101k\u013ci<\/td>\n<td width=\"450\">no 0\u00b0C l\u012bdz +30\u00b0C, ar relat\u012bvo mitrumu ne vair\u0101k k\u0101 90%, nekondens\u0113jo\u0161s. P\u0113c izv\u0113les: papildu \u0101r\u0113jie dzes\u0113\u0161anas bloki, lai papla\u0161in\u0101tu temperat\u016bras diapazonu<\/td>\n<\/tr>\n<tr>\n<td width=\"210\">Atbilst\u012bba<\/td>\n<td width=\"450\">CE, atbilst ES rentgena noteikumiem<\/td>\n<\/tr>\n<tr>\n<td width=\"210\">Rentgena detektors<\/td>\n<td width=\"450\">zems trok\u0161\u0146a l\u012bmenis 816 mm line\u0101r\u0101s sken\u0113\u0161anas CCD, iz\u0161\u0137irtsp\u0113ja 0,8 mm<\/td>\n<\/tr>\n<\/tbody>\n<\/table>","protected":false},"excerpt":{"rendered":"<p>XD BOARD rentgena p\u0101rbaudes sist\u0113ma ir \u012bpa\u0161i izstr\u0101d\u0101ta, lai noteiktu piemais\u012bjumus \u013coti pl\u0101nos, plakanos izstr\u0101d\u0101jumos. Tas padara to ide\u0101li piem\u0113rotu audumiem, neaustiem materi\u0101liem, kartonam vai pat \u012bpa\u0161am kartonam, piem\u0113ram, transformatora kartonam. Izmantojot XIA3 novatorisko programmat\u016bru, da\u017eas produkta da\u013cas var b\u016bt pasl\u0113ptas. Tas ir noder\u012bgi produktiem, kuru iepakojums nav j\u0101p\u0101rbauda. Izmantojot mask\u0113\u0161anas funkciju, tiek nov\u0113rsta nevajadz\u012bga produktu viltus noraid\u012b\u0161ana.<\/p>\n<ul>\n<li>Funkcijas izstr\u0101d\u0101juma da\u013cu mask\u0113\u0161anai, lai lab\u0101k atkl\u0101tu sve\u0161\u0137ermeni<\/li>\n<li>Autom\u0101tiski saglab\u0101 p\u0101rbaudes datus ar laika un datuma z\u012bmogu<\/li>\n<li>\u0112rta darb\u012bba ar 255 produktu uzglab\u0101\u0161anas atmi\u0146u<\/li>\n<li>USB un Ethernet datu p\u0101rs\u016bt\u012b\u0161anai<\/li>\n<li>Produkta platums l\u012bdz 3400 mm, ja augstums \u2264 30 mm vai platums l\u012bdz 3200 mm, ja augstums \u2264 100 mm<\/li>\n<li>Viegla apkope un t\u012br\u012b\u0161ana<\/li>\n<li>Integr\u0113ta t\u0101lvad\u012bbas pults un apkope<\/li>\n<li>24 stundu darb\u012bba<\/li>\n<li>T\u00dcV apstiprin\u0101ts: uzticams dro\u0161\u012bbas standarts, iesp\u0113jama sertifik\u0101ta izsnieg\u0161ana<\/li>\n<\/ul>","protected":false},"featured_media":15588,"template":"","meta":[],"product_cat":[598],"product_tag":[716],"class_list":{"0":"post-13068","1":"product","2":"type-product","3":"status-publish","4":"has-post-thumbnail","6":"product_cat-rentgeno-patikra-lentoms-kartonui-medziagos-pluostams","7":"product_tag-medienos","9":"first","10":"instock","11":"shipping-taxable","12":"product-type-simple"},"_links":{"self":[{"href":"https:\/\/packstera.lt\/lv\/wp-json\/wp\/v2\/product\/13068","targetHints":{"allow":["GET"]}}],"collection":[{"href":"https:\/\/packstera.lt\/lv\/wp-json\/wp\/v2\/product"}],"about":[{"href":"https:\/\/packstera.lt\/lv\/wp-json\/wp\/v2\/types\/product"}],"version-history":[{"count":2,"href":"https:\/\/packstera.lt\/lv\/wp-json\/wp\/v2\/product\/13068\/revisions"}],"predecessor-version":[{"id":15589,"href":"https:\/\/packstera.lt\/lv\/wp-json\/wp\/v2\/product\/13068\/revisions\/15589"}],"wp:featuredmedia":[{"embeddable":true,"href":"https:\/\/packstera.lt\/lv\/wp-json\/wp\/v2\/media\/15588"}],"wp:attachment":[{"href":"https:\/\/packstera.lt\/lv\/wp-json\/wp\/v2\/media?parent=13068"}],"wp:term":[{"taxonomy":"product_cat","embeddable":true,"href":"https:\/\/packstera.lt\/lv\/wp-json\/wp\/v2\/product_cat?post=13068"},{"taxonomy":"product_tag","embeddable":true,"href":"https:\/\/packstera.lt\/lv\/wp-json\/wp\/v2\/product_tag?post=13068"}],"curies":[{"name":"wp","href":"https:\/\/api.w.org\/{rel}","templated":true}]}}