{"id":13071,"date":"2020-06-28T15:10:27","date_gmt":"2020-06-28T12:10:27","guid":{"rendered":"http:\/\/packstera.lt\/p\/xray-shark-xs25-gig\/"},"modified":"2023-01-30T13:40:55","modified_gmt":"2023-01-30T11:40:55","slug":"rentgena-haizivs-xs25","status":"publish","type":"product","link":"https:\/\/packstera.lt\/lv\/p\/rentgenas-shark-xs25\/","title":{"rendered":"Rentgenstaru SHARK XS25"},"content":{"rendered":"<div data-elementor-type=\"wp-post\" data-elementor-id=\"13071\" class=\"elementor elementor-13071\">\n\t\t\t\t\t\t<section class=\"elementor-section elementor-top-section elementor-element elementor-element-70d41e5b elementor-section-boxed elementor-section-height-default elementor-section-height-default\" data-id=\"70d41e5b\" data-element_type=\"section\" data-e-type=\"section\">\n\t\t\t\t\t\t<div class=\"elementor-container elementor-column-gap-default\">\n\t\t\t\t\t<div class=\"elementor-column elementor-col-100 elementor-top-column elementor-element elementor-element-549b60ae\" data-id=\"549b60ae\" data-element_type=\"column\" data-e-type=\"column\">\n\t\t\t<div class=\"elementor-widget-wrap elementor-element-populated\">\n\t\t\t\t\t\t<div class=\"elementor-element elementor-element-348634c8 elementor-widget elementor-widget-text-editor\" data-id=\"348634c8\" data-element_type=\"widget\" data-e-type=\"widget\" data-widget_type=\"text-editor.default\">\n\t\t\t\t<div class=\"elementor-widget-container\">\n\t\t\t\t\t\t\t\t\t<table width=\"660\">\r\n<tbody>\r\n<tr>\r\n<td width=\"210\">Rentgena avots<\/td>\r\n<td width=\"450\">Viena\/divu staru rentgena \u0123enerators ar maks. 60kV (50W) \/ 80kV (480W), mai\u0146spriegums + str\u0101va<\/td>\r\n<\/tr>\r\n<tr>\r\n<td width=\"210\">Radi\u0101cijas nopl\u016bde<\/td>\r\n<td width=\"450\">1 \u00b5Sv\/h \/ 3 \u00b5Sv\/h vai maz\u0101k 10 cm att\u0101lum\u0101 no skapja virsm\u0101m, izmantojot visas dro\u0161\u012bbas ier\u012bces<\/td>\r\n<\/tr>\r\n<tr>\r\n<td width=\"210\">Dro\u0161\u012bba<\/td>\r\n<td width=\"450\">\u012apa\u0161s produktu tunelis, magn\u0113tiskie dro\u0161\u012bbas sl\u0113d\u017ei pie durv\u012bm un tune\u013cu l\u016bk\u0101m, av\u0101rijas aptur\u0113\u0161anas poga, av\u0101rijas aptur\u0113\u0161anas ievades\/izvades saskarnes ar ra\u017eo\u0161anas l\u012bnijas dro\u0161\u012bbas sh\u0113m\u0101m, rentgena izn\u012bcin\u0101\u0161anas sl\u0113dzis<\/td>\r\n<\/tr>\r\n<tr>\r\n<td width=\"210\">Rentgena att\u0113ls<\/td>\r\n<td width=\"450\">No malas. Viens stars<\/td>\r\n<\/tr>\r\n<tr>\r\n<td width=\"210\">Dzes\u0113\u0161ana<\/td>\r\n<td width=\"450\">\u013boti efekt\u012bvi, klusi l\u012bdzstr\u0101vas ventilatori\/izv\u0113les gaisa kondicionieris<\/td>\r\n<\/tr>\r\n<tr>\r\n<td width=\"210\">\u0136ermenis<\/td>\r\n<td width=\"450\">Ner\u016bs\u0113jo\u0161ais t\u0113rauds, klase AISI 304 \/ DIN EN 1.4301 (X5CrNi18-10)<\/td>\r\n<\/tr>\r\n<tr>\r\n<td width=\"210\">dro\u0161\u012bbas klase<\/td>\r\n<td width=\"450\">IP54 (saska\u0146\u0101 ar IEC 60529), ieskaitot sk\u0101rienpaneli un ventilatorus; p\u0113c izv\u0113les tunel\u012b - IP66<\/td>\r\n<\/tr>\r\n<tr>\r\n<td width=\"210\">Konveijera tips<\/td>\r\n<td width=\"450\">Met\u0101la vai plastmasas segment\u0101las<\/td>\r\n<\/tr>\r\n<tr>\r\n<td width=\"210\">Joslas platums<\/td>\r\n<td width=\"450\">114 mm<\/td>\r\n<\/tr>\r\n<tr>\r\n<td width=\"210\">Sken\u0113\u0161anas augstums<\/td>\r\n<td width=\"450\">Max 250 mm<\/td>\r\n<\/tr>\r\n<tr>\r\n<td width=\"210\">Sken\u0113\u0161anas platums<\/td>\r\n<td width=\"450\">Max 150 mm<\/td>\r\n<\/tr>\r\n<tr>\r\n<td width=\"210\">Konveijera \u0101trums<\/td>\r\n<td width=\"450\">Atkar\u012bb\u0101 no izstr\u0101d\u0101juma l\u012bdz 0,5 m\/s<\/td>\r\n<\/tr>\r\n<tr>\r\n<td width=\"210\">Produkta maksim\u0101lie izm\u0113ri<\/td>\r\n<td width=\"450\">platums x augstums: 150\u00d7250 mm<\/td>\r\n<\/tr>\r\n<tr>\r\n<td width=\"210\">Maksim\u0101lais produkta svars<\/td>\r\n<td width=\"450\">25 kg<\/td>\r\n<\/tr>\r\n<tr>\r\n<td width=\"210\">Pieejama nome\u0161anas metode<\/td>\r\n<td width=\"450\">\u0100trgaitas st\u016bm\u0113js burk\u0101m<\/td>\r\n<\/tr>\r\n<tr>\r\n<td width=\"210\">Produkta atmi\u0146a<\/td>\r\n<td width=\"450\">255 da\u017e\u0101di produktu iestat\u012bjumi<\/td>\r\n<\/tr>\r\n<tr>\r\n<td width=\"210\">Ekr\u0101ns<\/td>\r\n<td width=\"450\">17 collu kr\u0101su TFT sk\u0101rienekr\u0101ns<\/td>\r\n<\/tr>\r\n<tr>\r\n<td width=\"210\">P\u0101rbaudes funkcijas<\/td>\r\n<td width=\"450\">Autom\u0101tiska kalibr\u0113\u0161ana, autom\u0101tiska bl\u012bvuma nevienm\u0113r\u012bguma piel\u0101go\u0161ana, bl\u012bvums, ass kontrasts, maigs kontrasts, mask\u0113\u0161anas tehnolo\u0123ija, superkontrasts, izm\u0113ra filtrs, autom\u0101tiska malu mask\u0113\u0161ana, autom\u0101tiska att\u0113lu saglab\u0101\u0161ana\/iel\u0101d\u0113\u0161ana, vair\u0101ku segmentu p\u0101rbaude, p\u0101rbaude met\u0101la k\u0101rb\u0101s un metaliz\u0113t\u0101s iepakojumi, uzpildes daudzums, \u0123eneratora jauda p\u0113c produkta, paroles aizsardz\u012bba<\/td>\r\n<\/tr>\r\n<tr>\r\n<td width=\"210\">Ieejas \/ izejas<\/td>\r\n<td width=\"450\">Programm\u0113jam\u0101s izejas (atkl\u0101\u0161ana, gatav\u012bba, av\u0101rijas izsl\u0113g\u0161ana), Programm\u0113jam\u0101s ieejas (av\u0101rijas izsl\u0113g\u0161ana, ierosme, atlas\u0101mi vad\u012bbas sign\u0101li)<\/td>\r\n<\/tr>\r\n<tr>\r\n<td width=\"210\">Datu p\u0101rs\u016bt\u012b\u0161ana un zi\u0146o\u0161ana<\/td>\r\n<td width=\"450\">Ethernet att\u0101lajam atbalstam internet\u0101, USB \u0101r\u0113jai tastat\u016brai\/pelei\/atmi\u0146as kartei<\/td>\r\n<\/tr>\r\n<tr>\r\n<td width=\"210\">Svars<\/td>\r\n<td width=\"450\">0,85 tilp<\/td>\r\n<\/tr>\r\n<tr>\r\n<td width=\"210\">bar\u012bba<\/td>\r\n<td width=\"450\">230 VAC +\/- 10%, 50\/60 Hz, maks. 1,5 kW \/ 2,5 kW<\/td>\r\n<\/tr>\r\n<tr>\r\n<td width=\"210\">Saspiest\u0101 gaisa piepras\u012bjums<\/td>\r\n<td width=\"450\">Bez st\u016bm\u0113ja 0 MPa (0 bar\/0 psi), ar papildu st\u016bm\u0113ju sist\u0113mu 0,4 MPa (4 bar\/58 psi)<\/td>\r\n<\/tr>\r\n<tr>\r\n<td width=\"210\">Vides apst\u0101k\u013ci<\/td>\r\n<td width=\"450\">no 0\u00b0C l\u012bdz +35\u00b0C, ar relat\u012bvo mitrumu ne vair\u0101k k\u0101 90%, nekondens\u0113jo\u0161s. P\u0113c izv\u0113les: papildu \u0101r\u0113jie dzes\u0113\u0161anas bloki, lai papla\u0161in\u0101tu temperat\u016bras diapazonu<\/td>\r\n<\/tr>\r\n<tr>\r\n<td width=\"210\">Atbilst\u012bba<\/td>\r\n<td width=\"450\">CE, atbilst ES rentgena noteikumiem<\/td>\r\n<\/tr>\r\n<tr>\r\n<td width=\"210\">Rentgena detektors<\/td>\r\n<td width=\"450\">zema trok\u0161\u0146a l\u012bme\u0146a 510\u00a0mm line\u0101r\u0101s sken\u0113\u0161anas CCD, iz\u0161\u0137irtsp\u0113ja 0,8\u00a0mm vai 0,4\u00a0mm (p\u0113c izv\u0113les)<\/td>\r\n<\/tr>\r\n<\/tbody>\r\n<\/table>\t\t\t\t\t\t\t\t<\/div>\n\t\t\t\t<\/div>\n\t\t\t\t\t<\/div>\n\t\t<\/div>\n\t\t\t\t\t<\/div>\n\t\t<\/section>\n\t\t\t\t<section class=\"elementor-section elementor-top-section elementor-element elementor-element-47ac6c4 elementor-section-boxed elementor-section-height-default elementor-section-height-default\" data-id=\"47ac6c4\" data-element_type=\"section\" data-e-type=\"section\">\n\t\t\t\t\t\t<div class=\"elementor-container elementor-column-gap-default\">\n\t\t\t\t\t<div class=\"elementor-column elementor-col-66 elementor-top-column elementor-element elementor-element-3129eea\" data-id=\"3129eea\" data-element_type=\"column\" data-e-type=\"column\">\n\t\t\t<div class=\"elementor-widget-wrap elementor-element-populated\">\n\t\t\t\t\t\t<div class=\"elementor-element elementor-element-e5ca649 elementor-widget elementor-widget-video\" data-id=\"e5ca649\" data-element_type=\"widget\" data-e-type=\"widget\" data-settings=\"{&quot;youtube_url&quot;:&quot;https:\\\/\\\/www.youtube.com\\\/watch?v=z12Thvdtjyk&amp;ab_channel=CASSELInspection&quot;,&quot;video_type&quot;:&quot;youtube&quot;,&quot;controls&quot;:&quot;yes&quot;}\" data-widget_type=\"video.default\">\n\t\t\t\t<div class=\"elementor-widget-container\">\n\t\t\t\t\t\t\t<div class=\"elementor-wrapper elementor-open-inline\">\n\t\t\t<div class=\"elementor-video\"><\/div>\t\t<\/div>\n\t\t\t\t\t\t<\/div>\n\t\t\t\t<\/div>\n\t\t\t\t\t<\/div>\n\t\t<\/div>\n\t\t\t\t<div class=\"elementor-column elementor-col-33 elementor-top-column elementor-element elementor-element-75b8c49\" data-id=\"75b8c49\" data-element_type=\"column\" data-e-type=\"column\">\n\t\t\t<div class=\"elementor-widget-wrap\">\n\t\t\t\t\t\t\t<\/div>\n\t\t<\/div>\n\t\t\t\t\t<\/div>\n\t\t<\/section>\n\t\t\t\t<\/div>","protected":false},"excerpt":{"rendered":"<p>Rentgenstaru p\u0101rbaudes sist\u0113ma XS25 GIG ir \u012bpa\u0161i izstr\u0101d\u0101ta sare\u017e\u0123\u012btai stikla da\u013ci\u0146u noteik\u0161anai stikla vai plastmasas traukos. Iek\u0101rta nosaka ar\u012b sve\u0161\u0137erme\u0146us, piem\u0113ram, met\u0101lu, akme\u0146us, keramiku vai plastmasu, kam ir at\u0161\u0137ir\u012bgs bl\u012bvums nek\u0101 izstr\u0101d\u0101jumam.<\/p>\n<p>Pateicoties higi\u0113niskajam dizainam ar IP66 aizsardz\u012bbas tipu produktu tunelim, XS 25 GIG produkti ir \u012bpa\u0161i piem\u0113roti visiem uz\u0146\u0113mumiem un nozar\u0113m, kur\u0101m ir j\u0101nodro\u0161ina augsti higi\u0113nas standarti.<\/p>\n<ul>\n<li>Stikla traukos tiek konstat\u0113ti augsta bl\u012bvuma materi\u0101li, piem\u0113ram, met\u0101ls, keramika, akmens, plastmasa un pat stikla da\u013ci\u0146as.<\/li>\n<li>Sken\u0113\u0161anas augstums l\u012bdz 250 mm, ar izliektu izstr\u0101d\u0101juma tuneli<\/li>\n<li>Vienk\u0101r\u0161a darb\u012bba ar autom\u0101tisko kalibr\u0113\u0161anu un skaidri sak\u0101rtot\u0101m funkcij\u0101m 17 collu sk\u0101rienekr\u0101n\u0101<\/li>\n<li>\u0100trgaitas \u0161\u0137\u0113rsst\u016bm\u0113js stikla traukiem<\/li>\n<li>XIA programmat\u016bra t\u016bl\u012bt\u0113jai anal\u012bzei un prec\u012bzai un uzticamai noteik\u0161anai<\/li>\n<\/ul>","protected":false},"featured_media":11959,"template":"","meta":[],"product_cat":[601],"product_tag":[],"class_list":{"0":"post-13071","1":"product","2":"type-product","3":"status-publish","4":"has-post-thumbnail","6":"product_cat-rentgeno-patikra-produktams-stiklineje-taroje","8":"first","9":"instock","10":"shipping-taxable","11":"product-type-simple"},"_links":{"self":[{"href":"https:\/\/packstera.lt\/lv\/wp-json\/wp\/v2\/product\/13071","targetHints":{"allow":["GET"]}}],"collection":[{"href":"https:\/\/packstera.lt\/lv\/wp-json\/wp\/v2\/product"}],"about":[{"href":"https:\/\/packstera.lt\/lv\/wp-json\/wp\/v2\/types\/product"}],"version-history":[{"count":4,"href":"https:\/\/packstera.lt\/lv\/wp-json\/wp\/v2\/product\/13071\/revisions"}],"predecessor-version":[{"id":15585,"href":"https:\/\/packstera.lt\/lv\/wp-json\/wp\/v2\/product\/13071\/revisions\/15585"}],"wp:featuredmedia":[{"embeddable":true,"href":"https:\/\/packstera.lt\/lv\/wp-json\/wp\/v2\/media\/11959"}],"wp:attachment":[{"href":"https:\/\/packstera.lt\/lv\/wp-json\/wp\/v2\/media?parent=13071"}],"wp:term":[{"taxonomy":"product_cat","embeddable":true,"href":"https:\/\/packstera.lt\/lv\/wp-json\/wp\/v2\/product_cat?post=13071"},{"taxonomy":"product_tag","embeddable":true,"href":"https:\/\/packstera.lt\/lv\/wp-json\/wp\/v2\/product_tag?post=13071"}],"curies":[{"name":"wp","href":"https:\/\/api.w.org\/{rel}","templated":true}]}}