{"id":13082,"date":"2020-06-28T13:29:26","date_gmt":"2020-06-28T10:29:26","guid":{"rendered":"http:\/\/packstera.lt\/p\/metal-detection-for-forestry-and-sawmills\/"},"modified":"2023-04-19T15:31:52","modified_gmt":"2023-04-19T12:31:52","slug":"metala-detektori-kokrupniecibai-un-kokzagetavam","status":"publish","type":"product","link":"https:\/\/packstera.lt\/lv\/p\/metalo-detektoriai-medienos-pramonei-ir-lentpjuvems\/","title":{"rendered":"Met\u0101la detektori kokr\u016bpniec\u012bbai un kokz\u0101\u0123\u0113tav\u0101m"},"content":{"rendered":"<div data-elementor-type=\"wp-post\" data-elementor-id=\"13082\" class=\"elementor elementor-13082\">\n\t\t\t\t\t\t<section class=\"elementor-section elementor-top-section elementor-element elementor-element-a7a16ff elementor-section-boxed elementor-section-height-default elementor-section-height-default\" data-id=\"a7a16ff\" data-element_type=\"section\" data-e-type=\"section\">\n\t\t\t\t\t\t<div class=\"elementor-container elementor-column-gap-default\">\n\t\t\t\t\t<div class=\"elementor-column elementor-col-100 elementor-top-column elementor-element elementor-element-6ae4ad86\" data-id=\"6ae4ad86\" data-element_type=\"column\" data-e-type=\"column\">\n\t\t\t<div class=\"elementor-widget-wrap elementor-element-populated\">\n\t\t\t\t\t\t<div class=\"elementor-element elementor-element-4b74de96 elementor-widget elementor-widget-text-editor\" data-id=\"4b74de96\" data-element_type=\"widget\" data-e-type=\"widget\" data-widget_type=\"text-editor.default\">\n\t\t\t\t<div class=\"elementor-widget-container\">\n\t\t\t\t\t\t\t\t\t<table>\r\n<tbody>\r\n<tr>\r\n<td width=\"312\">P\u0101rbaudes metode<\/td>\r\n<td width=\"312\">Augstas frekvences magn\u0113tiskais lauks, daudzkan\u0101lu darb\u012bba, balans\u0113tas uztv\u0113r\u0113ja spoles<\/td>\r\n<\/tr>\r\n<tr>\r\n<td width=\"312\">Met\u0101la noteik\u0161ana<\/td>\r\n<td width=\"312\">Dzelzs, kr\u0101sainie met\u0101li (piem\u0113ram, misi\u0146\u0161, bronza, alum\u012bnijs, svins utt.) un ner\u016bs\u0113jo\u0161ais t\u0113rauds<\/td>\r\n<\/tr>\r\n<tr>\r\n<td width=\"312\">Atmi\u0146a<\/td>\r\n<td width=\"312\">Atmi\u0146\u0101 glab\u0101jas 250 produkti<\/td>\r\n<\/tr>\r\n<tr>\r\n<td width=\"312\">dro\u0161\u012bbas klase<\/td>\r\n<td width=\"312\">IP54<\/td>\r\n<\/tr>\r\n<tr>\r\n<td width=\"312\">Vide<\/td>\r\n<td width=\"312\">No -20\u00b0C l\u012bdz +40\u00b0C, san. mitrums no 20% l\u012bdz 90%, nekondens\u0113jo\u0161s &gt;95% san. mitrums<\/td>\r\n<\/tr>\r\n<tr>\r\n<td width=\"312\">Produkta temperat\u016bra<\/td>\r\n<td width=\"312\">L\u012bdz +70\u00b0C<\/td>\r\n<\/tr>\r\n<tr>\r\n<td width=\"312\">Ener\u0123ijas avots<\/td>\r\n<td width=\"312\">Vienf\u0101zes 110-240 V mai\u0146str\u0101va +\/- 5%, vid\u0113jais pat\u0113ri\u0146\u0161 20W (maks. 60W)<\/td>\r\n<\/tr>\r\n<tr>\r\n<td width=\"312\">Interfeiss<\/td>\r\n<td width=\"312\">RS232, LAN, USB (p\u0113c izv\u0113les).<\/td>\r\n<\/tr>\r\n<tr>\r\n<td width=\"312\">Uzraudz\u012bba<\/td>\r\n<td width=\"312\">\u013boti zemas apkopes, pa\u0161kalibr\u0113jo\u0161ie sensori<\/td>\r\n<\/tr>\r\n<tr>\r\n<td width=\"312\">Diagnostika<\/td>\r\n<td width=\"312\">Ieb\u016bv\u0113ta diagnostikas programmat\u016bra, autom\u0101tiska pa\u0161p\u0101rbaude<\/td>\r\n<\/tr>\r\n<\/tbody>\r\n<\/table>\t\t\t\t\t\t\t\t<\/div>\n\t\t\t\t<\/div>\n\t\t\t\t\t<\/div>\n\t\t<\/div>\n\t\t\t\t\t<\/div>\n\t\t<\/section>\n\t\t\t\t<section class=\"elementor-section elementor-top-section elementor-element elementor-element-e53cea2 elementor-section-boxed elementor-section-height-default elementor-section-height-default\" data-id=\"e53cea2\" data-element_type=\"section\" data-e-type=\"section\">\n\t\t\t\t\t\t<div class=\"elementor-container elementor-column-gap-default\">\n\t\t\t\t\t<div class=\"elementor-column elementor-col-66 elementor-top-column elementor-element elementor-element-a6f8e59\" data-id=\"a6f8e59\" data-element_type=\"column\" data-e-type=\"column\">\n\t\t\t<div class=\"elementor-widget-wrap elementor-element-populated\">\n\t\t\t\t\t\t<div class=\"elementor-element elementor-element-4f89099 elementor-widget elementor-widget-video\" data-id=\"4f89099\" data-element_type=\"widget\" data-e-type=\"widget\" data-settings=\"{&quot;youtube_url&quot;:&quot;https:\\\/\\\/www.youtube.com\\\/watch?v=2rKhiYbOue4&amp;ab_channel=CASSELInspection&quot;,&quot;video_type&quot;:&quot;youtube&quot;,&quot;controls&quot;:&quot;yes&quot;}\" data-widget_type=\"video.default\">\n\t\t\t\t<div class=\"elementor-widget-container\">\n\t\t\t\t\t\t\t<div class=\"elementor-wrapper elementor-open-inline\">\n\t\t\t<div class=\"elementor-video\"><\/div>\t\t<\/div>\n\t\t\t\t\t\t<\/div>\n\t\t\t\t<\/div>\n\t\t\t\t\t<\/div>\n\t\t<\/div>\n\t\t\t\t<div class=\"elementor-column elementor-col-33 elementor-top-column elementor-element elementor-element-428a99b\" data-id=\"428a99b\" data-element_type=\"column\" data-e-type=\"column\">\n\t\t\t<div class=\"elementor-widget-wrap elementor-element-populated\">\n\t\t\t\t\t\t<div class=\"elementor-element elementor-element-c575e43 btn-position-bottom elementor-widget elementor-widget-razzi-image-button\" data-id=\"c575e43\" data-element_type=\"widget\" data-e-type=\"widget\" data-widget_type=\"razzi-image-button.default\">\n\t\t\t\t<div class=\"elementor-widget-container\">\n\t\t\t\t\t<div class=\"razzi-image-button\"><img fetchpriority=\"high\" decoding=\"async\" width=\"451\" height=\"610\" src=\"https:\/\/packstera.lt\/wp-content\/uploads\/2020\/06\/virselis-1.jpg\" class=\"attachment-full size-full wp-image-15397\" alt=\"\" \/><a href=\"http:\/\/packstera.lt\/wp-content\/uploads\/2023\/01\/CASSEL-Metal-shark-octa-A4-EN.pdf\" target=\"_blank\" rel=\"nofollow\" class=\"razzi-image-button__link\"><\/a><a href=\"http:\/\/packstera.lt\/wp-content\/uploads\/2023\/01\/CASSEL-Metal-shark-octa-A4-EN.pdf\" target=\"_blank\" rel=\"nofollow\" class=\"razzi-image-button__position razzi-image-button__button\">Ra\u017eot\u0101ja apraksts <span class=\"razzi-svg-icon\"><svg aria-hidden=\"true\" role=\"img\" focusable=\"false\" xmlns=\"http:\/\/www.w3.org\/2000\/svg\" width=\"24\" height=\"24\" viewbox=\"0 0 24 24\" fill=\"none\" stroke=\"currentColor\" stroke-width=\"2\" stroke-linecap=\"round\" stroke-linejoin=\"round\"><line x1=\"0\" y1=\"12\" x2=\"19\" y2=\"12\"><\/line><polyline points=\"12 5 19 12 12 19\"><\/polyline><\/svg><\/span><\/a><\/div>\t\t\t\t<\/div>\n\t\t\t\t<\/div>\n\t\t\t\t\t<\/div>\n\t\t<\/div>\n\t\t\t\t\t<\/div>\n\t\t<\/section>\n\t\t\t\t<\/div>","protected":false},"excerpt":{"rendered":"<p style=\"text-align: justify;\">METAL SHARK\u00ae OCTA tika izstr\u0101d\u0101ts r\u016bpnieciskai lieto\u0161anai kokr\u016bpniec\u012bb\u0101 un kokz\u0101\u0123\u0113tav\u0101s. Tas prec\u012bzi un uzticami nosaka magn\u0113tisko un nemagn\u0113tisko met\u0101lu pies\u0101r\u0146ojumu kok\u0101 (dzelzs, tabaka, misi\u0146\u0161, ner\u016bs\u0113jo\u0161ais t\u0113rauds utt.) pat sare\u017e\u0123\u012btos apst\u0101k\u013cos.<\/p>\n<p style=\"text-align: justify;\">T\u0101 asto\u0146st\u016bra forma padara to ide\u0101li piem\u0113rotu met\u0101la deta\u013cu, piem\u0113ram, \u0161\u0137embu, lo\u017eu lauskas, naglu, skr\u016bvju utt., noteik\u0161anai ba\u013c\u0137os.<\/p>\n<p style=\"text-align: justify;\">Parasti to uzst\u0101da gult\u0146u konveijera lent\u0113s.<\/p>\n<ul>\n<li style=\"list-style-type: none;\">\n<ul>\n<li>Optim\u0101li piel\u0101gots visu koku ba\u013c\u0137u noteik\u0161anai<\/li>\n<li>Sensora diametrs l\u012bdz 1,8 m (citi izm\u0113ri p\u0113c piepras\u012bjuma)<\/li>\n<li>Iztur\u012bga ner\u016bs\u0113jo\u0161\u0101 t\u0113rauda konstrukcija: \u012bpa\u0161i iztur\u012bga un ar \u012bsu zonu bez met\u0101la<\/li>\n<li>Bez apkopes ar autom\u0101tisko balans\u0113\u0161anas un kalibr\u0113\u0161anas kontroli<\/li>\n<li>Maksim\u0101l\u0101 jut\u012bba ar 4 kvadrantu tehnolo\u0123iju<\/li>\n<li>Vienk\u0101r\u0161a darb\u012bba un uzst\u0101d\u012b\u0161ana ar autom\u0101tisko kalibr\u0113\u0161anu un TeachAssistant<\/li>\n<\/ul>\n<\/li>\n<\/ul>","protected":false},"featured_media":11909,"template":"","meta":[],"product_cat":[593],"product_tag":[716],"class_list":{"0":"post-13082","1":"product","2":"type-product","3":"status-publish","4":"has-post-thumbnail","6":"product_cat-metalo-detektoriai-konvejeriams","7":"product_tag-medienos","9":"first","10":"instock","11":"shipping-taxable","12":"product-type-simple"},"_links":{"self":[{"href":"https:\/\/packstera.lt\/lv\/wp-json\/wp\/v2\/product\/13082","targetHints":{"allow":["GET"]}}],"collection":[{"href":"https:\/\/packstera.lt\/lv\/wp-json\/wp\/v2\/product"}],"about":[{"href":"https:\/\/packstera.lt\/lv\/wp-json\/wp\/v2\/types\/product"}],"version-history":[{"count":4,"href":"https:\/\/packstera.lt\/lv\/wp-json\/wp\/v2\/product\/13082\/revisions"}],"predecessor-version":[{"id":15400,"href":"https:\/\/packstera.lt\/lv\/wp-json\/wp\/v2\/product\/13082\/revisions\/15400"}],"wp:featuredmedia":[{"embeddable":true,"href":"https:\/\/packstera.lt\/lv\/wp-json\/wp\/v2\/media\/11909"}],"wp:attachment":[{"href":"https:\/\/packstera.lt\/lv\/wp-json\/wp\/v2\/media?parent=13082"}],"wp:term":[{"taxonomy":"product_cat","embeddable":true,"href":"https:\/\/packstera.lt\/lv\/wp-json\/wp\/v2\/product_cat?post=13082"},{"taxonomy":"product_tag","embeddable":true,"href":"https:\/\/packstera.lt\/lv\/wp-json\/wp\/v2\/product_tag?post=13082"}],"curies":[{"name":"wp","href":"https:\/\/api.w.org\/{rel}","templated":true}]}}