{"id":13084,"date":"2020-06-28T13:17:16","date_gmt":"2020-06-28T10:17:16","guid":{"rendered":"http:\/\/packstera.lt\/p\/metal-detector-for-wide-but-thin-products\/"},"modified":"2023-04-19T15:32:15","modified_gmt":"2023-04-19T12:32:15","slug":"metala-detektori-planiem-un-platiem-izstradajumiem","status":"publish","type":"product","link":"https:\/\/packstera.lt\/lv\/p\/metalo-detektoriai-ploniems-ir-platiems-produktams\/","title":{"rendered":"Met\u0101la detektori pl\u0101niem un platiem izstr\u0101d\u0101jumiem"},"content":{"rendered":"<div data-elementor-type=\"wp-post\" data-elementor-id=\"13084\" class=\"elementor elementor-13084\">\n\t\t\t\t\t\t<section class=\"elementor-section elementor-top-section elementor-element elementor-element-1d0fed9a elementor-section-boxed elementor-section-height-default elementor-section-height-default\" data-id=\"1d0fed9a\" data-element_type=\"section\" data-e-type=\"section\">\n\t\t\t\t\t\t<div class=\"elementor-container elementor-column-gap-default\">\n\t\t\t\t\t<div class=\"elementor-column elementor-col-100 elementor-top-column elementor-element elementor-element-6046e5ec\" data-id=\"6046e5ec\" data-element_type=\"column\" data-e-type=\"column\">\n\t\t\t<div class=\"elementor-widget-wrap elementor-element-populated\">\n\t\t\t\t\t\t<div class=\"elementor-element elementor-element-4db30019 elementor-widget elementor-widget-text-editor\" data-id=\"4db30019\" data-element_type=\"widget\" data-e-type=\"widget\" data-widget_type=\"text-editor.default\">\n\t\t\t\t<div class=\"elementor-widget-container\">\n\t\t\t\t\t\t\t\t\t<table>\r\n<tbody>\r\n<tr>\r\n<td width=\"312\">P\u0101rbaudes metode<\/td>\r\n<td width=\"312\">Augstas frekvences magn\u0113tiskais lauks, daudzkan\u0101lu darb\u012bba, balans\u0113tas uztv\u0113r\u0113ja spoles<\/td>\r\n<\/tr>\r\n<tr>\r\n<td width=\"312\">Met\u0101la noteik\u0161ana<\/td>\r\n<td width=\"312\">Melnajiem, kr\u0101sainajiem met\u0101liem (piem\u0113ram, misi\u0146\u0161, alum\u012bnijs, svins utt.) un ner\u016bs\u0113jo\u0161ajam t\u0113raudam<\/td>\r\n<\/tr>\r\n<tr>\r\n<td width=\"312\">Atmi\u0146a<\/td>\r\n<td width=\"312\">250 atmi\u0146as vietas, produkta efekta kompens\u0101cija tiek veikta ar Teach-Assistant<\/td>\r\n<\/tr>\r\n<tr>\r\n<td width=\"312\">Aizsardz\u012bbas l\u012bmenis<\/td>\r\n<td width=\"312\">IP\u00a065<\/td>\r\n<\/tr>\r\n<tr>\r\n<td width=\"312\">Vides apst\u0101k\u013ci<\/td>\r\n<td width=\"312\">-30\u00b0C l\u012bdz +40\u00b0C; UL versija: no -20\u00b0C l\u012bdz +40\u00b0C; P\u0113c izv\u0113les: No -40 \u00b0C l\u012bdz +55 \u00b0C; Sv. mitrums no 20% l\u012bdz 90%, nekondens\u0113jo\u0161s; &gt; 95 % relat\u012bvais mitrums (kondens\u0101ts), kad vad\u012bbas bloks ir aizv\u0113rts<\/td>\r\n<\/tr>\r\n<tr>\r\n<td width=\"312\">Produkta temperat\u016bra<\/td>\r\n<td width=\"312\">L\u012bdz 70\u00b0C<\/td>\r\n<\/tr>\r\n<tr>\r\n<td width=\"312\">bar\u012bba<\/td>\r\n<td width=\"312\">Vienf\u0101zes 110-230V mai\u0146str\u0101va +\/- 5%, tipiskais pat\u0113ri\u0146\u0161 20W (maks. 60W)<\/td>\r\n<\/tr>\r\n<tr>\r\n<td width=\"312\">Saskarnes<\/td>\r\n<td width=\"312\">RS232, LAN (p\u0113c izv\u0113les, SHARKNET\u00ae), USB (p\u0113c izv\u0113les)<\/td>\r\n<\/tr>\r\n<tr>\r\n<td width=\"312\">Uzraudz\u012bba<\/td>\r\n<td width=\"312\">Pa\u0161kalibr\u0113jo\u0161i sensori, kuriem nav nepiecie\u0161ama apkope<\/td>\r\n<\/tr>\r\n<tr>\r\n<td width=\"312\">Diagnostika<\/td>\r\n<td width=\"312\">Ieb\u016bv\u0113ta diagnostikas programmat\u016bra, autom\u0101tiska pa\u0161p\u0101rbaude<\/td>\r\n<\/tr>\r\n<\/tbody>\r\n<\/table>\t\t\t\t\t\t\t\t<\/div>\n\t\t\t\t<\/div>\n\t\t\t\t\t<\/div>\n\t\t<\/div>\n\t\t\t\t\t<\/div>\n\t\t<\/section>\n\t\t\t\t<section class=\"elementor-section elementor-top-section elementor-element elementor-element-5163654 elementor-section-boxed elementor-section-height-default elementor-section-height-default\" data-id=\"5163654\" data-element_type=\"section\" data-e-type=\"section\">\n\t\t\t\t\t\t<div class=\"elementor-container elementor-column-gap-default\">\n\t\t\t\t\t<div class=\"elementor-column elementor-col-66 elementor-top-column elementor-element elementor-element-db04379\" data-id=\"db04379\" data-element_type=\"column\" data-e-type=\"column\">\n\t\t\t<div class=\"elementor-widget-wrap elementor-element-populated\">\n\t\t\t\t\t\t<div class=\"elementor-element elementor-element-5053ffc elementor-widget elementor-widget-video\" data-id=\"5053ffc\" data-element_type=\"widget\" data-e-type=\"widget\" data-settings=\"{&quot;youtube_url&quot;:&quot;https:\\\/\\\/www.youtube.com\\\/watch?v=WkjZhGZueNs&amp;ab_channel=Ibercassel&quot;,&quot;video_type&quot;:&quot;youtube&quot;,&quot;controls&quot;:&quot;yes&quot;}\" data-widget_type=\"video.default\">\n\t\t\t\t<div class=\"elementor-widget-container\">\n\t\t\t\t\t\t\t<div class=\"elementor-wrapper elementor-open-inline\">\n\t\t\t<div class=\"elementor-video\"><\/div>\t\t<\/div>\n\t\t\t\t\t\t<\/div>\n\t\t\t\t<\/div>\n\t\t\t\t\t<\/div>\n\t\t<\/div>\n\t\t\t\t<div class=\"elementor-column elementor-col-33 elementor-top-column elementor-element elementor-element-58c2210\" data-id=\"58c2210\" data-element_type=\"column\" data-e-type=\"column\">\n\t\t\t<div class=\"elementor-widget-wrap elementor-element-populated\">\n\t\t\t\t\t\t<div class=\"elementor-element elementor-element-a099b8a btn-position-bottom elementor-widget elementor-widget-razzi-image-button\" data-id=\"a099b8a\" data-element_type=\"widget\" data-e-type=\"widget\" data-widget_type=\"razzi-image-button.default\">\n\t\t\t\t<div class=\"elementor-widget-container\">\n\t\t\t\t\t<div class=\"razzi-image-button\"><img fetchpriority=\"high\" decoding=\"async\" width=\"640\" height=\"640\" src=\"https:\/\/packstera.lt\/wp-content\/uploads\/2020\/06\/virselio-ft-1024x1024.png\" class=\"attachment-large size-large wp-image-15432\" alt=\"\" srcset=\"https:\/\/packstera.lt\/wp-content\/uploads\/2020\/06\/virselio-ft-1024x1024.png 1024w, https:\/\/packstera.lt\/wp-content\/uploads\/2020\/06\/virselio-ft-600x600.png 600w, https:\/\/packstera.lt\/wp-content\/uploads\/2020\/06\/virselio-ft-150x150.png 150w, https:\/\/packstera.lt\/wp-content\/uploads\/2020\/06\/virselio-ft-300x300.png 300w, https:\/\/packstera.lt\/wp-content\/uploads\/2020\/06\/virselio-ft-768x768.png 768w\" sizes=\"(max-width: 640px) 100vw, 640px\" \/><a href=\"http:\/\/packstera.lt\/wp-content\/uploads\/2020\/06\/CASSEL-metal-shark-big-pba-A4-EN.pdf\" target=\"_blank\" rel=\"nofollow\" class=\"razzi-image-button__link\"><\/a><a href=\"http:\/\/packstera.lt\/wp-content\/uploads\/2020\/06\/CASSEL-metal-shark-big-pba-A4-EN.pdf\" target=\"_blank\" rel=\"nofollow\" class=\"razzi-image-button__position razzi-image-button__button\">Ra\u017eot\u0101ja apraksts <span class=\"razzi-svg-icon\"><svg aria-hidden=\"true\" role=\"img\" focusable=\"false\" xmlns=\"http:\/\/www.w3.org\/2000\/svg\" width=\"24\" height=\"24\" viewbox=\"0 0 24 24\" fill=\"none\" stroke=\"currentColor\" stroke-width=\"2\" stroke-linecap=\"round\" stroke-linejoin=\"round\"><line x1=\"0\" y1=\"12\" x2=\"19\" y2=\"12\"><\/line><polyline points=\"12 5 19 12 12 19\"><\/polyline><\/svg><\/span><\/a><\/div>\t\t\t\t<\/div>\n\t\t\t\t<\/div>\n\t\t\t\t\t<\/div>\n\t\t<\/div>\n\t\t\t\t\t<\/div>\n\t\t<\/section>\n\t\t\t\t<\/div>","protected":false},"excerpt":{"rendered":"<p style=\"text-align: justify;\">METAL SHARK\u00ae BIG pba ar taisnst\u016brveida diezgan mazu atv\u0113rumu ir \u012bpa\u0161i izstr\u0101d\u0101ts met\u0101la pies\u0101r\u0146ojuma uzraudz\u012bbai un noteik\u0161anai \u0161\u0137iedru pakl\u0101jos, MDF, OSC vai skaidu pl\u0101tn\u0113s un citu materi\u0101lu pane\u013cos.<\/p>\n<p style=\"text-align: justify;\">Tipiska uzst\u0101d\u012b\u0161ana ir ap konveijera lenti ar plakanu lenti.<\/p>\n<p style=\"text-align: justify;\">Izmantojot 3D noteik\u0161anas tehnolo\u0123iju, tas prec\u012bzi un dro\u0161i nosaka magn\u0113tiskos un nemagn\u0113tiskos met\u0101lu pies\u0101r\u0146ot\u0101jus (dzelzs, ner\u016bs\u0113jo\u0161ais t\u0113rauds, alum\u012bnijs u.c.) pat sare\u017e\u0123\u012btos apst\u0101k\u013cos.<\/p>\n<ul>\n<li style=\"list-style-type: none;\">\n<ul>\n<li>\u012apa\u0161i izstr\u0101d\u0101ts koksnes, kok\u0161\u0137iedru pl\u0101t\u0146u vai jebkura plata, bet pl\u0101na izstr\u0101d\u0101juma uzraudz\u012bbai un noteik\u0161anai<\/li>\n<li>AutoSens tehnolo\u0123ija, lai autom\u0101tiski piel\u0101gotu jut\u012bbu, pamatojoties uz eso\u0161\u0101s konveijera lentes augstumu<\/li>\n<li>Bez apkopes ar autom\u0101tisko balans\u0113\u0161anas un kalibr\u0113\u0161anas kontroli<\/li>\n<li>Iztur\u012bgs alum\u012bnija dizains: \u012bpa\u0161i iztur\u012bgs un viegli t\u012br\u0101ms<\/li>\n<\/ul>\n<\/li>\n<\/ul>","protected":false},"featured_media":15433,"template":"","meta":[],"product_cat":[593],"product_tag":[716,715],"class_list":{"0":"post-13084","1":"product","2":"type-product","3":"status-publish","4":"has-post-thumbnail","6":"product_cat-metalo-detektoriai-konvejeriams","7":"product_tag-medienos","8":"product_tag-popieriaus","10":"first","11":"instock","12":"shipping-taxable","13":"product-type-simple"},"_links":{"self":[{"href":"https:\/\/packstera.lt\/lv\/wp-json\/wp\/v2\/product\/13084","targetHints":{"allow":["GET"]}}],"collection":[{"href":"https:\/\/packstera.lt\/lv\/wp-json\/wp\/v2\/product"}],"about":[{"href":"https:\/\/packstera.lt\/lv\/wp-json\/wp\/v2\/types\/product"}],"version-history":[{"count":4,"href":"https:\/\/packstera.lt\/lv\/wp-json\/wp\/v2\/product\/13084\/revisions"}],"predecessor-version":[{"id":15441,"href":"https:\/\/packstera.lt\/lv\/wp-json\/wp\/v2\/product\/13084\/revisions\/15441"}],"wp:featuredmedia":[{"embeddable":true,"href":"https:\/\/packstera.lt\/lv\/wp-json\/wp\/v2\/media\/15433"}],"wp:attachment":[{"href":"https:\/\/packstera.lt\/lv\/wp-json\/wp\/v2\/media?parent=13084"}],"wp:term":[{"taxonomy":"product_cat","embeddable":true,"href":"https:\/\/packstera.lt\/lv\/wp-json\/wp\/v2\/product_cat?post=13084"},{"taxonomy":"product_tag","embeddable":true,"href":"https:\/\/packstera.lt\/lv\/wp-json\/wp\/v2\/product_tag?post=13084"}],"curies":[{"name":"wp","href":"https:\/\/api.w.org\/{rel}","templated":true}]}}