{"id":13085,"date":"2020-06-28T13:09:30","date_gmt":"2020-06-28T10:09:30","guid":{"rendered":"http:\/\/packstera.lt\/p\/metal-detector-for-large-products\/"},"modified":"2023-01-23T15:40:59","modified_gmt":"2023-01-23T13:40:59","slug":"metala-detektors-lieliem-izstradajumiem-2","status":"publish","type":"product","link":"https:\/\/packstera.lt\/lv\/p\/metal-detector-for-large-products-2\/","title":{"rendered":"Met\u0101la detektori lieliem izstr\u0101d\u0101jumiem"},"content":{"rendered":"<div data-elementor-type=\"wp-post\" data-elementor-id=\"13085\" class=\"elementor elementor-13085\">\n\t\t\t\t\t\t<section class=\"elementor-section elementor-top-section elementor-element elementor-element-608371a5 elementor-section-boxed elementor-section-height-default elementor-section-height-default\" data-id=\"608371a5\" data-element_type=\"section\" data-e-type=\"section\">\n\t\t\t\t\t\t<div class=\"elementor-container elementor-column-gap-default\">\n\t\t\t\t\t<div class=\"elementor-column elementor-col-100 elementor-top-column elementor-element elementor-element-4c76450b\" data-id=\"4c76450b\" data-element_type=\"column\" data-e-type=\"column\">\n\t\t\t<div class=\"elementor-widget-wrap elementor-element-populated\">\n\t\t\t\t\t\t<div class=\"elementor-element elementor-element-4adb4641 elementor-widget elementor-widget-text-editor\" data-id=\"4adb4641\" data-element_type=\"widget\" data-e-type=\"widget\" data-widget_type=\"text-editor.default\">\n\t\t\t\t<div class=\"elementor-widget-container\">\n\t\t\t\t\t\t\t\t\t<table><tbody><tr><td width=\"312\">P\u0101rbaudes metode<\/td><td width=\"312\">Augstas frekvences magn\u0113tiskais lauks, daudzkan\u0101lu darb\u012bba, balans\u0113tas uztv\u0113r\u0113ja spoles<\/td><\/tr><tr><td width=\"312\">Met\u0101la noteik\u0161ana<\/td><td width=\"312\">Melnajiem, kr\u0101sainajiem met\u0101liem (piem\u0113ram, misi\u0146\u0161, alum\u012bnijs, svins utt.) un ner\u016bs\u0113jo\u0161ajam t\u0113raudam<\/td><\/tr><tr><td width=\"312\">Atmi\u0146a<\/td><td width=\"312\">250 uzglab\u0101\u0161anas vietas, produkta efekta kompens\u0101cija tiek veikta autom\u0101tiski, izmantojot Teach-Assistant<\/td><\/tr><tr><td width=\"312\">Aizsardz\u012bbas l\u012bmenis<\/td><td width=\"312\">IP\u00a065<\/td><\/tr><tr><td width=\"312\">Vides apst\u0101k\u013ci<\/td><td width=\"312\">No -30\u00b0C l\u012bdz +40\u00b0C; <br \/>UL versija: -20\u00b0C l\u012bdz +40\u00b0C; <br \/>P\u0113c izv\u0113les: No -40\u00b0C l\u012bdz +55\u00b0C;\u00a0 <br \/>Sv. mitrums no 20% l\u012bdz 90%, nekondens\u0113jo\u0161s; <br \/>Iesp\u0113jams &gt;95% relat\u012bvais mitrums (kondens\u0101ts), kad vad\u012bbas bloks ir aizv\u0113rts<\/td><\/tr><tr><td width=\"312\">Produkta temperat\u016bra<\/td><td width=\"312\">L\u012bdz 70\u00b0C<\/td><\/tr><tr><td width=\"312\">bar\u012bba<\/td><td width=\"312\">Vienf\u0101zes 110-230 V mai\u0146str\u0101va +\/- 5%, vid\u0113jais pat\u0113ri\u0146\u0161 20 W (maks. 60 W)<\/td><\/tr><tr><td width=\"312\">Saskarnes<\/td><td width=\"312\">RS232, LAN (p\u0113c izv\u0113les, SHARKNET), USB (p\u0113c izv\u0113les)<\/td><\/tr><tr><td width=\"312\">Uzraudz\u012bba<\/td><td width=\"312\">Pa\u0161kalibr\u0113jo\u0161i sensori, kuriem nav nepiecie\u0161ama apkope<\/td><\/tr><tr><td width=\"312\">Diagnostika<\/td><td width=\"312\">Ieb\u016bv\u0113ta diagnostikas programmat\u016bra, autom\u0101tiska pa\u0161p\u0101rbaude<\/td><\/tr><\/tbody><\/table>\t\t\t\t\t\t\t\t<\/div>\n\t\t\t\t<\/div>\n\t\t\t\t\t<\/div>\n\t\t<\/div>\n\t\t\t\t\t<\/div>\n\t\t<\/section>\n\t\t\t\t<section class=\"elementor-section elementor-top-section elementor-element elementor-element-6213ee4 elementor-section-boxed elementor-section-height-default elementor-section-height-default\" data-id=\"6213ee4\" data-element_type=\"section\" data-e-type=\"section\">\n\t\t\t\t\t\t<div class=\"elementor-container elementor-column-gap-default\">\n\t\t\t\t\t<div class=\"elementor-column elementor-col-66 elementor-top-column elementor-element elementor-element-4ab0675\" data-id=\"4ab0675\" data-element_type=\"column\" data-e-type=\"column\">\n\t\t\t<div class=\"elementor-widget-wrap elementor-element-populated\">\n\t\t\t\t\t\t<div class=\"elementor-element elementor-element-a36d6e0 elementor-widget elementor-widget-video\" data-id=\"a36d6e0\" data-element_type=\"widget\" data-e-type=\"widget\" data-settings=\"{&quot;youtube_url&quot;:&quot;https:\\\/\\\/www.youtube.com\\\/watch?v=3riOlB7X8YQ&amp;ab_channel=Ibercassel&quot;,&quot;video_type&quot;:&quot;youtube&quot;,&quot;controls&quot;:&quot;yes&quot;}\" data-widget_type=\"video.default\">\n\t\t\t\t<div class=\"elementor-widget-container\">\n\t\t\t\t\t\t\t<div class=\"elementor-wrapper elementor-open-inline\">\n\t\t\t<div class=\"elementor-video\"><\/div>\t\t<\/div>\n\t\t\t\t\t\t<\/div>\n\t\t\t\t<\/div>\n\t\t\t\t\t<\/div>\n\t\t<\/div>\n\t\t\t\t<div class=\"elementor-column elementor-col-33 elementor-top-column elementor-element elementor-element-6c024ea\" data-id=\"6c024ea\" data-element_type=\"column\" data-e-type=\"column\">\n\t\t\t<div class=\"elementor-widget-wrap elementor-element-populated\">\n\t\t\t\t\t\t<div class=\"elementor-element elementor-element-d43e887 btn-position-bottom elementor-widget elementor-widget-razzi-image-button\" data-id=\"d43e887\" data-element_type=\"widget\" data-e-type=\"widget\" data-widget_type=\"razzi-image-button.default\">\n\t\t\t\t<div class=\"elementor-widget-container\">\n\t\t\t\t\t<div class=\"razzi-image-button\"><img fetchpriority=\"high\" decoding=\"async\" width=\"714\" height=\"711\" src=\"https:\/\/packstera.lt\/wp-content\/uploads\/2020\/06\/didelis-virselis.jpg\" class=\"attachment-full size-full wp-image-15413\" alt=\"\" srcset=\"https:\/\/packstera.lt\/wp-content\/uploads\/2020\/06\/didelis-virselis-150x150.jpg 150w, https:\/\/packstera.lt\/wp-content\/uploads\/2020\/06\/didelis-virselis-300x300.jpg 300w\" sizes=\"(max-width: 714px) 100vw, 714px\" \/><a href=\"http:\/\/packstera.lt\/wp-content\/uploads\/2023\/01\/CASSEL-metal-shark-big-A4-EN.pdf\" target=\"_blank\" rel=\"nofollow\" class=\"razzi-image-button__link\"><\/a><a href=\"http:\/\/packstera.lt\/wp-content\/uploads\/2023\/01\/CASSEL-metal-shark-big-A4-EN.pdf\" target=\"_blank\" rel=\"nofollow\" class=\"razzi-image-button__position razzi-image-button__button\">Ra\u017eot\u0101ja apraksts <span class=\"razzi-svg-icon\"><svg aria-hidden=\"true\" role=\"img\" focusable=\"false\" xmlns=\"http:\/\/www.w3.org\/2000\/svg\" width=\"24\" height=\"24\" viewbox=\"0 0 24 24\" fill=\"none\" stroke=\"currentColor\" stroke-width=\"2\" stroke-linecap=\"round\" stroke-linejoin=\"round\"><line x1=\"0\" y1=\"12\" x2=\"19\" y2=\"12\"><\/line><polyline points=\"12 5 19 12 12 19\"><\/polyline><\/svg><\/span><\/a><\/div>\t\t\t\t<\/div>\n\t\t\t\t<\/div>\n\t\t\t\t\t<\/div>\n\t\t<\/div>\n\t\t\t\t\t<\/div>\n\t\t<\/section>\n\t\t\t\t<\/div>","protected":false},"excerpt":{"rendered":"<p style=\"text-align: justify;\">METAL SHARK\u00ae BIG ar taisnst\u016bra atveri ir \u012bpa\u0161i izstr\u0101d\u0101ts lieliem izstr\u0101d\u0101jumiem, piem\u0113ram, ba\u013c\u0137iem, \u0137\u012bp\u0101m vai p\u0101rstr\u0101d\u0101tai koksnei. Tas prec\u012bzi un uzticami nosaka dzelzi, ner\u016bs\u0113jo\u0161o t\u0113raudu, alum\u012bniju un daudz ko citu. pat sare\u017e\u0123\u012btos apst\u0101k\u013cos.<\/p>\n<p style=\"text-align: justify;\">T\u0101 iztur\u012bg\u0101 konstrukcija padara to \u012bpa\u0161i piem\u0113rotu r\u016bpnieciskai lieto\u0161anai nel\u012bdzen\u0101 reljef\u0101. Tipiska uzst\u0101d\u012b\u0161ana ir uz siles, plakanas lentes konveijera vai speci\u0101li sagatavota vibr\u0101cijas konveijera.<\/p>\n<p style=\"text-align: justify;\">METAL SHARK\u00ae BIG var lieliski piel\u0101got j\u016bsu ra\u017eo\u0161anai, izmantojot da\u017e\u0101dus \u012bpa\u0161us dizainus un piederumus.<\/p>\n<p style=\"text-align: justify;\">Tiek \u0146emtas v\u0113r\u0101 da\u017e\u0101das temperat\u016bras pras\u012bbas, k\u0101 ar\u012b sare\u017e\u0123\u012btas produktu pras\u012bbas met\u0101la noteik\u0161anai.<\/p>","protected":false},"featured_media":15409,"template":"","meta":[],"product_cat":[593],"product_tag":[],"class_list":{"0":"post-13085","1":"product","2":"type-product","3":"status-publish","4":"has-post-thumbnail","6":"product_cat-metalo-detektoriai-konvejeriams","8":"first","9":"instock","10":"shipping-taxable","11":"product-type-simple"},"_links":{"self":[{"href":"https:\/\/packstera.lt\/lv\/wp-json\/wp\/v2\/product\/13085","targetHints":{"allow":["GET"]}}],"collection":[{"href":"https:\/\/packstera.lt\/lv\/wp-json\/wp\/v2\/product"}],"about":[{"href":"https:\/\/packstera.lt\/lv\/wp-json\/wp\/v2\/types\/product"}],"version-history":[{"count":14,"href":"https:\/\/packstera.lt\/lv\/wp-json\/wp\/v2\/product\/13085\/revisions"}],"predecessor-version":[{"id":15447,"href":"https:\/\/packstera.lt\/lv\/wp-json\/wp\/v2\/product\/13085\/revisions\/15447"}],"wp:featuredmedia":[{"embeddable":true,"href":"https:\/\/packstera.lt\/lv\/wp-json\/wp\/v2\/media\/15409"}],"wp:attachment":[{"href":"https:\/\/packstera.lt\/lv\/wp-json\/wp\/v2\/media?parent=13085"}],"wp:term":[{"taxonomy":"product_cat","embeddable":true,"href":"https:\/\/packstera.lt\/lv\/wp-json\/wp\/v2\/product_cat?post=13085"},{"taxonomy":"product_tag","embeddable":true,"href":"https:\/\/packstera.lt\/lv\/wp-json\/wp\/v2\/product_tag?post=13085"}],"curies":[{"name":"wp","href":"https:\/\/api.w.org\/{rel}","templated":true}]}}