{"id":13086,"date":"2020-06-28T13:03:28","date_gmt":"2020-06-28T10:03:28","guid":{"rendered":"http:\/\/packstera.lt\/p\/metal-detection-for-textiles-fleece-and-webs\/"},"modified":"2023-01-23T16:17:06","modified_gmt":"2023-01-23T14:17:06","slug":"tekstilskiedru-metala-detektori","status":"publish","type":"product","link":"https:\/\/packstera.lt\/lv\/p\/metalo-detektoriai-tekstilei-pluostams\/","title":{"rendered":"Met\u0101la detektori tekstilizstr\u0101d\u0101jumiem, \u0161\u0137iedr\u0101m"},"content":{"rendered":"<div data-elementor-type=\"wp-post\" data-elementor-id=\"13086\" class=\"elementor elementor-13086\">\n\t\t\t\t\t\t<section class=\"elementor-section elementor-top-section elementor-element elementor-element-4b2086b8 elementor-section-boxed elementor-section-height-default elementor-section-height-default\" data-id=\"4b2086b8\" data-element_type=\"section\" data-e-type=\"section\">\n\t\t\t\t\t\t<div class=\"elementor-container elementor-column-gap-default\">\n\t\t\t\t\t<div class=\"elementor-column elementor-col-100 elementor-top-column elementor-element elementor-element-300d0fb3\" data-id=\"300d0fb3\" data-element_type=\"column\" data-e-type=\"column\">\n\t\t\t<div class=\"elementor-widget-wrap elementor-element-populated\">\n\t\t\t\t\t\t<div class=\"elementor-element elementor-element-28a564b4 elementor-widget elementor-widget-text-editor\" data-id=\"28a564b4\" data-element_type=\"widget\" data-e-type=\"widget\" data-widget_type=\"text-editor.default\">\n\t\t\t\t<div class=\"elementor-widget-container\">\n\t\t\t\t\t\t\t\t\t<table><tbody><tr><td width=\"312\">P\u0101rbaudes metode<\/td><td width=\"312\">Augstas frekvences magn\u0113tiskais lauks, daudzkan\u0101lu darb\u012bba, balans\u0113tas uztv\u0113r\u0113ja spoles<\/td><\/tr><tr><td width=\"312\">Met\u0101la noteik\u0161ana<\/td><td width=\"312\">Melni, kr\u0101sainie met\u0101li (piem\u0113ram, alum\u012bnijs vai var\u0161 utt.) un ner\u016bs\u0113jo\u0161ais t\u0113rauds<\/td><\/tr><tr><td width=\"312\">Atmi\u0146a<\/td><td width=\"312\">250 atmi\u0146as vietas, produkta efekta kompens\u0101cija tiek veikta ar Teach-Assistant<\/td><\/tr><tr><td width=\"312\">Aizsardz\u012bbas l\u012bmenis<\/td><td width=\"312\">Vad\u012bbas bloks: IP65; <br \/>Sensors: IP54, p\u0113c izv\u0113les IP66<\/td><\/tr><tr><td width=\"312\">Vides apst\u0101k\u013ci<\/td><td width=\"312\">Kontrolieris: -20\u00b0C l\u012bdz +40\u00b0C; P\u0113c izv\u0113les: -40\u00b0C l\u012bdz +55\u00b0C; Sv. mitrums no 20% l\u012bdz 90% nekondens\u0113jo\u0161s; <br \/>Sensors: -30\u00b0C l\u012bdz +60\u00b0C, p\u0113c izv\u0113les: +90\u00b0C<\/td><\/tr><tr><td width=\"312\">Produkta temperat\u016bra<\/td><td width=\"312\">Standarts: -30\u00b0C l\u012bdz +40\u00b0C; P\u0113c izv\u0113les: -40\u00b0C l\u012bdz +60\u00b0C<\/td><\/tr><tr><td width=\"312\">bar\u012bba<\/td><td width=\"312\">Vienf\u0101zes, 110-230 V mai\u0146str\u0101va +\/- 5 %; parasti pat\u0113r\u0113 20\u00a0W (maks. 60\u00a0W)<\/td><\/tr><tr><td width=\"312\">Saskarnes<\/td><td width=\"312\">RS232, LAN (p\u0113c izv\u0113les, SHARKNET\u00ae), USB (p\u0113c izv\u0113les)<\/td><\/tr><tr><td width=\"312\">Uzraudz\u012bba<\/td><td width=\"312\">\u013boti zemas apkopes, pa\u0161kalibr\u0113jo\u0161ie sensori<\/td><\/tr><tr><td width=\"312\">Diagnostika<\/td><td width=\"312\">Ieb\u016bv\u0113ta diagnostikas programmat\u016bra, autom\u0101tiska pa\u0161p\u0101rbaude<\/td><\/tr><\/tbody><\/table>\t\t\t\t\t\t\t\t<\/div>\n\t\t\t\t<\/div>\n\t\t\t\t\t<\/div>\n\t\t<\/div>\n\t\t\t\t\t<\/div>\n\t\t<\/section>\n\t\t\t\t<section class=\"elementor-section elementor-top-section elementor-element elementor-element-8d4352c elementor-section-boxed elementor-section-height-default elementor-section-height-default\" data-id=\"8d4352c\" data-element_type=\"section\" data-e-type=\"section\">\n\t\t\t\t\t\t<div class=\"elementor-container elementor-column-gap-default\">\n\t\t\t\t\t<div class=\"elementor-column elementor-col-50 elementor-top-column elementor-element elementor-element-86f8f9a\" data-id=\"86f8f9a\" data-element_type=\"column\" data-e-type=\"column\">\n\t\t\t<div class=\"elementor-widget-wrap elementor-element-populated\">\n\t\t\t\t\t\t<div class=\"elementor-element elementor-element-dd1c5e9 btn-position-bottom elementor-widget elementor-widget-razzi-image-button\" data-id=\"dd1c5e9\" data-element_type=\"widget\" data-e-type=\"widget\" data-widget_type=\"razzi-image-button.default\">\n\t\t\t\t<div class=\"elementor-widget-container\">\n\t\t\t\t\t<div class=\"razzi-image-button\"><img fetchpriority=\"high\" decoding=\"async\" width=\"552\" height=\"741\" src=\"https:\/\/packstera.lt\/wp-content\/uploads\/2023\/01\/virselis-pluostams.jpg\" class=\"attachment-full size-full wp-image-15450\" alt=\"\" srcset=\"https:\/\/packstera.lt\/wp-content\/uploads\/2023\/01\/virselis-pluostams.jpg 552w, https:\/\/packstera.lt\/wp-content\/uploads\/2023\/01\/virselis-pluostams-223x300.jpg 223w, https:\/\/packstera.lt\/wp-content\/uploads\/2023\/01\/virselis-pluostams-9x12.jpg 9w, https:\/\/packstera.lt\/wp-content\/uploads\/2023\/01\/virselis-pluostams-381x511.jpg 381w, https:\/\/packstera.lt\/wp-content\/uploads\/2023\/01\/virselis-pluostams-447x600.jpg 447w, https:\/\/packstera.lt\/wp-content\/uploads\/2023\/01\/virselis-pluostams-87x117.jpg 87w\" sizes=\"(max-width: 552px) 100vw, 552px\" \/><a href=\"http:\/\/packstera.lt\/wp-content\/uploads\/2023\/01\/CASSEL-metal-shark-fl-A4-EN.pdf\" target=\"_blank\" rel=\"nofollow\" class=\"razzi-image-button__link\"><\/a><a href=\"http:\/\/packstera.lt\/wp-content\/uploads\/2023\/01\/CASSEL-metal-shark-fl-A4-EN.pdf\" target=\"_blank\" rel=\"nofollow\" class=\"razzi-image-button__position razzi-image-button__button\">Ra\u017eot\u0101ja apraksts <span class=\"razzi-svg-icon\"><svg aria-hidden=\"true\" role=\"img\" focusable=\"false\" xmlns=\"http:\/\/www.w3.org\/2000\/svg\" width=\"24\" height=\"24\" viewbox=\"0 0 24 24\" fill=\"none\" stroke=\"currentColor\" stroke-width=\"2\" stroke-linecap=\"round\" stroke-linejoin=\"round\"><line x1=\"0\" y1=\"12\" x2=\"19\" y2=\"12\"><\/line><polyline points=\"12 5 19 12 12 19\"><\/polyline><\/svg><\/span><\/a><\/div>\t\t\t\t<\/div>\n\t\t\t\t<\/div>\n\t\t\t\t\t<\/div>\n\t\t<\/div>\n\t\t\t\t<div class=\"elementor-column elementor-col-50 elementor-top-column elementor-element elementor-element-410c025\" data-id=\"410c025\" data-element_type=\"column\" data-e-type=\"column\">\n\t\t\t<div class=\"elementor-widget-wrap\">\n\t\t\t\t\t\t\t<\/div>\n\t\t<\/div>\n\t\t\t\t\t<\/div>\n\t\t<\/section>\n\t\t\t\t<\/div>","protected":false},"excerpt":{"rendered":"<p style=\"text-align: justify;\">Met\u0101la detektori METAL SHARK\u00ae FL galvenok\u0101rt tiek izmantoti neausto materi\u0101lu, tekstilizstr\u0101d\u0101jumu un pl\u0113vju p\u0101rbaudei.<\/p>\n<p style=\"text-align: justify;\">Abi detektori ir \u013coti plakani un pieejami 1000-4000 mm platum\u0101. FL kompakts ir uzst\u0101d\u012bts ar groz\u0101mu, t\u0101p\u0113c to var piel\u0101got ar\u012b sl\u012bp\u0101m sloksn\u0113m.<\/p>\n<p style=\"text-align: justify;\">Pateicoties FL mode\u013cu augstajai jut\u012bbai, vis\u0101 platum\u0101 tiek noteiktas nelielas magn\u0113tiskas un nemagn\u0113tiskas met\u0101la da\u013ci\u0146as (piem\u0113ram, dzelzs, alum\u012bnijs un ner\u016bs\u0113jo\u0161ais t\u0113rauds).<\/p>","protected":false},"featured_media":15448,"template":"","meta":[],"product_cat":[593],"product_tag":[],"class_list":{"0":"post-13086","1":"product","2":"type-product","3":"status-publish","4":"has-post-thumbnail","6":"product_cat-metalo-detektoriai-konvejeriams","8":"first","9":"instock","10":"shipping-taxable","11":"product-type-simple"},"_links":{"self":[{"href":"https:\/\/packstera.lt\/lv\/wp-json\/wp\/v2\/product\/13086","targetHints":{"allow":["GET"]}}],"collection":[{"href":"https:\/\/packstera.lt\/lv\/wp-json\/wp\/v2\/product"}],"about":[{"href":"https:\/\/packstera.lt\/lv\/wp-json\/wp\/v2\/types\/product"}],"version-history":[{"count":5,"href":"https:\/\/packstera.lt\/lv\/wp-json\/wp\/v2\/product\/13086\/revisions"}],"predecessor-version":[{"id":15455,"href":"https:\/\/packstera.lt\/lv\/wp-json\/wp\/v2\/product\/13086\/revisions\/15455"}],"wp:featuredmedia":[{"embeddable":true,"href":"https:\/\/packstera.lt\/lv\/wp-json\/wp\/v2\/media\/15448"}],"wp:attachment":[{"href":"https:\/\/packstera.lt\/lv\/wp-json\/wp\/v2\/media?parent=13086"}],"wp:term":[{"taxonomy":"product_cat","embeddable":true,"href":"https:\/\/packstera.lt\/lv\/wp-json\/wp\/v2\/product_cat?post=13086"},{"taxonomy":"product_tag","embeddable":true,"href":"https:\/\/packstera.lt\/lv\/wp-json\/wp\/v2\/product_tag?post=13086"}],"curies":[{"name":"wp","href":"https:\/\/api.w.org\/{rel}","templated":true}]}}