{"id":13087,"date":"2020-06-28T12:10:42","date_gmt":"2020-06-28T09:10:42","guid":{"rendered":"http:\/\/packstera.lt\/p\/metal-detector-for-non-separable-conveyor-belts\/"},"modified":"2023-01-23T14:02:57","modified_gmt":"2023-01-23T12:02:57","slug":"metala-detektori-nesagraujosiem-konveijeriem","status":"publish","type":"product","link":"https:\/\/packstera.lt\/lv\/p\/metalo-detektoriai-neardomiems-konvejeriams\/","title":{"rendered":"Met\u0101la detektori nesagraujo\u0161iem konveijeriem"},"content":{"rendered":"<div data-elementor-type=\"wp-post\" data-elementor-id=\"13087\" class=\"elementor elementor-13087\">\n\t\t\t\t\t\t<section class=\"elementor-section elementor-top-section elementor-element elementor-element-4357089c elementor-section-boxed elementor-section-height-default elementor-section-height-default\" data-id=\"4357089c\" data-element_type=\"section\" data-e-type=\"section\">\n\t\t\t\t\t\t<div class=\"elementor-container elementor-column-gap-default\">\n\t\t\t\t\t<div class=\"elementor-column elementor-col-100 elementor-top-column elementor-element elementor-element-53e04212\" data-id=\"53e04212\" data-element_type=\"column\" data-e-type=\"column\">\n\t\t\t<div class=\"elementor-widget-wrap elementor-element-populated\">\n\t\t\t\t\t\t<div class=\"elementor-element elementor-element-65a4bc8f elementor-widget elementor-widget-text-editor\" data-id=\"65a4bc8f\" data-element_type=\"widget\" data-e-type=\"widget\" data-widget_type=\"text-editor.default\">\n\t\t\t\t<div class=\"elementor-widget-container\">\n\t\t\t\t\t\t\t\t\t<table>\r\n<tbody>\r\n<tr>\r\n<td width=\"312\">P\u0101rbaudes metode<\/td>\r\n<td width=\"312\">Augstas frekvences magn\u0113tiskais lauks, daudzkan\u0101lu darb\u012bba, balans\u0113tas uztv\u0113r\u0113ja spoles<\/td>\r\n<\/tr>\r\n<tr>\r\n<td width=\"312\">Met\u0101la noteik\u0161ana<\/td>\r\n<td width=\"312\">Melni, kr\u0101sainie met\u0101li (piem\u0113ram, alum\u012bnijs vai var\u0161 utt.) un ner\u016bs\u0113jo\u0161ais t\u0113rauds<\/td>\r\n<\/tr>\r\n<tr>\r\n<td width=\"312\">Atmi\u0146a<\/td>\r\n<td width=\"312\">250 atmi\u0146as vietas, produkta efekta kompens\u0101cija tiek veikta ar Teach-Assistant<\/td>\r\n<\/tr>\r\n<tr>\r\n<td width=\"312\">Aizsardz\u012bbas l\u012bmenis<\/td>\r\n<td width=\"312\">Vad\u012bbas bloks: IP65; Sensors: IP54, p\u0113c izv\u0113les IP66<\/td>\r\n<\/tr>\r\n<tr>\r\n<td width=\"312\">Vides apst\u0101k\u013ci<\/td>\r\n<td width=\"312\">Kontrolieris: -20\u00b0C l\u012bdz +40\u00b0C; p\u0113c izv\u0113les: -40\u00b0C l\u012bdz +55\u00b0C; San. mitrums no 20% l\u012bdz 90% nekondens\u0113jo\u0161s; Sensors: -30\u00b0C l\u012bdz +60\u00b0C, p\u0113c izv\u0113les: +90\u00b0C<\/td>\r\n<\/tr>\r\n<tr>\r\n<td width=\"312\">Produkta temperat\u016bra<\/td>\r\n<td width=\"312\">Standarts: -30\u00b0C l\u012bdz +55\u00b0C; P\u0113c izv\u0113les: -40\u00b0C l\u012bdz +120\u00b0C<\/td>\r\n<\/tr>\r\n<tr>\r\n<td width=\"312\">bar\u012bba<\/td>\r\n<td width=\"312\">Vienf\u0101zes, 110-230 V mai\u0146str\u0101va +\/- 5 %; parasti pat\u0113r\u0113 20\u00a0W (maks. 60\u00a0W)<\/td>\r\n<\/tr>\r\n<tr>\r\n<td width=\"312\">Saskarnes<\/td>\r\n<td width=\"312\">RS232, LAN (p\u0113c izv\u0113les, SHARKNET\u00ae), USB (p\u0113c izv\u0113les)<\/td>\r\n<\/tr>\r\n<tr>\r\n<td width=\"312\">Uzraudz\u012bba<\/td>\r\n<td width=\"312\">\u013boti zemas apkopes, pa\u0161kalibr\u0113jo\u0161ie sensori<\/td>\r\n<\/tr>\r\n<tr>\r\n<td width=\"312\">Diagnostika<\/td>\r\n<td width=\"312\">Ieb\u016bv\u0113ta diagnostikas programmat\u016bra, autom\u0101tiska pa\u0161p\u0101rbaude<\/td>\r\n<\/tr>\r\n<\/tbody>\r\n<\/table>\t\t\t\t\t\t\t\t<\/div>\n\t\t\t\t<\/div>\n\t\t\t\t\t<\/div>\n\t\t<\/div>\n\t\t\t\t\t<\/div>\n\t\t<\/section>\n\t\t\t\t<section class=\"elementor-section elementor-top-section elementor-element elementor-element-ad42709 elementor-section-boxed elementor-section-height-default elementor-section-height-default\" data-id=\"ad42709\" data-element_type=\"section\" data-e-type=\"section\">\n\t\t\t\t\t\t<div class=\"elementor-container elementor-column-gap-default\">\n\t\t\t\t\t<div class=\"elementor-column elementor-col-66 elementor-top-column elementor-element elementor-element-5201d76\" data-id=\"5201d76\" data-element_type=\"column\" data-e-type=\"column\">\n\t\t\t<div class=\"elementor-widget-wrap elementor-element-populated\">\n\t\t\t\t\t\t<div class=\"elementor-element elementor-element-9a59771 elementor-widget elementor-widget-video\" data-id=\"9a59771\" data-element_type=\"widget\" data-e-type=\"widget\" data-settings=\"{&quot;youtube_url&quot;:&quot;https:\\\/\\\/www.youtube.com\\\/watch?v=R_Zc6LDbuI0&amp;ab_channel=Ibercassel&quot;,&quot;video_type&quot;:&quot;youtube&quot;,&quot;controls&quot;:&quot;yes&quot;}\" data-widget_type=\"video.default\">\n\t\t\t\t<div class=\"elementor-widget-container\">\n\t\t\t\t\t\t\t<div class=\"elementor-wrapper elementor-open-inline\">\n\t\t\t<div class=\"elementor-video\"><\/div>\t\t<\/div>\n\t\t\t\t\t\t<\/div>\n\t\t\t\t<\/div>\n\t\t\t\t\t<\/div>\n\t\t<\/div>\n\t\t\t\t<div class=\"elementor-column elementor-col-33 elementor-top-column elementor-element elementor-element-c51092f\" data-id=\"c51092f\" data-element_type=\"column\" data-e-type=\"column\">\n\t\t\t<div class=\"elementor-widget-wrap elementor-element-populated\">\n\t\t\t\t\t\t<div class=\"elementor-element elementor-element-1463418 btn-position-bottom elementor-widget elementor-widget-razzi-image-button\" data-id=\"1463418\" data-element_type=\"widget\" data-e-type=\"widget\" data-widget_type=\"razzi-image-button.default\">\n\t\t\t\t<div class=\"elementor-widget-container\">\n\t\t\t\t\t<div class=\"razzi-image-button\"><img fetchpriority=\"high\" decoding=\"async\" width=\"640\" height=\"640\" src=\"https:\/\/packstera.lt\/wp-content\/uploads\/2020\/06\/neatskirimo-detek-virselis-1024x1024.jpg\" class=\"attachment-large size-large wp-image-15425\" alt=\"\" srcset=\"https:\/\/packstera.lt\/wp-content\/uploads\/2020\/06\/neatskirimo-detek-virselis-1024x1024.jpg 1024w, https:\/\/packstera.lt\/wp-content\/uploads\/2020\/06\/neatskirimo-detek-virselis-600x600.jpg 600w, https:\/\/packstera.lt\/wp-content\/uploads\/2020\/06\/neatskirimo-detek-virselis-150x150.jpg 150w, https:\/\/packstera.lt\/wp-content\/uploads\/2020\/06\/neatskirimo-detek-virselis-300x300.jpg 300w, https:\/\/packstera.lt\/wp-content\/uploads\/2020\/06\/neatskirimo-detek-virselis-768x768.jpg 768w\" sizes=\"(max-width: 640px) 100vw, 640px\" \/><a href=\"http:\/\/packstera.lt\/wp-content\/uploads\/2023\/01\/CASSEL-Metal-shark-tu-A4-EN.pdf\" target=\"_blank\" rel=\"nofollow\" class=\"razzi-image-button__link\"><\/a><a href=\"http:\/\/packstera.lt\/wp-content\/uploads\/2023\/01\/CASSEL-Metal-shark-tu-A4-EN.pdf\" target=\"_blank\" rel=\"nofollow\" class=\"razzi-image-button__position razzi-image-button__button\">Ra\u017eot\u0101ja apraksts <span class=\"razzi-svg-icon\"><svg aria-hidden=\"true\" role=\"img\" focusable=\"false\" xmlns=\"http:\/\/www.w3.org\/2000\/svg\" width=\"24\" height=\"24\" viewbox=\"0 0 24 24\" fill=\"none\" stroke=\"currentColor\" stroke-width=\"2\" stroke-linecap=\"round\" stroke-linejoin=\"round\"><line x1=\"0\" y1=\"12\" x2=\"19\" y2=\"12\"><\/line><polyline points=\"12 5 19 12 12 19\"><\/polyline><\/svg><\/span><\/a><\/div>\t\t\t\t<\/div>\n\t\t\t\t<\/div>\n\t\t\t\t\t<\/div>\n\t\t<\/div>\n\t\t\t\t\t<\/div>\n\t\t<\/section>\n\t\t\t\t<\/div>","protected":false},"excerpt":{"rendered":"<p style=\"text-align: justify;\">Met\u0101la detektora modelis METAL SHARK\u00ae TU tiek izmantots kop\u0101 ar konveijera lent\u0113m vai tekn\u0113m, ja t\u0101s nav iesp\u0113jams sadal\u012bt vai demont\u0113t. METAL SHARK\u00ae TU s\u0101nu malas var no\u0146emt, lai sensoru pl\u0101ksnes var\u0113tu viegli uzst\u0101d\u012bt virs un zem jostas.<\/p>\n<p style=\"text-align: justify;\">Prec\u012bzi un dro\u0161i nosaka magn\u0113tiskos un nemagn\u0113tiskos met\u0101la pies\u0101r\u0146ojumus (dzelzs, ner\u016bs\u0113jo\u0161ais t\u0113rauds, alum\u012bnijs utt.). Tas sast\u0101v no iztur\u012bga ner\u016bs\u0113jo\u0161\u0101 t\u0113rauda korpusa, kas ir ar\u012b viegli t\u012br\u0101ms, un ir piem\u0113rots daudz\u0101m nozar\u0113m.<\/p>","protected":false},"featured_media":11846,"template":"","meta":[],"product_cat":[593],"product_tag":[],"class_list":{"0":"post-13087","1":"product","2":"type-product","3":"status-publish","4":"has-post-thumbnail","6":"product_cat-metalo-detektoriai-konvejeriams","8":"first","9":"instock","10":"shipping-taxable","11":"product-type-simple"},"_links":{"self":[{"href":"https:\/\/packstera.lt\/lv\/wp-json\/wp\/v2\/product\/13087","targetHints":{"allow":["GET"]}}],"collection":[{"href":"https:\/\/packstera.lt\/lv\/wp-json\/wp\/v2\/product"}],"about":[{"href":"https:\/\/packstera.lt\/lv\/wp-json\/wp\/v2\/types\/product"}],"version-history":[{"count":4,"href":"https:\/\/packstera.lt\/lv\/wp-json\/wp\/v2\/product\/13087\/revisions"}],"predecessor-version":[{"id":15429,"href":"https:\/\/packstera.lt\/lv\/wp-json\/wp\/v2\/product\/13087\/revisions\/15429"}],"wp:featuredmedia":[{"embeddable":true,"href":"https:\/\/packstera.lt\/lv\/wp-json\/wp\/v2\/media\/11846"}],"wp:attachment":[{"href":"https:\/\/packstera.lt\/lv\/wp-json\/wp\/v2\/media?parent=13087"}],"wp:term":[{"taxonomy":"product_cat","embeddable":true,"href":"https:\/\/packstera.lt\/lv\/wp-json\/wp\/v2\/product_cat?post=13087"},{"taxonomy":"product_tag","embeddable":true,"href":"https:\/\/packstera.lt\/lv\/wp-json\/wp\/v2\/product_tag?post=13087"}],"curies":[{"name":"wp","href":"https:\/\/api.w.org\/{rel}","templated":true}]}}