{"id":13088,"date":"2020-06-28T11:32:14","date_gmt":"2020-06-28T08:32:14","guid":{"rendered":"http:\/\/packstera.lt\/p\/conveyor-system-hw\/"},"modified":"2025-05-06T14:07:07","modified_gmt":"2025-05-06T11:07:07","slug":"metala-detektors-ar-konveijeru","status":"publish","type":"product","link":"https:\/\/packstera.lt\/lv\/p\/metalo-detektorius-su-konvejeriu\/","title":{"rendered":"Met\u0101la detektors ar konveijeru"},"content":{"rendered":"<div data-elementor-type=\"wp-post\" data-elementor-id=\"13088\" class=\"elementor elementor-13088\">\n\t\t\t\t\t\t<section class=\"elementor-section elementor-top-section elementor-element elementor-element-7243a772 elementor-section-boxed elementor-section-height-default elementor-section-height-default\" data-id=\"7243a772\" data-element_type=\"section\" data-e-type=\"section\">\n\t\t\t\t\t\t<div class=\"elementor-container elementor-column-gap-default\">\n\t\t\t\t\t<div class=\"elementor-column elementor-col-100 elementor-top-column elementor-element elementor-element-5b2c749b\" data-id=\"5b2c749b\" data-element_type=\"column\" data-e-type=\"column\">\n\t\t\t<div class=\"elementor-widget-wrap elementor-element-populated\">\n\t\t\t\t\t\t<div class=\"elementor-element elementor-element-50871baa elementor-widget elementor-widget-text-editor\" data-id=\"50871baa\" data-element_type=\"widget\" data-e-type=\"widget\" data-widget_type=\"text-editor.default\">\n\t\t\t\t<div class=\"elementor-widget-container\">\n\t\t\t\t\t\t\t\t\t<strong>Met\u0101la detektors<\/strong>\n<table>\n<tbody>\n<tr>\n<td width=\"312\">P\u0101rbaudes metode<\/td>\n<td width=\"312\">Indukt\u012bva, daudzkan\u0101lu darb\u012bba, balans\u0113tas uztv\u0113r\u0113ja spoles<\/td>\n<\/tr>\n<tr>\n<td width=\"312\">Met\u0101la noteik\u0161ana<\/td>\n<td width=\"312\">Melni, kr\u0101sainie met\u0101li (piem\u0113ram, alum\u012bnijs vai var\u0161) un ner\u016bs\u0113jo\u0161ais t\u0113rauds<\/td>\n<\/tr>\n<tr>\n<td width=\"312\">Atmi\u0146a<\/td>\n<td width=\"312\">250 uzglab\u0101\u0161anas vietas, produkta efekta kompens\u0101cija tiek veikta autom\u0101tiski, izmantojot Teach-Assistant<\/td>\n<\/tr>\n<tr>\n<td width=\"312\">Aizsardz\u012bbas l\u012bmenis<\/td>\n<td width=\"312\">IP65, p\u0113c izv\u0113les IP66 vai IP67<\/td>\n<\/tr>\n<tr>\n<td width=\"312\">Vides apst\u0101k\u013ci<\/td>\n<td width=\"312\">No -10\u00b0C l\u012bdz +40\u00b0C, san. mitrums no 30% l\u012bdz 80% (nekondens\u0113jo\u0161s); P\u0113c izv\u0113les: -40\u00b0C l\u012bdz +55\u00b0C<\/td>\n<\/tr>\n<tr>\n<td width=\"312\">Produkta temperat\u016bras apst\u0101k\u013ci<\/td>\n<td width=\"312\">No -30\u00b0C l\u012bdz +40\u00b0C; P\u0113c izv\u0113les: -40\u00b0C l\u012bdz +60\u00b0C<\/td>\n<\/tr>\n<tr>\n<td width=\"312\">bar\u012bba<\/td>\n<td width=\"312\">Vienf\u0101zes 110-240 VAC, 50\/60 Hz, tip. pat\u0113ri\u0146\u0161 20\u00a0W (maks. 60\u00a0W)<\/td>\n<\/tr>\n<tr>\n<td width=\"312\">Saskarnes<\/td>\n<td width=\"312\">RS232, LAN (p\u0113c izv\u0113les, SHARKNET\u00ae), USB (p\u0113c izv\u0113les)<\/td>\n<\/tr>\n<tr>\n<td width=\"312\">Uzraudz\u012bba<\/td>\n<td width=\"312\">Pa\u0161kalibr\u0113jo\u0161i sensori, kuriem nav nepiecie\u0161ama apkope<\/td>\n<\/tr>\n<tr>\n<td width=\"312\">Diagnostika<\/td>\n<td width=\"312\">Ieb\u016bv\u0113ta diagnostikas programmat\u016bra, autom\u0101tiska pa\u0161p\u0101rbaude<\/td>\n<\/tr>\n<\/tbody>\n<\/table>\n<strong>Met\u0101la detektoru konv<\/strong><strong>gads<\/strong>\n<table>\n<tbody>\n<tr>\n<td width=\"312\">Aizsardz\u012bbas veids<\/td>\n<td width=\"312\">IP66 (NEMA4X)<\/td>\n<\/tr>\n<tr>\n<td width=\"312\">bar\u012bba<\/td>\n<td width=\"312\">220-240 VAC, 50-60 Hz, 1 Ph, 0,4 kW; 110 VAC, 60 Hz, 1 Ph, 0,4 kW<\/td>\n<\/tr>\n<tr>\n<td width=\"312\">R\u0101mis<\/td>\n<td width=\"312\">Ner\u016bs\u0113jo\u0161ais t\u0113rauds AISI 304 \/ ISO 1.4301, no vis\u0101m pus\u0113m sl\u0113gti profili, pieejams ar regul\u0113jamiem gr\u012bdas stat\u012bviem (standarta) vai ritenti\u0146iem<\/td>\n<\/tr>\n<tr>\n<td width=\"312\">Augstums<\/td>\n<td width=\"312\">825 mm \u00b1 75 mm<\/td>\n<\/tr>\n<tr>\n<td width=\"312\">Jostas \u0101trums<\/td>\n<td width=\"312\">5-30 m\/min (main\u0101ms ar STR\/STL)<\/td>\n<\/tr>\n<tr>\n<td width=\"312\">Joslu p\u0101rvald\u012bba<\/td>\n<td width=\"312\">S\u0101kt\/aptur\u0113t\/atiestat\u012bt<\/td>\n<\/tr>\n<tr>\n<td width=\"312\">Dzin\u0113js<\/td>\n<td width=\"312\">Bungu motors, ner\u016bs\u0113jo\u0161ais t\u0113rauds<\/td>\n<\/tr>\n<tr>\n<td width=\"312\">Produkta svars<\/td>\n<td width=\"312\">10-15 kg<\/td>\n<\/tr>\n<\/tbody>\n<\/table>\n&nbsp;\t\t\t\t\t\t\t\t<\/div>\n\t\t\t\t<\/div>\n\t\t\t\t\t<\/div>\n\t\t<\/div>\n\t\t\t\t\t<\/div>\n\t\t<\/section>\n\t\t\t\t<section class=\"elementor-section elementor-top-section elementor-element elementor-element-5906cbf elementor-section-boxed elementor-section-height-default elementor-section-height-default\" data-id=\"5906cbf\" data-element_type=\"section\" data-e-type=\"section\">\n\t\t\t\t\t\t<div class=\"elementor-container elementor-column-gap-default\">\n\t\t\t\t\t<div class=\"elementor-column elementor-col-50 elementor-top-column elementor-element elementor-element-5fcde49\" data-id=\"5fcde49\" data-element_type=\"column\" data-e-type=\"column\">\n\t\t\t<div class=\"elementor-widget-wrap elementor-element-populated\">\n\t\t\t\t\t\t<div class=\"elementor-element elementor-element-bd728c2 btn-position-bottom elementor-widget elementor-widget-razzi-image-button\" data-id=\"bd728c2\" data-element_type=\"widget\" data-e-type=\"widget\" data-widget_type=\"razzi-image-button.default\">\n\t\t\t\t<div class=\"elementor-widget-container\">\n\t\t\t\t\t<div class=\"razzi-image-button\"><img fetchpriority=\"high\" decoding=\"async\" width=\"640\" height=\"640\" src=\"https:\/\/packstera.lt\/wp-content\/uploads\/2020\/06\/metalo-detektoriaus-galvos-bd-virselis-1024x1024.jpg\" class=\"attachment-large size-large wp-image-15377\" alt=\"\" srcset=\"https:\/\/packstera.lt\/wp-content\/uploads\/2020\/06\/metalo-detektoriaus-galvos-bd-virselis-1024x1024.jpg 1024w, https:\/\/packstera.lt\/wp-content\/uploads\/2020\/06\/metalo-detektoriaus-galvos-bd-virselis-600x600.jpg 600w, https:\/\/packstera.lt\/wp-content\/uploads\/2020\/06\/metalo-detektoriaus-galvos-bd-virselis-150x150.jpg 150w, https:\/\/packstera.lt\/wp-content\/uploads\/2020\/06\/metalo-detektoriaus-galvos-bd-virselis-300x300.jpg 300w, https:\/\/packstera.lt\/wp-content\/uploads\/2020\/06\/metalo-detektoriaus-galvos-bd-virselis-768x768.jpg 768w\" sizes=\"(max-width: 640px) 100vw, 640px\" \/><a href=\"http:\/\/packstera.lt\/wp-content\/uploads\/2023\/01\/CASSEL-metal-shark-BD-A4-EN.pdf\" target=\"_blank\" rel=\"nofollow\" class=\"razzi-image-button__link\"><\/a><a href=\"http:\/\/packstera.lt\/wp-content\/uploads\/2023\/01\/CASSEL-metal-shark-BD-A4-EN.pdf\" target=\"_blank\" rel=\"nofollow\" class=\"razzi-image-button__position razzi-image-button__button\">Ra\u017eot\u0101ja apraksts <span class=\"razzi-svg-icon\"><svg aria-hidden=\"true\" role=\"img\" focusable=\"false\" xmlns=\"http:\/\/www.w3.org\/2000\/svg\" width=\"24\" height=\"24\" viewbox=\"0 0 24 24\" fill=\"none\" stroke=\"currentColor\" stroke-width=\"2\" stroke-linecap=\"round\" stroke-linejoin=\"round\"><line x1=\"0\" y1=\"12\" x2=\"19\" y2=\"12\"><\/line><polyline points=\"12 5 19 12 12 19\"><\/polyline><\/svg><\/span><\/a><\/div>\t\t\t\t<\/div>\n\t\t\t\t<\/div>\n\t\t\t\t\t<\/div>\n\t\t<\/div>\n\t\t\t\t<div class=\"elementor-column elementor-col-50 elementor-top-column elementor-element elementor-element-1d70804\" data-id=\"1d70804\" data-element_type=\"column\" data-e-type=\"column\">\n\t\t\t<div class=\"elementor-widget-wrap elementor-element-populated\">\n\t\t\t\t\t\t<div class=\"elementor-element elementor-element-17554bc btn-position-bottom elementor-widget elementor-widget-razzi-image-button\" data-id=\"17554bc\" data-element_type=\"widget\" data-e-type=\"widget\" data-widget_type=\"razzi-image-button.default\">\n\t\t\t\t<div class=\"elementor-widget-container\">\n\t\t\t\t\t<div class=\"razzi-image-button\"><img decoding=\"async\" width=\"640\" height=\"640\" src=\"https:\/\/packstera.lt\/wp-content\/uploads\/2020\/06\/Konvejeriu-virselis-1024x1024.jpg\" class=\"attachment-large size-large wp-image-15378\" alt=\"\" srcset=\"https:\/\/packstera.lt\/wp-content\/uploads\/2020\/06\/Konvejeriu-virselis-1024x1024.jpg 1024w, https:\/\/packstera.lt\/wp-content\/uploads\/2020\/06\/Konvejeriu-virselis-600x600.jpg 600w, https:\/\/packstera.lt\/wp-content\/uploads\/2020\/06\/Konvejeriu-virselis-150x150.jpg 150w, https:\/\/packstera.lt\/wp-content\/uploads\/2020\/06\/Konvejeriu-virselis-300x300.jpg 300w, https:\/\/packstera.lt\/wp-content\/uploads\/2020\/06\/Konvejeriu-virselis-768x768.jpg 768w\" sizes=\"(max-width: 640px) 100vw, 640px\" \/><a href=\"http:\/\/packstera.lt\/wp-content\/uploads\/2023\/01\/CASSEL-conveyor-hw-US-EN-1.pdf\" target=\"_blank\" rel=\"nofollow\" class=\"razzi-image-button__link\"><\/a><a href=\"http:\/\/packstera.lt\/wp-content\/uploads\/2023\/01\/CASSEL-conveyor-hw-US-EN-1.pdf\" target=\"_blank\" rel=\"nofollow\" class=\"razzi-image-button__position razzi-image-button__button\">Ra\u017eot\u0101ja apraksts <span class=\"razzi-svg-icon\"><svg aria-hidden=\"true\" role=\"img\" focusable=\"false\" xmlns=\"http:\/\/www.w3.org\/2000\/svg\" width=\"24\" height=\"24\" viewbox=\"0 0 24 24\" fill=\"none\" stroke=\"currentColor\" stroke-width=\"2\" stroke-linecap=\"round\" stroke-linejoin=\"round\"><line x1=\"0\" y1=\"12\" x2=\"19\" y2=\"12\"><\/line><polyline points=\"12 5 19 12 12 19\"><\/polyline><\/svg><\/span><\/a><\/div>\t\t\t\t<\/div>\n\t\t\t\t<\/div>\n\t\t\t\t\t<\/div>\n\t\t<\/div>\n\t\t\t\t\t<\/div>\n\t\t<\/section>\n\t\t\t\t<\/div>","protected":false},"excerpt":{"rendered":"<div class=\"elementor-element elementor-element-64e4544e elementor-widget elementor-widget-heading\" data-id=\"64e4544e\" data-element_type=\"widget\" data-widget_type=\"heading.default\"><\/div>\n<div class=\"elementor-element elementor-element-492f990a large elementor-widget elementor-widget-text-editor\" data-id=\"492f990a\" data-element_type=\"widget\" data-widget_type=\"text-editor.default\">\n<div class=\"elementor-widget-container\">\n<div class=\"elementor-text-editor elementor-clearfix\">\n<p style=\"text-align: justify;\">Met\u0101la detektoru METAL SHARK\u00ae BD var izmantot br\u012bvi st\u0101vo\u0161\u0101 re\u017e\u012bm\u0101 vai kop\u0101 ar konveijeriem. Izmantojot 3D noteik\u0161anas tehnolo\u0123iju, tas prec\u012bzi un dro\u0161i nosaka pat maz\u0101ko magn\u0113tisko un nemagn\u0113tisko met\u0101lisku sve\u0161\u0137erme\u0146u (dzelzs, ner\u016bs\u0113jo\u0161\u0101 t\u0113rauda, alum\u012bnija u.c.) kl\u0101tb\u016btni pat nelabv\u0113l\u012bgos apst\u0101k\u013cos. Detektora iztur\u012bgais korpuss, kas izgatavots no ner\u016bs\u0113jo\u0161\u0101 t\u0113rauda, ir viegli t\u012br\u0101ms un lieliski piem\u0113rots p\u0101rtikas r\u016bpniec\u012bbas vajadz\u012bb\u0101m.<\/p>\n<ul>\n<li>Sp\u0113c\u012bgi ner\u016bs\u0113jo\u0161\u0101 t\u0113rauda profili<\/li>\n<li>No\u0146emam\u0101 PU josta padara higi\u0113nisku t\u012br\u012b\u0161anu \u012bpa\u0161i vienk\u0101r\u0161u<\/li>\n<li>Integr\u0113ta jostas vad\u012bba (pa kreisi\/pa labi)<\/li>\n<li>Konveijers HW ir optim\u0101li piel\u0101gots lieto\u0161anai ar met\u0101la detektoru METAL SHARK\u00ae BD<\/li>\n<li>Korpusa klase IP66<\/li>\n<li>P\u0113c izv\u0113les fiks\u0113ti stat\u012bvi vai rite\u0146i, k\u0101 ar\u012b regul\u0113jams augstums<\/li>\n<\/ul>\n<\/div>\n<\/div>\n<\/div>","protected":false},"featured_media":11838,"template":"","meta":[],"product_cat":[767,593],"product_tag":[714,713,712],"class_list":{"0":"post-13088","1":"product","2":"type-product","3":"status-publish","4":"has-post-thumbnail","6":"product_cat-pakavimo-irangos-nuoma","7":"product_cat-metalo-detektoriai-konvejeriams","8":"product_tag-chemija-ir-plastikas","9":"product_tag-farmacija-ir-kosmetika","10":"product_tag-maistas-ir-gerimai","12":"first","13":"instock","14":"shipping-taxable","15":"product-type-simple"},"_links":{"self":[{"href":"https:\/\/packstera.lt\/lv\/wp-json\/wp\/v2\/product\/13088","targetHints":{"allow":["GET"]}}],"collection":[{"href":"https:\/\/packstera.lt\/lv\/wp-json\/wp\/v2\/product"}],"about":[{"href":"https:\/\/packstera.lt\/lv\/wp-json\/wp\/v2\/types\/product"}],"version-history":[{"count":5,"href":"https:\/\/packstera.lt\/lv\/wp-json\/wp\/v2\/product\/13088\/revisions"}],"predecessor-version":[{"id":17351,"href":"https:\/\/packstera.lt\/lv\/wp-json\/wp\/v2\/product\/13088\/revisions\/17351"}],"wp:featuredmedia":[{"embeddable":true,"href":"https:\/\/packstera.lt\/lv\/wp-json\/wp\/v2\/media\/11838"}],"wp:attachment":[{"href":"https:\/\/packstera.lt\/lv\/wp-json\/wp\/v2\/media?parent=13088"}],"wp:term":[{"taxonomy":"product_cat","embeddable":true,"href":"https:\/\/packstera.lt\/lv\/wp-json\/wp\/v2\/product_cat?post=13088"},{"taxonomy":"product_tag","embeddable":true,"href":"https:\/\/packstera.lt\/lv\/wp-json\/wp\/v2\/product_tag?post=13088"}],"curies":[{"name":"wp","href":"https:\/\/api.w.org\/{rel}","templated":true}]}}