{"id":13089,"date":"2020-06-28T11:25:56","date_gmt":"2020-06-28T08:25:56","guid":{"rendered":"http:\/\/packstera.lt\/p\/metal-shark-bd\/"},"modified":"2023-01-23T11:22:08","modified_gmt":"2023-01-23T09:22:08","slug":"metala-detektora-galva","status":"publish","type":"product","link":"https:\/\/packstera.lt\/lv\/p\/metalo-detektoriaus-galva\/","title":{"rendered":"Met\u0101la detektora galva"},"content":{"rendered":"<div data-elementor-type=\"wp-post\" data-elementor-id=\"13089\" class=\"elementor elementor-13089\">\n\t\t\t\t\t\t<section class=\"elementor-section elementor-top-section elementor-element elementor-element-4540206c elementor-section-boxed elementor-section-height-default elementor-section-height-default\" data-id=\"4540206c\" data-element_type=\"section\" data-e-type=\"section\">\n\t\t\t\t\t\t<div class=\"elementor-container elementor-column-gap-default\">\n\t\t\t\t\t<div class=\"elementor-column elementor-col-100 elementor-top-column elementor-element elementor-element-5375b881\" data-id=\"5375b881\" data-element_type=\"column\" data-e-type=\"column\">\n\t\t\t<div class=\"elementor-widget-wrap elementor-element-populated\">\n\t\t\t\t\t\t<div class=\"elementor-element elementor-element-5db1503f elementor-widget elementor-widget-text-editor\" data-id=\"5db1503f\" data-element_type=\"widget\" data-e-type=\"widget\" data-widget_type=\"text-editor.default\">\n\t\t\t\t<div class=\"elementor-widget-container\">\n\t\t\t\t\t\t\t\t\t<table>\r\n<tbody>\r\n<tr>\r\n<td width=\"312\">P\u0101rbaudes metode<\/td>\r\n<td width=\"312\">Indukt\u012bva, daudzkan\u0101lu darb\u012bba, balans\u0113tas uztv\u0113r\u0113ja spoles<\/td>\r\n<\/tr>\r\n<tr>\r\n<td width=\"312\">Met\u0101la noteik\u0161ana<\/td>\r\n<td width=\"312\">Melni, kr\u0101sainie met\u0101li (piem\u0113ram, alum\u012bnijs vai var\u0161) un ner\u016bs\u0113jo\u0161ais t\u0113rauds<\/td>\r\n<\/tr>\r\n<tr>\r\n<td width=\"312\">Atmi\u0146a<\/td>\r\n<td width=\"312\">250 uzglab\u0101\u0161anas vietas, produkta efekta kompens\u0101cija tiek veikta autom\u0101tiski, izmantojot Teach-Assistant<\/td>\r\n<\/tr>\r\n<tr>\r\n<td width=\"312\">Aizsardz\u012bbas l\u012bmenis<\/td>\r\n<td width=\"312\">IP65, p\u0113c izv\u0113les IP66 vai IP67<\/td>\r\n<\/tr>\r\n<tr>\r\n<td width=\"312\">Vides apst\u0101k\u013ci<\/td>\r\n<td width=\"312\">No -10\u00b0C l\u012bdz +40\u00b0C, san. mitrums no 30% l\u012bdz 80% (nekondens\u0113jo\u0161s); P\u0113c izv\u0113les: -40\u00b0C l\u012bdz +55\u00b0C<\/td>\r\n<\/tr>\r\n<tr>\r\n<td width=\"312\">Produkta temperat\u016bras apst\u0101k\u013ci<\/td>\r\n<td width=\"312\">No -30\u00b0C l\u012bdz +40\u00b0C; P\u0113c izv\u0113les: -40\u00b0C l\u012bdz +60\u00b0C<\/td>\r\n<\/tr>\r\n<tr>\r\n<td width=\"312\">bar\u012bba<\/td>\r\n<td width=\"312\">Vienf\u0101zes 110-240 VAC, 50\/60 Hz, tip. pat\u0113ri\u0146\u0161 20\u00a0W (maks. 60\u00a0W)<\/td>\r\n<\/tr>\r\n<tr>\r\n<td width=\"312\">Saskarnes<\/td>\r\n<td width=\"312\">RS232, LAN (p\u0113c izv\u0113les, SHARKNET\u00ae), USB (p\u0113c izv\u0113les)<\/td>\r\n<\/tr>\r\n<tr>\r\n<td width=\"312\">Uzraudz\u012bba<\/td>\r\n<td width=\"312\">Pa\u0161kalibr\u0113jo\u0161i sensori, kuriem nav nepiecie\u0161ama apkope<\/td>\r\n<\/tr>\r\n<tr>\r\n<td width=\"312\">Diagnostika<\/td>\r\n<td width=\"312\">Ieb\u016bv\u0113ta diagnostikas programmat\u016bra, autom\u0101tiska pa\u0161p\u0101rbaude<\/td>\r\n<\/tr>\r\n<\/tbody>\r\n<\/table>\t\t\t\t\t\t\t\t<\/div>\n\t\t\t\t<\/div>\n\t\t\t\t\t<\/div>\n\t\t<\/div>\n\t\t\t\t\t<\/div>\n\t\t<\/section>\n\t\t\t\t<section class=\"elementor-section elementor-top-section elementor-element elementor-element-e70eea8 elementor-section-boxed elementor-section-height-default elementor-section-height-default\" data-id=\"e70eea8\" data-element_type=\"section\" data-e-type=\"section\">\n\t\t\t\t\t\t<div class=\"elementor-container elementor-column-gap-default\">\n\t\t\t\t\t<div class=\"elementor-column elementor-col-66 elementor-top-column elementor-element elementor-element-0e4b218\" data-id=\"0e4b218\" data-element_type=\"column\" data-e-type=\"column\">\n\t\t\t<div class=\"elementor-widget-wrap elementor-element-populated\">\n\t\t\t\t\t\t<div class=\"elementor-element elementor-element-6c46593 elementor-widget elementor-widget-video\" data-id=\"6c46593\" data-element_type=\"widget\" data-e-type=\"widget\" data-settings=\"{&quot;youtube_url&quot;:&quot;https:\\\/\\\/www.youtube.com\\\/watch?v=C3riHlYrPow&amp;ab_channel=Ibercassel&quot;,&quot;video_type&quot;:&quot;youtube&quot;,&quot;controls&quot;:&quot;yes&quot;}\" data-widget_type=\"video.default\">\n\t\t\t\t<div class=\"elementor-widget-container\">\n\t\t\t\t\t\t\t<div class=\"elementor-wrapper elementor-open-inline\">\n\t\t\t<div class=\"elementor-video\"><\/div>\t\t<\/div>\n\t\t\t\t\t\t<\/div>\n\t\t\t\t<\/div>\n\t\t\t\t\t<\/div>\n\t\t<\/div>\n\t\t\t\t<div class=\"elementor-column elementor-col-33 elementor-top-column elementor-element elementor-element-13922f8\" data-id=\"13922f8\" data-element_type=\"column\" data-e-type=\"column\">\n\t\t\t<div class=\"elementor-widget-wrap elementor-element-populated\">\n\t\t\t\t\t\t<div class=\"elementor-element elementor-element-53c5e62 btn-position-bottom elementor-widget elementor-widget-razzi-image-button\" data-id=\"53c5e62\" data-element_type=\"widget\" data-e-type=\"widget\" data-widget_type=\"razzi-image-button.default\">\n\t\t\t\t<div class=\"elementor-widget-container\">\n\t\t\t\t\t<div class=\"razzi-image-button\"><img fetchpriority=\"high\" decoding=\"async\" width=\"625\" height=\"863\" src=\"https:\/\/packstera.lt\/wp-content\/uploads\/2020\/06\/metalo-detektoriaus-galvos-bd-virselis.jpg\" class=\"attachment-full size-full wp-image-15377\" alt=\"\" \/><a href=\"http:\/\/packstera.lt\/wp-content\/uploads\/2023\/01\/CASSEL-metal-shark-BD-A4-EN.pdf\" target=\"_blank\" rel=\"nofollow\" class=\"razzi-image-button__link\"><\/a><a href=\"http:\/\/packstera.lt\/wp-content\/uploads\/2023\/01\/CASSEL-metal-shark-BD-A4-EN.pdf\" target=\"_blank\" rel=\"nofollow\" class=\"razzi-image-button__position razzi-image-button__button\">Ra\u017eot\u0101ja apraksts <span class=\"razzi-svg-icon\"><svg aria-hidden=\"true\" role=\"img\" focusable=\"false\" xmlns=\"http:\/\/www.w3.org\/2000\/svg\" width=\"24\" height=\"24\" viewbox=\"0 0 24 24\" fill=\"none\" stroke=\"currentColor\" stroke-width=\"2\" stroke-linecap=\"round\" stroke-linejoin=\"round\"><line x1=\"0\" y1=\"12\" x2=\"19\" y2=\"12\"><\/line><polyline points=\"12 5 19 12 12 19\"><\/polyline><\/svg><\/span><\/a><\/div>\t\t\t\t<\/div>\n\t\t\t\t<\/div>\n\t\t\t\t\t<\/div>\n\t\t<\/div>\n\t\t\t\t\t<\/div>\n\t\t<\/section>\n\t\t\t\t<\/div>","protected":false},"excerpt":{"rendered":"<p style=\"text-align: justify; margin: 0in 0in 6.0pt 0in;\">Met\u0101la detektors METAL SHARK\u00ae BD tiek izmantots atsevi\u0161\u0137i vai kop\u0101 ar konveijera lent\u0113m vai tekn\u0113m. Izmantojot 3D noteik\u0161anas tehnolo\u0123iju, tas prec\u012bzi un dro\u0161i nosaka maz\u0101ko magn\u0113tisko un nemagn\u0113tisko met\u0101lu pies\u0101r\u0146ojumu (dzelzs, ner\u016bs\u0113jo\u0161ais t\u0113rauds, alum\u012bnijs u.c.) pat sare\u017e\u0123\u012btos apst\u0101k\u013cos.<\/p>\n<p style=\"text-align: justify; margin: 0in 0in 6.0pt 0in;\">Iztur\u012bgais, sl\u0113gtais ner\u016bs\u0113jo\u0161\u0101 t\u0113rauda korpuss ir viegli t\u012br\u0101ms, t\u0101p\u0113c tas ir ide\u0101li piem\u0113rots p\u0101rtikas r\u016bpniec\u012bbai.<\/p>\n<p style=\"text-align: justify; margin: 0in 0in 6.0pt 0in;\">METAL SHARK\u00ae BD var lieliski piel\u0101got j\u016bsu ra\u017eo\u0161anai, pateicoties da\u017e\u0101diem \u012bpa\u0161iem dizainiem un piederumiem. Tiek \u0146emtas v\u0113r\u0101 da\u017e\u0101das temperat\u016bras vai higi\u0113nas pras\u012bbas, k\u0101 ar\u012b sare\u017e\u0123\u012btas produktu pras\u012bbas met\u0101la noteik\u0161anai.<\/p>\n<p style=\"text-align: justify; margin: 0in 0in 6.0pt 0in;\">Lai nodro\u0161in\u0101tu j\u016bsu audita uzticam\u012bbu, CASSEL apkopes speci\u0101listi var izsniegt darb\u012bbas p\u0101rbaudes sertifik\u0101tu nodo\u0161anas ekspluat\u0101cij\u0101 vai apkopes laik\u0101.<\/p>","protected":false},"featured_media":11835,"template":"","meta":[],"product_cat":[593],"product_tag":[],"class_list":{"0":"post-13089","1":"product","2":"type-product","3":"status-publish","4":"has-post-thumbnail","6":"product_cat-metalo-detektoriai-konvejeriams","8":"first","9":"instock","10":"shipping-taxable","11":"product-type-simple"},"_links":{"self":[{"href":"https:\/\/packstera.lt\/lv\/wp-json\/wp\/v2\/product\/13089","targetHints":{"allow":["GET"]}}],"collection":[{"href":"https:\/\/packstera.lt\/lv\/wp-json\/wp\/v2\/product"}],"about":[{"href":"https:\/\/packstera.lt\/lv\/wp-json\/wp\/v2\/types\/product"}],"version-history":[{"count":4,"href":"https:\/\/packstera.lt\/lv\/wp-json\/wp\/v2\/product\/13089\/revisions"}],"predecessor-version":[{"id":15404,"href":"https:\/\/packstera.lt\/lv\/wp-json\/wp\/v2\/product\/13089\/revisions\/15404"}],"wp:featuredmedia":[{"embeddable":true,"href":"https:\/\/packstera.lt\/lv\/wp-json\/wp\/v2\/media\/11835"}],"wp:attachment":[{"href":"https:\/\/packstera.lt\/lv\/wp-json\/wp\/v2\/media?parent=13089"}],"wp:term":[{"taxonomy":"product_cat","embeddable":true,"href":"https:\/\/packstera.lt\/lv\/wp-json\/wp\/v2\/product_cat?post=13089"},{"taxonomy":"product_tag","embeddable":true,"href":"https:\/\/packstera.lt\/lv\/wp-json\/wp\/v2\/product_tag?post=13089"}],"curies":[{"name":"wp","href":"https:\/\/api.w.org\/{rel}","templated":true}]}}